{"id":10500,"date":"2020-10-06T05:44:58","date_gmt":"2020-10-06T05:44:58","guid":{"rendered":"https:\/\/www.landschildkroeten.de\/?page_id=10500"},"modified":"2020-11-26T11:41:40","modified_gmt":"2020-11-26T11:41:40","slug":"schildkroeten-betreuung-schildkroeten-pension-hotel","status":"publish","type":"page","link":"https:\/\/www.xn--landschildkrte-6pb.de\/haltung\/schildkroeten-betreuung-schildkroeten-pension-hotel\/","title":{"rendered":"Schildkr\u00f6ten-Betreuung, Schildkr\u00f6ten-Pension\/-Hotel"},"content":{"rendered":"\n<figure class=\"wp-block-image size-large\"><img loading=\"lazy\" decoding=\"async\" width=\"1024\" height=\"500\" src=\"https:\/\/www.xn--landschildkrte-6pb.de\/haltung\/wp-content\/uploads\/2020\/10\/Schildkroeten-Hotels-Landschildkroeten-Betreuung-1024x500.jpg\" alt=\"\" class=\"wp-image-10516\" srcset=\"https:\/\/www.xn--landschildkrte-6pb.de\/haltung\/wp-content\/uploads\/2020\/10\/Schildkroeten-Hotels-Landschildkroeten-Betreuung-1024x500.jpg 1024w, https:\/\/www.xn--landschildkrte-6pb.de\/haltung\/wp-content\/uploads\/2020\/10\/Schildkroeten-Hotels-Landschildkroeten-Betreuung-300x147.jpg 300w, https:\/\/www.xn--landschildkrte-6pb.de\/haltung\/wp-content\/uploads\/2020\/10\/Schildkroeten-Hotels-Landschildkroeten-Betreuung-768x375.jpg 768w, https:\/\/www.xn--landschildkrte-6pb.de\/haltung\/wp-content\/uploads\/2020\/10\/Schildkroeten-Hotels-Landschildkroeten-Betreuung-1536x751.jpg 1536w, https:\/\/www.xn--landschildkrte-6pb.de\/haltung\/wp-content\/uploads\/2020\/10\/Schildkroeten-Hotels-Landschildkroeten-Betreuung-100x50.jpg 100w, https:\/\/www.xn--landschildkrte-6pb.de\/haltung\/wp-content\/uploads\/2020\/10\/Schildkroeten-Hotels-Landschildkroeten-Betreuung.jpg 1582w\" sizes=\"auto, (max-width: 1024px) 100vw, 1024px\" \/><\/figure>\n\n\n<div class=\"extra-wrap block_7\">\nHier finden Sie Anbieter f\u00fcr eine Schildkr\u00f6tenbetreuung (z.B. Urlaubsbetreuung) und Schildkr\u00f6ten-Pensionen bzw. Schildkr\u00f6ten-Hotels. Sind Sie beruflich unterwegs, im Urlaub oder f\u00fchlen sich unsicher bei der \u00dcberwinterung Ihrer Europ\u00e4ischen Landschildkr\u00f6ten? Unsere Schildkr\u00f6tenhotels f\u00fcr eine Kurzzeit-Betreuung k\u00f6nnen da Abhilfe schaffen.<br \/>\n\n<table id=\"tablepress-18\" class=\"tablepress tablepress-id-18 tablepress-responsive\">\n<thead>\n<tr class=\"row-1\">\n\t<th class=\"column-1\">Bezeichnung<\/th><th class=\"column-2\">Ort<\/th><th class=\"column-3\">Kontakt<\/th><th class=\"column-4\">Beschreibung<\/th>\n<\/tr>\n<\/thead>\n<tbody class=\"row-striping row-hover\">\n<tr class=\"row-2\">\n\t<td class=\"column-1\">Schildkr\u00f6tenhotel Frankfurt (Tierarztpraxis Dr. Ulf Riedel)<\/td><td class=\"column-2\">60487 Frankfurt\/Main<\/td><td class=\"column-3\">E-Mail: &#105;&#x6e;&#102;&#x6f;&#64;&#x75;&#114;&#x69;&#101;&#x64;&#101;&#x6c;v&#x65;t&#x2e;d&#x65;<br \/>\nTelefon: 069 - 707 55 21<br \/>\n<a href=\"http:\/\/www.vetconsult.de\/schildkroetenhotel\/\" title=\"Website\" class=\"btn btn-primary btn-normal btn-inline \" target=\"_blank\"><i class=\"icon-arrow-right\"><\/i>Website<\/a><!-- .btn --><\/td><td class=\"column-4\">Schildkr\u00f6tenhotel f\u00fcr die Sommersaison und auch Wintersaison zur sicheren \u00dcberwinterung im K\u00fchlschrank.<\/td>\n<\/tr>\n<tr class=\"row-3\">\n\t<td class=\"column-1\">Reptilien- &amp; Nagerhotel Holstein, Inh. Jessica Wolf<\/td><td class=\"column-2\">Eichenstr. 8, 25462 Rellingen<\/td><td class=\"column-3\">E-Mail: i&#110;&#102;&#x6f;&#x40;&#x72;ep&#116;&#105;&#x6c;&#x69;&#x65;n&#45;&#110;&#97;&#x67;&#x65;&#x72;h&#111;&#116;&#x65;&#x6c;&#x2e;de<br \/>\n<a href=\"https:\/\/reptilien-nagerhotel.de\/\" title=\"Website\" class=\"btn btn-primary btn-normal btn-inline \" target=\"_blank\"><i class=\"icon-arrow-right\"><\/i>Website<\/a><!-- .btn --><\/td><td class=\"column-4\">Wir bieten f\u00fcr Ihre Schildkr\u00f6ten einen Winterschlafservice an.<br \/>\nB\u00fcro AB: 04101-5876950<\/td>\n<\/tr>\n<tr class=\"row-4\">\n\t<td class=\"column-1\">Schildipark Panketal<\/td><td class=\"column-2\">16341 Panketal<\/td><td class=\"column-3\">E-Mail: &#105;&#x6e;f&#111;&#x40;s&#x63;&#x68;&#105;&#x6c;d&#105;&#x70;a&#114;&#x6b;&#46;&#x64;e<br \/>\nTelefon: 0176 - 387 30 112<br \/>\n<a href=\"https:\/\/www.schildipark.de\/\" title=\"Website\" class=\"btn btn-primary btn-normal btn-inline \" target=\"_blank\"><i class=\"icon-arrow-right\"><\/i>Website<\/a><!-- .btn --><\/td><td class=\"column-4\">Artgerechte Urlaubsbetreuung in unserem \"Schildihotel\"<\/td>\n<\/tr>\n<tr class=\"row-5\">\n\t<td class=\"column-1\">Tierarztpraxis G\u00f6bel<\/td><td class=\"column-2\">14197 Berlin<\/td><td class=\"column-3\">E-Mail: &#109;&#x61;&#105;&#x6c;&#64;&#116;&#x69;&#101;&#x72;a&#x72;z&#116;&#x2d;&#103;&#x6f;e&#x62;&#x65;&#108;&#x2e;d&#x65;<br \/>\nTelefon: 030 897 368 68<br \/>\n<a href=\"https:\/\/www.tierarzt-goebel.de\/durchfuehrung-der-winterruhe-bei-europaeischen-landschildkroeten\/\" title=\"Website\" class=\"btn btn-primary btn-normal btn-inline \" target=\"_blank\"><i class=\"icon-arrow-right\"><\/i>Website<\/a><!-- .btn --><\/td><td class=\"column-4\">Falls Sie keine M\u00f6glichkeit haben, einen separaten K\u00fchlschrank Ihrer Schildkr\u00f6te zur Verf\u00fcgung zu stellen, dann bieten wir Ihnen unser \u201eSchildkr\u00f6ten \u2013 Hotel\u201c. Wir \u00fcberwintern Ihre Schildkr\u00f6te verantwortungsvoll.<\/td>\n<\/tr>\n<\/tbody>\n<\/table>\n\n<h2 id=\"eintragen\">Schildkr\u00f6ten-Betreuung oder Schildkr\u00f6ten-Hotel hier eintragen<\/h2>\n\n<div class=\"wpcf7 no-js\" id=\"wpcf7-f10505-o1\" lang=\"de-DE\" dir=\"ltr\" data-wpcf7-id=\"10505\">\n<div class=\"screen-reader-response\"><p role=\"status\" aria-live=\"polite\" aria-atomic=\"true\"><\/p> <ul><\/ul><\/div>\n<form action=\"\/haltung\/wp-json\/wp\/v2\/pages\/10500#wpcf7-f10505-o1\" method=\"post\" class=\"wpcf7-form init\" aria-label=\"Kontaktformular\" novalidate=\"novalidate\" data-status=\"init\">\n<fieldset class=\"hidden-fields-container\"><input type=\"hidden\" name=\"_wpcf7\" value=\"10505\" \/><input type=\"hidden\" name=\"_wpcf7_version\" value=\"6.1.5\" \/><input type=\"hidden\" name=\"_wpcf7_locale\" value=\"de_DE\" \/><input type=\"hidden\" name=\"_wpcf7_unit_tag\" value=\"wpcf7-f10505-o1\" \/><input type=\"hidden\" name=\"_wpcf7_container_post\" value=\"0\" \/><input type=\"hidden\" name=\"_wpcf7_posted_data_hash\" value=\"\" \/><input type=\"hidden\" name=\"_wpcf7_recaptcha_response\" value=\"\" \/>\n<\/fieldset>\n<p>Name der Schildkr\u00f6ten-Pension\n<\/p>\n<p><span class=\"wpcf7-form-control-wrap\" data-name=\"your-name\"><input size=\"40\" maxlength=\"400\" class=\"wpcf7-form-control wpcf7-text wpcf7-validates-as-required\" aria-required=\"true\" aria-invalid=\"false\" value=\"\" type=\"text\" name=\"your-name\" \/><\/span>\n<\/p>\n<p>Anschrift\n<\/p>\n<p><span class=\"wpcf7-form-control-wrap\" data-name=\"adresse\"><input size=\"40\" maxlength=\"400\" class=\"wpcf7-form-control wpcf7-text wpcf7-validates-as-required\" aria-required=\"true\" aria-invalid=\"false\" value=\"\" type=\"text\" name=\"adresse\" \/><\/span>\n<\/p>\n<p>E-Mail-Adresse\n<\/p>\n<p><span class=\"wpcf7-form-control-wrap\" data-name=\"your-email\"><input size=\"40\" maxlength=\"400\" class=\"wpcf7-form-control wpcf7-email wpcf7-validates-as-required wpcf7-text wpcf7-validates-as-email\" aria-required=\"true\" aria-invalid=\"false\" value=\"\" type=\"email\" name=\"your-email\" \/><\/span>\n<\/p>\n<p>Webseite (falls vorhanden)\n<\/p>\n<p><span class=\"wpcf7-form-control-wrap\" data-name=\"Website\"><input size=\"40\" maxlength=\"400\" class=\"wpcf7-form-control wpcf7-url wpcf7-text wpcf7-validates-as-url\" aria-invalid=\"false\" value=\"\" type=\"url\" name=\"Website\" \/><\/span>\n<\/p>\n<p>Beschreibung\n<\/p>\n<p><span class=\"wpcf7-form-control-wrap\" data-name=\"Beschreibung\"><input size=\"40\" maxlength=\"400\" class=\"wpcf7-form-control wpcf7-text wpcf7-validates-as-required\" aria-required=\"true\" aria-invalid=\"false\" value=\"\" type=\"text\" name=\"Beschreibung\" \/><\/span>\n<\/p>\n<span class=\"wpcf7-form-control-wrap recaptcha\" data-name=\"recaptcha\"><span data-sitekey=\"6LfrRjUUAAAAAJCAbrVpHQiPuMEX0FUUDEb47o7K\" class=\"wpcf7-form-control wpcf7-recaptcha g-recaptcha\"><\/span>\r\n<noscript>\r\n\t<div class=\"grecaptcha-noscript\">\r\n\t\t<iframe loading=\"lazy\" src=\"https:\/\/www.google.com\/recaptcha\/api\/fallback?k=6LfrRjUUAAAAAJCAbrVpHQiPuMEX0FUUDEb47o7K\" frameborder=\"0\" scrolling=\"no\" width=\"310\" height=\"430\">\r\n\t\t<\/iframe>\r\n\t\t<textarea name=\"g-recaptcha-response\" rows=\"3\" cols=\"40\" placeholder=\"reCaptcha Response Here\">\r\n\t\t<\/textarea>\r\n\t<\/div>\r\n<\/noscript>\r\n<\/span>\n<p><span class=\"wpcf7-form-control-wrap\" data-name=\"acceptance-766\"><span class=\"wpcf7-form-control wpcf7-acceptance\"><span class=\"wpcf7-list-item\"><label><input type=\"checkbox\" name=\"acceptance-766\" value=\"1\" aria-invalid=\"false\" \/><span class=\"wpcf7-list-item-label\">Ich stimme der <a href=\"https:\/\/www.xn--landschildkrte-6pb.de\/datenschutzerklaerung\/\" rel=\"noopener\" target=\"_blank\">Datenschutzerkl\u00e4rung<\/a> zu.<\/span><\/label><\/span><\/span><\/span>\n<\/p>\n<p><input class=\"wpcf7-form-control wpcf7-submit has-spinner\" type=\"submit\" value=\"Senden\" \/>\n<\/p><div class=\"wpcf7-response-output\" aria-hidden=\"true\"><\/div>\n<\/form>\n<\/div>\n\n<\/div>\n","protected":false},"excerpt":{"rendered":"","protected":false},"author":1,"featured_media":10516,"parent":0,"menu_order":0,"comment_status":"closed","ping_status":"closed","template":"page-fullwidth.php","meta":{"_exactmetrics_skip_tracking":false,"_exactmetrics_sitenote_active":false,"_exactmetrics_sitenote_note":"","_exactmetrics_sitenote_category":0,"footnotes":""},"class_list":["post-10500","page","type-page","status-publish","has-post-thumbnail","hentry"],"aioseo_notices":[],"publishpress_future_action":{"enabled":false,"date":"2026-04-18 12:25:49","action":"change-status","newStatus":"draft","terms":[],"taxonomy":"","extraData":[]},"publishpress_future_workflow_manual_trigger":{"enabledWorkflows":[]},"_links":{"self":[{"href":"https:\/\/www.xn--landschildkrte-6pb.de\/haltung\/wp-json\/wp\/v2\/pages\/10500","targetHints":{"allow":["GET"]}}],"collection":[{"href":"https:\/\/www.xn--landschildkrte-6pb.de\/haltung\/wp-json\/wp\/v2\/pages"}],"about":[{"href":"https:\/\/www.xn--landschildkrte-6pb.de\/haltung\/wp-json\/wp\/v2\/types\/page"}],"author":[{"embeddable":true,"href":"https:\/\/www.xn--landschildkrte-6pb.de\/haltung\/wp-json\/wp\/v2\/users\/1"}],"replies":[{"embeddable":true,"href":"https:\/\/www.xn--landschildkrte-6pb.de\/haltung\/wp-json\/wp\/v2\/comments?post=10500"}],"version-history":[{"count":8,"href":"https:\/\/www.xn--landschildkrte-6pb.de\/haltung\/wp-json\/wp\/v2\/pages\/10500\/revisions"}],"predecessor-version":[{"id":10706,"href":"https:\/\/www.xn--landschildkrte-6pb.de\/haltung\/wp-json\/wp\/v2\/pages\/10500\/revisions\/10706"}],"wp:featuredmedia":[{"embeddable":true,"href":"https:\/\/www.xn--landschildkrte-6pb.de\/haltung\/wp-json\/wp\/v2\/media\/10516"}],"wp:attachment":[{"href":"https:\/\/www.xn--landschildkrte-6pb.de\/haltung\/wp-json\/wp\/v2\/media?parent=10500"}],"curies":[{"name":"wp","href":"https:\/\/api.w.org\/{rel}","templated":true}]}}