{"id":15265,"date":"2022-01-30T03:39:47","date_gmt":"2022-01-30T03:39:47","guid":{"rendered":"https:\/\/www.landschildkroeten.de\/haltung\/?page_id=15265"},"modified":"2024-11-26T11:33:55","modified_gmt":"2024-11-26T11:33:55","slug":"schildkroeten-kleinanzeigen-thueringen","status":"publish","type":"page","link":"https:\/\/www.xn--landschildkrte-6pb.de\/haltung\/schildkroeten-kleinanzeigen-thueringen\/","title":{"rendered":"Schildkr\u00f6ten Kleinanzeigen Th\u00fcringen"},"content":{"rendered":"\n<div class=\"extra-wrap block_7\">\n<center><a href=\"#inserieren\">Kleinanzeige inserieren<\/a> | <a href=\"\/haltung\/schildkroeten-kleinanzeigen-deutschland\/\"> Kleinanzeigen Deutschland \ud83d\udd0d\ufe0e<\/a> <\/center>\n<\/div>\n<div class=\"extra-wrap block_7\">\n\n\n\n<figure class=\"wp-block-image size-full\"><img loading=\"lazy\" decoding=\"async\" width=\"1000\" height=\"1000\" src=\"https:\/\/www.xn--landschildkrte-6pb.de\/haltung\/wp-content\/uploads\/2022\/01\/Schildkroeten-Thueringen.jpg\" alt=\"\" class=\"wp-image-15324\" srcset=\"https:\/\/www.xn--landschildkrte-6pb.de\/haltung\/wp-content\/uploads\/2022\/01\/Schildkroeten-Thueringen.jpg 1000w, https:\/\/www.xn--landschildkrte-6pb.de\/haltung\/wp-content\/uploads\/2022\/01\/Schildkroeten-Thueringen-300x300.jpg 300w, https:\/\/www.xn--landschildkrte-6pb.de\/haltung\/wp-content\/uploads\/2022\/01\/Schildkroeten-Thueringen-150x150.jpg 150w, https:\/\/www.xn--landschildkrte-6pb.de\/haltung\/wp-content\/uploads\/2022\/01\/Schildkroeten-Thueringen-768x768.jpg 768w\" sizes=\"auto, (max-width: 1000px) 100vw, 1000px\" \/><\/figure>\n\n\n<ul class=\"wp-block-latest-posts__list has-dates wp-block-latest-posts\"><li><div class=\"wp-block-latest-posts__featured-image alignleft\"><a href=\"https:\/\/www.xn--landschildkrte-6pb.de\/haltung\/landschildkroete-verkaufen-kaufen\/griechische-landschildkroete-11\/\" aria-label=\"Griechische Landschildkr\u00f6te\"><img loading=\"lazy\" decoding=\"async\" width=\"150\" height=\"150\" src=\"https:\/\/www.xn--landschildkrte-6pb.de\/haltung\/wp-content\/uploads\/2023\/03\/Griechische-Landschildkroete-150x150.jpg\" class=\"attachment-thumbnail size-thumbnail wp-post-image\" alt=\"\" style=\"\" \/><\/a><\/div><a class=\"wp-block-latest-posts__post-title\" href=\"https:\/\/www.xn--landschildkrte-6pb.de\/haltung\/landschildkroete-verkaufen-kaufen\/griechische-landschildkroete-11\/\">Griechische Landschildkr\u00f6te<\/a><time datetime=\"2023-03-29T05:08:47+00:00\" class=\"wp-block-latest-posts__post-date\">29. M\u00e4rz 2023<\/time><div class=\"wp-block-latest-posts__post-excerpt\">Plz + Ort:99510 O\u00dfmannstedt (Th\u00fcringen) Nachrichtentext:Nachzuchten aus 2022, nach Winterstarre abzugeben. 4 St\u00fcck vorhanden. Kontakt:&nbsp;&#x61;&#95;&#98;i&#x72;&#x6e;&#101;&#64;&#x67;&#x6d;&#120;&#46;d&#x65; Tel: 01797759802 Preis:80 \u20ac<\/div><\/li>\n<\/ul>\n\n\n<\/div>\n\n\n\n<div class=\"extra-wrap block_7\">\n<h3 id=\"inserieren\">Schildkr\u00f6ten-Kleinanzeige in Th\u00fcringen inserieren<\/h3>\n<script type=\"text\/javascript\" src=\"https:\/\/form.jotform.com\/jsform\/243293047513050\"><\/script>\n<\/div>\n\n<div class=\"extra-wrap block_7\">\n<a href=\"\/haltung\/schildkroeten-zuechter-thueringen\/\" title=\"Schildkr\u00f6ten-Z\u00fcchter Th\u00fcringen\" class=\"btn btn-primary btn-normal btn-inline \" target=\"_blank\"><i class=\"icon-arrow-right\"><\/i>Schildkr\u00f6ten-Z\u00fcchter Th\u00fcringen<\/a><!-- .btn -->\n<a href=\"\/haltung\/schildkroeten-kleinanzeigen-deutschland\/\" title=\"Kleinanzeigen ganz Deutschland\" class=\"btn btn-primary btn-normal btn-inline \" target=\"_self\"><i class=\"icon-arrow-right\"><\/i>Kleinanzeigen ganz Deutschland<\/a><!-- .btn -->\n<\/div>\n","protected":false},"excerpt":{"rendered":"","protected":false},"author":1,"featured_media":15324,"parent":0,"menu_order":0,"comment_status":"closed","ping_status":"closed","template":"","meta":{"_exactmetrics_skip_tracking":false,"_exactmetrics_sitenote_active":false,"_exactmetrics_sitenote_note":"","_exactmetrics_sitenote_category":0,"footnotes":""},"class_list":["post-15265","page","type-page","status-publish","has-post-thumbnail","hentry"],"aioseo_notices":[],"publishpress_future_action":{"enabled":false,"date":"2026-05-07 11:00:36","action":"change-status","newStatus":"draft","terms":[],"taxonomy":"","extraData":[]},"publishpress_future_workflow_manual_trigger":{"enabledWorkflows":[]},"_links":{"self":[{"href":"https:\/\/www.xn--landschildkrte-6pb.de\/haltung\/wp-json\/wp\/v2\/pages\/15265","targetHints":{"allow":["GET"]}}],"collection":[{"href":"https:\/\/www.xn--landschildkrte-6pb.de\/haltung\/wp-json\/wp\/v2\/pages"}],"about":[{"href":"https:\/\/www.xn--landschildkrte-6pb.de\/haltung\/wp-json\/wp\/v2\/types\/page"}],"author":[{"embeddable":true,"href":"https:\/\/www.xn--landschildkrte-6pb.de\/haltung\/wp-json\/wp\/v2\/users\/1"}],"replies":[{"embeddable":true,"href":"https:\/\/www.xn--landschildkrte-6pb.de\/haltung\/wp-json\/wp\/v2\/comments?post=15265"}],"version-history":[{"count":4,"href":"https:\/\/www.xn--landschildkrte-6pb.de\/haltung\/wp-json\/wp\/v2\/pages\/15265\/revisions"}],"predecessor-version":[{"id":21462,"href":"https:\/\/www.xn--landschildkrte-6pb.de\/haltung\/wp-json\/wp\/v2\/pages\/15265\/revisions\/21462"}],"wp:featuredmedia":[{"embeddable":true,"href":"https:\/\/www.xn--landschildkrte-6pb.de\/haltung\/wp-json\/wp\/v2\/media\/15324"}],"wp:attachment":[{"href":"https:\/\/www.xn--landschildkrte-6pb.de\/haltung\/wp-json\/wp\/v2\/media?parent=15265"}],"curies":[{"name":"wp","href":"https:\/\/api.w.org\/{rel}","templated":true}]}}