{"id":17626,"date":"2022-07-03T22:03:16","date_gmt":"2022-07-03T22:03:16","guid":{"rendered":"https:\/\/www.landschildkroeten.de\/haltung\/?page_id=17626"},"modified":"2022-07-03T22:12:45","modified_gmt":"2022-07-03T22:12:45","slug":"lamellen-fuer-schildkroeten-fruehbeete","status":"publish","type":"page","link":"https:\/\/www.xn--landschildkrte-6pb.de\/haltung\/lamellen-fuer-schildkroeten-fruehbeete\/","title":{"rendered":"Lamellen f\u00fcr Schildkr\u00f6ten-Fr\u00fchbeete"},"content":{"rendered":"\n<div class=\"extra-wrap block_7\"><br>Unser <a href=\"https:\/\/xn--schildkrten-yfb.de\/products\/lamellenvorhang\" target=\"_blank\" rel=\"noreferrer noopener\">Lamellenvorhang<\/a> (Gr\u00f6\u00dfe 30 cm x 25 cm x 0,2 cm) wurde speziell f\u00fcr den Unterbau der <a href=\"https:\/\/schildkr\u00f6ten.de\/collections\/landschildkroeten-fruehbeete\" target=\"_blank\" rel=\"noreferrer noopener\">Schildkr\u00f6ten-Fr\u00fchbeete von Soli Animalis<\/a> gefertigt. Die Fr\u00fchbeete \"<strong>animalia<\/strong>\" und \"<strong>casa<\/strong>\" kannst du \u00fcbrigens genau wie den Streifenvorhang in unserem Shop <a href=\"https:\/\/xn--schildkrten-yfb.de\/\" target=\"_blank\" rel=\"noreferrer noopener\">www.schildkr\u00f6ten.de<\/a> bestellen<\/p>\n\n\n\n<h3 class=\"wp-block-heading\">Lamellen f\u00fcr Fr\u00fchbeet Eingang<\/h3>\n\n\n\n<p>Die PVC-Lamellen bieten einen idealen Schutz vor K\u00e4lte und Zugluft bei Schildkr\u00f6tenhaus-Eing\u00e4ngen. Insbesondere in den \u00dcbergangszeiten im Fr\u00fchling und Herbst ist ein Lamellenvorhang sehr gut daf\u00fcr geeignet, um W\u00e4rme l\u00e4nger im Fr\u00fchbeet zu halten.<\/p>\n\n\n\n<figure class=\"wp-block-gallery has-nested-images columns-default is-cropped wp-block-gallery-1 is-layout-flex wp-block-gallery-is-layout-flex\">\n<figure class=\"wp-block-image size-large\"><a href=\"https:\/\/www.xn--landschildkrte-6pb.de\/haltung\/wp-content\/uploads\/2022\/07\/Lamellenvorhang-fuer-Schildkroeten-Fruehbeet-Animalia.jpeg\"><img loading=\"lazy\" decoding=\"async\" width=\"1024\" height=\"1024\" data-id=\"17636\" src=\"https:\/\/www.xn--landschildkrte-6pb.de\/haltung\/wp-content\/uploads\/2022\/07\/Lamellenvorhang-fuer-Schildkroeten-Fruehbeet-Animalia-1024x1024.jpeg\" alt=\"\" class=\"wp-image-17636\" srcset=\"https:\/\/www.xn--landschildkrte-6pb.de\/haltung\/wp-content\/uploads\/2022\/07\/Lamellenvorhang-fuer-Schildkroeten-Fruehbeet-Animalia-1024x1024.jpeg 1024w, https:\/\/www.xn--landschildkrte-6pb.de\/haltung\/wp-content\/uploads\/2022\/07\/Lamellenvorhang-fuer-Schildkroeten-Fruehbeet-Animalia-300x300.jpeg 300w, https:\/\/www.xn--landschildkrte-6pb.de\/haltung\/wp-content\/uploads\/2022\/07\/Lamellenvorhang-fuer-Schildkroeten-Fruehbeet-Animalia-150x150.jpeg 150w, https:\/\/www.xn--landschildkrte-6pb.de\/haltung\/wp-content\/uploads\/2022\/07\/Lamellenvorhang-fuer-Schildkroeten-Fruehbeet-Animalia-768x768.jpeg 768w, https:\/\/www.xn--landschildkrte-6pb.de\/haltung\/wp-content\/uploads\/2022\/07\/Lamellenvorhang-fuer-Schildkroeten-Fruehbeet-Animalia-1536x1536.jpeg 1536w, https:\/\/www.xn--landschildkrte-6pb.de\/haltung\/wp-content\/uploads\/2022\/07\/Lamellenvorhang-fuer-Schildkroeten-Fruehbeet-Animalia.jpeg 2000w\" sizes=\"auto, (max-width: 1024px) 100vw, 1024px\" \/><\/a><figcaption>Lamellenvorhang f\u00fcr Landschildkr\u00f6ten<\/figcaption><\/figure>\n\n\n\n<figure class=\"wp-block-image size-large\"><a href=\"https:\/\/www.xn--landschildkrte-6pb.de\/haltung\/wp-content\/uploads\/2022\/07\/Landschildkroeten-mit-Lamellenvorhang.jpeg\"><img loading=\"lazy\" decoding=\"async\" width=\"1024\" height=\"1024\" data-id=\"17634\" src=\"https:\/\/www.xn--landschildkrte-6pb.de\/haltung\/wp-content\/uploads\/2022\/07\/Landschildkroeten-mit-Lamellenvorhang-1024x1024.jpeg\" alt=\"\" class=\"wp-image-17634\" srcset=\"https:\/\/www.xn--landschildkrte-6pb.de\/haltung\/wp-content\/uploads\/2022\/07\/Landschildkroeten-mit-Lamellenvorhang-1024x1024.jpeg 1024w, https:\/\/www.xn--landschildkrte-6pb.de\/haltung\/wp-content\/uploads\/2022\/07\/Landschildkroeten-mit-Lamellenvorhang-300x300.jpeg 300w, https:\/\/www.xn--landschildkrte-6pb.de\/haltung\/wp-content\/uploads\/2022\/07\/Landschildkroeten-mit-Lamellenvorhang-150x150.jpeg 150w, https:\/\/www.xn--landschildkrte-6pb.de\/haltung\/wp-content\/uploads\/2022\/07\/Landschildkroeten-mit-Lamellenvorhang-768x768.jpeg 768w, https:\/\/www.xn--landschildkrte-6pb.de\/haltung\/wp-content\/uploads\/2022\/07\/Landschildkroeten-mit-Lamellenvorhang-1536x1536.jpeg 1536w, https:\/\/www.xn--landschildkrte-6pb.de\/haltung\/wp-content\/uploads\/2022\/07\/Landschildkroeten-mit-Lamellenvorhang.jpeg 2000w\" sizes=\"auto, (max-width: 1024px) 100vw, 1024px\" \/><\/a><figcaption>Griechische Landschildkr\u00f6ten mit Lamellen-Vorhang<\/figcaption><\/figure>\n\n\n\n<figure class=\"wp-block-image size-large\"><a href=\"https:\/\/www.xn--landschildkrte-6pb.de\/haltung\/wp-content\/uploads\/2022\/07\/Lamellenvorhang-fuer-Fruehbeet-casa.jpeg\"><img loading=\"lazy\" decoding=\"async\" width=\"1024\" height=\"1024\" data-id=\"17632\" src=\"https:\/\/www.xn--landschildkrte-6pb.de\/haltung\/wp-content\/uploads\/2022\/07\/Lamellenvorhang-fuer-Fruehbeet-casa-1024x1024.jpeg\" alt=\"\" class=\"wp-image-17632\" srcset=\"https:\/\/www.xn--landschildkrte-6pb.de\/haltung\/wp-content\/uploads\/2022\/07\/Lamellenvorhang-fuer-Fruehbeet-casa-1024x1024.jpeg 1024w, https:\/\/www.xn--landschildkrte-6pb.de\/haltung\/wp-content\/uploads\/2022\/07\/Lamellenvorhang-fuer-Fruehbeet-casa-300x300.jpeg 300w, https:\/\/www.xn--landschildkrte-6pb.de\/haltung\/wp-content\/uploads\/2022\/07\/Lamellenvorhang-fuer-Fruehbeet-casa-150x150.jpeg 150w, https:\/\/www.xn--landschildkrte-6pb.de\/haltung\/wp-content\/uploads\/2022\/07\/Lamellenvorhang-fuer-Fruehbeet-casa-768x768.jpeg 768w, https:\/\/www.xn--landschildkrte-6pb.de\/haltung\/wp-content\/uploads\/2022\/07\/Lamellenvorhang-fuer-Fruehbeet-casa-1536x1536.jpeg 1536w, https:\/\/www.xn--landschildkrte-6pb.de\/haltung\/wp-content\/uploads\/2022\/07\/Lamellenvorhang-fuer-Fruehbeet-casa.jpeg 2000w\" sizes=\"auto, (max-width: 1024px) 100vw, 1024px\" \/><\/a><figcaption>Landschildkr\u00f6te durchquert transparente PVC-Lamellen<\/figcaption><\/figure>\n\n\n\n<figure class=\"wp-block-image size-large\"><a href=\"https:\/\/www.xn--landschildkrte-6pb.de\/haltung\/wp-content\/uploads\/2022\/07\/Lamellenvorhang-am-Unterbau.jpeg\"><img loading=\"lazy\" decoding=\"async\" width=\"1024\" height=\"1024\" data-id=\"17637\" src=\"https:\/\/www.xn--landschildkrte-6pb.de\/haltung\/wp-content\/uploads\/2022\/07\/Lamellenvorhang-am-Unterbau-1024x1024.jpeg\" alt=\"\" class=\"wp-image-17637\" srcset=\"https:\/\/www.xn--landschildkrte-6pb.de\/haltung\/wp-content\/uploads\/2022\/07\/Lamellenvorhang-am-Unterbau-1024x1024.jpeg 1024w, https:\/\/www.xn--landschildkrte-6pb.de\/haltung\/wp-content\/uploads\/2022\/07\/Lamellenvorhang-am-Unterbau-300x300.jpeg 300w, https:\/\/www.xn--landschildkrte-6pb.de\/haltung\/wp-content\/uploads\/2022\/07\/Lamellenvorhang-am-Unterbau-150x150.jpeg 150w, https:\/\/www.xn--landschildkrte-6pb.de\/haltung\/wp-content\/uploads\/2022\/07\/Lamellenvorhang-am-Unterbau-768x768.jpeg 768w, https:\/\/www.xn--landschildkrte-6pb.de\/haltung\/wp-content\/uploads\/2022\/07\/Lamellenvorhang-am-Unterbau-1536x1536.jpeg 1536w, https:\/\/www.xn--landschildkrte-6pb.de\/haltung\/wp-content\/uploads\/2022\/07\/Lamellenvorhang-am-Unterbau.jpeg 2000w\" sizes=\"auto, (max-width: 1024px) 100vw, 1024px\" \/><\/a><figcaption>Lamellenstreifen am Unterbau des Fr\u00fchbeets<\/figcaption><\/figure>\n\n\n\n<figure class=\"wp-block-image size-large\"><a href=\"https:\/\/www.xn--landschildkrte-6pb.de\/haltung\/wp-content\/uploads\/2022\/07\/Lamellenstreifen-fuer-Schildkroeten-Fruehbeete.jpeg\"><img loading=\"lazy\" decoding=\"async\" width=\"1024\" height=\"1024\" data-id=\"17635\" src=\"https:\/\/www.xn--landschildkrte-6pb.de\/haltung\/wp-content\/uploads\/2022\/07\/Lamellenstreifen-fuer-Schildkroeten-Fruehbeete-1024x1024.jpeg\" alt=\"\" class=\"wp-image-17635\" srcset=\"https:\/\/www.xn--landschildkrte-6pb.de\/haltung\/wp-content\/uploads\/2022\/07\/Lamellenstreifen-fuer-Schildkroeten-Fruehbeete-1024x1024.jpeg 1024w, https:\/\/www.xn--landschildkrte-6pb.de\/haltung\/wp-content\/uploads\/2022\/07\/Lamellenstreifen-fuer-Schildkroeten-Fruehbeete-300x300.jpeg 300w, https:\/\/www.xn--landschildkrte-6pb.de\/haltung\/wp-content\/uploads\/2022\/07\/Lamellenstreifen-fuer-Schildkroeten-Fruehbeete-150x150.jpeg 150w, https:\/\/www.xn--landschildkrte-6pb.de\/haltung\/wp-content\/uploads\/2022\/07\/Lamellenstreifen-fuer-Schildkroeten-Fruehbeete-768x768.jpeg 768w, https:\/\/www.xn--landschildkrte-6pb.de\/haltung\/wp-content\/uploads\/2022\/07\/Lamellenstreifen-fuer-Schildkroeten-Fruehbeete-1536x1536.jpeg 1536w, https:\/\/www.xn--landschildkrte-6pb.de\/haltung\/wp-content\/uploads\/2022\/07\/Lamellenstreifen-fuer-Schildkroeten-Fruehbeete.jpeg 2000w\" sizes=\"auto, (max-width: 1024px) 100vw, 1024px\" \/><\/a><figcaption>Lamellen f\u00fcr Schildkr\u00f6tenhaus<\/figcaption><\/figure>\n\n\n\n<figure class=\"wp-block-image size-large\"><a href=\"https:\/\/www.xn--landschildkrte-6pb.de\/haltung\/wp-content\/uploads\/2022\/07\/Lamellen-am-Eingang-von-Schildkroetenhaus.jpeg\"><img loading=\"lazy\" decoding=\"async\" width=\"1024\" height=\"1024\" data-id=\"17633\" src=\"https:\/\/www.xn--landschildkrte-6pb.de\/haltung\/wp-content\/uploads\/2022\/07\/Lamellen-am-Eingang-von-Schildkroetenhaus-1024x1024.jpeg\" alt=\"\" class=\"wp-image-17633\" srcset=\"https:\/\/www.xn--landschildkrte-6pb.de\/haltung\/wp-content\/uploads\/2022\/07\/Lamellen-am-Eingang-von-Schildkroetenhaus-1024x1024.jpeg 1024w, https:\/\/www.xn--landschildkrte-6pb.de\/haltung\/wp-content\/uploads\/2022\/07\/Lamellen-am-Eingang-von-Schildkroetenhaus-300x300.jpeg 300w, https:\/\/www.xn--landschildkrte-6pb.de\/haltung\/wp-content\/uploads\/2022\/07\/Lamellen-am-Eingang-von-Schildkroetenhaus-150x150.jpeg 150w, https:\/\/www.xn--landschildkrte-6pb.de\/haltung\/wp-content\/uploads\/2022\/07\/Lamellen-am-Eingang-von-Schildkroetenhaus-768x768.jpeg 768w, https:\/\/www.xn--landschildkrte-6pb.de\/haltung\/wp-content\/uploads\/2022\/07\/Lamellen-am-Eingang-von-Schildkroetenhaus-1536x1536.jpeg 1536w, https:\/\/www.xn--landschildkrte-6pb.de\/haltung\/wp-content\/uploads\/2022\/07\/Lamellen-am-Eingang-von-Schildkroetenhaus.jpeg 2000w\" sizes=\"auto, (max-width: 1024px) 100vw, 1024px\" \/><\/a><figcaption>Lamellen mit Schildkr\u00f6te am Fr\u00fchbeet-Eingang<\/figcaption><\/figure>\n<\/figure>\n\n\n\n<h3 class=\"wp-block-heading\">\u00dcberlappende PVC-Lamellen gegen Zugluft und K\u00e4lte<\/h3>\n\n\n\n<p>Die einzelnen Lamellenstreifen sind \u00fcberlappend montiert, so dass es nicht zu Zugluft kommt und die W\u00e4rme im Inneren bleibt. Durch die St\u00e4rke der Lamellen von 2 mm kommen auch junge Landschildkr\u00f6ten leicht durch den Vorhang vom Inneren ins Freie und zur\u00fcck.<\/p>\n\n\n\n<p>Schildkr\u00f6ten lernen sehr schnell, dass der Lamellen-Vorhang leicht durchg\u00e4ngig ist und kein Hindernis darstellt. Bei sehr kleinen Schildkr\u00f6ten bzw. Schl\u00fcpflingen kann man die Lamellen einmal in der Mitte durchschneiden, damit sie auch f\u00fcr diese einfach zu durchlaufen sind.<\/p>\n\n\n\n<h3 class=\"wp-block-heading\">\u00dcberblick Lamellen-Vorhang<\/h3>\n\n\n\n<ul class=\"wp-block-list\"><li>hohe Qualit\u00e4t<\/li><li>transparent<\/li><li>witterungsbest\u00e4ndig<\/li><li>komplett fertig montiert<\/li><li>rostfreie Schraubverbindung<\/li><li>leicht durchg\u00e4ngig f\u00fcr alle Schildkr\u00f6ten<\/li><\/ul>\n\n\n\n<p>Die Montagebohrungen betragen im Durchmesser <strong>6,5 mm<\/strong>.<\/p>\n\n\n\n<a href=\"https:\/\/xn--schildkrten-yfb.de\/products\/lamellenvorhang\" title=\"Lamellenvorhang bestellen\" class=\"btn btn-primary btn-normal btn-inline \" target=\"_blank\"><i class=\"icon-shopping-cart\"><\/i>Lamellenvorhang bestellen<\/a><!-- .btn -->\n\n\n\n<\/div>\n\n\n\n<div id=\"product-component-1656884649865\"><\/div>\n<script type=\"text\/javascript\">\n\/*<![CDATA[*\/\n(function () {\n  var scriptURL = 'https:\/\/sdks.shopifycdn.com\/buy-button\/latest\/buy-button-storefront.min.js';\n  if (window.ShopifyBuy) {\n    if (window.ShopifyBuy.UI) {\n      ShopifyBuyInit();\n    } else {\n      loadScript();\n    }\n  } else {\n    loadScript();\n  }\n  function loadScript() {\n    var script = document.createElement('script');\n    script.async = true;\n    script.src = scriptURL;\n    (document.getElementsByTagName('head')[0] || document.getElementsByTagName('body')[0]).appendChild(script);\n    script.onload = ShopifyBuyInit;\n  }\n  function ShopifyBuyInit() {\n    var client = ShopifyBuy.buildClient({\n      domain: 'schildkrotenshop.myshopify.com',\n      storefrontAccessToken: '47479665dc8e402ddefb36f780802909',\n    });\n    ShopifyBuy.UI.onReady(client).then(function (ui) {\n      ui.createComponent('product', {\n        id: '7979934056713',\n        node: document.getElementById('product-component-1656884649865'),\n        moneyFormat: '%E2%82%AC%7B%7Bamount_with_comma_separator%7D%7D',\n        options: {\n  \"product\": {\n    \"styles\": {\n      \"product\": {\n        \"@media (min-width: 601px)\": {\n          \"max-width\": \"calc(25% - 20px)\",\n          \"margin-left\": \"20px\",\n          \"margin-bottom\": \"50px\"\n        }\n      },\n      \"button\": {\n        \":hover\": {\n          \"background-color\": \"#8cad0e\"\n        },\n        \"background-color\": \"#9cc00f\",\n        \":focus\": {\n          \"background-color\": \"#8cad0e\"\n        }\n      }\n    },\n    \"buttonDestination\": \"modal\",\n    \"contents\": {\n      \"options\": false\n    },\n    \"text\": {\n      \"button\": \"Produktdetails\"\n    }\n  },\n  \"productSet\": {\n    \"styles\": {\n      \"products\": {\n        \"@media (min-width: 601px)\": {\n          \"margin-left\": \"-20px\"\n        }\n      }\n    }\n  },\n  \"modalProduct\": {\n    \"contents\": {\n      \"img\": false,\n      \"imgWithCarousel\": true,\n      \"button\": false,\n      \"buttonWithQuantity\": true\n    },\n    \"styles\": {\n      \"product\": {\n        \"@media (min-width: 601px)\": {\n          \"max-width\": \"100%\",\n          \"margin-left\": \"0px\",\n          \"margin-bottom\": \"0px\"\n        }\n      },\n      \"button\": {\n        \":hover\": {\n          \"background-color\": \"#8cad0e\"\n        },\n        \"background-color\": \"#9cc00f\",\n        \":focus\": {\n          \"background-color\": \"#8cad0e\"\n        }\n      }\n    },\n    \"text\": {\n      \"button\": \"Warenkorb\"\n    }\n  },\n  \"option\": {},\n  \"cart\": {\n    \"styles\": {\n      \"button\": {\n        \":hover\": {\n          \"background-color\": \"#8cad0e\"\n        },\n        \"background-color\": \"#9cc00f\",\n        \":focus\": {\n          \"background-color\": \"#8cad0e\"\n        }\n      }\n    },\n    \"text\": {\n      \"title\": \"Warenkorb\",\n      \"total\": \"Preis\",\n      \"empty\": \"Dein Warenkorb ist leer.\",\n      \"notice\": \"Versandkosten werden im n\u00e4chsten Schritt berechnet.\",\n      \"button\": \"Zahlung\",\n      \"noteDescription\": \"Bestellhinweis \/ Anmerkung\"\n    },\n    \"popup\": false\n  },\n  \"toggle\": {\n    \"styles\": {\n      \"toggle\": {\n        \"background-color\": \"#9cc00f\",\n        \":hover\": {\n          \"background-color\": \"#8cad0e\"\n        },\n        \":focus\": {\n          \"background-color\": \"#8cad0e\"\n        }\n      }\n    }\n  }\n},\n      });\n    });\n  }\n})();\n\/*]]>*\/\n<\/script>\n","protected":false},"excerpt":{"rendered":"","protected":false},"author":1,"featured_media":17635,"parent":0,"menu_order":0,"comment_status":"closed","ping_status":"closed","template":"","meta":{"_exactmetrics_skip_tracking":false,"_exactmetrics_sitenote_active":false,"_exactmetrics_sitenote_note":"","_exactmetrics_sitenote_category":0,"footnotes":""},"class_list":["post-17626","page","type-page","status-publish","has-post-thumbnail","hentry"],"aioseo_notices":[],"publishpress_future_action":{"enabled":false,"date":"2026-05-03 11:17:27","action":"change-status","newStatus":"draft","terms":[],"taxonomy":"","extraData":[]},"publishpress_future_workflow_manual_trigger":{"enabledWorkflows":[]},"_links":{"self":[{"href":"https:\/\/www.xn--landschildkrte-6pb.de\/haltung\/wp-json\/wp\/v2\/pages\/17626","targetHints":{"allow":["GET"]}}],"collection":[{"href":"https:\/\/www.xn--landschildkrte-6pb.de\/haltung\/wp-json\/wp\/v2\/pages"}],"about":[{"href":"https:\/\/www.xn--landschildkrte-6pb.de\/haltung\/wp-json\/wp\/v2\/types\/page"}],"author":[{"embeddable":true,"href":"https:\/\/www.xn--landschildkrte-6pb.de\/haltung\/wp-json\/wp\/v2\/users\/1"}],"replies":[{"embeddable":true,"href":"https:\/\/www.xn--landschildkrte-6pb.de\/haltung\/wp-json\/wp\/v2\/comments?post=17626"}],"version-history":[{"count":5,"href":"https:\/\/www.xn--landschildkrte-6pb.de\/haltung\/wp-json\/wp\/v2\/pages\/17626\/revisions"}],"predecessor-version":[{"id":18142,"href":"https:\/\/www.xn--landschildkrte-6pb.de\/haltung\/wp-json\/wp\/v2\/pages\/17626\/revisions\/18142"}],"wp:featuredmedia":[{"embeddable":true,"href":"https:\/\/www.xn--landschildkrte-6pb.de\/haltung\/wp-json\/wp\/v2\/media\/17635"}],"wp:attachment":[{"href":"https:\/\/www.xn--landschildkrte-6pb.de\/haltung\/wp-json\/wp\/v2\/media?parent=17626"}],"curies":[{"name":"wp","href":"https:\/\/api.w.org\/{rel}","templated":true}]}}