{"id":17789,"date":"2022-07-19T05:46:54","date_gmt":"2022-07-19T05:46:54","guid":{"rendered":"https:\/\/www.landschildkroeten.de\/haltung\/?page_id=17789"},"modified":"2023-07-22T10:43:11","modified_gmt":"2023-07-22T10:43:11","slug":"kotuntersuchungs-set-fuer-reptilien","status":"publish","type":"page","link":"https:\/\/www.xn--landschildkrte-6pb.de\/haltung\/kotuntersuchungs-set-fuer-reptilien\/","title":{"rendered":"Kotuntersuchungs-Set f\u00fcr Reptilien"},"content":{"rendered":"\n<div class=\"extra-wrap block_7\"><br>Unser <a href=\"https:\/\/xn--schildkrten-yfb.de\/products\/kotproben-set-fuer-schildkroeten\" target=\"_blank\" rel=\"noreferrer noopener\">Kotuntersuchungs-Set<\/a> ist f\u00fcr alle Reptilien (<strong>Schildkr\u00f6te<\/strong>, <strong>Leopardgecko<\/strong>, <strong>Kornnatter<\/strong>, <strong>Cham\u00e4leon<\/strong>, <strong>Leguan<\/strong>, <strong>Bartagame<\/strong>\u2026) geeignet. Einer Schildkr\u00f6te und keinem anderen Reptil ist auf den ersten Blick anzusehen, ob das Tier einen erh\u00f6hten Befall an W\u00fcrmern oder Parasiten hat. Nur eine <strong>Kotuntersuchung<\/strong> in einem Labor gibt dar\u00fcber Aufschluss. <\/p>\n\n\n\n<h3 class=\"wp-block-heading\">Im Set ist alles Wichtige enthalten<\/h3>\n\n\n\n<p>Das Kotuntersuchung Kit enth\u00e4lt alles, was es zum Kot sammeln, \u00fcber den Versand, die Durchf\u00fchrung der Kotuntersuchung, bis hin zum Befund durch das Labor von Sera Med ben\u00f6tigt. Neben jeglichem notwendigen Zubeh\u00f6r gibt es auch eine ausf\u00fchrliche Anleitung, wie und wann eine Untersuchung gemacht werden sollte.<\/p>\n\n\n\n<figure class=\"wp-block-gallery has-nested-images columns-default is-cropped wp-block-gallery-1 is-layout-flex wp-block-gallery-is-layout-flex\">\n<figure class=\"wp-block-image size-large\"><a href=\"https:\/\/www.xn--landschildkrte-6pb.de\/haltung\/wp-content\/uploads\/2023\/07\/Kotuntersuchung-Kit-Sera.jpg\"><img loading=\"lazy\" decoding=\"async\" width=\"1024\" height=\"633\" data-id=\"20913\" src=\"https:\/\/www.xn--landschildkrte-6pb.de\/haltung\/wp-content\/uploads\/2023\/07\/Kotuntersuchung-Kit-Sera-1024x633.jpg\" alt=\"\" class=\"wp-image-20913\" srcset=\"https:\/\/www.xn--landschildkrte-6pb.de\/haltung\/wp-content\/uploads\/2023\/07\/Kotuntersuchung-Kit-Sera-1024x633.jpg 1024w, https:\/\/www.xn--landschildkrte-6pb.de\/haltung\/wp-content\/uploads\/2023\/07\/Kotuntersuchung-Kit-Sera-300x185.jpg 300w, https:\/\/www.xn--landschildkrte-6pb.de\/haltung\/wp-content\/uploads\/2023\/07\/Kotuntersuchung-Kit-Sera-768x474.jpg 768w, https:\/\/www.xn--landschildkrte-6pb.de\/haltung\/wp-content\/uploads\/2023\/07\/Kotuntersuchung-Kit-Sera.jpg 1185w\" sizes=\"auto, (max-width: 1024px) 100vw, 1024px\" \/><\/a><figcaption class=\"wp-element-caption\">Kotproben-Set f\u00fcr Schildkr\u00f6ten und andere Reptilien<\/figcaption><\/figure>\n<\/figure>\n\n\n\n<h3 class=\"wp-block-heading\">Wann sollte man den Kot untersuchen?<\/h3>\n\n\n\n<p>Den Kot von Europ\u00e4ischen Landschildkr\u00f6ten untersucht man am besten im Monat Juli oder August, da die Schildkr\u00f6ten im Sommer besonders aktiv sind, viel Futter zu sich nehmen und somit auch regelm\u00e4\u00dfig Kot absetzen. Auch bei Leopardgeckos, Kornnattern, Cham\u00e4leons, Leguanen und Bartagamen w\u00e4hlt man die Monate, in denen die Tiere besondern aktiv sind.<\/p>\n\n\n\n<p>Insbesondere bei erkrankten Reptilien oder bei neu erworbenen Tieren vor einer Vergesellschaftung, wird die Untersuchung einer Kotprobe auf Parasiten wie W\u00fcrmer empfohlen.<\/p>\n\n\n\n<h3 class=\"wp-block-heading\">In dem Kotuntersuchung Kit enthalten<\/h3>\n\n\n\n<ul class=\"wp-block-list\">\n<li>Das Kotuntersuchungs-Set mit R\u00f6hrchen &amp; Anleitung<\/li>\n\n\n\n<li>Der Einsendeschein zum Ausf\u00fcllen mit Angaben zum Halter\/Halterin und zur Schildkr\u00f6te<\/li>\n\n\n\n<li>Frankierter R\u00fccksendeumschlag zum Versand zur\u00fcck ins Labor (R\u00fccksendekosten zum Labor im Preis inbegriffen)<\/li>\n\n\n\n<li>Durchf\u00fchrung der Kotuntersuchung durch sera med<\/li>\n\n\n\n<li>Befund vom Labor per E-Mail oder postalisch<\/li>\n<\/ul>\n\n\n\n<p>In ihren nat\u00fcrlichen Lebensr\u00e4umen haben Reptilien aufgrund optimaler Bedingungen ein besseres Immunsystem und kommen besser mit Parasiten und W\u00fcrmern klar. Auch fressen sie in freier Wildbahn gezielt bestimmte Pflanzen, um den Befall einzud\u00e4mmen. Im Terrarium oder - im Falle von Schildkr\u00f6ten Freigehegen - sind diese Voraussetzungen nicht gegeben.<\/p>\n\n\n\n<h3 class=\"wp-block-heading\">Einsendeschein der Kotprobe zum Labor<\/h3>\n\n\n\n<p>Der beigef\u00fcgte Einsendeschein muss leserlich in Druckbuchstaben ausgef\u00fcllt werden, damit die Mitteilung des Befundes (z.B. per E-Mail) fehlerfrei erfolgen kann. Er wird in ausgef\u00fcllter Form mit dem Set in dem Briefumschlag verpackt.<\/p>\n\n\n\n<p>Wichtig ist, dass die E-Mail Adresse, oder die Adresse, an die der Befund von uns geschickt werden soll leserlich geschrieben sind.<\/p>\n\n\n\n<p>Auch sollten Angaben zum Tier gemacht werden, damit die Kotprobe eines Leopardgeckos oder einer Kornnatter von der eines Cham\u00e4leons, Leguans, Bartagame oder Schildkr\u00f6te unterschieden werden kann. Auch die Altersangabe sollte nicht vergessen werden, da junge Reptilien oft andere Parasiten haben als adulte Tiere.<\/p>\n\n\n\n<h3 class=\"wp-block-heading\">Kotproben-Set zur Post bringen<\/h3>\n\n\n\n<p>Das Kotproben-Set wird ganz einfach mit dem doppelt verpackten Kotr\u00f6hrchen zusammen mit dem ausgef\u00fcllten Einsendeschein in den R\u00fccksendeumschlag gelegt und zur Post gebracht.<\/p>\n\n\n\n<p>\u26df In der Regel erfolgt der Befund durch unser Labor sera med 2-5 Werktage nach Absenden der Kotprobe per E-Mail oder auf postalischem Wege.<\/p>\n\n\n\n<a href=\"https:\/\/xn--schildkrten-yfb.de\/products\/kotproben-set-fuer-schildkroeten\" title=\"Kotproben-Set Reptilien bestellen\" class=\"btn btn-primary btn-normal btn-inline \" target=\"_blank\"><i class=\"icon-shopping-cart\"><\/i>Kotproben-Set Reptilien bestellen<\/a><!-- .btn -->\n\n\n\n<\/div>\n\n\n\n<div id='product-component-1658209581008'><\/div>\n<script type=\"text\/javascript\">\n\/*<![CDATA[*\/\n(function () {\n  var scriptURL = 'https:\/\/sdks.shopifycdn.com\/buy-button\/latest\/buy-button-storefront.min.js';\n  if (window.ShopifyBuy) {\n    if (window.ShopifyBuy.UI) {\n      ShopifyBuyInit();\n    } else {\n      loadScript();\n    }\n  } else {\n    loadScript();\n  }\n  function loadScript() {\n    var script = document.createElement('script');\n    script.async = true;\n    script.src = scriptURL;\n    (document.getElementsByTagName('head')[0] || document.getElementsByTagName('body')[0]).appendChild(script);\n    script.onload = ShopifyBuyInit;\n  }\n  function ShopifyBuyInit() {\n    var client = ShopifyBuy.buildClient({\n      domain: 'schildkrotenshop.myshopify.com',\n      storefrontAccessToken: '47479665dc8e402ddefb36f780802909',\n    });\n    ShopifyBuy.UI.onReady(client).then(function (ui) {\n      ui.createComponent('product', {\n        id: '7987359187209',\n        node: document.getElementById('product-component-1658209581008'),\n        moneyFormat: '%E2%82%AC%7B%7Bamount_with_comma_separator%7D%7D',\n        options: {\n  \"product\": {\n    \"styles\": {\n      \"product\": {\n        \"@media (min-width: 601px)\": {\n          \"max-width\": \"calc(25% - 20px)\",\n          \"margin-left\": \"20px\",\n          \"margin-bottom\": \"50px\"\n        }\n      },\n      \"button\": {\n        \":hover\": {\n          \"background-color\": \"#8cad0e\"\n        },\n        \"background-color\": \"#9cc00f\",\n        \":focus\": {\n          \"background-color\": \"#8cad0e\"\n        }\n      }\n    },\n    \"buttonDestination\": \"modal\",\n    \"contents\": {\n      \"options\": false\n    },\n    \"text\": {\n      \"button\": \"Produktdetails\"\n    }\n  },\n  \"productSet\": {\n    \"styles\": {\n      \"products\": {\n        \"@media (min-width: 601px)\": {\n          \"margin-left\": \"-20px\"\n        }\n      }\n    }\n  },\n  \"modalProduct\": {\n    \"contents\": {\n      \"img\": false,\n      \"imgWithCarousel\": true,\n      \"button\": false,\n      \"buttonWithQuantity\": true\n    },\n    \"styles\": {\n      \"product\": {\n        \"@media (min-width: 601px)\": {\n          \"max-width\": \"100%\",\n          \"margin-left\": \"0px\",\n          \"margin-bottom\": \"0px\"\n        }\n      },\n      \"button\": {\n        \":hover\": {\n          \"background-color\": \"#8cad0e\"\n        },\n        \"background-color\": \"#9cc00f\",\n        \":focus\": {\n          \"background-color\": \"#8cad0e\"\n        }\n      }\n    },\n    \"text\": {\n      \"button\": \"Warenkorb\"\n    }\n  },\n  \"option\": {},\n  \"cart\": {\n    \"styles\": {\n      \"button\": {\n        \":hover\": {\n          \"background-color\": \"#8cad0e\"\n        },\n        \"background-color\": \"#9cc00f\",\n        \":focus\": {\n          \"background-color\": \"#8cad0e\"\n        }\n      }\n    },\n    \"text\": {\n      \"title\": \"Warenkorb\",\n      \"total\": \"Preis\",\n      \"empty\": \"Dein Warenkorb ist leer.\",\n      \"notice\": \"Versandkosten werden im n\u00e4chsten Schritt berechnet.\",\n      \"button\": \"Zahlung\",\n      \"noteDescription\": \"Bestellhinweis \/ Anmerkung\"\n    },\n    \"popup\": false\n  },\n  \"toggle\": {\n    \"styles\": {\n      \"toggle\": {\n        \"background-color\": \"#9cc00f\",\n        \":hover\": {\n          \"background-color\": \"#8cad0e\"\n        },\n        \":focus\": {\n          \"background-color\": \"#8cad0e\"\n        }\n      }\n    }\n  }\n},\n      });\n    });\n  }\n})();\n\/*]]>*\/\n<\/script>\n","protected":false},"excerpt":{"rendered":"","protected":false},"author":1,"featured_media":17792,"parent":0,"menu_order":0,"comment_status":"closed","ping_status":"closed","template":"","meta":{"_exactmetrics_skip_tracking":false,"_exactmetrics_sitenote_active":false,"_exactmetrics_sitenote_note":"","_exactmetrics_sitenote_category":0,"footnotes":""},"class_list":["post-17789","page","type-page","status-publish","has-post-thumbnail","hentry"],"aioseo_notices":[],"publishpress_future_action":{"enabled":false,"date":"2026-05-03 12:47:15","action":"change-status","newStatus":"draft","terms":[],"taxonomy":"","extraData":[]},"publishpress_future_workflow_manual_trigger":{"enabledWorkflows":[]},"_links":{"self":[{"href":"https:\/\/www.xn--landschildkrte-6pb.de\/haltung\/wp-json\/wp\/v2\/pages\/17789","targetHints":{"allow":["GET"]}}],"collection":[{"href":"https:\/\/www.xn--landschildkrte-6pb.de\/haltung\/wp-json\/wp\/v2\/pages"}],"about":[{"href":"https:\/\/www.xn--landschildkrte-6pb.de\/haltung\/wp-json\/wp\/v2\/types\/page"}],"author":[{"embeddable":true,"href":"https:\/\/www.xn--landschildkrte-6pb.de\/haltung\/wp-json\/wp\/v2\/users\/1"}],"replies":[{"embeddable":true,"href":"https:\/\/www.xn--landschildkrte-6pb.de\/haltung\/wp-json\/wp\/v2\/comments?post=17789"}],"version-history":[{"count":2,"href":"https:\/\/www.xn--landschildkrte-6pb.de\/haltung\/wp-json\/wp\/v2\/pages\/17789\/revisions"}],"predecessor-version":[{"id":20915,"href":"https:\/\/www.xn--landschildkrte-6pb.de\/haltung\/wp-json\/wp\/v2\/pages\/17789\/revisions\/20915"}],"wp:featuredmedia":[{"embeddable":true,"href":"https:\/\/www.xn--landschildkrte-6pb.de\/haltung\/wp-json\/wp\/v2\/media\/17792"}],"wp:attachment":[{"href":"https:\/\/www.xn--landschildkrte-6pb.de\/haltung\/wp-json\/wp\/v2\/media?parent=17789"}],"curies":[{"name":"wp","href":"https:\/\/api.w.org\/{rel}","templated":true}]}}