{"id":1797,"date":"2011-07-14T19:45:29","date_gmt":"2011-07-14T19:45:29","guid":{"rendered":"http:\/\/www.landschildkroeten.de\/haltung\/about\/"},"modified":"2023-04-17T03:40:16","modified_gmt":"2023-04-17T03:40:16","slug":"ueber-mich","status":"publish","type":"page","link":"https:\/\/www.xn--landschildkrte-6pb.de\/haltung\/ueber-mich\/","title":{"rendered":"\u00dcber"},"content":{"rendered":"<div class=\"row \">\n<div class=\"span4 \"><div class=\"extra-wrap block_6\">\n<a href=\"https:\/\/www.xn--landschildkrte-6pb.de\/haltung\/wp-content\/uploads\/2011\/07\/Seychellen-Riesenschildkr\u00f6te-gr\u00fcn.png\"><img loading=\"lazy\" decoding=\"async\" class=\"alignnone size-full wp-image-4150\" src=\"https:\/\/www.xn--landschildkrte-6pb.de\/haltung\/wp-content\/uploads\/2011\/07\/Seychellen-Riesenschildkr\u00f6te-gr\u00fcn.png\" alt=\"\" width=\"844\" height=\"886\" srcset=\"https:\/\/www.xn--landschildkrte-6pb.de\/haltung\/wp-content\/uploads\/2011\/07\/Seychellen-Riesenschildkr\u00f6te-gr\u00fcn.png 844w, https:\/\/www.xn--landschildkrte-6pb.de\/haltung\/wp-content\/uploads\/2011\/07\/Seychellen-Riesenschildkr\u00f6te-gr\u00fcn-286x300.png 286w, https:\/\/www.xn--landschildkrte-6pb.de\/haltung\/wp-content\/uploads\/2011\/07\/Seychellen-Riesenschildkr\u00f6te-gr\u00fcn-768x806.png 768w\" sizes=\"auto, (max-width: 844px) 100vw, 844px\" \/><\/a><br \/>\n<div class=\"extra-wrap-inner \">\n<h2>\u00dcber mich \ud80c\udd89<\/h2>\n<h3>Florian B\u00f6ttger, Gesch\u00e4ftsf\u00fchrer <a href=\"https:\/\/galaxia.de\/\" target=\"_blank\" rel=\"noopener\">Galaxia GmbH<\/a>.<\/h3>\n<p>\"<em>W\u00e4hrend Menschen st\u00e4ndig nach sozialer Anerkennung lechzen, leben Schildkr\u00f6ten einfach ihr entspanntes Leben.<\/em>\"<\/p>\n<p>Ich halte seit 1994 Schildkr\u00f6ten, habe einige Schildkr\u00f6ten-Habitate bereist und dabei viele Fotos freilebender Schildkr\u00f6ten gemacht. Eine Auswahl davon findest du in der <a href=\"https:\/\/www.xn--landschildkrte-6pb.de\/haltung\/fotogalerie\/\" target=\"_blank\" rel=\"noopener\">Fotogalerie<\/a>. Das Bild hier zeigt mich mit einer freilebenden Seychellen-Riesenschildkr\u00f6te in ihrem nat\u00fcrlichen Lebensraum auf der Insel Curieuse.<\/p>\n<p>Seit 2001 betreibe ich die Seite Landschildkroeten.de, welche sich \u00fcber die Jahre zu Deutschlands gr\u00f6\u00dftem Schildkr\u00f6tenportal mit <strong>\u00fcber 1 Mio. Seitenaufrufen<\/strong> und <strong>mehr als 500.000 Besuchern<\/strong> j\u00e4hrlich (<em>Stand Februar 2023<\/em>) entwickelt hat.<\/p>\n<p>Meine Tierliebe endet nicht bei Schildkr\u00f6ten, weshalb ich seit 2014 vegan lebe.<\/p>\n<\/div>\n<\/div><\/div>\n<div class=\"span4 \"><div class=\"extra-wrap block_2\">\n<h2>Kauf einer Schildkr\u00f6te<\/h2>\n<h3>Nicht ohne Freigehege\u00a0&amp; nicht in einer\u00a0Zoohandlung.<\/h3>\n<p>Von einer reinen <a href=\"https:\/\/www.xn--landschildkrte-6pb.de\/haltung\/terrarium-fuer-landschildkroeten\/\">Terrarien<\/a>-Haltung ist besonders bei Europ\u00e4ischen Landschildkr\u00f6ten abzuraten. Schildkr\u00f6ten brauchen viel Platz und echte Sonne. Alles andere ist nicht artgerecht. Die erste Wahl beim Kauf einer Landschildkr\u00f6te sollte immer eine Schildkr\u00f6ten-Auffangstation sein:<\/p>\n<a href=\"https:\/\/www.xn--landschildkrte-6pb.de\/haltung\/landschildkroeten-auffangstationen\/\" title=\"Landschildkr\u00f6ten Auffangstationen\" class=\"btn btn-primary btn-normal btn-inline \" target=\"_blank\"><i class=\"icon-arrow-right\"><\/i>Landschildkr\u00f6ten Auffangstationen<\/a><!-- .btn --><div class=\"hr\"><\/div><!-- .hr (end) -->\n<p>Hier warten immer\u00a0diverse Schildkr\u00f6ten unterschiedlicher Gr\u00f6\u00dfe, Alters und Geschlechts auf ein neues Zuhause.<\/p>\n<p>Als n\u00e4chste Wahl ist ein <a href=\"https:\/\/www.xn--landschildkrte-6pb.de\/haltung\/zuechter\/schildkroetenzuechter\/\">Landschildkr\u00f6ten-Z\u00fcchter<\/a> einer Zoohandlung immer vorzuziehen. Ich rate von Zoohandlungen ab, da die Verk\u00e4ufer gr\u00f6\u00dftenteils darauf aus sind ihr teures <a href=\"https:\/\/www.xn--landschildkrte-6pb.de\/haltung\/schildkroetenshop\/\">Schildkr\u00f6ten-Zubeh\u00f6r<\/a> zu verkaufen und leider oft zu wenig Fachwissen \u00fcber Schildkr\u00f6ten besitzen.<\/p>\n<a href=\"https:\/\/www.xn--landschildkrte-6pb.de\/haltung\/zuechter\/schildkroetenzuechter\/\" title=\"Z\u00fcchterliste anzeigen\" class=\"btn btn-primary btn-normal btn-inline \" target=\"_blank\"><i class=\"icon-arrow-right\"><\/i>Z\u00fcchterliste anzeigen<\/a><!-- .btn --><div class=\"hr\"><\/div><!-- .hr (end) -->\n<\/div>\n<p><img decoding=\"async\" src=\"https:\/\/www.xn--landschildkrte-6pb.de\/haltung\/wp-content\/themes\/theme-52170\/images\/landschildkroeten-icon.png\" \/>Wenn dir meine Seite gef\u00e4llt, freue mich \u00fcber deine Bewertung:<br \/>\n<a href=\"https:\/\/www.provenexpert.com\/florian-boettger\/q6n9\/\" title=\"jetzt bewerten\" class=\"btn btn-default btn-normal btn-inline \" target=\"_blank\">jetzt bewerten<\/a><!-- .btn --><!-- ProvenExpert Bewertungssiegel --><br \/><\/div>\n<div class=\"span4 \"><div class=\"extra-wrap block_3\">\n<div class=\"extra-wrap-inner \">\n<h2>Vor dem Kauf<\/h2>\n<h3>Vor der Anschaffung einer Europ\u00e4ischen Landschildkr\u00f6te.<\/h3>\n<p>Die Anschaffung einer Europ\u00e4ischen Landschildkr\u00f6te sollte wohlbedacht sein und vor dem Kauf m\u00fcssen folgende folgende Punkte beachtet werden:<\/p>\n<ul>\n<li>Schildkr\u00f6ten sind kein Kinderspielzeug, sondern sehr stressempfindliche Tiere.<\/li>\n<li>Erforderlich bei der Haltung: ein Garten mit der M\u00f6glichkeit, ein fest installiertes <a href=\"https:\/\/www.xn--landschildkrte-6pb.de\/haltung\/gehege\/freigehege-gehege-fuer-landschildkroeten\/\">Freigehege<\/a> zu errichten.<\/li>\n<li>Es ist f\u00fcr eine Schildkr\u00f6te bereits ein mind. 10 qm Freilandgehege mit <a href=\"https:\/\/www.xn--landschildkrte-6pb.de\/haltung\/schildkroeten-fruehbeet-alltop\/\">Fr\u00fchbeet<\/a> notwendig.<\/li>\n<li>Die Tiere ben\u00f6tigen t\u00e4glich frische Wildkr\u00e4uter einer Wiese und Kr\u00e4uterheu, z.B. <a href=\"https:\/\/www.xn--landschildkrte-6pb.de\/haltung\/agrobs\/\">Agrobs<\/a>.<\/li>\n<li>Landschildkr\u00f6ten werden \u00fcber 100 Jahre alt - lebenslange Verantwortung.<\/li>\n<li>Anschaffungskosten inkl. erforderlichem Zubeh\u00f6r: ca. 1.000,- Euro.<\/li>\n<li>Lies vorher vorher empfehlenswerte <a href=\"https:\/\/xn--schildkrten-yfb.de\/collections\/buecher\" target=\"_blank\" rel=\"noopener\">Schildkr\u00f6tenb\u00fccher<\/a>, Einsteigern empfehle ich das folgende Buch von Thorsten Geier: <a href=\"https:\/\/xn--schildkrten-yfb.de\/products\/fester-panzer-weiches-herz-buch-von-thorsten-geier-14-80\" target=\"_blank\" rel=\"noopener\">Fester Panzer - weiches Herz<\/a><\/li>\n<\/ul>\n<a href=\"https:\/\/xn--schildkrten-yfb.de\/\" title=\"zum Schildkr\u00f6tenshop\" class=\"btn btn-default btn-normal btn-inline \" target=\"_blank\">zum Schildkr\u00f6tenshop<\/a><!-- .btn -->\n<\/div>\n<\/div><\/div>\n<\/div><!-- .row (end) -->\n","protected":false},"excerpt":{"rendered":"","protected":false},"author":1,"featured_media":0,"parent":0,"menu_order":1,"comment_status":"closed","ping_status":"open","template":"page-fullwidth.php","meta":{"_exactmetrics_skip_tracking":false,"_exactmetrics_sitenote_active":false,"_exactmetrics_sitenote_note":"","_exactmetrics_sitenote_category":0,"footnotes":""},"class_list":["post-1797","page","type-page","status-publish","hentry"],"aioseo_notices":[],"publishpress_future_action":{"enabled":false,"date":"2026-05-20 16:51:20","action":"change-status","newStatus":"draft","terms":[],"taxonomy":"","extraData":[]},"publishpress_future_workflow_manual_trigger":{"enabledWorkflows":[]},"_links":{"self":[{"href":"https:\/\/www.xn--landschildkrte-6pb.de\/haltung\/wp-json\/wp\/v2\/pages\/1797","targetHints":{"allow":["GET"]}}],"collection":[{"href":"https:\/\/www.xn--landschildkrte-6pb.de\/haltung\/wp-json\/wp\/v2\/pages"}],"about":[{"href":"https:\/\/www.xn--landschildkrte-6pb.de\/haltung\/wp-json\/wp\/v2\/types\/page"}],"author":[{"embeddable":true,"href":"https:\/\/www.xn--landschildkrte-6pb.de\/haltung\/wp-json\/wp\/v2\/users\/1"}],"replies":[{"embeddable":true,"href":"https:\/\/www.xn--landschildkrte-6pb.de\/haltung\/wp-json\/wp\/v2\/comments?post=1797"}],"version-history":[{"count":115,"href":"https:\/\/www.xn--landschildkrte-6pb.de\/haltung\/wp-json\/wp\/v2\/pages\/1797\/revisions"}],"predecessor-version":[{"id":20293,"href":"https:\/\/www.xn--landschildkrte-6pb.de\/haltung\/wp-json\/wp\/v2\/pages\/1797\/revisions\/20293"}],"wp:attachment":[{"href":"https:\/\/www.xn--landschildkrte-6pb.de\/haltung\/wp-json\/wp\/v2\/media?parent=1797"}],"curies":[{"name":"wp","href":"https:\/\/api.w.org\/{rel}","templated":true}]}}