{"id":18259,"date":"2022-08-18T05:38:56","date_gmt":"2022-08-18T05:38:56","guid":{"rendered":"https:\/\/www.landschildkroeten.de\/haltung\/?page_id=18259"},"modified":"2022-08-18T05:45:17","modified_gmt":"2022-08-18T05:45:17","slug":"lampenfassung-fuer-das-schildkroeten-terrarium","status":"publish","type":"page","link":"https:\/\/www.xn--landschildkrte-6pb.de\/haltung\/lampenfassung-fuer-das-schildkroeten-terrarium\/","title":{"rendered":"Lampenfassung f\u00fcr das Schildkr\u00f6ten-Terrarium"},"content":{"rendered":"\n<p>Unsere Keramik-Lampenfassung mit Schalter ist f\u00fcr W\u00e4rmelampen im Schildkr\u00f6ten-Terrarium bis 300 Watt geeignet. Diese wird als montagefertiger Komplett-Bausatz geliefert, der aus E27 Porzellanfassung, Schraubgewinde M10, Zugentlastung, Zuleitungskabel inkl. Schalter (Kabell\u00e4nge ca. 1,80 m) besteht. Eine Montageanleitung ist nat\u00fcrlich dabei.<\/p>\n\n\n\n<figure class=\"wp-block-gallery has-nested-images columns-default is-cropped wp-block-gallery-1 is-layout-flex wp-block-gallery-is-layout-flex\">\n<figure class=\"wp-block-image size-large\"><a href=\"https:\/\/www.xn--landschildkrte-6pb.de\/haltung\/lampenfassung-fuer-das-schildkroeten-terrarium\/attachment\/lampenfassung-fuer-terrarium\/\" target=\"_blank\" rel=\"noopener\"><img loading=\"lazy\" decoding=\"async\" width=\"640\" height=\"640\" data-id=\"18261\" src=\"https:\/\/www.xn--landschildkrte-6pb.de\/haltung\/wp-content\/uploads\/2022\/08\/Lampenfassung-fuer-Terrarium.png\" alt=\"\" class=\"wp-image-18261\" srcset=\"https:\/\/www.xn--landschildkrte-6pb.de\/haltung\/wp-content\/uploads\/2022\/08\/Lampenfassung-fuer-Terrarium.png 640w, https:\/\/www.xn--landschildkrte-6pb.de\/haltung\/wp-content\/uploads\/2022\/08\/Lampenfassung-fuer-Terrarium-300x300.png 300w, https:\/\/www.xn--landschildkrte-6pb.de\/haltung\/wp-content\/uploads\/2022\/08\/Lampenfassung-fuer-Terrarium-150x150.png 150w\" sizes=\"auto, (max-width: 640px) 100vw, 640px\" \/><\/a><figcaption>Lampenfassung f\u00fcr Terrarium<\/figcaption><\/figure>\n\n\n\n<figure class=\"wp-block-image size-large\"><a href=\"https:\/\/www.xn--landschildkrte-6pb.de\/haltung\/lampenfassung-fuer-das-schildkroeten-terrarium\/attachment\/fassung-set-ceramic-holder\/\" target=\"_blank\" rel=\"noopener\"><img loading=\"lazy\" decoding=\"async\" width=\"640\" height=\"640\" data-id=\"18263\" src=\"https:\/\/www.xn--landschildkrte-6pb.de\/haltung\/wp-content\/uploads\/2022\/08\/Fassung-Set-ceramic-holder.png\" alt=\"\" class=\"wp-image-18263\" srcset=\"https:\/\/www.xn--landschildkrte-6pb.de\/haltung\/wp-content\/uploads\/2022\/08\/Fassung-Set-ceramic-holder.png 640w, https:\/\/www.xn--landschildkrte-6pb.de\/haltung\/wp-content\/uploads\/2022\/08\/Fassung-Set-ceramic-holder-300x300.png 300w, https:\/\/www.xn--landschildkrte-6pb.de\/haltung\/wp-content\/uploads\/2022\/08\/Fassung-Set-ceramic-holder-150x150.png 150w\" sizes=\"auto, (max-width: 640px) 100vw, 640px\" \/><\/a><figcaption>Fassung-Set ceramic holder<\/figcaption><\/figure>\n\n\n\n<figure class=\"wp-block-image size-large\"><a href=\"https:\/\/www.xn--landschildkrte-6pb.de\/haltung\/lampenfassung-fuer-das-schildkroeten-terrarium\/attachment\/fassung-fuer-waermelampen-im-terrarium\/\" target=\"_blank\" rel=\"noopener\"><img loading=\"lazy\" decoding=\"async\" width=\"640\" height=\"640\" data-id=\"18262\" src=\"https:\/\/www.xn--landschildkrte-6pb.de\/haltung\/wp-content\/uploads\/2022\/08\/Fassung-fuer-Waermelampen-im-Terrarium.png\" alt=\"\" class=\"wp-image-18262\" srcset=\"https:\/\/www.xn--landschildkrte-6pb.de\/haltung\/wp-content\/uploads\/2022\/08\/Fassung-fuer-Waermelampen-im-Terrarium.png 640w, https:\/\/www.xn--landschildkrte-6pb.de\/haltung\/wp-content\/uploads\/2022\/08\/Fassung-fuer-Waermelampen-im-Terrarium-300x300.png 300w, https:\/\/www.xn--landschildkrte-6pb.de\/haltung\/wp-content\/uploads\/2022\/08\/Fassung-fuer-Waermelampen-im-Terrarium-150x150.png 150w\" sizes=\"auto, (max-width: 640px) 100vw, 640px\" \/><\/a><figcaption>Fassung f\u00fcr W\u00e4rmelampen im Terrarium<\/figcaption><\/figure>\n\n\n\n<figure class=\"wp-block-image size-large\"><a href=\"https:\/\/www.xn--landschildkrte-6pb.de\/haltung\/lampenfassung-fuer-das-schildkroeten-terrarium\/attachment\/hitzebestaendige-lampenfassung-mit-schalter\/\" target=\"_blank\" rel=\"noopener\"><img loading=\"lazy\" decoding=\"async\" width=\"640\" height=\"640\" data-id=\"18264\" src=\"https:\/\/www.xn--landschildkrte-6pb.de\/haltung\/wp-content\/uploads\/2022\/08\/Hitzebestaendige-Lampenfassung-mit-Schalter.png\" alt=\"\" class=\"wp-image-18264\" srcset=\"https:\/\/www.xn--landschildkrte-6pb.de\/haltung\/wp-content\/uploads\/2022\/08\/Hitzebestaendige-Lampenfassung-mit-Schalter.png 640w, https:\/\/www.xn--landschildkrte-6pb.de\/haltung\/wp-content\/uploads\/2022\/08\/Hitzebestaendige-Lampenfassung-mit-Schalter-300x300.png 300w, https:\/\/www.xn--landschildkrte-6pb.de\/haltung\/wp-content\/uploads\/2022\/08\/Hitzebestaendige-Lampenfassung-mit-Schalter-150x150.png 150w\" sizes=\"auto, (max-width: 640px) 100vw, 640px\" \/><\/a><figcaption>Hitzebest\u00e4ndige Lampenfassung mit Schalter<\/figcaption><\/figure>\n\n\n\n<figure class=\"wp-block-image size-large\"><a href=\"https:\/\/www.xn--landschildkrte-6pb.de\/haltung\/lampenfassung-fuer-das-schildkroeten-terrarium\/attachment\/keramik-lampenfassung-mit-schalter\/\" target=\"_blank\" rel=\"noopener\"><img loading=\"lazy\" decoding=\"async\" width=\"640\" height=\"640\" data-id=\"18260\" src=\"https:\/\/www.xn--landschildkrte-6pb.de\/haltung\/wp-content\/uploads\/2022\/08\/Keramik-Lampenfassung-mit-Schalter.png\" alt=\"\" class=\"wp-image-18260\" srcset=\"https:\/\/www.xn--landschildkrte-6pb.de\/haltung\/wp-content\/uploads\/2022\/08\/Keramik-Lampenfassung-mit-Schalter.png 640w, https:\/\/www.xn--landschildkrte-6pb.de\/haltung\/wp-content\/uploads\/2022\/08\/Keramik-Lampenfassung-mit-Schalter-300x300.png 300w, https:\/\/www.xn--landschildkrte-6pb.de\/haltung\/wp-content\/uploads\/2022\/08\/Keramik-Lampenfassung-mit-Schalter-150x150.png 150w\" sizes=\"auto, (max-width: 640px) 100vw, 640px\" \/><\/a><figcaption>Keramik-Lampenfassung mit Schalter<\/figcaption><\/figure>\n<figcaption class=\"blocks-gallery-caption\">Fassung-Set f\u00fcr das Terrarium<\/figcaption><\/figure>\n\n\n\n<h3 class=\"wp-block-heading\">Bestellung der Lampenfassung in unserem Shop<\/h3>\n\n\n\n<div id=\"product-component-1660801120285\"><\/div>\n<script type=\"text\/javascript\">\n\/*<![CDATA[*\/\n(function () {\n  var scriptURL = 'https:\/\/sdks.shopifycdn.com\/buy-button\/latest\/buy-button-storefront.min.js';\n  if (window.ShopifyBuy) {\n    if (window.ShopifyBuy.UI) {\n      ShopifyBuyInit();\n    } else {\n      loadScript();\n    }\n  } else {\n    loadScript();\n  }\n  function loadScript() {\n    var script = document.createElement('script');\n    script.async = true;\n    script.src = scriptURL;\n    (document.getElementsByTagName('head')[0] || document.getElementsByTagName('body')[0]).appendChild(script);\n    script.onload = ShopifyBuyInit;\n  }\n  function ShopifyBuyInit() {\n    var client = ShopifyBuy.buildClient({\n      domain: 'schildkrotenshop.myshopify.com',\n      storefrontAccessToken: '47479665dc8e402ddefb36f780802909',\n    });\n    ShopifyBuy.UI.onReady(client).then(function (ui) {\n      ui.createComponent('product', {\n        id: '7961481773321',\n        node: document.getElementById('product-component-1660801120285'),\n        moneyFormat: '%E2%82%AC%7B%7Bamount_with_comma_separator%7D%7D',\n        options: {\n  \"product\": {\n    \"styles\": {\n      \"product\": {\n        \"@media (min-width: 601px)\": {\n          \"max-width\": \"calc(25% - 20px)\",\n          \"margin-left\": \"20px\",\n          \"margin-bottom\": \"50px\"\n        }\n      },\n      \"button\": {\n        \":hover\": {\n          \"background-color\": \"#8cad0e\"\n        },\n        \"background-color\": \"#9cc00f\",\n        \":focus\": {\n          \"background-color\": \"#8cad0e\"\n        }\n      }\n    },\n    \"buttonDestination\": \"modal\",\n    \"contents\": {\n      \"options\": false\n    },\n    \"text\": {\n      \"button\": \"Produktdetails\"\n    }\n  },\n  \"productSet\": {\n    \"styles\": {\n      \"products\": {\n        \"@media (min-width: 601px)\": {\n          \"margin-left\": \"-20px\"\n        }\n      }\n    }\n  },\n  \"modalProduct\": {\n    \"contents\": {\n      \"img\": false,\n      \"imgWithCarousel\": true,\n      \"button\": false,\n      \"buttonWithQuantity\": true\n    },\n    \"styles\": {\n      \"product\": {\n        \"@media (min-width: 601px)\": {\n          \"max-width\": \"100%\",\n          \"margin-left\": \"0px\",\n          \"margin-bottom\": \"0px\"\n        }\n      },\n      \"button\": {\n        \":hover\": {\n          \"background-color\": \"#8cad0e\"\n        },\n        \"background-color\": \"#9cc00f\",\n        \":focus\": {\n          \"background-color\": \"#8cad0e\"\n        }\n      }\n    },\n    \"text\": {\n      \"button\": \"Warenkorb\"\n    }\n  },\n  \"option\": {},\n  \"cart\": {\n    \"styles\": {\n      \"button\": {\n        \":hover\": {\n          \"background-color\": \"#8cad0e\"\n        },\n        \"background-color\": \"#9cc00f\",\n        \":focus\": {\n          \"background-color\": \"#8cad0e\"\n        }\n      }\n    },\n    \"text\": {\n      \"title\": \"Warenkorb\",\n      \"total\": \"Preis\",\n      \"empty\": \"Dein Warenkorb ist leer.\",\n      \"notice\": \"Versandkosten werden im n\u00e4chsten Schritt berechnet.\",\n      \"button\": \"Zahlung\",\n      \"noteDescription\": \"Bestellhinweis \/ Anmerkung\"\n    },\n    \"popup\": false\n  },\n  \"toggle\": {\n    \"styles\": {\n      \"toggle\": {\n        \"background-color\": \"#9cc00f\",\n        \":hover\": {\n          \"background-color\": \"#8cad0e\"\n        },\n        \":focus\": {\n          \"background-color\": \"#8cad0e\"\n        }\n      }\n    }\n  }\n},\n      });\n    });\n  }\n})();\n\/*]]>*\/\n<\/script>\n","protected":false},"excerpt":{"rendered":"<p>Unsere Keramik-Lampenfassung mit Schalter ist f\u00fcr W\u00e4rmelampen im Schildkr\u00f6ten-Terrarium bis 300 Watt geeignet. Diese wird als montagefertiger Komplett-Bausatz geliefert, der aus E27 Porzellanfassung, Schraubgewinde M10, Zugentlastung, Zuleitungskabel inkl. Schalter (Kabell\u00e4nge ca. 1,80 m) besteht. Eine Montageanleitung ist nat\u00fcrlich dabei. Bestellung der Lampenfassung in unserem Shop<\/p>\n","protected":false},"author":1,"featured_media":18263,"parent":0,"menu_order":0,"comment_status":"closed","ping_status":"closed","template":"","meta":{"_exactmetrics_skip_tracking":false,"_exactmetrics_sitenote_active":false,"_exactmetrics_sitenote_note":"","_exactmetrics_sitenote_category":0,"footnotes":""},"class_list":["post-18259","page","type-page","status-publish","has-post-thumbnail","hentry"],"aioseo_notices":[],"publishpress_future_action":{"enabled":false,"date":"2026-05-01 08:19:29","action":"change-status","newStatus":"draft","terms":[],"taxonomy":"","extraData":[]},"publishpress_future_workflow_manual_trigger":{"enabledWorkflows":[]},"_links":{"self":[{"href":"https:\/\/www.xn--landschildkrte-6pb.de\/haltung\/wp-json\/wp\/v2\/pages\/18259","targetHints":{"allow":["GET"]}}],"collection":[{"href":"https:\/\/www.xn--landschildkrte-6pb.de\/haltung\/wp-json\/wp\/v2\/pages"}],"about":[{"href":"https:\/\/www.xn--landschildkrte-6pb.de\/haltung\/wp-json\/wp\/v2\/types\/page"}],"author":[{"embeddable":true,"href":"https:\/\/www.xn--landschildkrte-6pb.de\/haltung\/wp-json\/wp\/v2\/users\/1"}],"replies":[{"embeddable":true,"href":"https:\/\/www.xn--landschildkrte-6pb.de\/haltung\/wp-json\/wp\/v2\/comments?post=18259"}],"version-history":[{"count":6,"href":"https:\/\/www.xn--landschildkrte-6pb.de\/haltung\/wp-json\/wp\/v2\/pages\/18259\/revisions"}],"predecessor-version":[{"id":18272,"href":"https:\/\/www.xn--landschildkrte-6pb.de\/haltung\/wp-json\/wp\/v2\/pages\/18259\/revisions\/18272"}],"wp:featuredmedia":[{"embeddable":true,"href":"https:\/\/www.xn--landschildkrte-6pb.de\/haltung\/wp-json\/wp\/v2\/media\/18263"}],"wp:attachment":[{"href":"https:\/\/www.xn--landschildkrte-6pb.de\/haltung\/wp-json\/wp\/v2\/media?parent=18259"}],"curies":[{"name":"wp","href":"https:\/\/api.w.org\/{rel}","templated":true}]}}