{"id":18619,"date":"2022-09-27T09:29:04","date_gmt":"2022-09-27T09:29:04","guid":{"rendered":"https:\/\/www.landschildkroeten.de\/haltung\/?page_id=18619"},"modified":"2022-09-27T09:37:30","modified_gmt":"2022-09-27T09:37:30","slug":"opuntie-stachellos-feigenkaktus-blaetter-fuer-schildkroeten-ca-2-kg","status":"publish","type":"page","link":"https:\/\/www.xn--landschildkrte-6pb.de\/haltung\/opuntie-stachellos-feigenkaktus-blaetter-fuer-schildkroeten-ca-2-kg\/","title":{"rendered":"Opuntie stachellos &#8211; Feigenkaktus Bl\u00e4tter f\u00fcr Schildkr\u00f6ten ca. 2 kg"},"content":{"rendered":"\n<h3 class=\"wp-block-heading\">Nat\u00fcrlichstes Schildkr\u00f6tenfutter<\/h3>\n\n\n\n<p>Unsere Bl\u00e4tter der Opuntien (also des <a href=\"https:\/\/xn--schildkrten-yfb.de\/products\/opuntien-opuntia-feigenkaktus-schildkroeten\" target=\"_blank\" rel=\"noopener\">Feigenkaktus<\/a>, <em>Ficus indica<\/em>) sind eine sehr <strong>wertvolle Futterpflanze<\/strong> f\u00fcr alle Schildkr\u00f6ten. Der Feigenkaktus ist eine nat\u00fcrliche Futterpflanze, die auch im <strong>nat\u00fcrlichen Lebensraum<\/strong> Europ\u00e4ischer Landschildkr\u00f6ten w\u00e4chst, und damit ein sehr nat\u00fcrliches Schildkr\u00f6tenfutter darstellt. Die <strong>fast stachellosen Bl\u00e4tter<\/strong> der Kakteen sind in <strong>Bioqualit\u00e4t<\/strong> und f\u00fcr Schildkr\u00f6ten und auch f\u00fcr uns Menschen essbar.<\/p>\n\n\n\n<figure class=\"wp-block-image size-full\"><a href=\"https:\/\/www.xn--landschildkrte-6pb.de\/haltung\/opuntie\/\" target=\"_blank\" rel=\"noreferrer noopener\"><img loading=\"lazy\" decoding=\"async\" width=\"972\" height=\"901\" src=\"https:\/\/www.xn--landschildkrte-6pb.de\/haltung\/wp-content\/uploads\/2022\/09\/Opuntie.jpg\" alt=\"\" class=\"wp-image-18598\" srcset=\"https:\/\/www.xn--landschildkrte-6pb.de\/haltung\/wp-content\/uploads\/2022\/09\/Opuntie.jpg 972w, https:\/\/www.xn--landschildkrte-6pb.de\/haltung\/wp-content\/uploads\/2022\/09\/Opuntie-300x278.jpg 300w, https:\/\/www.xn--landschildkrte-6pb.de\/haltung\/wp-content\/uploads\/2022\/09\/Opuntie-768x712.jpg 768w\" sizes=\"auto, (max-width: 972px) 100vw, 972px\" \/><\/a><figcaption>Opuntie - essbar f\u00fcr Schildkr\u00f6ten und Menschen<\/figcaption><\/figure>\n\n\n\n<h3 class=\"wp-block-heading\">Ideales Winterfutter f\u00fcr Landschildkr\u00f6ten<\/h3>\n\n\n\n<p>Neben Griechischen Landschildkr\u00f6ten, Maurischen Landschildkr\u00f6ten, Vierzehenschildkr\u00f6ten usw. sind <a href=\"https:\/\/xn--schildkrten-yfb.de\/products\/opuntien-opuntia-feigenkaktus-schildkroeten\" target=\"_blank\" rel=\"noopener\">Opuntien<\/a> auch f\u00fcr Schildkr\u00f6tenarten geeignet, die nicht kalt \u00fcberwintern - wie zum Beispiel Tropische oder Afrikanische Arten.<\/p>\n\n\n\n<p><\/p>\n\n\n\n<h3 class=\"wp-block-heading\">Fr\u00fcchte und Bl\u00e4tter sind ein top Schildkr\u00f6tenfutter<\/h3>\n\n\n\n<p>Den Tieren anbieten kann man sowohl die <strong>Kaktusfeigen<\/strong> (= <strong>Fr\u00fcchte<\/strong>) als auch die dickfleischigen gr\u00fcnen Bl\u00e4tter des Feigenkaktus. Die <strong>Opuntia<\/strong> ist in jedem Fall eine willkommene Abwechslung zu Wildkr\u00e4utern und Salaten. Der Feigenkaktus enth\u00e4lt viel <strong>Magnesium<\/strong>, <strong>Kalzium<\/strong>, <strong>Vitamine<\/strong> und hat einen hohen Wassergehalt. Dies macht ihn zu einer <strong>hervorragenden Futterpflanze<\/strong> f\u00fcr Schildkr\u00f6ten.<\/p>\n\n\n\n<p><\/p>\n\n\n\n<h3 class=\"wp-block-heading\">Gewicht bei Lieferung<\/h3>\n\n\n\n<p>Die Lieferung in einem Karton enth\u00e4lt <strong>etwa 2 kg Opuntienbl\u00e4tter<\/strong>, die weitestgehend - wenn auch nicht ganz stachellos sind - selbst wenn die von uns verkaufte Sorte als \"<strong>stachelloser Feigenkaktus<\/strong>\" bezeichnet wird. Aufgrund der unterschiedlichen Gr\u00f6\u00dfe der Futterbl\u00e4tter, kann das Gewicht etwas abweichen. <\/p>\n\n\n\n<p>Kleine Stacheln an den Bl\u00e4ttern st\u00f6ren die Schildkr\u00f6ten in keiner Weise. Auch im nat\u00fcrlichen Habitat fressen Schildkr\u00f6ten diese ohne Probleme einfach mit. Unser <strong>Tipp<\/strong> ist dennoch, die kleinen Stacheln vor der F\u00fctterung <strong>mit einer Wurzelb\u00fcrste abzureiben<\/strong>, indem man die Bl\u00e4ter einfach kurz abb\u00fcrstet und so die Stacheln ann\u00e4hernd komplett entfernt.<\/p>\n\n\n\n<p><\/p>\n\n\n\n<h3 class=\"wp-block-heading\">Aufbewahrung \/ Lagerung<\/h3>\n\n\n\n<p>Die Bl\u00e4tter der Opuntien halten bei Zimmertemperatur <strong>ca. 2-4 Monate<\/strong>. Wichtiger Hinweis: Eine <strong>k\u00fchle<\/strong> Lagerung <strong>verk\u00fcrzt<\/strong> die Haltbarkeit. Daher ist eine angenehme <strong>Raumtemperatur<\/strong> - gerne bei voller Helligkeit - f\u00fcr die Lagerung der Kaktusbl\u00e4tter anzuraten.<\/p>\n\n\n\n<figure class=\"wp-block-gallery has-nested-images columns-default is-cropped wp-block-gallery-1 is-layout-flex wp-block-gallery-is-layout-flex\">\n<figure class=\"wp-block-image size-full\"><a href=\"https:\/\/www.xn--landschildkrte-6pb.de\/haltung\/?attachment_id=18594\" target=\"_blank\" rel=\"noopener\"><img decoding=\"async\" data-id=\"18651\" src=\"https:\/\/www.xn--landschildkrte-6pb.de\/haltung\/wp-content\/uploads\/2022\/09\/Feigenkaktus-Blaetter.jpg\" alt=\"\" class=\"wp-image-18651\"\/><\/a><figcaption>Feigenkaktus Blatt<\/figcaption><\/figure>\n\n\n\n<figure class=\"wp-block-image size-full\"><a href=\"https:\/\/www.xn--landschildkrte-6pb.de\/haltung\/?attachment_id=18595\" target=\"_blank\" rel=\"noopener\"><img decoding=\"async\" data-id=\"18652\" src=\"https:\/\/www.xn--landschildkrte-6pb.de\/haltung\/wp-content\/uploads\/2022\/09\/Feigenkaktus-fuer-Schildkroeten.jpg\" alt=\"\" class=\"wp-image-18652\"\/><\/a><figcaption>Feigenkaktus f\u00fcr Schildkr\u00f6ten<\/figcaption><\/figure>\n\n\n\n<figure class=\"wp-block-image size-full\"><a href=\"https:\/\/www.xn--landschildkrte-6pb.de\/haltung\/?attachment_id=18597\" target=\"_blank\" rel=\"noopener\"><img decoding=\"async\" data-id=\"18654\" src=\"https:\/\/www.xn--landschildkrte-6pb.de\/haltung\/wp-content\/uploads\/2022\/09\/Opuntie-fuer-Schildkroeten.jpg\" alt=\"\" class=\"wp-image-18654\"\/><\/a><figcaption>Opuntien f\u00fcr Schildkr\u00f6ten<\/figcaption><\/figure>\n\n\n\n<figure class=\"wp-block-image size-full\"><a href=\"https:\/\/www.xn--landschildkrte-6pb.de\/haltung\/?attachment_id=18599\" target=\"_blank\" rel=\"noopener\"><img loading=\"lazy\" decoding=\"async\" width=\"1024\" height=\"903\" data-id=\"18599\" src=\"https:\/\/www.xn--landschildkrte-6pb.de\/haltung\/wp-content\/uploads\/2022\/09\/Opuntien.jpg\" alt=\"\" class=\"wp-image-18599\" srcset=\"https:\/\/www.xn--landschildkrte-6pb.de\/haltung\/wp-content\/uploads\/2022\/09\/Opuntien.jpg 1024w, https:\/\/www.xn--landschildkrte-6pb.de\/haltung\/wp-content\/uploads\/2022\/09\/Opuntien-300x265.jpg 300w, https:\/\/www.xn--landschildkrte-6pb.de\/haltung\/wp-content\/uploads\/2022\/09\/Opuntien-768x677.jpg 768w\" sizes=\"auto, (max-width: 1024px) 100vw, 1024px\" \/><\/a><figcaption>Opuntien Futterbl\u00e4tter<\/figcaption><\/figure>\n\n\n\n<figure class=\"wp-block-image size-large\"><a href=\"https:\/\/www.xn--landschildkrte-6pb.de\/haltung\/?attachment_id=18600\" target=\"_blank\" rel=\"noopener\"><img decoding=\"async\" data-id=\"18656\" src=\"https:\/\/www.xn--landschildkrte-6pb.de\/haltung\/wp-content\/uploads\/2022\/09\/Opuntienblatt-fuer-Landschildkroeten.jpg\" alt=\"\" class=\"wp-image-18656\"\/><\/a><figcaption>Opuntien-Futterblatt f\u00fcr Landschildkr\u00f6ten<\/figcaption><\/figure>\n<figcaption class=\"blocks-gallery-caption\">Stachellose Opuntie als Futter f\u00fcr Schildkr\u00f6ten<\/figcaption><\/figure>\n\n\n\n<h3 class=\"wp-block-heading\">Bestellung Opuntien Bl\u00e4tter in unserem Shop<\/h3>\n\n\n\n<div id=\"product-component-1663751773465\"><\/div>\n<script type=\"text\/javascript\">\n\/*<![CDATA[*\/\n(function () {\n  var scriptURL = 'https:\/\/sdks.shopifycdn.com\/buy-button\/latest\/buy-button-storefront.min.js';\n  if (window.ShopifyBuy) {\n    if (window.ShopifyBuy.UI) {\n      ShopifyBuyInit();\n    } else {\n      loadScript();\n    }\n  } else {\n    loadScript();\n  }\n  function loadScript() {\n    var script = document.createElement('script');\n    script.async = true;\n    script.src = scriptURL;\n    (document.getElementsByTagName('head')[0] || document.getElementsByTagName('body')[0]).appendChild(script);\n    script.onload = ShopifyBuyInit;\n  }\n  function ShopifyBuyInit() {\n    var client = ShopifyBuy.buildClient({\n      domain: 'schildkrotenshop.myshopify.com',\n      storefrontAccessToken: '47479665dc8e402ddefb36f780802909',\n    });\n    ShopifyBuy.UI.onReady(client).then(function (ui) {\n      ui.createComponent('product', {\n        id: '8007470186761',\n        node: document.getElementById('product-component-1663751773465'),\n        moneyFormat: '%E2%82%AC%7B%7Bamount_with_comma_separator%7D%7D',\n        options: {\n  \"product\": {\n    \"styles\": {\n      \"product\": {\n        \"@media (min-width: 601px)\": {\n          \"max-width\": \"calc(25% - 20px)\",\n          \"margin-left\": \"20px\",\n          \"margin-bottom\": \"50px\"\n        }\n      },\n      \"button\": {\n        \":hover\": {\n          \"background-color\": \"#8cad0e\"\n        },\n        \"background-color\": \"#9cc00f\",\n        \":focus\": {\n          \"background-color\": \"#8cad0e\"\n        }\n      }\n    },\n    \"buttonDestination\": \"modal\",\n    \"contents\": {\n      \"options\": false\n    },\n    \"text\": {\n      \"button\": \"Produktdetails\"\n    }\n  },\n  \"productSet\": {\n    \"styles\": {\n      \"products\": {\n        \"@media (min-width: 601px)\": {\n          \"margin-left\": \"-20px\"\n        }\n      }\n    }\n  },\n  \"modalProduct\": {\n    \"contents\": {\n      \"img\": false,\n      \"imgWithCarousel\": true,\n      \"button\": false,\n      \"buttonWithQuantity\": true\n    },\n    \"styles\": {\n      \"product\": {\n        \"@media (min-width: 601px)\": {\n          \"max-width\": \"100%\",\n          \"margin-left\": \"0px\",\n          \"margin-bottom\": \"0px\"\n        }\n      },\n      \"button\": {\n        \":hover\": {\n          \"background-color\": \"#8cad0e\"\n        },\n        \"background-color\": \"#9cc00f\",\n        \":focus\": {\n          \"background-color\": \"#8cad0e\"\n        }\n      }\n    },\n    \"text\": {\n      \"button\": \"Warenkorb\"\n    }\n  },\n  \"option\": {},\n  \"cart\": {\n    \"styles\": {\n      \"button\": {\n        \":hover\": {\n          \"background-color\": \"#8cad0e\"\n        },\n        \"background-color\": \"#9cc00f\",\n        \":focus\": {\n          \"background-color\": \"#8cad0e\"\n        }\n      }\n    },\n    \"text\": {\n      \"title\": \"Warenkorb\",\n      \"total\": \"Preis\",\n      \"empty\": \"Dein Warenkorb ist leer.\",\n      \"notice\": \"Versandkosten werden im n\u00e4chsten Schritt berechnet.\",\n      \"button\": \"Zahlung\",\n      \"noteDescription\": \"Bestellhinweis \/ Anmerkung\"\n    },\n    \"popup\": false\n  },\n  \"toggle\": {\n    \"styles\": {\n      \"toggle\": {\n        \"background-color\": \"#9cc00f\",\n        \":hover\": {\n          \"background-color\": \"#8cad0e\"\n        },\n        \":focus\": {\n          \"background-color\": \"#8cad0e\"\n        }\n      }\n    }\n  }\n},\n      });\n    });\n  }\n})();\n\/*]]>*\/\n<\/script>\n","protected":false},"excerpt":{"rendered":"<p>Nat\u00fcrlichstes Schildkr\u00f6tenfutter Unsere Bl\u00e4tter der Opuntien (also des Feigenkaktus, Ficus indica) sind eine sehr wertvolle Futterpflanze f\u00fcr alle Schildkr\u00f6ten. Der Feigenkaktus ist eine nat\u00fcrliche Futterpflanze, die auch im nat\u00fcrlichen Lebensraum Europ\u00e4ischer Landschildkr\u00f6ten w\u00e4chst, und damit ein sehr nat\u00fcrliches Schildkr\u00f6tenfutter darstellt. Die fast stachellosen Bl\u00e4tter der Kakteen sind in Bioqualit\u00e4t und f\u00fcr Schildkr\u00f6ten und auch f\u00fcr uns Menschen essbar. Ideales Winterfutter&nbsp;<a href=\"https:\/\/www.xn--landschildkrte-6pb.de\/haltung\/opuntie-stachellos-feigenkaktus-blaetter-fuer-schildkroeten-ca-2-kg\/\" class=\"read-more\">Weiter lesen<\/a><\/p>\n","protected":false},"author":1,"featured_media":18594,"parent":0,"menu_order":0,"comment_status":"closed","ping_status":"closed","template":"","meta":{"_exactmetrics_skip_tracking":false,"_exactmetrics_sitenote_active":false,"_exactmetrics_sitenote_note":"","_exactmetrics_sitenote_category":0,"footnotes":""},"class_list":["post-18619","page","type-page","status-publish","has-post-thumbnail","hentry"],"aioseo_notices":[],"publishpress_future_action":{"enabled":false,"date":"2026-04-29 17:16:56","action":"change-status","newStatus":"draft","terms":[],"taxonomy":"","extraData":[]},"publishpress_future_workflow_manual_trigger":{"enabledWorkflows":[]},"_links":{"self":[{"href":"https:\/\/www.xn--landschildkrte-6pb.de\/haltung\/wp-json\/wp\/v2\/pages\/18619","targetHints":{"allow":["GET"]}}],"collection":[{"href":"https:\/\/www.xn--landschildkrte-6pb.de\/haltung\/wp-json\/wp\/v2\/pages"}],"about":[{"href":"https:\/\/www.xn--landschildkrte-6pb.de\/haltung\/wp-json\/wp\/v2\/types\/page"}],"author":[{"embeddable":true,"href":"https:\/\/www.xn--landschildkrte-6pb.de\/haltung\/wp-json\/wp\/v2\/users\/1"}],"replies":[{"embeddable":true,"href":"https:\/\/www.xn--landschildkrte-6pb.de\/haltung\/wp-json\/wp\/v2\/comments?post=18619"}],"version-history":[{"count":5,"href":"https:\/\/www.xn--landschildkrte-6pb.de\/haltung\/wp-json\/wp\/v2\/pages\/18619\/revisions"}],"predecessor-version":[{"id":18625,"href":"https:\/\/www.xn--landschildkrte-6pb.de\/haltung\/wp-json\/wp\/v2\/pages\/18619\/revisions\/18625"}],"wp:featuredmedia":[{"embeddable":true,"href":"https:\/\/www.xn--landschildkrte-6pb.de\/haltung\/wp-json\/wp\/v2\/media\/18594"}],"wp:attachment":[{"href":"https:\/\/www.xn--landschildkrte-6pb.de\/haltung\/wp-json\/wp\/v2\/media?parent=18619"}],"curies":[{"name":"wp","href":"https:\/\/api.w.org\/{rel}","templated":true}]}}