{"id":19191,"date":"2023-02-01T13:17:57","date_gmt":"2023-02-01T13:17:57","guid":{"rendered":"https:\/\/www.landschildkroeten.de\/haltung\/?page_id=19191"},"modified":"2023-02-16T10:04:57","modified_gmt":"2023-02-16T10:04:57","slug":"automatischer-spezial-fensterheber-fuer-schildkroetenhaeuser-fruehbeete-mit-rolle","status":"publish","type":"page","link":"https:\/\/www.xn--landschildkrte-6pb.de\/haltung\/automatischer-spezial-fensterheber-fuer-schildkroetenhaeuser-fruehbeete-mit-rolle\/","title":{"rendered":"Automatischer Spezial-Fensterheber f\u00fcr Schildkr\u00f6tenh\u00e4user \/ Fr\u00fchbeete mit Rolle"},"content":{"rendered":"<div class=\"extra-wrap block_7\">Dieser Spezial-Fensterheber f\u00fcr Schildkr\u00f6tenh\u00e4user ist eine Spezialentwicklung f\u00fcr alle <a href=\"https:\/\/xn--schildkrten-yfb.de\/collections\/landschildkroeten-fruehbeete\" target=\"_blank\" rel=\"noopener\">Soli Animalis Fr\u00fchbeete<\/a>. Die Schildkr\u00f6tenh\u00e4user \"animalia\" und \"casa\" m\u00fcssen im Sommer unbedingt mit einem\u00a0 automatischen Fensterheber ausgestattet sein, damit die Fr\u00fchbeete nicht \u00fcberhitzen.<\/p>\n<p><\/p>\n<p> <\/p>\n<figure class=\"wp-block-image size-large\"><a href=\"https:\/\/www.xn--landschildkrte-6pb.de\/haltung\/wp-content\/uploads\/2023\/02\/Spezial-Fensterheber-mit-Rolle-fuer-Schildkroetenhaeuser-Schildkroeten-Sondertemperatur.jpg\"><img loading=\"lazy\" decoding=\"async\" width=\"1024\" height=\"576\" class=\"wp-image-19280\" src=\"https:\/\/www.xn--landschildkrte-6pb.de\/haltung\/wp-content\/uploads\/2023\/02\/Spezial-Fensterheber-mit-Rolle-fuer-Schildkroetenhaeuser-Schildkroeten-Sondertemperatur-1024x576.jpg\" alt=\"\" srcset=\"https:\/\/www.xn--landschildkrte-6pb.de\/haltung\/wp-content\/uploads\/2023\/02\/Spezial-Fensterheber-mit-Rolle-fuer-Schildkroetenhaeuser-Schildkroeten-Sondertemperatur-1024x576.jpg 1024w, https:\/\/www.xn--landschildkrte-6pb.de\/haltung\/wp-content\/uploads\/2023\/02\/Spezial-Fensterheber-mit-Rolle-fuer-Schildkroetenhaeuser-Schildkroeten-Sondertemperatur-300x169.jpg 300w, https:\/\/www.xn--landschildkrte-6pb.de\/haltung\/wp-content\/uploads\/2023\/02\/Spezial-Fensterheber-mit-Rolle-fuer-Schildkroetenhaeuser-Schildkroeten-Sondertemperatur-768x432.jpg 768w, https:\/\/www.xn--landschildkrte-6pb.de\/haltung\/wp-content\/uploads\/2023\/02\/Spezial-Fensterheber-mit-Rolle-fuer-Schildkroetenhaeuser-Schildkroeten-Sondertemperatur.jpg 1280w\" sizes=\"auto, (max-width: 1024px) 100vw, 1024px\" \/><\/a>\n<figcaption class=\"wp-element-caption\">Spezial-Fensterheber mit Rolle f\u00fcr Schildkr\u00f6tenh\u00e4user - Schildkr\u00f6ten Sondertemperatur 27 - 41 Grad<\/figcaption>\n<\/figure>\n<p><\/p>\n<div id=\"attachment_19193\" style=\"width: 982px\" class=\"wp-caption alignnone\"><a href=\"https:\/\/www.xn--landschildkrte-6pb.de\/haltung\/?attachment_id=19193\"><img loading=\"lazy\" decoding=\"async\" aria-describedby=\"caption-attachment-19193\" class=\"wp-image-19193 size-full\" src=\"https:\/\/www.xn--landschildkrte-6pb.de\/haltung\/wp-content\/uploads\/2023\/02\/Fensterheber-fuer-Schildkroeten-schwarz-mit-Rolle.jpg\" alt=\"\" width=\"972\" height=\"934\" srcset=\"https:\/\/www.xn--landschildkrte-6pb.de\/haltung\/wp-content\/uploads\/2023\/02\/Fensterheber-fuer-Schildkroeten-schwarz-mit-Rolle.jpg 972w, https:\/\/www.xn--landschildkrte-6pb.de\/haltung\/wp-content\/uploads\/2023\/02\/Fensterheber-fuer-Schildkroeten-schwarz-mit-Rolle-300x288.jpg 300w, https:\/\/www.xn--landschildkrte-6pb.de\/haltung\/wp-content\/uploads\/2023\/02\/Fensterheber-fuer-Schildkroeten-schwarz-mit-Rolle-768x738.jpg 768w\" sizes=\"auto, (max-width: 972px) 100vw, 972px\" \/><\/a><p id=\"caption-attachment-19193\" class=\"wp-caption-text\">Fensterheber f\u00fcr Schildkr\u00f6ten schwarz mit Rolle<\/p><\/div>\n<h3>Deckelheber f\u00fcr Schildkr\u00f6tenhaus<\/h3>\n<p>Deckelheber f\u00fcr Fr\u00fchbeete ist mit einer Rolle ausgestattet, wodurch er nicht am Deckel angeschraubt werden muss. Er ist justierbar von 27 bis zu 41\u00b0C und f\u00fcr Schildkr\u00f6tenh\u00e4user im Freiland geeignet.<br \/>Standard-Fensterheber \u00f6ffnen meist zu fr\u00fch, weshalb dieser Zylinder erst bei einer Sondertemperatur speziell f\u00fcr Schildkr\u00f6ten sp\u00e4t \u00f6ffnet und sp\u00e4t wieder schlie\u00dft. Er hat eine \u00d6ffnungskraft von 7 kg und eine \u00d6ffnungsweite von 45 cm.<\/p>\n<div id=\"attachment_19194\" style=\"width: 982px\" class=\"wp-caption alignnone\"><a href=\"https:\/\/www.xn--landschildkrte-6pb.de\/haltung\/?attachment_id=19194\"><img loading=\"lazy\" decoding=\"async\" aria-describedby=\"caption-attachment-19194\" class=\"wp-image-19194 size-full\" src=\"https:\/\/www.xn--landschildkrte-6pb.de\/haltung\/wp-content\/uploads\/2023\/02\/Deckelheber-fuer-Fruehbeet-schwarz-mit-Rolle.jpg\" alt=\"\" width=\"972\" height=\"934\" srcset=\"https:\/\/www.xn--landschildkrte-6pb.de\/haltung\/wp-content\/uploads\/2023\/02\/Deckelheber-fuer-Fruehbeet-schwarz-mit-Rolle.jpg 972w, https:\/\/www.xn--landschildkrte-6pb.de\/haltung\/wp-content\/uploads\/2023\/02\/Deckelheber-fuer-Fruehbeet-schwarz-mit-Rolle-300x288.jpg 300w, https:\/\/www.xn--landschildkrte-6pb.de\/haltung\/wp-content\/uploads\/2023\/02\/Deckelheber-fuer-Fruehbeet-schwarz-mit-Rolle-768x738.jpg 768w\" sizes=\"auto, (max-width: 972px) 100vw, 972px\" \/><\/a><p id=\"caption-attachment-19194\" class=\"wp-caption-text\">Deckelheber f\u00fcr Fr\u00fchbeet schwarz mit Rolle<\/p><\/div>\n<h3>Spezial-Fensterheber f\u00fcr Schildkr\u00f6tenh\u00e4user<\/h3>\n<p>Der Fensterheber reagiert erst ab 27\u00b0 Grad \u00fcber ein Gas-Wachs-Gemisch im Zylinder. Schildkr\u00f6ten lieben warme Temperaturen. Insbesondere Landschildkr\u00f6ten sind echte Sonnenanbeter. Besonders in den fr\u00fchen Morgenstunden nehmen sie gerne ausgiebige Sonnenb\u00e4der, um Vitamin D3 zu synthetisieren und den Stoffwechsel auf die erforderliche Vorzugstemperatur zu bringen. Die Vorzugstemperatur liegt im Bereich zwischen 28\u00b0C und 35\u00b0C. Unser Spezial-Fensterheber \u00f6ffnet somit im idealen Bereich.<\/p>\n<div id=\"attachment_19195\" style=\"width: 982px\" class=\"wp-caption alignnone\"><a href=\"https:\/\/www.xn--landschildkrte-6pb.de\/haltung\/automatischer-spezial-fensterheber-fuer-schildkroetenhaeuser-fruehbeete-mit-rolle\/attachment\/spezial-fensterheber-fuer-schildkroetenhaeuser\/\" rel=\"attachment wp-att-19195\"><img loading=\"lazy\" decoding=\"async\" aria-describedby=\"caption-attachment-19195\" class=\"size-full wp-image-19195\" src=\"https:\/\/www.xn--landschildkrte-6pb.de\/haltung\/wp-content\/uploads\/2023\/02\/Spezial-Fensterheber-fuer-Schildkroetenhaeuser.jpg\" alt=\"\" width=\"972\" height=\"934\" srcset=\"https:\/\/www.xn--landschildkrte-6pb.de\/haltung\/wp-content\/uploads\/2023\/02\/Spezial-Fensterheber-fuer-Schildkroetenhaeuser.jpg 972w, https:\/\/www.xn--landschildkrte-6pb.de\/haltung\/wp-content\/uploads\/2023\/02\/Spezial-Fensterheber-fuer-Schildkroetenhaeuser-300x288.jpg 300w, https:\/\/www.xn--landschildkrte-6pb.de\/haltung\/wp-content\/uploads\/2023\/02\/Spezial-Fensterheber-fuer-Schildkroetenhaeuser-768x738.jpg 768w\" sizes=\"auto, (max-width: 972px) 100vw, 972px\" \/><\/a><p id=\"caption-attachment-19195\" class=\"wp-caption-text\">Spezial-Fensterheber f\u00fcr Schildkr\u00f6tenh\u00e4user<\/p><\/div>\n<a href=\"https:\/\/xn--schildkrten-yfb.de\/products\/automatischer-oeffner-schildkroeten-fruehbeete-rollenausfuehrung?variant=44052018594057\" title=\"Fensterheber kaufen\" class=\"btn btn-primary btn-normal btn-inline \" target=\"_blank\"><i class=\"icon-shopping-cart\"><\/i>Fensterheber kaufen<\/a><!-- .btn --><\/div>\n\n\n<h3 class=\"wp-block-heading\">Spezial-Fensterheber f\u00fcr Schildkr\u00f6ten-Fr\u00fchbeet mit Rolle<\/h3>\n\n\n\n<p>Dieser automatische Fenster\u00f6ffner wurde speziell f\u00fcr <a href=\"https:\/\/xn--schildkrten-yfb.de\/collections\/landschildkroeten-fruehbeete\" target=\"_blank\" rel=\"noopener\" title=\"\">Soli Animalis Fr\u00fchbeete<\/a> entwickelt und funktioniert ohne Strom. Mit seinen Rollen f\u00e4hrt er am Deckel entlang und \u00f6ffnet diesen. Wenn die Temperatur wieder unter 37\u00b0C Grad sinkt, zieht das Gas-Wachs-Gemisch im Spezialzylinder den Kolben wieder ein und der Deckel schlie\u00dft sich langsam. <\/p>\n\n\n\n<p>Die Rollen sind gummiert und hinterlassen keine Spuren am Deckel des Fr\u00fchbeets. Zugleich kann man den Deckel ganz einfach per Hand jederzeit \u00f6ffnen, da dieser nicht festgeschraubt ist, wie ann\u00e4hernd alle anderen \u00d6ffner auf dem Markt. Der Fenster\u00f6ffner muss lediglich vorne innen am Rahmen des Fr\u00fchbeets mit zwei bereits im Fr\u00fchbeet vorhandenen Schrauben angeschraubt werden.<\/p>\n\n\n\n<figure class=\"wp-block-image size-full\"><a href=\"https:\/\/www.xn--landschildkrte-6pb.de\/haltung\/?attachment_id=19196\"><img loading=\"lazy\" decoding=\"async\" width=\"972\" height=\"934\" src=\"https:\/\/www.xn--landschildkrte-6pb.de\/haltung\/wp-content\/uploads\/2023\/02\/Spezial-Fensterheber-fuer-Schildkroeten-Fruehbeet-mit-Rolle.jpg\" alt=\"Spezial-Fensterheber f\u00fcr Schildkr\u00f6ten-Fr\u00fchbeet mit Rolle\" class=\"wp-image-19196\" srcset=\"https:\/\/www.xn--landschildkrte-6pb.de\/haltung\/wp-content\/uploads\/2023\/02\/Spezial-Fensterheber-fuer-Schildkroeten-Fruehbeet-mit-Rolle.jpg 972w, https:\/\/www.xn--landschildkrte-6pb.de\/haltung\/wp-content\/uploads\/2023\/02\/Spezial-Fensterheber-fuer-Schildkroeten-Fruehbeet-mit-Rolle-300x288.jpg 300w, https:\/\/www.xn--landschildkrte-6pb.de\/haltung\/wp-content\/uploads\/2023\/02\/Spezial-Fensterheber-fuer-Schildkroeten-Fruehbeet-mit-Rolle-768x738.jpg 768w\" sizes=\"auto, (max-width: 972px) 100vw, 972px\" \/><\/a><figcaption class=\"wp-element-caption\">Spezial-Fensterheber f\u00fcr Schildkr\u00f6ten-Fr\u00fchbeet mit Rolle<\/figcaption><\/figure>\n\n\n\n<a href=\"https:\/\/xn--schildkrten-yfb.de\/products\/automatischer-oeffner-schildkroeten-fruehbeete-rollenausfuehrung\" title=\"Mehr Infos zum Fenster\u00f6ffner\" class=\"btn btn-primary btn-normal btn-inline \" target=\"_blank\"><i class=\"icon-shopping-cart\"><\/i>Mehr Infos zum Fenster\u00f6ffner<\/a><!-- .btn -->\n\n\n\n<p><\/p>\n\n\n\n<div id=\"product-component-1675257464430\"><\/div>\n<script type=\"text\/javascript\">\n\/*<![CDATA[*\/\n(function () {\n  var scriptURL = 'https:\/\/sdks.shopifycdn.com\/buy-button\/latest\/buy-button-storefront.min.js';\n  if (window.ShopifyBuy) {\n    if (window.ShopifyBuy.UI) {\n      ShopifyBuyInit();\n    } else {\n      loadScript();\n    }\n  } else {\n    loadScript();\n  }\n  function loadScript() {\n    var script = document.createElement('script');\n    script.async = true;\n    script.src = scriptURL;\n    (document.getElementsByTagName('head')[0] || document.getElementsByTagName('body')[0]).appendChild(script);\n    script.onload = ShopifyBuyInit;\n  }\n  function ShopifyBuyInit() {\n    var client = ShopifyBuy.buildClient({\n      domain: 'schildkrotenshop.myshopify.com',\n      storefrontAccessToken: '47479665dc8e402ddefb36f780802909',\n    });\n    ShopifyBuy.UI.onReady(client).then(function (ui) {\n      ui.createComponent('product', {\n        id: '7594493575419',\n        node: document.getElementById('product-component-1675257464430'),\n        moneyFormat: '%E2%82%AC%7B%7Bamount_with_comma_separator%7D%7D',\n        options: {\n  \"product\": {\n    \"styles\": {\n      \"product\": {\n        \"@media (min-width: 601px)\": {\n          \"max-width\": \"calc(25% - 20px)\",\n          \"margin-left\": \"20px\",\n          \"margin-bottom\": \"50px\"\n        }\n      },\n      \"button\": {\n        \":hover\": {\n          \"background-color\": \"#8cad0e\"\n        },\n        \"background-color\": \"#9cc00f\",\n        \":focus\": {\n          \"background-color\": \"#8cad0e\"\n        }\n      }\n    },\n    \"buttonDestination\": \"modal\",\n    \"contents\": {\n      \"options\": false\n    },\n    \"text\": {\n      \"button\": \"Produktdetails\"\n    }\n  },\n  \"productSet\": {\n    \"styles\": {\n      \"products\": {\n        \"@media (min-width: 601px)\": {\n          \"margin-left\": \"-20px\"\n        }\n      }\n    }\n  },\n  \"modalProduct\": {\n    \"contents\": {\n      \"img\": false,\n      \"imgWithCarousel\": true,\n      \"button\": false,\n      \"buttonWithQuantity\": true\n    },\n    \"styles\": {\n      \"product\": {\n        \"@media (min-width: 601px)\": {\n          \"max-width\": \"100%\",\n          \"margin-left\": \"0px\",\n          \"margin-bottom\": \"0px\"\n        }\n      },\n      \"button\": {\n        \":hover\": {\n          \"background-color\": \"#8cad0e\"\n        },\n        \"background-color\": \"#9cc00f\",\n        \":focus\": {\n          \"background-color\": \"#8cad0e\"\n        }\n      }\n    },\n    \"text\": {\n      \"button\": \"Warenkorb\"\n    }\n  },\n  \"option\": {},\n  \"cart\": {\n    \"styles\": {\n      \"button\": {\n        \":hover\": {\n          \"background-color\": \"#8cad0e\"\n        },\n        \"background-color\": \"#9cc00f\",\n        \":focus\": {\n          \"background-color\": \"#8cad0e\"\n        }\n      }\n    },\n    \"text\": {\n      \"title\": \"Warenkorb\",\n      \"total\": \"Preis\",\n      \"empty\": \"Dein Warenkorb ist leer.\",\n      \"notice\": \"Versandkosten werden im n\u00e4chsten Schritt berechnet.\",\n      \"button\": \"Zahlung\",\n      \"noteDescription\": \"Bestellhinweis \/ Anmerkung\"\n    },\n    \"popup\": false\n  },\n  \"toggle\": {\n    \"styles\": {\n      \"toggle\": {\n        \"background-color\": \"#9cc00f\",\n        \":hover\": {\n          \"background-color\": \"#8cad0e\"\n        },\n        \":focus\": {\n          \"background-color\": \"#8cad0e\"\n        }\n      }\n    }\n  }\n},\n      });\n    });\n  }\n})();\n\/*]]>*\/\n<\/script>\n","protected":false},"excerpt":{"rendered":"<p>Spezial-Fensterheber f\u00fcr Schildkr\u00f6ten-Fr\u00fchbeet mit Rolle Dieser automatische Fenster\u00f6ffner wurde speziell f\u00fcr Soli Animalis Fr\u00fchbeete entwickelt und funktioniert ohne Strom. Mit seinen Rollen f\u00e4hrt er am Deckel entlang und \u00f6ffnet diesen. Wenn die Temperatur wieder unter 37\u00b0C Grad sinkt, zieht das Gas-Wachs-Gemisch im Spezialzylinder den Kolben wieder ein und der Deckel schlie\u00dft sich langsam. Die Rollen sind gummiert und hinterlassen keine&nbsp;<a href=\"https:\/\/www.xn--landschildkrte-6pb.de\/haltung\/automatischer-spezial-fensterheber-fuer-schildkroetenhaeuser-fruehbeete-mit-rolle\/\" class=\"read-more\">Weiter lesen<\/a><\/p>\n","protected":false},"author":1,"featured_media":19193,"parent":0,"menu_order":0,"comment_status":"closed","ping_status":"closed","template":"","meta":{"_exactmetrics_skip_tracking":false,"_exactmetrics_sitenote_active":false,"_exactmetrics_sitenote_note":"","_exactmetrics_sitenote_category":0,"footnotes":""},"class_list":["post-19191","page","type-page","status-publish","has-post-thumbnail","hentry"],"aioseo_notices":[],"publishpress_future_action":{"enabled":false,"date":"2026-05-03 09:43:13","action":"change-status","newStatus":"draft","terms":[],"taxonomy":"","extraData":[]},"publishpress_future_workflow_manual_trigger":{"enabledWorkflows":[]},"_links":{"self":[{"href":"https:\/\/www.xn--landschildkrte-6pb.de\/haltung\/wp-json\/wp\/v2\/pages\/19191","targetHints":{"allow":["GET"]}}],"collection":[{"href":"https:\/\/www.xn--landschildkrte-6pb.de\/haltung\/wp-json\/wp\/v2\/pages"}],"about":[{"href":"https:\/\/www.xn--landschildkrte-6pb.de\/haltung\/wp-json\/wp\/v2\/types\/page"}],"author":[{"embeddable":true,"href":"https:\/\/www.xn--landschildkrte-6pb.de\/haltung\/wp-json\/wp\/v2\/users\/1"}],"replies":[{"embeddable":true,"href":"https:\/\/www.xn--landschildkrte-6pb.de\/haltung\/wp-json\/wp\/v2\/comments?post=19191"}],"version-history":[{"count":4,"href":"https:\/\/www.xn--landschildkrte-6pb.de\/haltung\/wp-json\/wp\/v2\/pages\/19191\/revisions"}],"predecessor-version":[{"id":19282,"href":"https:\/\/www.xn--landschildkrte-6pb.de\/haltung\/wp-json\/wp\/v2\/pages\/19191\/revisions\/19282"}],"wp:featuredmedia":[{"embeddable":true,"href":"https:\/\/www.xn--landschildkrte-6pb.de\/haltung\/wp-json\/wp\/v2\/media\/19193"}],"wp:attachment":[{"href":"https:\/\/www.xn--landschildkrte-6pb.de\/haltung\/wp-json\/wp\/v2\/media?parent=19191"}],"curies":[{"name":"wp","href":"https:\/\/api.w.org\/{rel}","templated":true}]}}