{"id":21509,"date":"2025-03-01T12:13:57","date_gmt":"2025-03-01T12:13:57","guid":{"rendered":"https:\/\/www.xn--landschildkrte-6pb.de\/haltung\/?page_id=21509"},"modified":"2025-12-31T10:27:56","modified_gmt":"2025-12-31T10:27:56","slug":"schildkroeten-foto-des-jahres-2026","status":"publish","type":"page","link":"https:\/\/www.xn--landschildkrte-6pb.de\/haltung\/schildkroeten-foto-des-jahres-2026\/","title":{"rendered":"Schildkr\u00f6ten-Foto des Jahres 2026"},"content":{"rendered":"<p>Bei unserem beliebten Fotowettbewerb kannst du ein Lieblingsbild deiner Schildkr\u00f6te hochladen und einen Gutschein gewinnen.<\/p>\n<div data-pollunit-src=\"https:\/\/pollunit.com\/polls\/schildkroeten-2026\"\n         data-pollunit-height=\"700\"\n         data-pollunit-options=\"autoresize\"><\/div>\n<p><script src=\"https:\/\/pollunit.com\/embed\/v2.1\/parent_code.js\"\n              integrity=\"sha384-6II6rmwjJBTtYXvc8Cp7CNK\/1EEbdzNNwHHmbKeEJgO\/mLDydfVVAWxx108HCuZd\"\n              crossorigin=\"anonymous\">\n<\/script><br \/>\n* Pro Einkauf ein Gutschein einl\u00f6sbar. Nicht in bar auszahlbar. Alle Gutscheine gelten ausschlie\u00dflich f\u00fcr einen Einkauf bei <a href=\"https:\/\/xn--schildkrten-yfb.de\/\" target=\"_blank\" rel=\"noopener\">Schildkr\u00f6ten.de<\/a><\/p>\n<p>Um f\u00fcr ein Bild zu voten, \u00f6ffne bitte die Seite <a href=\"https:\/\/pollunit.com\/polls\/schildkroeten-2026\" target=\"_blank\" rel=\"noopener\">https:\/\/pollunit.com\/polls\/schildkroeten-2026<\/a> und klicke auf das wei\u00dfe Herz unter dem Foto. Hier nur noch einen Gastnamen angeben und auf den Button \"Als Gast fortfahren\" anklicken. Deine Stimme wurde nun gez\u00e4hlt.<\/p>\n<p>Ich bitte um Verst\u00e4ndnis, dass bereits eine Vorauswahl getroffen wird, da wir nicht alle der zahlreich eingesendeten Bilder f\u00fcr den Contest freischalten k\u00f6nnen. Insbesondere Bilder, die Schildkr\u00f6ten in nicht artgerechter Umgebung zeigen, lehnen wir ab. Je Teilnehmer\/Haushalt kann nur ein Foto gewinnen: Hat ein Haushalt mehrere Fotos in den Top 5, z\u00e4hlt das besser platzierte.<\/p>\n","protected":false},"excerpt":{"rendered":"<p>Bei unserem beliebten Fotowettbewerb kannst du ein Lieblingsbild deiner Schildkr\u00f6te hochladen und einen Gutschein gewinnen. * Pro Einkauf ein Gutschein einl\u00f6sbar. Nicht in bar auszahlbar. Alle Gutscheine gelten ausschlie\u00dflich f\u00fcr einen Einkauf bei Schildkr\u00f6ten.de Um f\u00fcr ein Bild zu voten, \u00f6ffne bitte die Seite https:\/\/pollunit.com\/polls\/schildkroeten-2026 und klicke auf das wei\u00dfe Herz unter dem Foto. Hier nur noch einen Gastnamen angeben&nbsp;<a href=\"https:\/\/www.xn--landschildkrte-6pb.de\/haltung\/schildkroeten-foto-des-jahres-2026\/\" class=\"read-more\">Weiter lesen<\/a><\/p>\n","protected":false},"author":1,"featured_media":0,"parent":0,"menu_order":0,"comment_status":"closed","ping_status":"closed","template":"","meta":{"_exactmetrics_skip_tracking":false,"_exactmetrics_sitenote_active":false,"_exactmetrics_sitenote_note":"","_exactmetrics_sitenote_category":0,"footnotes":""},"class_list":["post-21509","page","type-page","status-publish","hentry"],"aioseo_notices":[],"publishpress_future_action":{"enabled":false,"date":"2026-04-18 08:45:50","action":"change-status","newStatus":"draft","terms":[],"taxonomy":"","extraData":[]},"publishpress_future_workflow_manual_trigger":{"enabledWorkflows":[]},"_links":{"self":[{"href":"https:\/\/www.xn--landschildkrte-6pb.de\/haltung\/wp-json\/wp\/v2\/pages\/21509","targetHints":{"allow":["GET"]}}],"collection":[{"href":"https:\/\/www.xn--landschildkrte-6pb.de\/haltung\/wp-json\/wp\/v2\/pages"}],"about":[{"href":"https:\/\/www.xn--landschildkrte-6pb.de\/haltung\/wp-json\/wp\/v2\/types\/page"}],"author":[{"embeddable":true,"href":"https:\/\/www.xn--landschildkrte-6pb.de\/haltung\/wp-json\/wp\/v2\/users\/1"}],"replies":[{"embeddable":true,"href":"https:\/\/www.xn--landschildkrte-6pb.de\/haltung\/wp-json\/wp\/v2\/comments?post=21509"}],"version-history":[{"count":19,"href":"https:\/\/www.xn--landschildkrte-6pb.de\/haltung\/wp-json\/wp\/v2\/pages\/21509\/revisions"}],"predecessor-version":[{"id":21575,"href":"https:\/\/www.xn--landschildkrte-6pb.de\/haltung\/wp-json\/wp\/v2\/pages\/21509\/revisions\/21575"}],"wp:attachment":[{"href":"https:\/\/www.xn--landschildkrte-6pb.de\/haltung\/wp-json\/wp\/v2\/media?parent=21509"}],"curies":[{"name":"wp","href":"https:\/\/api.w.org\/{rel}","templated":true}]}}