{"id":21528,"date":"2025-03-09T03:15:11","date_gmt":"2025-03-09T03:15:11","guid":{"rendered":"https:\/\/www.xn--landschildkrte-6pb.de\/haltung\/?page_id=21528"},"modified":"2025-03-09T03:19:17","modified_gmt":"2025-03-09T03:19:17","slug":"fruehbeet-set-sparpakete","status":"publish","type":"page","link":"https:\/\/www.xn--landschildkrte-6pb.de\/haltung\/fruehbeet-set-sparpakete\/","title":{"rendered":"Fr\u00fchbeet-Set Sparpakete"},"content":{"rendered":"\n<div class=\"extra-wrap block_7\">\n\n\n\n<p>\u00dcberfordert mit der Vielzahl an Angeboten f\u00fcr deine Schildkr\u00f6ten? Dann sieht dir unsere neuen Fr\u00fchbeet Sparpakete an. Die beliebtesten Fr\u00fchbeete f\u00fcr Europ\u00e4ische Landschildkr\u00f6ten, kombiniert mit der optimalen Technik. Die Komplettsets wurden durch erfahrene Schildkr\u00f6tenhalter zusammengestellt, beinhalten alles was wichtig ist und man spart gleichzeitig Geld im Vergleich zum Einzelkauf.<\/p>\n\n\n\n<figure class=\"wp-block-image size-full\"><a href=\"https:\/\/www.xn--landschildkrte-6pb.de\/haltung\/wp-content\/uploads\/2025\/03\/Fruehbeet-Set-Sparpakete.png\"><img loading=\"lazy\" decoding=\"async\" width=\"930\" height=\"523\" src=\"https:\/\/www.xn--landschildkrte-6pb.de\/haltung\/wp-content\/uploads\/2025\/03\/Fruehbeet-Set-Sparpakete.png\" alt=\"\" class=\"wp-image-21530\" srcset=\"https:\/\/www.xn--landschildkrte-6pb.de\/haltung\/wp-content\/uploads\/2025\/03\/Fruehbeet-Set-Sparpakete.png 930w, https:\/\/www.xn--landschildkrte-6pb.de\/haltung\/wp-content\/uploads\/2025\/03\/Fruehbeet-Set-Sparpakete-300x169.png 300w, https:\/\/www.xn--landschildkrte-6pb.de\/haltung\/wp-content\/uploads\/2025\/03\/Fruehbeet-Set-Sparpakete-768x432.png 768w\" sizes=\"auto, (max-width: 930px) 100vw, 930px\" \/><\/a><\/figure>\n\n\n\n<a href=\"https:\/\/xn--schildkrten-yfb.de\/collections\/fruehbeet-sparpakete-sets\" title=\"Alle Sparpakete in unserem Shop ansehen\" class=\"btn btn-primary btn-normal btn-inline \" target=\"_blank\"><i class=\"icon-shopping-cart\"><\/i>Alle Sparpakete in unserem Shop ansehen<\/a><!-- .btn --><div class=\"hr\"><\/div><!-- .hr (end) -->\n\n\n\n<h2 class=\"wp-block-heading\">Die beliebtesten Fr\u00fchbeete in Kombination mit der idealen Fr\u00fchbeet-Technik<\/h2>\n\n\n\n<p>Unsere Fr\u00fchbeet-Sparpakete vereinen die beliebtesten Fr\u00fchbeete mit der am h\u00e4ufigsten dazu gekauften Fr\u00fchbeet-Technik. Diese Sets sind optimal auf die Bed\u00fcrfnisse von mediterranen Landschildkr\u00f6ten abgestimmt. Das Fr\u00fchbeet-Set \"ALLTOP Fr\u00fchbeet-Set - 103x103 cm\" beinhaltet beispielsweise das beliebte Soli Animalis Fr\u00fchbeet animalia 103 x 103 cm in der Ausf\u00fchrung ALLTOP komplett, inklusive Unterbau aus 16 mm Hohlkammerplatten opal\/wei\u00dflich. Dazu die von uns empfohlene Technik f\u00fcr die Halter von Griechischen Landschildkr\u00f6ten.<\/p>\n\n\n\n<p>Die identische Ausf\u00fchrung gibt es auch noch mit einem \"<strong>Schutz vor Fressfeinden, 40 cm<\/strong>\". Eine weitere Variante f\u00fcgt dem Set dann noch eine H\u00fchnerklappe hinzu, die den Eingang des Fr\u00fchbeets vollautomatisch \u00f6ffnet und schlie\u00dft. Das Ganze kann man in einem weiteren Komplettpaket noch mit einem Freilauf f\u00fcr Jungtiere kombinieren.<\/p>\n\n\n\n<h2 class=\"wp-block-heading\">Bildergalerie unserer Fr\u00fchbeet komplett Sparpakete<\/h2>\n\n\n\n<figure class=\"wp-block-gallery has-nested-images columns-default is-cropped wp-block-gallery-1 is-layout-flex wp-block-gallery-is-layout-flex\">\n<figure class=\"wp-block-image size-large\"><a href=\"https:\/\/www.xn--landschildkrte-6pb.de\/haltung\/wp-content\/uploads\/2025\/03\/ALLTOP-Fruehbeet-Set-103x103-cm.jpg\"><img loading=\"lazy\" decoding=\"async\" width=\"1024\" height=\"1024\" data-id=\"21536\" src=\"https:\/\/www.xn--landschildkrte-6pb.de\/haltung\/wp-content\/uploads\/2025\/03\/ALLTOP-Fruehbeet-Set-103x103-cm-1024x1024.jpg\" alt=\"\" class=\"wp-image-21536\" srcset=\"https:\/\/www.xn--landschildkrte-6pb.de\/haltung\/wp-content\/uploads\/2025\/03\/ALLTOP-Fruehbeet-Set-103x103-cm-1024x1024.jpg 1024w, https:\/\/www.xn--landschildkrte-6pb.de\/haltung\/wp-content\/uploads\/2025\/03\/ALLTOP-Fruehbeet-Set-103x103-cm-300x300.jpg 300w, https:\/\/www.xn--landschildkrte-6pb.de\/haltung\/wp-content\/uploads\/2025\/03\/ALLTOP-Fruehbeet-Set-103x103-cm-150x150.jpg 150w, https:\/\/www.xn--landschildkrte-6pb.de\/haltung\/wp-content\/uploads\/2025\/03\/ALLTOP-Fruehbeet-Set-103x103-cm-768x768.jpg 768w, https:\/\/www.xn--landschildkrte-6pb.de\/haltung\/wp-content\/uploads\/2025\/03\/ALLTOP-Fruehbeet-Set-103x103-cm.jpg 1200w\" sizes=\"auto, (max-width: 1024px) 100vw, 1024px\" \/><\/a><figcaption class=\"wp-element-caption\">ALLTOP Fr\u00fchbeet-Set - 103x103 cm<\/figcaption><\/figure>\n\n\n\n<figure class=\"wp-block-image size-large\"><a href=\"https:\/\/www.xn--landschildkrte-6pb.de\/haltung\/wp-content\/uploads\/2025\/03\/ALLTOP-Fruehbeet-Set-mit-automatischem-Tueroeffner-und-Schutz-vor-Fressfeinden.jpeg\"><img loading=\"lazy\" decoding=\"async\" width=\"1024\" height=\"1024\" data-id=\"21533\" src=\"https:\/\/www.xn--landschildkrte-6pb.de\/haltung\/wp-content\/uploads\/2025\/03\/ALLTOP-Fruehbeet-Set-mit-automatischem-Tueroeffner-und-Schutz-vor-Fressfeinden-1024x1024.jpeg\" alt=\"\" class=\"wp-image-21533\" srcset=\"https:\/\/www.xn--landschildkrte-6pb.de\/haltung\/wp-content\/uploads\/2025\/03\/ALLTOP-Fruehbeet-Set-mit-automatischem-Tueroeffner-und-Schutz-vor-Fressfeinden-1024x1024.jpeg 1024w, https:\/\/www.xn--landschildkrte-6pb.de\/haltung\/wp-content\/uploads\/2025\/03\/ALLTOP-Fruehbeet-Set-mit-automatischem-Tueroeffner-und-Schutz-vor-Fressfeinden-300x300.jpeg 300w, https:\/\/www.xn--landschildkrte-6pb.de\/haltung\/wp-content\/uploads\/2025\/03\/ALLTOP-Fruehbeet-Set-mit-automatischem-Tueroeffner-und-Schutz-vor-Fressfeinden-150x150.jpeg 150w, https:\/\/www.xn--landschildkrte-6pb.de\/haltung\/wp-content\/uploads\/2025\/03\/ALLTOP-Fruehbeet-Set-mit-automatischem-Tueroeffner-und-Schutz-vor-Fressfeinden-768x768.jpeg 768w, https:\/\/www.xn--landschildkrte-6pb.de\/haltung\/wp-content\/uploads\/2025\/03\/ALLTOP-Fruehbeet-Set-mit-automatischem-Tueroeffner-und-Schutz-vor-Fressfeinden.jpeg 1200w\" sizes=\"auto, (max-width: 1024px) 100vw, 1024px\" \/><\/a><figcaption class=\"wp-element-caption\">ALLTOP Fr\u00fchbeet-Set mit automatischem T\u00fcr\u00f6ffner und Schutz vor Fressfeinden<\/figcaption><\/figure>\n\n\n\n<figure class=\"wp-block-image size-large\"><a href=\"https:\/\/www.xn--landschildkrte-6pb.de\/haltung\/wp-content\/uploads\/2025\/03\/ALLTOP-Fruehbeet-Set-mit-Schutz-vor-Fressfeinden.jpeg\"><img loading=\"lazy\" decoding=\"async\" width=\"1024\" height=\"1024\" data-id=\"21532\" src=\"https:\/\/www.xn--landschildkrte-6pb.de\/haltung\/wp-content\/uploads\/2025\/03\/ALLTOP-Fruehbeet-Set-mit-Schutz-vor-Fressfeinden-1024x1024.jpeg\" alt=\"\" class=\"wp-image-21532\" srcset=\"https:\/\/www.xn--landschildkrte-6pb.de\/haltung\/wp-content\/uploads\/2025\/03\/ALLTOP-Fruehbeet-Set-mit-Schutz-vor-Fressfeinden-1024x1024.jpeg 1024w, https:\/\/www.xn--landschildkrte-6pb.de\/haltung\/wp-content\/uploads\/2025\/03\/ALLTOP-Fruehbeet-Set-mit-Schutz-vor-Fressfeinden-300x300.jpeg 300w, https:\/\/www.xn--landschildkrte-6pb.de\/haltung\/wp-content\/uploads\/2025\/03\/ALLTOP-Fruehbeet-Set-mit-Schutz-vor-Fressfeinden-150x150.jpeg 150w, https:\/\/www.xn--landschildkrte-6pb.de\/haltung\/wp-content\/uploads\/2025\/03\/ALLTOP-Fruehbeet-Set-mit-Schutz-vor-Fressfeinden-768x767.jpeg 768w, https:\/\/www.xn--landschildkrte-6pb.de\/haltung\/wp-content\/uploads\/2025\/03\/ALLTOP-Fruehbeet-Set-mit-Schutz-vor-Fressfeinden.jpeg 1200w\" sizes=\"auto, (max-width: 1024px) 100vw, 1024px\" \/><\/a><figcaption class=\"wp-element-caption\">ALLTOP Fr\u00fchbeet-Set mit Schutz vor Fressfeinden<\/figcaption><\/figure>\n\n\n\n<figure class=\"wp-block-image size-large\"><a href=\"https:\/\/www.xn--landschildkrte-6pb.de\/haltung\/wp-content\/uploads\/2025\/03\/Freigehege-und-Fruehbeet-Set-fuer-junge-Schildkroeten-Jungtiere.jpeg\"><img loading=\"lazy\" decoding=\"async\" width=\"1024\" height=\"1024\" data-id=\"21535\" src=\"https:\/\/www.xn--landschildkrte-6pb.de\/haltung\/wp-content\/uploads\/2025\/03\/Freigehege-und-Fruehbeet-Set-fuer-junge-Schildkroeten-Jungtiere-1024x1024.jpeg\" alt=\"\" class=\"wp-image-21535\" srcset=\"https:\/\/www.xn--landschildkrte-6pb.de\/haltung\/wp-content\/uploads\/2025\/03\/Freigehege-und-Fruehbeet-Set-fuer-junge-Schildkroeten-Jungtiere-1024x1024.jpeg 1024w, https:\/\/www.xn--landschildkrte-6pb.de\/haltung\/wp-content\/uploads\/2025\/03\/Freigehege-und-Fruehbeet-Set-fuer-junge-Schildkroeten-Jungtiere-300x300.jpeg 300w, https:\/\/www.xn--landschildkrte-6pb.de\/haltung\/wp-content\/uploads\/2025\/03\/Freigehege-und-Fruehbeet-Set-fuer-junge-Schildkroeten-Jungtiere-150x150.jpeg 150w, https:\/\/www.xn--landschildkrte-6pb.de\/haltung\/wp-content\/uploads\/2025\/03\/Freigehege-und-Fruehbeet-Set-fuer-junge-Schildkroeten-Jungtiere-768x768.jpeg 768w, https:\/\/www.xn--landschildkrte-6pb.de\/haltung\/wp-content\/uploads\/2025\/03\/Freigehege-und-Fruehbeet-Set-fuer-junge-Schildkroeten-Jungtiere.jpeg 1200w\" sizes=\"auto, (max-width: 1024px) 100vw, 1024px\" \/><\/a><figcaption class=\"wp-element-caption\">Freigehege- und Fr\u00fchbeet-Set f\u00fcr junge Schildkr\u00f6ten Jungtiere<\/figcaption><\/figure>\n\n\n\n<figure class=\"wp-block-image size-large\"><a href=\"https:\/\/www.xn--landschildkrte-6pb.de\/haltung\/wp-content\/uploads\/2025\/03\/Grosses-ALLTOP-Fruehbeet-Set-XXL-206-x-103-cm-mit-Schutz-vor-Fressfeinden.jpeg\"><img loading=\"lazy\" decoding=\"async\" width=\"1024\" height=\"1024\" data-id=\"21537\" src=\"https:\/\/www.xn--landschildkrte-6pb.de\/haltung\/wp-content\/uploads\/2025\/03\/Grosses-ALLTOP-Fruehbeet-Set-XXL-206-x-103-cm-mit-Schutz-vor-Fressfeinden-1024x1024.jpeg\" alt=\"\" class=\"wp-image-21537\" srcset=\"https:\/\/www.xn--landschildkrte-6pb.de\/haltung\/wp-content\/uploads\/2025\/03\/Grosses-ALLTOP-Fruehbeet-Set-XXL-206-x-103-cm-mit-Schutz-vor-Fressfeinden-1024x1024.jpeg 1024w, https:\/\/www.xn--landschildkrte-6pb.de\/haltung\/wp-content\/uploads\/2025\/03\/Grosses-ALLTOP-Fruehbeet-Set-XXL-206-x-103-cm-mit-Schutz-vor-Fressfeinden-300x300.jpeg 300w, https:\/\/www.xn--landschildkrte-6pb.de\/haltung\/wp-content\/uploads\/2025\/03\/Grosses-ALLTOP-Fruehbeet-Set-XXL-206-x-103-cm-mit-Schutz-vor-Fressfeinden-150x150.jpeg 150w, https:\/\/www.xn--landschildkrte-6pb.de\/haltung\/wp-content\/uploads\/2025\/03\/Grosses-ALLTOP-Fruehbeet-Set-XXL-206-x-103-cm-mit-Schutz-vor-Fressfeinden-768x768.jpeg 768w, https:\/\/www.xn--landschildkrte-6pb.de\/haltung\/wp-content\/uploads\/2025\/03\/Grosses-ALLTOP-Fruehbeet-Set-XXL-206-x-103-cm-mit-Schutz-vor-Fressfeinden.jpeg 1200w\" sizes=\"auto, (max-width: 1024px) 100vw, 1024px\" \/><\/a><figcaption class=\"wp-element-caption\">Gro\u00dfes ALLTOP Fr\u00fchbeet-Set (XXL) - 206 x 103 cm mit Schutz vor Fressfeinden<\/figcaption><\/figure>\n\n\n\n<figure class=\"wp-block-image size-large\"><a href=\"https:\/\/www.xn--landschildkrte-6pb.de\/haltung\/wp-content\/uploads\/2025\/03\/Zubehoer-Set-fuer-Soli-Animalis-Fruehbeete-animalia-und-casa.jpeg\"><img loading=\"lazy\" decoding=\"async\" width=\"1024\" height=\"1024\" data-id=\"21534\" src=\"https:\/\/www.xn--landschildkrte-6pb.de\/haltung\/wp-content\/uploads\/2025\/03\/Zubehoer-Set-fuer-Soli-Animalis-Fruehbeete-animalia-und-casa-1024x1024.jpeg\" alt=\"\" class=\"wp-image-21534\" srcset=\"https:\/\/www.xn--landschildkrte-6pb.de\/haltung\/wp-content\/uploads\/2025\/03\/Zubehoer-Set-fuer-Soli-Animalis-Fruehbeete-animalia-und-casa-1024x1024.jpeg 1024w, https:\/\/www.xn--landschildkrte-6pb.de\/haltung\/wp-content\/uploads\/2025\/03\/Zubehoer-Set-fuer-Soli-Animalis-Fruehbeete-animalia-und-casa-300x300.jpeg 300w, https:\/\/www.xn--landschildkrte-6pb.de\/haltung\/wp-content\/uploads\/2025\/03\/Zubehoer-Set-fuer-Soli-Animalis-Fruehbeete-animalia-und-casa-150x150.jpeg 150w, https:\/\/www.xn--landschildkrte-6pb.de\/haltung\/wp-content\/uploads\/2025\/03\/Zubehoer-Set-fuer-Soli-Animalis-Fruehbeete-animalia-und-casa-768x768.jpeg 768w, https:\/\/www.xn--landschildkrte-6pb.de\/haltung\/wp-content\/uploads\/2025\/03\/Zubehoer-Set-fuer-Soli-Animalis-Fruehbeete-animalia-und-casa.jpeg 1200w\" sizes=\"auto, (max-width: 1024px) 100vw, 1024px\" \/><\/a><figcaption class=\"wp-element-caption\">Zubeh\u00f6r-Set f\u00fcr Soli Animalis Fr\u00fchbeete animalia und casa<\/figcaption><\/figure>\n<\/figure>\n\n\n\n<p>Unsere Fr\u00fchbeet-Sparpakete vereinen die <strong>beliebtesten Fr\u00fchbeete<\/strong> mit der am h\u00e4ufigsten dazu gekauften <strong>Fr\u00fchbeet-Technik<\/strong>. Diese Sets sind optimal auf die Bed\u00fcrfnisse von Landschildkr\u00f6ten abgestimmt und sparen gleichzeitig bares Geld. Alle hier gezeigten Komplettsets an Fr\u00fchbeeten mit Beleuchtung, Deckel\u00f6ffner und s\u00e4mtlicher Technik sind abgestimmt f\u00fcr Jungtiere und adulte Tiere der Griechischen Landschildkr\u00f6te. Die genauen Produktdetails und auch eine direkte Bestellm\u00f6glichkeit findest du im Folgenden:<\/p>\n\n\n\n<\/div>\n\n\n\n<div id='collection-component-1741486815130'><\/div>\n<script type=\"text\/javascript\">\n\/*<![CDATA[*\/\n(function () {\n  var scriptURL = 'https:\/\/sdks.shopifycdn.com\/buy-button\/latest\/buy-button-storefront.min.js';\n  if (window.ShopifyBuy) {\n    if (window.ShopifyBuy.UI) {\n      ShopifyBuyInit();\n    } else {\n      loadScript();\n    }\n  } else {\n    loadScript();\n  }\n  function loadScript() {\n    var script = document.createElement('script');\n    script.async = true;\n    script.src = scriptURL;\n    (document.getElementsByTagName('head')[0] || document.getElementsByTagName('body')[0]).appendChild(script);\n    script.onload = ShopifyBuyInit;\n  }\n  function ShopifyBuyInit() {\n    var client = ShopifyBuy.buildClient({\n      domain: 'schildkrotenshop.myshopify.com',\n      storefrontAccessToken: '47479665dc8e402ddefb36f780802909',\n    });\n    ShopifyBuy.UI.onReady(client).then(function (ui) {\n      ui.createComponent('collection', {\n        id: '666478575881',\n        node: document.getElementById('collection-component-1741486815130'),\n        moneyFormat: '%E2%82%AC%7B%7Bamount_with_comma_separator%7D%7D',\n        options: {\n  \"product\": {\n    \"styles\": {\n      \"product\": {\n        \"@media (min-width: 601px)\": {\n          \"max-width\": \"calc(25% - 20px)\",\n          \"margin-left\": \"20px\",\n          \"margin-bottom\": \"50px\",\n          \"width\": \"calc(25% - 20px)\"\n        }\n      },\n      \"button\": {\n        \":hover\": {\n          \"background-color\": \"#7d9366\"\n        },\n        \"background-color\": \"#8ba371\",\n        \":focus\": {\n          \"background-color\": \"#7d9366\"\n        }\n      }\n    },\n    \"buttonDestination\": \"modal\",\n    \"contents\": {\n      \"options\": false\n    },\n    \"text\": {\n      \"button\": \"Produktdetails\"\n    }\n  },\n  \"productSet\": {\n    \"styles\": {\n      \"products\": {\n        \"@media (min-width: 601px)\": {\n          \"margin-left\": \"-20px\"\n        }\n      }\n    }\n  },\n  \"modalProduct\": {\n    \"contents\": {\n      \"img\": false,\n      \"imgWithCarousel\": true,\n      \"button\": false,\n      \"buttonWithQuantity\": true\n    },\n    \"styles\": {\n      \"product\": {\n        \"@media (min-width: 601px)\": {\n          \"max-width\": \"100%\",\n          \"margin-left\": \"0px\",\n          \"margin-bottom\": \"0px\"\n        }\n      },\n      \"button\": {\n        \":hover\": {\n          \"background-color\": \"#7d9366\"\n        },\n        \"background-color\": \"#8ba371\",\n        \":focus\": {\n          \"background-color\": \"#7d9366\"\n        }\n      }\n    },\n    \"text\": {\n      \"button\": \"Warenkorb\"\n    }\n  },\n  \"option\": {},\n  \"cart\": {\n    \"styles\": {\n      \"button\": {\n        \":hover\": {\n          \"background-color\": \"#7d9366\"\n        },\n        \"background-color\": \"#8ba371\",\n        \":focus\": {\n          \"background-color\": \"#7d9366\"\n        }\n      }\n    },\n    \"text\": {\n      \"title\": \"Warenkorb\",\n      \"total\": \"Preis\",\n      \"empty\": \"Dein Warenkorb ist leer.\",\n      \"notice\": \"Versandkosten werden im n\u00e4chsten Schritt berechnet.\",\n      \"button\": \"Zahlung\",\n      \"noteDescription\": \"Bestellhinweis \/ Anmerkung\"\n    },\n    \"popup\": false\n  },\n  \"toggle\": {\n    \"styles\": {\n      \"toggle\": {\n        \"background-color\": \"#8ba371\",\n        \":hover\": {\n          \"background-color\": \"#7d9366\"\n        },\n        \":focus\": {\n          \"background-color\": \"#7d9366\"\n        }\n      }\n    }\n  }\n},\n      });\n    });\n  }\n})();\n\/*]]>*\/\n<\/script>\n","protected":false},"excerpt":{"rendered":"","protected":false},"author":1,"featured_media":0,"parent":0,"menu_order":0,"comment_status":"closed","ping_status":"closed","template":"","meta":{"_exactmetrics_skip_tracking":false,"_exactmetrics_sitenote_active":false,"_exactmetrics_sitenote_note":"","_exactmetrics_sitenote_category":0,"footnotes":""},"class_list":["post-21528","page","type-page","status-publish","hentry"],"aioseo_notices":[],"publishpress_future_action":{"enabled":false,"date":"2026-04-22 03:10:35","action":"change-status","newStatus":"draft","terms":[],"taxonomy":"","extraData":[]},"publishpress_future_workflow_manual_trigger":{"enabledWorkflows":[]},"_links":{"self":[{"href":"https:\/\/www.xn--landschildkrte-6pb.de\/haltung\/wp-json\/wp\/v2\/pages\/21528","targetHints":{"allow":["GET"]}}],"collection":[{"href":"https:\/\/www.xn--landschildkrte-6pb.de\/haltung\/wp-json\/wp\/v2\/pages"}],"about":[{"href":"https:\/\/www.xn--landschildkrte-6pb.de\/haltung\/wp-json\/wp\/v2\/types\/page"}],"author":[{"embeddable":true,"href":"https:\/\/www.xn--landschildkrte-6pb.de\/haltung\/wp-json\/wp\/v2\/users\/1"}],"replies":[{"embeddable":true,"href":"https:\/\/www.xn--landschildkrte-6pb.de\/haltung\/wp-json\/wp\/v2\/comments?post=21528"}],"version-history":[{"count":2,"href":"https:\/\/www.xn--landschildkrte-6pb.de\/haltung\/wp-json\/wp\/v2\/pages\/21528\/revisions"}],"predecessor-version":[{"id":21538,"href":"https:\/\/www.xn--landschildkrte-6pb.de\/haltung\/wp-json\/wp\/v2\/pages\/21528\/revisions\/21538"}],"wp:attachment":[{"href":"https:\/\/www.xn--landschildkrte-6pb.de\/haltung\/wp-json\/wp\/v2\/media?parent=21528"}],"curies":[{"name":"wp","href":"https:\/\/api.w.org\/{rel}","templated":true}]}}