{"id":2912,"date":"2017-08-15T13:07:08","date_gmt":"2017-08-15T13:07:08","guid":{"rendered":"http:\/\/www.landschildkroeten.de\/haltung\/?page_id=2912"},"modified":"2023-04-02T03:45:47","modified_gmt":"2023-04-02T03:45:47","slug":"arten-von-landschildkroeten-arten-beschreibungen","status":"publish","type":"page","link":"https:\/\/www.xn--landschildkrte-6pb.de\/haltung\/arten-von-landschildkroeten-arten-beschreibungen\/","title":{"rendered":"Arten von Landschildkr\u00f6ten &#8211; Arten Beschreibungen"},"content":{"rendered":"<div class=\"extra-wrap block_7\">\nMan unterscheidet derzeit 313 Arten mit \u00fcber 200 Unterarten - Tendenz abnehmend. Hier die Landschildkr\u00f6tenarten (Testudinidae).<\/p>\n<ul>\n<li><a href=\"https:\/\/www.xn--landschildkrte-6pb.de\/vierzehenschildkroete-testudo-horsfieldii\/\"><span style=\"color: #788a10;\"><strong>Agrionemys horsfieldii - Vierzehenschildkr\u00f6te<\/strong><\/span><\/a><br \/>\n<a href=\"https:\/\/www.xn--landschildkrte-6pb.de\/vierzehenschildkroete-testudo-horsfieldii\/\" title=\"Mehr \u00fcber die Vierzehenschildkr\u00f6te\" class=\"btn btn-primary btn-normal btn-inline \" target=\"_blank\"><i class=\"icon-arrow-right\"><\/i>Mehr \u00fcber die Vierzehenschildkr\u00f6te<\/a><!-- .btn --><div class=\"hr\"><\/div><!-- .hr (end) --><\/li>\n<li><a href=\"https:\/\/www.xn--landschildkrte-6pb.de\/vierzehenschildkroete-testudo-horsfieldii\/\"><span style=\"color: #788a10;\"><strong>Agrionemys horsfieldii baluchiorum - Baluchische Vierzehenschildkr\u00f6te<\/strong><\/span><\/a><br \/>\n<a href=\"https:\/\/www.xn--landschildkrte-6pb.de\/vierzehenschildkroete-testudo-horsfieldii\/\" title=\"Mehr \u00fcber die Vierzehenschildkr\u00f6te\" class=\"btn btn-primary btn-normal btn-inline \" target=\"_blank\"><i class=\"icon-arrow-right\"><\/i>Mehr \u00fcber die Vierzehenschildkr\u00f6te<\/a><!-- .btn --><div class=\"hr\"><\/div><!-- .hr (end) --><\/li>\n<li><a href=\"https:\/\/www.xn--landschildkrte-6pb.de\/vierzehenschildkroete-testudo-horsfieldii\/\"><span style=\"color: #788a10;\"><strong>Agrionemys horsfieldii horsfieldii - Afghanische Vierzehenschildkr\u00f6te<\/strong><\/span><\/a><br \/>\n<a href=\"https:\/\/www.xn--landschildkrte-6pb.de\/vierzehenschildkroete-testudo-horsfieldii\/\" title=\"Mehr \u00fcber die Vierzehenschildkr\u00f6te\" class=\"btn btn-primary btn-normal btn-inline \" target=\"_blank\"><i class=\"icon-arrow-right\"><\/i>Mehr \u00fcber die Vierzehenschildkr\u00f6te<\/a><!-- .btn --><div class=\"hr\"><\/div><!-- .hr (end) --><\/li>\n<li><a href=\"https:\/\/www.xn--landschildkrte-6pb.de\/vierzehenschildkroete-testudo-horsfieldii\/\"><span style=\"color: #788a10;\"><strong>Agrionemys horsfieldii kazachstanica - Kasachische Vierzehenschildkr\u00f6te<\/strong><\/span><\/a><br \/>\n<a href=\"https:\/\/www.xn--landschildkrte-6pb.de\/vierzehenschildkroete-testudo-horsfieldii\/\" title=\"Mehr \u00fcber die Vierzehenschildkr\u00f6te\" class=\"btn btn-primary btn-normal btn-inline \" target=\"_blank\"><i class=\"icon-arrow-right\"><\/i>Mehr \u00fcber die Vierzehenschildkr\u00f6te<\/a><!-- .btn --><div class=\"hr\"><\/div><!-- .hr (end) --><\/li>\n<li><a href=\"https:\/\/www.xn--landschildkrte-6pb.de\/vierzehenschildkroete-testudo-horsfieldii\/\"><span style=\"color: #788a10;\"><strong>Agrionemys horsfieldii rustamovi - Turkmenische Vierzehenschildkr\u00f6te<\/strong><\/span><\/a><br \/>\n<a href=\"https:\/\/www.xn--landschildkrte-6pb.de\/vierzehenschildkroete-testudo-horsfieldii\/\" title=\"Mehr \u00fcber die Vierzehenschildkr\u00f6te\" class=\"btn btn-primary btn-normal btn-inline \" target=\"_blank\"><i class=\"icon-arrow-right\"><\/i>Mehr \u00fcber die Vierzehenschildkr\u00f6te<\/a><!-- .btn --><div class=\"hr\"><\/div><!-- .hr (end) --><\/li>\n<li>Astrochelys radiata - Madagassische Strahlenschildkr\u00f6te<br \/>\n<div class=\"hr\"><\/div><!-- .hr (end) --><\/li>\n<li>Astrochelys yniphora - Madagassische Schnabelbrustschildkr\u00f6te<br \/>\n<div class=\"hr\"><\/div><!-- .hr (end) --><\/li>\n<li>Centrochelys sulcata - Spornschildkr\u00f6te\n<div id=\"attachment_6040\" style=\"width: 1290px\" class=\"wp-caption aligncenter\"><img loading=\"lazy\" decoding=\"async\" aria-describedby=\"caption-attachment-6040\" class=\"size-full wp-image-6040\" src=\"https:\/\/www.xn--landschildkrte-6pb.de\/haltung\/wp-content\/uploads\/2018\/03\/Spornschildkr\u00f6te.jpg\" alt=\"\" width=\"1280\" height=\"960\" srcset=\"https:\/\/www.xn--landschildkrte-6pb.de\/haltung\/wp-content\/uploads\/2018\/03\/Spornschildkr\u00f6te.jpg 1280w, https:\/\/www.xn--landschildkrte-6pb.de\/haltung\/wp-content\/uploads\/2018\/03\/Spornschildkr\u00f6te-300x225.jpg 300w, https:\/\/www.xn--landschildkrte-6pb.de\/haltung\/wp-content\/uploads\/2018\/03\/Spornschildkr\u00f6te-768x576.jpg 768w, https:\/\/www.xn--landschildkrte-6pb.de\/haltung\/wp-content\/uploads\/2018\/03\/Spornschildkr\u00f6te-1024x768.jpg 1024w, https:\/\/www.xn--landschildkrte-6pb.de\/haltung\/wp-content\/uploads\/2018\/03\/Spornschildkr\u00f6te-200x150.jpg 200w\" sizes=\"auto, (max-width: 1280px) 100vw, 1280px\" \/><p id=\"caption-attachment-6040\" class=\"wp-caption-text\">Spornschildkr\u00f6te<\/p><\/div>\n<div class=\"hr\"><\/div><!-- .hr (end) --><\/li>\n<li>Chelonoidis carbonaria - K\u00f6hlerschildkr\u00f6te<br \/>\n<div class=\"hr\"><\/div><!-- .hr (end) --><\/li>\n<li>Chelonoidis chilensis - Argentinische Landschildkr\u00f6te<br \/>\n<div class=\"hr\"><\/div><!-- .hr (end) --><\/li>\n<li>Chelonoidis denticulata - Waldschildkr\u00f6te<br \/>\n<div class=\"hr\"><\/div><!-- .hr (end) --><\/li>\n<li><a href=\"https:\/\/www.xn--landschildkrte-6pb.de\/galapagos-riesenschildkroete-chelonoidis-nigra\/\"><span style=\"color: #788a10;\"><strong>Chelonoidis nigra - Gal\u00e1pagos-Riesenschildkr\u00f6te<\/strong><\/span><\/a><br \/>\n<a href=\"https:\/\/www.xn--landschildkrte-6pb.de\/galapagos-riesenschildkroete-chelonoidis-nigra\/\" title=\"Mehr \u00fcber die Gal\u00e1pagos-Riesenschildkr\u00f6te\" class=\"btn btn-primary btn-normal btn-inline \" target=\"_blank\"><i class=\"icon-arrow-right\"><\/i>Mehr \u00fcber die Gal\u00e1pagos-Riesenschildkr\u00f6te<\/a><!-- .btn --><div class=\"hr\"><\/div><!-- .hr (end) --><\/li>\n<li>Chersina angulata - Schnabelbrustschildkr\u00f6te<br \/>\n<div class=\"hr\"><\/div><!-- .hr (end) --><\/li>\n<li>Dipsochelys arnoldi - Arnolds Riesenschildkr\u00f6te<br \/>\n<div class=\"hr\"><\/div><!-- .hr (end) --><\/li>\n<li><a href=\"https:\/\/www.xn--landschildkrte-6pb.de\/portfolio-view\/curieuse-seychellen\/\"><span style=\"color: #788a10;\"><strong>Dipsochelys dussumieri - Aldabra-Riesenschildkr\u00f6te<\/strong><\/span><\/a><br \/>\n<a href=\"https:\/\/www.xn--landschildkrte-6pb.de\/portfolio-view\/curieuse-seychellen\/\" title=\"Mehr \u00fcber die Aldabra-Riesenschildkr\u00f6te\" class=\"btn btn-primary btn-normal btn-inline \" target=\"_blank\"><i class=\"icon-arrow-right\"><\/i>Mehr \u00fcber die Aldabra-Riesenschildkr\u00f6te<\/a><!-- .btn --><div class=\"hr\"><\/div><!-- .hr (end) --><\/li>\n<li><a href=\"https:\/\/www.xn--landschildkrte-6pb.de\/?s=seychellen\"><span style=\"color: #788a10;\"><strong>Dipsochelys hololissa - Seychellen-Riesenschildkr\u00f6te<\/strong><\/span><\/a><br \/>\n<a href=\"https:\/\/www.xn--landschildkrte-6pb.de\/portfolio_category\/seychellen\/\" title=\"Mehr \u00fcber die Seychellen-Riesenschildkr\u00f6te\" class=\"btn btn-primary btn-normal btn-inline \" target=\"_blank\"><i class=\"icon-arrow-right\"><\/i>Mehr \u00fcber die Seychellen-Riesenschildkr\u00f6te<\/a><!-- .btn --><div class=\"hr\"><\/div><!-- .hr (end) --><\/li>\n<li><a href=\"https:\/\/www.xn--landschildkrte-6pb.de\/koehlerschildkroete-geochelone-carbonaria\/\"><span style=\"color: #788a10;\"><strong>Geochelone carbonaria - K\u00f6hlerschildkr\u00f6te<\/strong><\/span><\/a><br \/>\n<a href=\"https:\/\/www.xn--landschildkrte-6pb.de\/koehlerschildkroete-geochelone-carbonaria\/\" title=\"Mehr \u00fcber die K\u00f6hlerschildkr\u00f6te\" class=\"btn btn-primary btn-normal btn-inline \" target=\"_blank\"><i class=\"icon-arrow-right\"><\/i>Mehr \u00fcber die K\u00f6hlerschildkr\u00f6te<\/a><!-- .btn --><div class=\"hr\"><\/div><!-- .hr (end) --><\/li>\n<li>Geochelone elegans - Indische Sternschildkr\u00f6te<br \/>\n[ngg src=\"galleries\" ids=\"3\" display=\"basic_thumbnail\"]\n&nbsp;&nbsp;<\/p>\n<p><em>Fotografin Indische Sternschildkr\u00f6te (Geochelone elegans): <strong>Karin List<\/strong><\/em><br \/>\n<div class=\"hr\"><\/div><!-- .hr (end) --><\/li>\n<li><a href=\"https:\/\/www.xn--landschildkrte-6pb.de\/?s=seychellen\"><span style=\"color: #788a10;\"><strong>Geochelone gigantea - Seychellen-Riesenschildkr\u00f6te<\/strong><\/span><\/a><br \/>\n<a href=\"https:\/\/www.xn--landschildkrte-6pb.de\/portfolio_category\/seychellen\/\" title=\"Mehr \u00fcber die Seychellen-Riesenschildkr\u00f6te\" class=\"btn btn-primary btn-normal btn-inline \" target=\"_blank\"><i class=\"icon-arrow-right\"><\/i>Mehr \u00fcber die Seychellen-Riesenschildkr\u00f6te<\/a><!-- .btn --><div class=\"hr\"><\/div><!-- .hr (end) --><\/li>\n<li>Geochelone pardalis - Pantherschildkr\u00f6te - Leopardschildkr\u00f6te\n<div id=\"attachment_6032\" style=\"width: 1290px\" class=\"wp-caption aligncenter\"><img loading=\"lazy\" decoding=\"async\" aria-describedby=\"caption-attachment-6032\" class=\"size-full wp-image-6032\" src=\"https:\/\/www.xn--landschildkrte-6pb.de\/haltung\/wp-content\/uploads\/2018\/03\/Geochelone-pardalis-Pantherschildkr\u00f6te.jpg\" alt=\"\" width=\"1280\" height=\"924\" srcset=\"https:\/\/www.xn--landschildkrte-6pb.de\/haltung\/wp-content\/uploads\/2018\/03\/Geochelone-pardalis-Pantherschildkr\u00f6te.jpg 1280w, https:\/\/www.xn--landschildkrte-6pb.de\/haltung\/wp-content\/uploads\/2018\/03\/Geochelone-pardalis-Pantherschildkr\u00f6te-300x217.jpg 300w, https:\/\/www.xn--landschildkrte-6pb.de\/haltung\/wp-content\/uploads\/2018\/03\/Geochelone-pardalis-Pantherschildkr\u00f6te-768x554.jpg 768w, https:\/\/www.xn--landschildkrte-6pb.de\/haltung\/wp-content\/uploads\/2018\/03\/Geochelone-pardalis-Pantherschildkr\u00f6te-1024x739.jpg 1024w\" sizes=\"auto, (max-width: 1280px) 100vw, 1280px\" \/><p id=\"caption-attachment-6032\" class=\"wp-caption-text\">Geochelone pardalis - Pantherschildkr\u00f6ten<\/p><\/div>\n<div class=\"hr\"><\/div><!-- .hr (end) --><\/li>\n<li>Geochelone platynota - Burma-Sternschildkr\u00f6te<br \/>\n<div class=\"hr\"><\/div><!-- .hr (end) --><\/li>\n<li>Geochelone sulcata - Spornschildkr\u00f6te<br \/>\n<div class=\"hr\"><\/div><!-- .hr (end) --><\/li>\n<li>Gopherus agassizii - Kalifornische Gopherschildkr\u00f6te\n<div id=\"attachment_6043\" style=\"width: 1290px\" class=\"wp-caption aligncenter\"><img loading=\"lazy\" decoding=\"async\" aria-describedby=\"caption-attachment-6043\" class=\"size-full wp-image-6043\" src=\"https:\/\/www.xn--landschildkrte-6pb.de\/haltung\/wp-content\/uploads\/2018\/03\/Gopherschildkr\u00f6te.jpg\" alt=\"\" width=\"1280\" height=\"960\" srcset=\"https:\/\/www.xn--landschildkrte-6pb.de\/haltung\/wp-content\/uploads\/2018\/03\/Gopherschildkr\u00f6te.jpg 1280w, https:\/\/www.xn--landschildkrte-6pb.de\/haltung\/wp-content\/uploads\/2018\/03\/Gopherschildkr\u00f6te-300x225.jpg 300w, https:\/\/www.xn--landschildkrte-6pb.de\/haltung\/wp-content\/uploads\/2018\/03\/Gopherschildkr\u00f6te-768x576.jpg 768w, https:\/\/www.xn--landschildkrte-6pb.de\/haltung\/wp-content\/uploads\/2018\/03\/Gopherschildkr\u00f6te-1024x768.jpg 1024w, https:\/\/www.xn--landschildkrte-6pb.de\/haltung\/wp-content\/uploads\/2018\/03\/Gopherschildkr\u00f6te-200x150.jpg 200w\" sizes=\"auto, (max-width: 1280px) 100vw, 1280px\" \/><p id=\"caption-attachment-6043\" class=\"wp-caption-text\">Gopherschildkr\u00f6te<\/p><\/div>\n<div class=\"hr\"><\/div><!-- .hr (end) --><\/li>\n<li>Gopherus berlandieri - Texas-Gopherschildkr\u00f6te<br \/>\n<div class=\"hr\"><\/div><!-- .hr (end) --><\/li>\n<li>Gopherus flavomarginatus - Mexikanische Gopherschildkr\u00f6te<br \/>\n<div class=\"hr\"><\/div><!-- .hr (end) --><\/li>\n<li>Gopherus polyphemus - Florida-Gopherschildkr\u00f6te<br \/>\n<div class=\"hr\"><\/div><!-- .hr (end) --><\/li>\n<li>Homopus areolatus - Areolen-Flachschildkr\u00f6te<br \/>\n<div class=\"hr\"><\/div><!-- .hr (end) --><\/li>\n<li>Homopus boulengeri - Boulengers Flachschildkr\u00f6te<br \/>\n<div class=\"hr\"><\/div><!-- .hr (end) --><\/li>\n<li>Homopus femoralis - Sporn-Flachschildkr\u00f6te<br \/>\n<div class=\"hr\"><\/div><!-- .hr (end) --><\/li>\n<li>Homopus signatus - Ges\u00e4gte Flachschildkr\u00f6te<br \/>\n<div class=\"hr\"><\/div><!-- .hr (end) --><\/li>\n<li><a href=\"https:\/\/www.xn--landschildkrte-6pb.de\/indotestudo-elongata-gelbkopfschildkroete\/\"><span style=\"color: #788a10;\"><strong>Indotestudo elongata - Gelbkopf-Landschildkr\u00f6te<\/strong><\/span><\/a><br \/>\n<a href=\"https:\/\/www.xn--landschildkrte-6pb.de\/indotestudo-elongata-gelbkopfschildkroete\/\" title=\"Mehr \u00fcber die Gelbkopf-Landschildkr\u00f6te\" class=\"btn btn-primary btn-normal btn-inline \" target=\"_blank\"><i class=\"icon-arrow-right\"><\/i>Mehr \u00fcber die Gelbkopf-Landschildkr\u00f6te<\/a><!-- .btn --><div class=\"hr\"><\/div><!-- .hr (end) --><\/li>\n<li>Indotestudo forstenii - Sulawesi-Landschildkr\u00f6te<br \/>\n<div class=\"hr\"><\/div><!-- .hr (end) --><\/li>\n<li>Indotestudo travancorica - Travancore-Landschildkr\u00f6te<br \/>\n<div class=\"hr\"><\/div><!-- .hr (end) --><\/li>\n<li>Kinixys belliana - Glattrand-Gelenkschildkr\u00f6te<br \/>\n<div class=\"hr\"><\/div><!-- .hr (end) --><\/li>\n<li>Kinixys erosa - Stachelrand-Gelenkschildkr\u00f6te<br \/>\n<div class=\"hr\"><\/div><!-- .hr (end) --><\/li>\n<li>Kinixys homeana - Stutz-Gelenkschildkr\u00f6te<br \/>\n<div class=\"hr\"><\/div><!-- .hr (end) --><\/li>\n<li>Kinixys lobatsiana - Lobatse-Gelenkschildkr\u00f6te<br \/>\n<div class=\"hr\"><\/div><!-- .hr (end) --><\/li>\n<li>Kinixys natalensis - Natal-Gelenkschildkr\u00f6te<br \/>\n<div class=\"hr\"><\/div><!-- .hr (end) --><\/li>\n<li>Kinixys spekii - Spekes Gelenkschildkr\u00f6te<br \/>\n<div class=\"hr\"><\/div><!-- .hr (end) --><\/li>\n<li>Malacochersus tornieri - Spaltenschildkr\u00f6te<br \/>\n<div class=\"hr\"><\/div><!-- .hr (end) --><\/li>\n<li>Manouria emys emys - Indonesische Waldschildkr\u00f6te<br \/>\n<div class=\"hr\"><\/div><!-- .hr (end) --><\/li>\n<li>Manouria emys phayrei - Indische Waldschildkr\u00f6te<br \/>\n<div class=\"hr\"><\/div><!-- .hr (end) --><\/li>\n<li>Manouria emys - Braune Waldschildkr\u00f6te<br \/>\n<div class=\"hr\"><\/div><!-- .hr (end) --><\/li>\n<li>Manouria impressa - Hinterindische Landschildkr\u00f6te<br \/>\n<div class=\"hr\"><\/div><!-- .hr (end) --><\/li>\n<li>Psammobates geometricus - Geometrische Landschildkr\u00f6te<br \/>\n<div class=\"hr\"><\/div><!-- .hr (end) --><\/li>\n<li>Psammobates oculiferus - Stachelrand-Landschildkr\u00f6te<br \/>\n<div class=\"hr\"><\/div><!-- .hr (end) --><\/li>\n<li>Psammobates tentorius tentorius - S\u00fcdliche H\u00f6cker-Landschildkr\u00f6te<br \/>\n<div class=\"hr\"><\/div><!-- .hr (end) --><\/li>\n<li>Psammobates tentorius trimeni - Westliche H\u00f6cker-Landschildkr\u00f6te<br \/>\n<div class=\"hr\"><\/div><!-- .hr (end) --><\/li>\n<li>Psammobates tentorius verroxii - N\u00f6rdliche H\u00f6cker-Landschildkr\u00f6te<br \/>\n<div class=\"hr\"><\/div><!-- .hr (end) --><\/li>\n<li>Psammobates tentorius - H\u00f6cker-Landschildkr\u00f6te<br \/>\n<div class=\"hr\"><\/div><!-- .hr (end) --><\/li>\n<li>Pyxis arachnoides arachnoides - Onilahy-Spinnenschildkr\u00f6te<br \/>\n<div class=\"hr\"><\/div><!-- .hr (end) --><\/li>\n<li>Pyxis arachnoides brygooi - Morombe-Spinnenschildkr\u00f6te<br \/>\n<div class=\"hr\"><\/div><!-- .hr (end) --><\/li>\n<li>Pyxis arachnoides oblonga - Anony-Spinnenschildkr\u00f6te<br \/>\n<div class=\"hr\"><\/div><!-- .hr (end) --><\/li>\n<li>Pyxis arachnoides - Madagassische Spinnenschildkr\u00f6te<br \/>\n<div class=\"hr\"><\/div><!-- .hr (end) --><\/li>\n<li>Pyxis planicauda - Madagassische Flachr\u00fcckenschildkr\u00f6te<br \/>\n<div class=\"hr\"><\/div><!-- .hr (end) --><\/li>\n<li>Stigmochelys pardalis - Pantherschildkr\u00f6te<br \/>\n<div class=\"hr\"><\/div><!-- .hr (end) --><\/li>\n<li>Stigmochelys pardalis babcocki - Ostafrikanische Pantherschildkr\u00f6te<br \/>\n<div class=\"hr\"><\/div><!-- .hr (end) --><\/li>\n<li>Stigmochelys pardalis pardalis - S\u00fcdafrikanische Pantherschildkr\u00f6te<br \/>\n<div class=\"hr\"><\/div><!-- .hr (end) --><\/li>\n<li><a href=\"https:\/\/www.xn--landschildkrte-6pb.de\/maurische-landschildkroete-testudo-graeca\/\"><span style=\"color: #788a10;\"><strong>Testudo graeca - Maurische Landschildkr\u00f6te<\/strong><\/span><\/a><br \/>\n<a href=\"https:\/\/www.xn--landschildkrte-6pb.de\/maurische-landschildkroete-testudo-graeca\/\" title=\"Mehr \u00fcber die Maurische Landschildkr\u00f6te\" class=\"btn btn-primary btn-normal btn-inline \" target=\"_blank\"><i class=\"icon-arrow-right\"><\/i>Mehr \u00fcber die Maurische Landschildkr\u00f6te<\/a><!-- .btn --><div class=\"hr\"><\/div><!-- .hr (end) --><\/li>\n<li>Testudo graeca anamurensis - Anamur-Landschildkr\u00f6te<br \/>\n<div class=\"hr\"><\/div><!-- .hr (end) --><\/li>\n<li>Testudo graeca antakyensis - Antakya-Landschildkr\u00f6te<br \/>\n<div class=\"hr\"><\/div><!-- .hr (end) --><\/li>\n<li>Testudo graeca cyrenaica - Cyrenaika-Landschildkr\u00f6te<br \/>\n<div class=\"hr\"><\/div><!-- .hr (end) --><\/li>\n<li>Testudo graeca floweri - Israelische Landschildkr\u00f6te<br \/>\n<div class=\"hr\"><\/div><!-- .hr (end) --><\/li>\n<li>Testudo graeca graeca - Maurische Landschildkr\u00f6te\n<div id=\"attachment_6044\" style=\"width: 1290px\" class=\"wp-caption aligncenter\"><img loading=\"lazy\" decoding=\"async\" aria-describedby=\"caption-attachment-6044\" class=\"size-full wp-image-6044\" src=\"https:\/\/www.xn--landschildkrte-6pb.de\/haltung\/wp-content\/uploads\/2018\/03\/Maurische-Landschildkr\u00f6te.jpg\" alt=\"\" width=\"1280\" height=\"851\" srcset=\"https:\/\/www.xn--landschildkrte-6pb.de\/haltung\/wp-content\/uploads\/2018\/03\/Maurische-Landschildkr\u00f6te.jpg 1280w, https:\/\/www.xn--landschildkrte-6pb.de\/haltung\/wp-content\/uploads\/2018\/03\/Maurische-Landschildkr\u00f6te-300x199.jpg 300w, https:\/\/www.xn--landschildkrte-6pb.de\/haltung\/wp-content\/uploads\/2018\/03\/Maurische-Landschildkr\u00f6te-768x511.jpg 768w, https:\/\/www.xn--landschildkrte-6pb.de\/haltung\/wp-content\/uploads\/2018\/03\/Maurische-Landschildkr\u00f6te-1024x681.jpg 1024w\" sizes=\"auto, (max-width: 1280px) 100vw, 1280px\" \/><p id=\"caption-attachment-6044\" class=\"wp-caption-text\">Maurische Landschildkr\u00f6te<\/p><\/div>\n<div class=\"hr\"><\/div><!-- .hr (end) --><\/li>\n<li><a href=\"https:\/\/www.xn--landschildkrte-6pb.de\/maurische-landschildkroete-testudo-graeca\/\"><span style=\"color: #788a10;\"><strong>Testudo graeca ibera - Eurasische Landschildkr\u00f6te<\/strong><\/span><\/a><br \/>\n<a href=\"https:\/\/www.xn--landschildkrte-6pb.de\/maurische-landschildkroete-testudo-graeca\/\" title=\"Mehr \u00fcber die Eurasische Landschildkr\u00f6te\" class=\"btn btn-primary btn-normal btn-inline \" target=\"_blank\"><i class=\"icon-arrow-right\"><\/i>Mehr \u00fcber die Eurasische Landschildkr\u00f6te<\/a><!-- .btn --><div class=\"hr\"><\/div><!-- .hr (end) --><\/li>\n<li>Testudo graeca lamberti - Lamberts Landschildkr\u00f6te<br \/>\n<div class=\"hr\"><\/div><!-- .hr (end) --><\/li>\n<li>Testudo graeca marokkensis - Marokkanische Landschildkr\u00f6te<br \/>\n<div class=\"hr\"><\/div><!-- .hr (end) --><\/li>\n<li>Testudo graeca nabeulensis - Tunesische Landschildkr\u00f6te<br \/>\n<div class=\"hr\"><\/div><!-- .hr (end) --><\/li>\n<li>Testudo graeca nikolskii - Transkaukasische Landschildkr\u00f6te<br \/>\n<div class=\"hr\"><\/div><!-- .hr (end) --><\/li>\n<li>Testudo graeca soussensis - Sousstal-Landschildkr\u00f6te<br \/>\n<div class=\"hr\"><\/div><!-- .hr (end) --><\/li>\n<li>Testudo graeca terrestris - Syrische Landschildkr\u00f6te<br \/>\n<div class=\"hr\"><\/div><!-- .hr (end) --><\/li>\n<li>Testudo graeca zarudnyi - Iranische Landschildkr\u00f6te<br \/>\n<div class=\"hr\"><\/div><!-- .hr (end) --><\/li>\n<li>Testudo graeca - Maurische Landschildkr\u00f6te<br \/>\n<div class=\"hr\"><\/div><!-- .hr (end) --><\/li>\n<li>Testudo hercegovinensis - Dalmatinische Landschildkr\u00f6te<br \/>\n<div class=\"hr\"><\/div><!-- .hr (end) --><\/li>\n<li><a href=\"https:\/\/www.xn--landschildkrte-6pb.de\/arten\/griechische-landschildkroete-testudo-hermanni\/\"><span style=\"color: #788a10;\"><strong>Testudo hermanni boettgeri - Griechische Landschildkr\u00f6te (Ostrasse)<\/strong><\/span><\/a><br \/>\n<a href=\"https:\/\/www.xn--landschildkrte-6pb.de\/arten\/griechische-landschildkroete-testudo-hermanni\/\" title=\"Mehr \u00fcber die Griechische Landschildkr\u00f6te (Ostrasse)\" class=\"btn btn-primary btn-normal btn-inline \" target=\"_blank\"><i class=\"icon-arrow-right\"><\/i>Mehr \u00fcber die Griechische Landschildkr\u00f6te (Ostrasse)<\/a><!-- .btn --><div class=\"hr\"><\/div><!-- .hr (end) --><\/li>\n<li><a href=\"https:\/\/www.xn--landschildkrte-6pb.de\/arten\/griechische-landschildkroete-testudo-hermanni\/\"><span style=\"color: #788a10;\"><strong>Testudo hermanni hermanni - Griechische Landschildkr\u00f6te (Westrasse)<\/strong><\/span><\/a><br \/>\n<a href=\"https:\/\/www.xn--landschildkrte-6pb.de\/arten\/griechische-landschildkroete-testudo-hermanni\/\" title=\"Mehr \u00fcber die Griechische Landschildkr\u00f6te (Westrasse)\" class=\"btn btn-primary btn-normal btn-inline \" target=\"_blank\"><i class=\"icon-arrow-right\"><\/i>Mehr \u00fcber die Griechische Landschildkr\u00f6te (Westrasse)<\/a><!-- .btn --><div class=\"hr\"><\/div><!-- .hr (end) --><\/li>\n<li><a href=\"https:\/\/www.xn--landschildkrte-6pb.de\/arten\/griechische-landschildkroete-testudo-hermanni\/\"><span style=\"color: #788a10;\"><strong>Testudo hermanni - Griechische Landschildkr\u00f6te<\/strong><\/span><\/a><br \/>\n<a href=\"https:\/\/www.xn--landschildkrte-6pb.de\/arten\/griechische-landschildkroete-testudo-hermanni\/\" title=\"Mehr \u00fcber die Griechische Landschildkr\u00f6te\" class=\"btn btn-primary btn-normal btn-inline \" target=\"_blank\"><i class=\"icon-arrow-right\"><\/i>Mehr \u00fcber die Griechische Landschildkr\u00f6te<\/a><!-- .btn --><div class=\"hr\"><\/div><!-- .hr (end) --><\/li>\n<li><a href=\"https:\/\/www.xn--landschildkrte-6pb.de\/vierzehenschildkroete-testudo-horsfieldii\/\"><span style=\"color: #788a10;\"><strong>Testudo horsfildii - Vierzehenschildkr\u00f6te - Russische Landschildkr\u00f6te<\/strong><\/span><\/a><br \/>\n<a href=\"https:\/\/www.xn--landschildkrte-6pb.de\/vierzehenschildkroete-testudo-horsfieldii\/\" title=\"Mehr \u00fcber die Russische Landschildkr\u00f6te\" class=\"btn btn-primary btn-normal btn-inline \" target=\"_blank\"><i class=\"icon-arrow-right\"><\/i>Mehr \u00fcber die Russische Landschildkr\u00f6te<\/a><!-- .btn --><div class=\"hr\"><\/div><!-- .hr (end) --><\/li>\n<li>Testudo kleinmanni - \u00c4gyptische Landschildkr\u00f6te<br \/>\n<div class=\"hr\"><\/div><!-- .hr (end) --><\/li>\n<li><a href=\"https:\/\/www.xn--landschildkrte-6pb.de\/breitrandschildkroete-testudo-marginata\/\"><span style=\"color: #788a10;\"><strong>Testudo marginata - Breitrandschildkr\u00f6te<\/strong><\/span><\/a><br \/>\n<a href=\"https:\/\/www.xn--landschildkrte-6pb.de\/breitrandschildkroete-testudo-marginata\/\" title=\"Mehr \u00fcber die Breitrandschildkr\u00f6te\" class=\"btn btn-primary btn-normal btn-inline \" target=\"_blank\"><i class=\"icon-arrow-right\"><\/i>Mehr \u00fcber die Breitrandschildkr\u00f6te<\/a><!-- .btn --><div class=\"hr\"><\/div><!-- .hr (end) --><\/li>\n<\/ul>\n<\/div>\n","protected":false},"excerpt":{"rendered":"","protected":false},"author":1,"featured_media":19164,"parent":0,"menu_order":0,"comment_status":"closed","ping_status":"closed","template":"","meta":{"_exactmetrics_skip_tracking":false,"_exactmetrics_sitenote_active":false,"_exactmetrics_sitenote_note":"","_exactmetrics_sitenote_category":0,"footnotes":""},"class_list":["post-2912","page","type-page","status-publish","has-post-thumbnail","hentry"],"aioseo_notices":[],"publishpress_future_action":{"enabled":false,"date":"2026-04-27 08:38:07","action":"change-status","newStatus":"draft","terms":[],"taxonomy":"","extraData":[]},"publishpress_future_workflow_manual_trigger":{"enabledWorkflows":[]},"_links":{"self":[{"href":"https:\/\/www.xn--landschildkrte-6pb.de\/haltung\/wp-json\/wp\/v2\/pages\/2912","targetHints":{"allow":["GET"]}}],"collection":[{"href":"https:\/\/www.xn--landschildkrte-6pb.de\/haltung\/wp-json\/wp\/v2\/pages"}],"about":[{"href":"https:\/\/www.xn--landschildkrte-6pb.de\/haltung\/wp-json\/wp\/v2\/types\/page"}],"author":[{"embeddable":true,"href":"https:\/\/www.xn--landschildkrte-6pb.de\/haltung\/wp-json\/wp\/v2\/users\/1"}],"replies":[{"embeddable":true,"href":"https:\/\/www.xn--landschildkrte-6pb.de\/haltung\/wp-json\/wp\/v2\/comments?post=2912"}],"version-history":[{"count":18,"href":"https:\/\/www.xn--landschildkrte-6pb.de\/haltung\/wp-json\/wp\/v2\/pages\/2912\/revisions"}],"predecessor-version":[{"id":10330,"href":"https:\/\/www.xn--landschildkrte-6pb.de\/haltung\/wp-json\/wp\/v2\/pages\/2912\/revisions\/10330"}],"wp:featuredmedia":[{"embeddable":true,"href":"https:\/\/www.xn--landschildkrte-6pb.de\/haltung\/wp-json\/wp\/v2\/media\/19164"}],"wp:attachment":[{"href":"https:\/\/www.xn--landschildkrte-6pb.de\/haltung\/wp-json\/wp\/v2\/media?parent=2912"}],"curies":[{"name":"wp","href":"https:\/\/api.w.org\/{rel}","templated":true}]}}