{"id":2914,"date":"2017-08-15T13:13:24","date_gmt":"2017-08-15T13:13:24","guid":{"rendered":"http:\/\/www.landschildkroeten.de\/haltung\/?page_id=2914"},"modified":"2022-09-27T10:02:24","modified_gmt":"2022-09-27T10:02:24","slug":"vierzehenschildkroete-testudo-horsfieldii","status":"publish","type":"page","link":"https:\/\/www.xn--landschildkrte-6pb.de\/haltung\/vierzehenschildkroete-testudo-horsfieldii\/","title":{"rendered":"Vierzehenschildkr\u00f6te Testudo horsfieldii"},"content":{"rendered":"<div class=\"extra-wrap block_7\">\nDie Vierzehenschildkr\u00f6te, auch Russische Landschildkr\u00f6te bzw. Steppenschildkr\u00f6te\u00a0genannt\u00a0(<em>Testudo horsfieldii oder auch Agrionemys horsfieldii <\/em>) ist an dem ovalen bis kreisrunden R\u00fcckenpanzer zu erkennen, der insgesamt deutlich flacher ist als bei den anderen Europ\u00e4ischen Landschildkr\u00f6ten. Der Schwanzschild ist immer ungeteilt und an den kr\u00e4ftigen Vorderbeinen befinden sich, wieder im Gegensatz zu den anderen Testudo-Arten, grunds\u00e4tzlich nur vier Zehen, mit sehr kr\u00e4ftigen Krallen. Diese Art erreicht eine Gr\u00f6\u00dfe von bis zu 25 cm (Weibchen) und ein Gewicht von\u00a0bis zu 2 Kilogramm.<\/p>\n<h3>Nat\u00fcrlicher Lebensraum<\/h3>\n<p><em>Testudo horsfieldii<\/em> bewohnt w\u00fcsten- und steppenartige Lebensr\u00e4ume mit sp\u00e4rlichem Pflanzenbewuchs. Sie kommen \u00fcberwiegend in mittelasiatischen H\u00fcgelformationen vor.<a href=\"https:\/\/www.xn--landschildkrte-6pb.de\/haltung\/wp-content\/uploads\/2017\/08\/horsfieldii.jpg\"><img loading=\"lazy\" decoding=\"async\" class=\"alignnone size-full wp-image-2915\" src=\"https:\/\/www.xn--landschildkrte-6pb.de\/haltung\/wp-content\/uploads\/2017\/08\/horsfieldii.jpg\" alt=\"\" width=\"800\" height=\"600\" srcset=\"https:\/\/www.xn--landschildkrte-6pb.de\/haltung\/wp-content\/uploads\/2017\/08\/horsfieldii.jpg 800w, https:\/\/www.xn--landschildkrte-6pb.de\/haltung\/wp-content\/uploads\/2017\/08\/horsfieldii-300x225.jpg 300w, https:\/\/www.xn--landschildkrte-6pb.de\/haltung\/wp-content\/uploads\/2017\/08\/horsfieldii-768x576.jpg 768w, https:\/\/www.xn--landschildkrte-6pb.de\/haltung\/wp-content\/uploads\/2017\/08\/horsfieldii-200x150.jpg 200w\" sizes=\"auto, (max-width: 800px) 100vw, 800px\" \/><\/a><\/p>\n<h3>Anschaffung &amp; Schutzstatus<\/h3>\n<p><em>Testudo horsfieldii<\/em> geh\u00f6rt zu Anhang B der EG-Artenschutzverordnung. Sie geh\u00f6rt somit zu den besonders gesch\u00fctzten Arten und sind meldepflichtig. Eine Cites-Bescheinigung gibt es allerdings nicht. Die Herkunft der Tiere ist aber bei der zust\u00e4ndigen Naturschutzbeh\u00f6rde anzugeben. Daf\u00fcr erforderlich sind Kaufvertrag, Abgabevertrag, Zuchtbescheinigung oder \u00e4hnliches.<\/p>\n<p>Kaufen Sie keinesfalls illegal Tiere, das ist strafbar. Hier finden Sie verantwortungsvolle <em>Testudo horsfieldii<\/em> Z\u00fcchter:<\/p>\n<a href=\"https:\/\/www.xn--landschildkrte-6pb.de\/haltung\/zuechter\/schildkroetenzuechter\/\" title=\"Steppenschildkr\u00f6ten-Z\u00fcchter\" class=\"btn btn-primary btn-normal btn-inline \" target=\"_blank\"><i class=\"icon-arrow-right\"><\/i>Steppenschildkr\u00f6ten-Z\u00fcchter<\/a><!-- .btn --><div class=\"hr\"><\/div><!-- .hr (end) -->\n<h3>Haltung<\/h3>\n<div id=\"attachment_9830\" style=\"width: 2058px\" class=\"wp-caption alignleft\"><img loading=\"lazy\" decoding=\"async\" aria-describedby=\"caption-attachment-9830\" class=\"size-full wp-image-9830\" src=\"https:\/\/www.xn--landschildkrte-6pb.de\/haltung\/wp-content\/uploads\/2020\/08\/Naturnahes-Freigehege-von-Testudo-horsfieldii.jpeg\" alt=\"Naturnahes Freigehege von Testudo horsfieldii\" width=\"2048\" height=\"1536\" srcset=\"https:\/\/www.xn--landschildkrte-6pb.de\/haltung\/wp-content\/uploads\/2020\/08\/Naturnahes-Freigehege-von-Testudo-horsfieldii.jpeg 2048w, https:\/\/www.xn--landschildkrte-6pb.de\/haltung\/wp-content\/uploads\/2020\/08\/Naturnahes-Freigehege-von-Testudo-horsfieldii-300x225.jpeg 300w, https:\/\/www.xn--landschildkrte-6pb.de\/haltung\/wp-content\/uploads\/2020\/08\/Naturnahes-Freigehege-von-Testudo-horsfieldii-1024x768.jpeg 1024w, https:\/\/www.xn--landschildkrte-6pb.de\/haltung\/wp-content\/uploads\/2020\/08\/Naturnahes-Freigehege-von-Testudo-horsfieldii-768x576.jpeg 768w, https:\/\/www.xn--landschildkrte-6pb.de\/haltung\/wp-content\/uploads\/2020\/08\/Naturnahes-Freigehege-von-Testudo-horsfieldii-1536x1152.jpeg 1536w, https:\/\/www.xn--landschildkrte-6pb.de\/haltung\/wp-content\/uploads\/2020\/08\/Naturnahes-Freigehege-von-Testudo-horsfieldii-200x150.jpeg 200w\" sizes=\"auto, (max-width: 2048px) 100vw, 2048px\" \/><p id=\"caption-attachment-9830\" class=\"wp-caption-text\">Naturnahes Freigehege von Testudo horsfieldii<\/p><\/div>\n<p>Auch f\u00fcr diese Schildkr\u00f6tenart gilt: Eine ausschlie\u00dfliche Terrarienhaltung ist nicht artgerecht. Sie sollte einen dauerhaften Aufenthalt in einem m\u00f6glichst naturnahen <a href=\"https:\/\/www.xn--landschildkrte-6pb.de\/haltung\/haltung\/haltung-terrarium-freigehege\/\">Freigehege mit Fr\u00fchbeet<\/a> genie\u00dfen d\u00fcrfen. Wichtig ist bei <em>Testudo horsfieldii<\/em>, dass die Umrandung des Geheges in den Boden ragt, da diese Art besonders gerne und gut graben kann. Wer auf Nummer sicher gehen will, sorgt daher bei der Umrandung f\u00fcr einen Unterkriechschutz bis zu einer Tiefe von 30 cm. Ansonsten unterscheidet sich die Freilandhaltung nicht von <em><a href=\"https:\/\/www.xn--landschildkrte-6pb.de\/haltung\/arten\/griechische-landschildkroete-testudo-hermanni\/\">Testudo hermanni<\/a><\/em>.<\/p>\n<a href=\"https:\/\/www.xn--landschildkrte-6pb.de\/gehege\/freigehege-gehege-fuer-landschildkroeten\/\" title=\"Mehr zum Thema Freigehege\" class=\"btn btn-primary btn-normal btn-inline \" target=\"_blank\"><i class=\"icon-arrow-right\"><\/i>Mehr zum Thema Freigehege<\/a><!-- .btn -->\n<a href=\"https:\/\/www.xn--landschildkrte-6pb.de\/arten\/griechische-landschildkroete-testudo-hermanni\/\" title=\"N\u00e4heres zu Testudo hermanni\" class=\"btn btn-primary btn-normal btn-inline \" target=\"_blank\"><i class=\"icon-arrow-right\"><\/i>N\u00e4heres zu Testudo hermanni<\/a><!-- .btn --><div class=\"hr\"><\/div><!-- .hr (end) -->\n<p>Die Sonnenplatztemperatur von Vierzehenschildkr\u00f6ten sollte bei 40-45\u00b0C Grad liegen. Diese Temperatur muss mit W\u00e4rmelampen wie z.B. einem PAR38 Strahler erzeugt werden:<\/p>\n<a href=\"https:\/\/www.xn--schildkrten-yfb.de\/products\/waermelampe-par38\" title=\"Bestellung PAR38\" class=\"btn btn-primary btn-normal btn-inline \" target=\"_blank\"><i class=\"icon-shopping-cart\"><\/i>Bestellung PAR38<\/a><!-- .btn --><div class=\"hr\"><\/div><!-- .hr (end) -->\n<a href=\"https:\/\/www.xn--landschildkrte-6pb.de\/haltung\/wp-content\/uploads\/2017\/08\/vierzehenschildkroete-plastron.jpg\"><img loading=\"lazy\" decoding=\"async\" class=\"alignnone size-full wp-image-2916\" src=\"https:\/\/www.xn--landschildkrte-6pb.de\/haltung\/wp-content\/uploads\/2017\/08\/vierzehenschildkroete-plastron.jpg\" alt=\"\" width=\"800\" height=\"600\" srcset=\"https:\/\/www.xn--landschildkrte-6pb.de\/haltung\/wp-content\/uploads\/2017\/08\/vierzehenschildkroete-plastron.jpg 800w, https:\/\/www.xn--landschildkrte-6pb.de\/haltung\/wp-content\/uploads\/2017\/08\/vierzehenschildkroete-plastron-300x225.jpg 300w, https:\/\/www.xn--landschildkrte-6pb.de\/haltung\/wp-content\/uploads\/2017\/08\/vierzehenschildkroete-plastron-768x576.jpg 768w, https:\/\/www.xn--landschildkrte-6pb.de\/haltung\/wp-content\/uploads\/2017\/08\/vierzehenschildkroete-plastron-200x150.jpg 200w\" sizes=\"auto, (max-width: 800px) 100vw, 800px\" \/><\/a><\/p>\n<h3><strong>F\u00fctterung<\/strong><\/h3>\n<p>Bei der Auswahl ihrer <a href=\"https:\/\/www.xn--landschildkrte-6pb.de\/ernaehrung\/was-fressen-schildkroeten-ernaehrung-von-landschildkroeten\/\">Futterpflanzen<\/a> sind die Tiere nicht besonders w\u00e4hlerisch. Es gibt kaum Wildkr\u00e4uter, die von ihnen verschm\u00e4ht werden. Nat\u00fcrlich muss auch t\u00e4glich frisches Wasser aus einer flachen Schale zur Verf\u00fcgung stehen. Als Zusatzfutter eignet sich <a href=\"https:\/\/www.xn--landschildkrte-6pb.de\/haltung\/agrobs\/\">Agrobs<\/a>.<\/p>\n<a href=\"https:\/\/www.xn--landschildkrte-6pb.de\/ernaehrung\/was-fressen-schildkroeten-ernaehrung-von-landschildkroeten\/\" title=\"Geeignete Futterpflanzen\" class=\"btn btn-primary btn-normal btn-inline \" target=\"_blank\"><i class=\"icon-arrow-right\"><\/i>Geeignete Futterpflanzen<\/a><!-- .btn -->\n<a href=\"https:\/\/xn--schildkrten-yfb.de\/products\/agrobs-testudo-original-500\" title=\"Agrobs bestellen\" class=\"btn btn-primary btn-normal btn-inline \" target=\"_blank\"><i class=\"icon-shopping-cart\"><\/i>Agrobs bestellen<\/a><!-- .btn --><div class=\"hr\"><\/div><!-- .hr (end) -->\n<h3>Winterstarre der Vierzehenschildkr\u00f6te<\/h3>\n<p>Die otpimale \u00dcberwinterungstemperatur von <em>Testudo horsfieldii<\/em> betr\u00e4gt 2 - 5 Grad. Die Tiere \u00fcberwintern etwa 4 - 5 Monate in nicht staubtrockener Gartenerde oder Maulwurfserde aber das Substrat sollte deutlich trockener sein als bei Testudo hermanni. Auch diese Art hiberniert am besten in einem separaten <a href=\"https:\/\/www.xn--schildkrten-yfb.net\/produkt\/schildkroeten-kuehlschrank-zur-ueberwinterung\/\">K\u00fchlschrank im Keller<\/a>. Ein sinvolles Extra bei der \u00dcberwinterung ist der <a href=\"https:\/\/www.xn--landschildkrte-6pb.de\/universal-thermostat-ut-200\/\">UT200 bzw. UT300:<\/a><\/p>\n<a href=\"https:\/\/xn--schildkrten-yfb.de\/products\/universal-thermostat-ut300\" title=\"Bestellung Universal Thermostat UT300\" class=\"btn btn-primary btn-normal btn-inline \" target=\"_blank\"><i class=\"icon-shopping-cart\"><\/i>Bestellung Universal Thermostat UT300<\/a><!-- .btn --><div class=\"hr\"><\/div><!-- .hr (end) -->\n<p>Eine Einwinterung findet nur bei gesunden Tieren statt. Einige Wochen vor der Winterstarre sollte eine Kotprobe auf Parasiten untersucht werden.<\/p>\n<h3>Sommerruhe<\/h3>\n<div id=\"attachment_3479\" style=\"width: 910px\" class=\"wp-caption alignnone\"><a href=\"https:\/\/www.xn--landschildkrte-6pb.de\/haltung\/wp-content\/uploads\/2017\/08\/Steppenschildkr\u00f6te.jpg\"><img loading=\"lazy\" decoding=\"async\" aria-describedby=\"caption-attachment-3479\" class=\"size-full wp-image-3479\" src=\"https:\/\/www.xn--landschildkrte-6pb.de\/haltung\/wp-content\/uploads\/2017\/08\/Steppenschildkr\u00f6te.jpg\" alt=\"\" width=\"900\" height=\"675\" srcset=\"https:\/\/www.xn--landschildkrte-6pb.de\/haltung\/wp-content\/uploads\/2017\/08\/Steppenschildkr\u00f6te.jpg 900w, https:\/\/www.xn--landschildkrte-6pb.de\/haltung\/wp-content\/uploads\/2017\/08\/Steppenschildkr\u00f6te-300x225.jpg 300w, https:\/\/www.xn--landschildkrte-6pb.de\/haltung\/wp-content\/uploads\/2017\/08\/Steppenschildkr\u00f6te-768x576.jpg 768w, https:\/\/www.xn--landschildkrte-6pb.de\/haltung\/wp-content\/uploads\/2017\/08\/Steppenschildkr\u00f6te-200x150.jpg 200w\" sizes=\"auto, (max-width: 900px) 100vw, 900px\" \/><\/a><p id=\"caption-attachment-3479\" class=\"wp-caption-text\">Steppenschildkr\u00f6te<\/p><\/div>\n<p>Die Sommerruhe ist eine Besonderheit von <em>Testudo horsfieldii<\/em>! Auf diese Weise \u00fcberbr\u00fccken die Tiere in ihren Heimatbiotopen die hei\u00dfe und somit nahrungsarme Jahreszeit. In freier Natur geht diese Sommerruhe oft direkt in die Winterruhe \u00fcber. Bei unserer Haltung ist eine so lange Ruhezeit nicht zu empfehlen. Wenn Sie im Sommer wochenlang vergraben sind, sollte man sie ausgraben und ihnen zeigen dass eine Sommerruhe hier nicht notwendig ist. Am besten durch ein Angebot von <a href=\"https:\/\/www.xn--landschildkrte-6pb.de\/ernaehrung\/was-fressen-schildkroeten-ernaehrung-von-landschildkroeten\/\">frischem Gr\u00fcnfutter<\/a>.<\/p>\n<p>In ihrem nat\u00fcrlichen Habitat graben sie tiefe, bis zu einige Meter lange Wohnh\u00f6hlen.<\/p>\n<p><a href=\"https:\/\/www.xn--landschildkrte-6pb.de\/haltung\/wp-content\/uploads\/2017\/08\/Russische-Landschildkr\u00f6te.jpg\"><img loading=\"lazy\" decoding=\"async\" class=\"alignnone size-full wp-image-3498\" src=\"https:\/\/www.xn--landschildkrte-6pb.de\/haltung\/wp-content\/uploads\/2017\/08\/Russische-Landschildkr\u00f6te.jpg\" alt=\"\" width=\"1024\" height=\"683\" srcset=\"https:\/\/www.xn--landschildkrte-6pb.de\/haltung\/wp-content\/uploads\/2017\/08\/Russische-Landschildkr\u00f6te.jpg 1024w, https:\/\/www.xn--landschildkrte-6pb.de\/haltung\/wp-content\/uploads\/2017\/08\/Russische-Landschildkr\u00f6te-300x200.jpg 300w, https:\/\/www.xn--landschildkrte-6pb.de\/haltung\/wp-content\/uploads\/2017\/08\/Russische-Landschildkr\u00f6te-768x512.jpg 768w\" sizes=\"auto, (max-width: 1024px) 100vw, 1024px\" \/><\/a><br \/>\nEine Russische Landschildkr\u00f6te in ihrem Gehege. \u00a9 <a href=\"http:\/\/www.zierschildkroete.de\/\" target=\"_blank\" rel=\"noopener noreferrer\">Xaver Wapelhorst<\/a><\/p>\n<h3>Jungtiere und Nachzuchten<\/h3>\n<div id=\"attachment_9829\" style=\"width: 1352px\" class=\"wp-caption alignleft\"><img loading=\"lazy\" decoding=\"async\" aria-describedby=\"caption-attachment-9829\" class=\"size-full wp-image-9829\" src=\"https:\/\/www.xn--landschildkrte-6pb.de\/haltung\/wp-content\/uploads\/2020\/08\/Kleine-Nachzucht-der-Vierzehenschildkroete.jpg\" alt=\"Kleine Nachzucht der Vierzehenschildkr\u00f6te\" width=\"1342\" height=\"960\" srcset=\"https:\/\/www.xn--landschildkrte-6pb.de\/haltung\/wp-content\/uploads\/2020\/08\/Kleine-Nachzucht-der-Vierzehenschildkroete.jpg 1342w, https:\/\/www.xn--landschildkrte-6pb.de\/haltung\/wp-content\/uploads\/2020\/08\/Kleine-Nachzucht-der-Vierzehenschildkroete-300x215.jpg 300w, https:\/\/www.xn--landschildkrte-6pb.de\/haltung\/wp-content\/uploads\/2020\/08\/Kleine-Nachzucht-der-Vierzehenschildkroete-1024x733.jpg 1024w, https:\/\/www.xn--landschildkrte-6pb.de\/haltung\/wp-content\/uploads\/2020\/08\/Kleine-Nachzucht-der-Vierzehenschildkroete-768x549.jpg 768w\" sizes=\"auto, (max-width: 1342px) 100vw, 1342px\" \/><p id=\"caption-attachment-9829\" class=\"wp-caption-text\">Kleine Nachzucht der Vierzehenschildkr\u00f6te<\/p><\/div>\n<p>In den ersten 1-2 Jahren k\u00f6nnen die kleinen Nachzuchten noch im Terrarium gehalten werden, welches mit einem Sand-Erde-Gemisch (Mischverh\u00e4ltnis 2:1) ausgestattet ist. Der Boden sollte nie staubtrocken sein und daher regelm\u00e4\u00dfig leicht angefeuchtet werden.<\/p>\n<p>Beleuchtung und UV-Versorgung im Terrarium wird mit einer Bright Sun UV Desert (70 Watt) erreicht. Die Lampe sollte etwa 12 Stunden am Tag brennen.<\/p>\n<a href=\"https:\/\/www.xn--schildkrten-yfb.net\/produkt\/lucky-reptile-bright-sun-uv-desert-70-w-komplettset-metalldampflampe-inklusive-passende-fassung-und-vorschaltgeraet\/\" title=\"Bestellung Lucky Reptile Bright Sun UV Desert 70W\" class=\"btn btn-primary btn-normal btn-inline \" target=\"_blank\"><i class=\"icon-shopping-cart\"><\/i>Bestellung Lucky Reptile Bright Sun UV Desert 70W<\/a><!-- .btn --><div class=\"hr\"><\/div><!-- .hr (end) -->\n<p>Winterruhe: Die Steppenschildkr\u00f6te muss eine Winterstarre von 4-5 Monaten bei 2-5 \u00b0C Grad halten.<\/p>\n<a href=\"https:\/\/www.xn--landschildkrte-6pb.de\/winterstarre\/winterruhe-hibernation-griechische-landschildkroeten\/\" title=\"Mehr zur Winterstarre\" class=\"btn btn-primary btn-normal btn-inline \" target=\"_blank\"><i class=\"icon-arrow-right\"><\/i>Mehr zur Winterstarre<\/a><!-- .btn --><div class=\"hr\"><\/div><!-- .hr (end) -->\n<div id=\"attachment_9815\" style=\"width: 1034px\" class=\"wp-caption alignleft\"><img loading=\"lazy\" decoding=\"async\" aria-describedby=\"caption-attachment-9815\" class=\"wp-image-9815 size-full\" src=\"https:\/\/www.xn--landschildkrte-6pb.de\/haltung\/wp-content\/uploads\/2020\/08\/Nachzuchten-der-Vierzehenschildkroete.jpeg\" alt=\"Nachzuchten der Vierzehenschildkr\u00f6te\" width=\"1024\" height=\"768\" srcset=\"https:\/\/www.xn--landschildkrte-6pb.de\/haltung\/wp-content\/uploads\/2020\/08\/Nachzuchten-der-Vierzehenschildkroete.jpeg 1024w, https:\/\/www.xn--landschildkrte-6pb.de\/haltung\/wp-content\/uploads\/2020\/08\/Nachzuchten-der-Vierzehenschildkroete-300x225.jpeg 300w, https:\/\/www.xn--landschildkrte-6pb.de\/haltung\/wp-content\/uploads\/2020\/08\/Nachzuchten-der-Vierzehenschildkroete-768x576.jpeg 768w, https:\/\/www.xn--landschildkrte-6pb.de\/haltung\/wp-content\/uploads\/2020\/08\/Nachzuchten-der-Vierzehenschildkroete-200x150.jpeg 200w\" sizes=\"auto, (max-width: 1024px) 100vw, 1024px\" \/><p id=\"caption-attachment-9815\" class=\"wp-caption-text\">Nachzuchten der Vierzehenschildkr\u00f6te<\/p><\/div>\n<h2><\/h2>\n<h2><\/h2>\n<h2><\/h2>\n<h2><\/h2>\n<h2><\/h2>\n<h2><\/h2>\n<h2><\/h2>\n<h2>Es gibt 4 Unterarten<\/h2>\n<ul>\n<li><em>Agrionemys horsfieldii baluchiorum<\/em> (Baluchische Vierzehenschildkr\u00f6te): Vorkommen in Baluchistan<\/li>\n<li><em>Testudo horsfieldii horsfieldii<\/em> (Afghanische Vierzehenschildkr\u00f6te): Armenien, Azerbaijan, Kyrgyzstan, Tajikistan, Iran, Afghanistan, Pakistan bis ins westliche Xingiang, China<\/li>\n<li><em>Testudo horsfieldii kazachstanica<\/em> (Kasachische Vierzehenschildkr\u00f6te): Kasachstan, Uzbekistan und Turkmenistan<\/li>\n<li><em>Testudo horsfieldii rustamovi<\/em> (Turkmenische Vierzehenschildkr\u00f6te): Kopet-Dag im S\u00fcdwesten Turkmenistans<\/li>\n<\/ul>\n<\/div>\n","protected":false},"excerpt":{"rendered":"","protected":false},"author":1,"featured_media":2915,"parent":0,"menu_order":0,"comment_status":"closed","ping_status":"closed","template":"","meta":{"_exactmetrics_skip_tracking":false,"_exactmetrics_sitenote_active":false,"_exactmetrics_sitenote_note":"","_exactmetrics_sitenote_category":0,"footnotes":""},"class_list":["post-2914","page","type-page","status-publish","has-post-thumbnail","hentry"],"aioseo_notices":[],"publishpress_future_action":{"enabled":false,"date":"2026-05-11 09:07:41","action":"change-status","newStatus":"draft","terms":[],"taxonomy":"","extraData":[]},"publishpress_future_workflow_manual_trigger":{"enabledWorkflows":[]},"_links":{"self":[{"href":"https:\/\/www.xn--landschildkrte-6pb.de\/haltung\/wp-json\/wp\/v2\/pages\/2914","targetHints":{"allow":["GET"]}}],"collection":[{"href":"https:\/\/www.xn--landschildkrte-6pb.de\/haltung\/wp-json\/wp\/v2\/pages"}],"about":[{"href":"https:\/\/www.xn--landschildkrte-6pb.de\/haltung\/wp-json\/wp\/v2\/types\/page"}],"author":[{"embeddable":true,"href":"https:\/\/www.xn--landschildkrte-6pb.de\/haltung\/wp-json\/wp\/v2\/users\/1"}],"replies":[{"embeddable":true,"href":"https:\/\/www.xn--landschildkrte-6pb.de\/haltung\/wp-json\/wp\/v2\/comments?post=2914"}],"version-history":[{"count":31,"href":"https:\/\/www.xn--landschildkrte-6pb.de\/haltung\/wp-json\/wp\/v2\/pages\/2914\/revisions"}],"predecessor-version":[{"id":18635,"href":"https:\/\/www.xn--landschildkrte-6pb.de\/haltung\/wp-json\/wp\/v2\/pages\/2914\/revisions\/18635"}],"wp:featuredmedia":[{"embeddable":true,"href":"https:\/\/www.xn--landschildkrte-6pb.de\/haltung\/wp-json\/wp\/v2\/media\/2915"}],"wp:attachment":[{"href":"https:\/\/www.xn--landschildkrte-6pb.de\/haltung\/wp-json\/wp\/v2\/media?parent=2914"}],"curies":[{"name":"wp","href":"https:\/\/api.w.org\/{rel}","templated":true}]}}