{"id":2946,"date":"2017-08-15T17:19:53","date_gmt":"2017-08-15T17:19:53","guid":{"rendered":"http:\/\/www.landschildkroeten.de\/haltung\/?page_id=2946"},"modified":"2017-11-07T09:47:45","modified_gmt":"2017-11-07T09:47:45","slug":"maurische-landschildkroete-testudo-graeca","status":"publish","type":"page","link":"https:\/\/www.xn--landschildkrte-6pb.de\/haltung\/maurische-landschildkroete-testudo-graeca\/","title":{"rendered":"Maurische Landschildkr\u00f6te &#8211; Testudo graeca"},"content":{"rendered":"<div class=\"extra-wrap block_7\">\nAusgewachsene Maurische Landschildkr\u00f6ten der Unterart <em>Testudo graeca ibera<\/em> werden bis zu 35 cm gro\u00df und wiegen teilweise mehr als 5 Kilogramm.<br \/>\n<a href=\"https:\/\/www.xn--landschildkrte-6pb.de\/haltung\/wp-content\/uploads\/2017\/08\/Testudo-graeca-ibera-Maurische-Landschildkr\u00f6te.jpg\"><img loading=\"lazy\" decoding=\"async\" src=\"https:\/\/www.xn--landschildkrte-6pb.de\/haltung\/wp-content\/uploads\/2017\/08\/Testudo-graeca-ibera-Maurische-Landschildkr\u00f6te.jpg\" alt=\"\" width=\"800\" height=\"600\" class=\"alignnone size-full wp-image-2947\" srcset=\"https:\/\/www.xn--landschildkrte-6pb.de\/haltung\/wp-content\/uploads\/2017\/08\/Testudo-graeca-ibera-Maurische-Landschildkr\u00f6te.jpg 800w, https:\/\/www.xn--landschildkrte-6pb.de\/haltung\/wp-content\/uploads\/2017\/08\/Testudo-graeca-ibera-Maurische-Landschildkr\u00f6te-300x225.jpg 300w, https:\/\/www.xn--landschildkrte-6pb.de\/haltung\/wp-content\/uploads\/2017\/08\/Testudo-graeca-ibera-Maurische-Landschildkr\u00f6te-768x576.jpg 768w, https:\/\/www.xn--landschildkrte-6pb.de\/haltung\/wp-content\/uploads\/2017\/08\/Testudo-graeca-ibera-Maurische-Landschildkr\u00f6te-200x150.jpg 200w\" sizes=\"auto, (max-width: 800px) 100vw, 800px\" \/><\/a><\/p>\n<h3>Verbreitungsgebiet<\/h3>\n<p>Die Maurische Landschildkr\u00f6te hat ein wahnsinnig gro\u00dfes Verbreitungsgebiet (\u00fcber 6000 Kilometer in Ostwest-Richtung), weshalb man die Unterarten bez\u00fcglich <a href=\"https:\/\/www.xn--landschildkrte-6pb.de\/haltung\/winterstarre\/winterruhe-hibernation-griechische-landschildkroeten\/\">Winterstarre<\/a> niemals in einen Topf werfen darf. Klar ist, dass Tiere aus Marokko keine Winterstarre halten d\u00fcrfen im Gegensatz zu Schildkr\u00f6ten aus der T\u00fcrkei. Man muss sich also informieren, welche Unterart man genau hat, wie die winterlichen Temperaturen in diesem Land sind und diese so gut es geht nachstellen.<\/p>\n<h3>Artmerkmale<\/h3>\n<p>Testudo graeca, Artmerkmal: grobe, \u00fcberlappende Schuppen an der Au\u00dfenseite der Vorderbeine:<br \/>\n<a href=\"https:\/\/www.xn--landschildkrte-6pb.de\/haltung\/wp-content\/uploads\/2017\/08\/Testudo-graeca-Schuppen-Vorderbeine.jpg\"><img loading=\"lazy\" decoding=\"async\" src=\"https:\/\/www.xn--landschildkrte-6pb.de\/haltung\/wp-content\/uploads\/2017\/08\/Testudo-graeca-Schuppen-Vorderbeine.jpg\" alt=\"\" width=\"533\" height=\"438\" class=\"alignnone size-full wp-image-2948\" srcset=\"https:\/\/www.xn--landschildkrte-6pb.de\/haltung\/wp-content\/uploads\/2017\/08\/Testudo-graeca-Schuppen-Vorderbeine.jpg 533w, https:\/\/www.xn--landschildkrte-6pb.de\/haltung\/wp-content\/uploads\/2017\/08\/Testudo-graeca-Schuppen-Vorderbeine-300x247.jpg 300w\" sizes=\"auto, (max-width: 533px) 100vw, 533px\" \/><\/a><br \/>\n<em>Foto: E. Kr\u00fcger<\/em><\/p>\n<p>Weiteres Artmerkmal: Oberschenkelsporne dieses Testudo graeca ibera Weibchen:<br \/>\n<a href=\"https:\/\/www.xn--landschildkrte-6pb.de\/haltung\/wp-content\/uploads\/2017\/08\/Oberschenkelsporne-Testudo-graeca-ibera-Weibchen.jpg\"><img loading=\"lazy\" decoding=\"async\" src=\"https:\/\/www.xn--landschildkrte-6pb.de\/haltung\/wp-content\/uploads\/2017\/08\/Oberschenkelsporne-Testudo-graeca-ibera-Weibchen.jpg\" alt=\"\" width=\"750\" height=\"518\" class=\"alignnone size-full wp-image-2949\" srcset=\"https:\/\/www.xn--landschildkrte-6pb.de\/haltung\/wp-content\/uploads\/2017\/08\/Oberschenkelsporne-Testudo-graeca-ibera-Weibchen.jpg 750w, https:\/\/www.xn--landschildkrte-6pb.de\/haltung\/wp-content\/uploads\/2017\/08\/Oberschenkelsporne-Testudo-graeca-ibera-Weibchen-300x207.jpg 300w\" sizes=\"auto, (max-width: 750px) 100vw, 750px\" \/><\/a><br \/>\n<em>Foto: Richard Mayer<\/em><\/p>\n<h3>Schwanzschild<\/h3>\n<p>Der Schwanzschild bei der Maurischen Landschildkr\u00f6te ist im Gegensatz zur <em><a href=\"https:\/\/www.xn--landschildkrte-6pb.de\/haltung\/arten\/griechische-landschildkroete-testudo-hermanni\/\">Griechischen Landschildkr\u00f6te<\/a><\/em> in der Regel ungeteilt. <em>Testudo graeca <\/em>weist auch keinen Schwanznagel auf wie zu <em>Testudo hermanni.<\/em> Daf\u00fcr besitzt sie zwischen Schwanz und Hinterbeinen jeweils einen Hornkegel.<br \/>\n<\/div>\n","protected":false},"excerpt":{"rendered":"","protected":false},"author":1,"featured_media":2947,"parent":0,"menu_order":0,"comment_status":"closed","ping_status":"closed","template":"","meta":{"_exactmetrics_skip_tracking":false,"_exactmetrics_sitenote_active":false,"_exactmetrics_sitenote_note":"","_exactmetrics_sitenote_category":0,"footnotes":""},"class_list":["post-2946","page","type-page","status-publish","has-post-thumbnail","hentry"],"aioseo_notices":[],"publishpress_future_action":{"enabled":false,"date":"2026-04-18 08:12:35","action":"change-status","newStatus":"draft","terms":[],"taxonomy":"","extraData":[]},"publishpress_future_workflow_manual_trigger":{"enabledWorkflows":[]},"_links":{"self":[{"href":"https:\/\/www.xn--landschildkrte-6pb.de\/haltung\/wp-json\/wp\/v2\/pages\/2946","targetHints":{"allow":["GET"]}}],"collection":[{"href":"https:\/\/www.xn--landschildkrte-6pb.de\/haltung\/wp-json\/wp\/v2\/pages"}],"about":[{"href":"https:\/\/www.xn--landschildkrte-6pb.de\/haltung\/wp-json\/wp\/v2\/types\/page"}],"author":[{"embeddable":true,"href":"https:\/\/www.xn--landschildkrte-6pb.de\/haltung\/wp-json\/wp\/v2\/users\/1"}],"replies":[{"embeddable":true,"href":"https:\/\/www.xn--landschildkrte-6pb.de\/haltung\/wp-json\/wp\/v2\/comments?post=2946"}],"version-history":[{"count":8,"href":"https:\/\/www.xn--landschildkrte-6pb.de\/haltung\/wp-json\/wp\/v2\/pages\/2946\/revisions"}],"predecessor-version":[{"id":5152,"href":"https:\/\/www.xn--landschildkrte-6pb.de\/haltung\/wp-json\/wp\/v2\/pages\/2946\/revisions\/5152"}],"wp:featuredmedia":[{"embeddable":true,"href":"https:\/\/www.xn--landschildkrte-6pb.de\/haltung\/wp-json\/wp\/v2\/media\/2947"}],"wp:attachment":[{"href":"https:\/\/www.xn--landschildkrte-6pb.de\/haltung\/wp-json\/wp\/v2\/media?parent=2946"}],"curies":[{"name":"wp","href":"https:\/\/api.w.org\/{rel}","templated":true}]}}