{"id":2984,"date":"2017-08-16T07:12:37","date_gmt":"2017-08-16T07:12:37","guid":{"rendered":"http:\/\/www.landschildkroeten.de\/haltung\/?page_id=2984"},"modified":"2023-08-29T17:48:25","modified_gmt":"2023-08-29T17:48:25","slug":"eu-bescheinigung-fotodokumentation-vormals-cites","status":"publish","type":"page","link":"https:\/\/www.xn--landschildkrte-6pb.de\/haltung\/eu-bescheinigung-fotodokumentation-vormals-cites\/","title":{"rendered":"EU-Bescheinigung, Fotodokumentation (vormals CITES)"},"content":{"rendered":"<div class=\"extra-wrap block_7\">\n<a href=\"https:\/\/www.xn--landschildkrte-6pb.de\/haltung\/wp-content\/uploads\/2017\/08\/eu-bescheinigung-fotodokumentation.jpg\"><img loading=\"lazy\" decoding=\"async\" class=\"alignnone size-full wp-image-2985\" src=\"https:\/\/www.xn--landschildkrte-6pb.de\/haltung\/wp-content\/uploads\/2017\/08\/eu-bescheinigung-fotodokumentation.jpg\" alt=\"\" width=\"837\" height=\"1150\" srcset=\"https:\/\/www.xn--landschildkrte-6pb.de\/haltung\/wp-content\/uploads\/2017\/08\/eu-bescheinigung-fotodokumentation.jpg 837w, https:\/\/www.xn--landschildkrte-6pb.de\/haltung\/wp-content\/uploads\/2017\/08\/eu-bescheinigung-fotodokumentation-218x300.jpg 218w, https:\/\/www.xn--landschildkrte-6pb.de\/haltung\/wp-content\/uploads\/2017\/08\/eu-bescheinigung-fotodokumentation-768x1055.jpg 768w, https:\/\/www.xn--landschildkrte-6pb.de\/haltung\/wp-content\/uploads\/2017\/08\/eu-bescheinigung-fotodokumentation-745x1024.jpg 745w\" sizes=\"auto, (max-width: 837px) 100vw, 837px\" \/><\/a><br \/>\nEurop\u00e4ische Landschildkr\u00f6ten (Testudo spec., d.h. <a href=\"https:\/\/www.xn--landschildkrte-6pb.de\/arten\/griechische-landschildkroete-testudo-hermanni\/\">Griechische<\/a>, <a href=\"https:\/\/www.xn--landschildkrte-6pb.de\/haltung\/vierzehenschildkroete-testudo-horsfieldii\/\">Vierzehen<\/a>, <a href=\"https:\/\/www.xn--landschildkrte-6pb.de\/maurische-landschildkroete-testudo-graeca\/\">Maurische<\/a>\u00a0und <a href=\"https:\/\/www.xn--landschildkrte-6pb.de\/breitrandschildkroete-testudo-marginata\/\">Breitrandschildkr\u00f6ten<\/a>) fallen seit 1976 unter das Washingtoner Artenschutz\u00fcbereinkommen. Dieses regelt den Handel von gesch\u00fctzten, d.h. gef\u00e4hrdeten\/bedrohten Arten. Den Schutzgrad unterteilt man in vier Anh\u00e4nge (A bis D). Die Europ\u00e4ischen Landschildkr\u00f6ten geh\u00f6ren dem Schutzstatus A an.<\/p>\n<h2>H\u00e4ufig gestellte Fragen \u00fcber Rechtliches zur Schildkr\u00f6tenhaltung<\/h2>\n<h3>Welche Schildkr\u00f6ten darf man in Deutschland halten?<\/h3>\n<p>Alle europ\u00e4ischen Landschildkr\u00f6ten, sind durch das <strong>Washingtoner Artenschutzabkommen gesch\u00fctzt<\/strong> und unterliegen einer Kennzeichnungs- und Meldepflicht. Der rechtm\u00e4\u00dfige Erwerb sowie die Herkunft der Schildkr\u00f6ten muss nachweisbar sein.<\/p>\n<h3>Welche Schildkr\u00f6ten sind meldepflichtig?<\/h3>\n<p>Schildkr\u00f6ten sind <strong>grunds\u00e4tzlich meldepflichtig<\/strong>. Die zust\u00e4ndige Beh\u00f6rde muss dar\u00fcber informiert sein, welche Schildkr\u00f6ten Sie in Ihrem Bestand haben. Schildkr\u00f6tenarten des Schutzstatus A sind am meisten gesch\u00fctzt. Ohne eine Genehmigung der zust\u00e4ndigen Beh\u00f6rde d\u00fcrfen Schildkr\u00f6ten nicht gehalten werden.<\/p>\n<h3>Ist eine Fotodokumentation bei Schildkr\u00f6ten notwendig?<\/h3>\n<p>Ja, vom <a href=\"https:\/\/www.xn--landschildkrte-6pb.de\/schildkroetenpanzer\/\">Bauch- und R\u00fcckenpanzer<\/a> der Schildkr\u00f6ten muss bei adulten Tieren alle <strong>5 Jahre ein Foto gemacht und dokumentiert<\/strong> werden. Bauch- und R\u00fcckenpanzer von Jungtieren m\u00fcssen j\u00e4hrlich fotografiert und dokumentiert werden.<\/p>\n<p><script type=\"application\/ld+json\">{\"@context\":\"https:\/\/schema.org\",\"@type\":\"FAQPage\",\"mainEntity\":[{\"@type\":\"Question\",\"name\":\"Welche Schildkr\u00f6ten darf man in Deutschland halten?\",\"acceptedAnswer\":{\"@type\":\"Answer\",\"text\":\"<\/p>\n<p>Alle europ\u00e4ischen Landschildkr\u00f6ten, ausgenommen die <a href=\\\"https:\/\/www.xn--landschildkrte-6pb.de\/vierzehenschildkroete-testudo-horsfieldii\/\\\">Vierzehen-Schildkr\u00f6te<\/a>, sind durch das <strong>Washingtoner Artenschutzabkommen gesch\u00fctzt<\/strong> und unterliegen einer Kennzeichnungs- und Meldepflicht. Der rechtm\u00e4\u00dfige Erwerb sowie die Herkunft der Schildkr\u00f6ten muss nachweisbar sein.<\/p>\n<p>\"}},{\"@type\":\"Question\",\"name\":\"Welche Schildkr\u00f6ten sind meldepflichtig?\",\"acceptedAnswer\":{\"@type\":\"Answer\",\"text\":\"<\/p>\n<p>Schildkr\u00f6ten sind <strong>grunds\u00e4tzlich meldepflichtig<\/strong>. Die zust\u00e4ndige Beh\u00f6rde muss dar\u00fcber informiert sein, welche Schildkr\u00f6ten Sie in Ihrem Bestand haben. Schildkr\u00f6tenarten des Schutzstatus A sind am meisten gesch\u00fctzt. Ohne eine Genehmigung der zust\u00e4ndigen Beh\u00f6rde d\u00fcrfen Schildkr\u00f6ten nicht gehalten werden.<\/p>\n<p>\"}},{\"@type\":\"Question\",\"name\":\"Ist eine Fotodokumentation bei Schildkr\u00f6ten notwendig?\",\"acceptedAnswer\":{\"@type\":\"Answer\",\"text\":\"<\/p>\n<p>Ja, vom <a href=\\\"https:\/\/www.xn--landschildkrte-6pb.de\/schildkroetenpanzer\/\\\">Bauch- und R\u00fcckenpanzer<\/a> der Schildkr\u00f6ten muss bei adulten Tieren alle <strong>5 Jahre ein Foto gemacht und dokumentiert<\/strong> werden. Bauch- und R\u00fcckenpanzer von Jungtieren m\u00fcssen j\u00e4hrlich fotografiert und dokumentiert werden.<\/p>\n<p>\"}}]}<\/script><\/p>\n<h3>Meldepflicht<\/h3>\n<p>Es besteht also eine <strong>Meldepflicht<\/strong>: Jeder Zu- und Abgang von Europ\u00e4ischen Landschildkr\u00f6ten muss der zust\u00e4ndigen Beh\u00f6rde unverz\u00fcglich schriftlich gemeldet werden. F\u00fcr den Verkauf von Nachzuchten erh\u00e4lt ein <a href=\"https:\/\/www.xn--landschildkrte-6pb.de\/zuechter\/schildkroetenzuechter\/\">Z\u00fcchter<\/a> seit 1998 die gelbe EU-Bescheinigung (fr\u00fcher Cites). Diese muss dem K\u00e4ufer inklusive einer Fotodokumentation des Tieres ausgeh\u00e4ndigt werden.<br \/>\n<\/div>\n","protected":false},"excerpt":{"rendered":"","protected":false},"author":1,"featured_media":0,"parent":0,"menu_order":0,"comment_status":"closed","ping_status":"closed","template":"","meta":{"_exactmetrics_skip_tracking":false,"_exactmetrics_sitenote_active":false,"_exactmetrics_sitenote_note":"","_exactmetrics_sitenote_category":0,"footnotes":""},"class_list":["post-2984","page","type-page","status-publish","hentry"],"aioseo_notices":[],"publishpress_future_action":{"enabled":false,"date":"2026-04-18 08:12:35","action":"change-status","newStatus":"draft","terms":[],"taxonomy":"","extraData":[]},"publishpress_future_workflow_manual_trigger":{"enabledWorkflows":[]},"_links":{"self":[{"href":"https:\/\/www.xn--landschildkrte-6pb.de\/haltung\/wp-json\/wp\/v2\/pages\/2984","targetHints":{"allow":["GET"]}}],"collection":[{"href":"https:\/\/www.xn--landschildkrte-6pb.de\/haltung\/wp-json\/wp\/v2\/pages"}],"about":[{"href":"https:\/\/www.xn--landschildkrte-6pb.de\/haltung\/wp-json\/wp\/v2\/types\/page"}],"author":[{"embeddable":true,"href":"https:\/\/www.xn--landschildkrte-6pb.de\/haltung\/wp-json\/wp\/v2\/users\/1"}],"replies":[{"embeddable":true,"href":"https:\/\/www.xn--landschildkrte-6pb.de\/haltung\/wp-json\/wp\/v2\/comments?post=2984"}],"version-history":[{"count":9,"href":"https:\/\/www.xn--landschildkrte-6pb.de\/haltung\/wp-json\/wp\/v2\/pages\/2984\/revisions"}],"predecessor-version":[{"id":21002,"href":"https:\/\/www.xn--landschildkrte-6pb.de\/haltung\/wp-json\/wp\/v2\/pages\/2984\/revisions\/21002"}],"wp:attachment":[{"href":"https:\/\/www.xn--landschildkrte-6pb.de\/haltung\/wp-json\/wp\/v2\/media?parent=2984"}],"curies":[{"name":"wp","href":"https:\/\/api.w.org\/{rel}","templated":true}]}}