{"id":2990,"date":"2017-08-16T07:35:57","date_gmt":"2017-08-16T07:35:57","guid":{"rendered":"http:\/\/www.landschildkroeten.de\/haltung\/?page_id=2990"},"modified":"2023-03-01T18:07:42","modified_gmt":"2023-03-01T18:07:42","slug":"agrobs","status":"publish","type":"page","link":"https:\/\/www.xn--landschildkrte-6pb.de\/haltung\/agrobs\/","title":{"rendered":"Agrobs"},"content":{"rendered":"\n<div class=\"extra-wrap block_7\">\n\n\n\n<p>Das Agrobs <strong><u>PRE ALPIN\u00ae Testudo<\/u><\/strong> ist ein sehr eiwei\u00dfarmes Futter. Es enth\u00e4lt proteinarme und rohfaserreiche Gr\u00e4ser. Dadurch ist eine optimale Rohfaserversorgung gegeben, die f\u00fcr die Aufrechterhaltung einer gesunden Darmflora sorgt:w<br><a href=\"https:\/\/www.xn--schildkrten-yfb.de\/products\/agrobs-testudo-original-500\" title=\"Agrobs \u2013 Pre Alpin Testudo bestellen\" class=\"btn btn-primary btn-normal btn-inline \" target=\"_blank\"><i class=\"icon-shopping-cart\"><\/i>Agrobs \u2013 Pre Alpin Testudo bestellen<\/a><!-- .btn --><div class=\"hr\"><\/div><!-- .hr (end) -->\n\n\n\n<p>Aber nicht nur f\u00fcr die Griechische Landschildkr\u00f6te (<em>Testudo hermanni<\/em>), sondern gerade auch f\u00fcr die Russische Landschildkr\u00f6ten (<em>Testudo horsfieldii<\/em>) ist ein hoher Rohfasergehalt im Futter aufgrund ihres - im Sommer extrem trockenen - nat\u00fcrlichen Habitates <strong>besonders wichtig<\/strong> und sehr zu empfehlen.<img loading=\"lazy\" decoding=\"async\" src=\"https:\/\/www.xn--landschildkrte-6pb.de\/haltung\/wp-content\/uploads\/2017\/08\/Agrobs-Landschildkr\u00f6tenfutter.jpg\" alt=\"\" width=\"3264\" height=\"1836\"><br>Agrobs (Heupellets) bietet im Gegensatz zu fast allen \"Fertigfuttern\" ein f\u00fcr Landschildkr\u00f6ten ideales Calcium - Phosphor - Verh\u00e4ltnis und eignet sich somit hervorragend als <strong>Erg\u00e4nzungsfutter zu frischem Gr\u00fcn<\/strong>, was aber immer Hauptnahrung sein sollte! Die F\u00fctterung sollte sich immer nach der Ern\u00e4hrung im nat\u00fcrlichen Lebensraum richten. Dort ist es so, dass im Fr\u00fchjahr der Gehalt an Rohfasern in den jungen, saftigen Pflanzen relativ niedrig und der Eiwei\u00dfgehalt hoch ist. Dies kehrt sich im Laufe des Sommers um und die Futterpflanzen altern, wodurch der <strong>Rohfasergehalt<\/strong> deutlich zunimmt, w\u00e4hrend der Eiwei\u00dfgehalt gleichzeitig stark absinkt. Deshalb empfehle ich besonders im Hochsommer (Mitte August), bevor die \u00dcbergangszeit in den Herbst beginnt, die F\u00fctterung von Agrobs. Durch die <strong>verringerte Eiwei\u00dfzufuhr<\/strong> werden besonders die <strong>Leber<\/strong> und die <strong>Nieren<\/strong> der Schildkr\u00f6ten <strong>entlastet<\/strong>.<\/p>\n\n\n\n<h2 class=\"wp-block-heading\">H\u00e4ufige Fragen zum Thema Agrobs f\u00fcr Schildkr\u00f6ten<\/h2>\n\n\n\n<h3 class=\"wp-block-heading\">Welche AGROBS Testudo-Sorten f\u00fcr Schildkr\u00f6ten gibt es?<\/h3>\n\n\n\n<p>Es gibt vier verschiedene Sorten von Agrobs f\u00fcr Landschildkr\u00f6ten:<br><\/p>\n\n\n\n<ol class=\"wp-block-list\">\n<li><a href=\"https:\/\/www.schildkr\u00f6ten.de\/products\/agrobs-testudo-original-500\/\" target=\"_blank\" rel=\"noreferrer noopener\">Agrobs \u2013 Pre Alpin Testudo Original 500 g<\/a>. Gesamtbewertung: <strong>98,33%<\/strong><\/li>\n\n\n\n<li><a href=\"https:\/\/www.schildkr\u00f6ten.de\/products\/agrobs-testudo-herbs-500\" target=\"_blank\" rel=\"noreferrer noopener\">Pre Alpin Testudo Herbs 500 g<\/a>. Gesamtbewertung: <strong>98%<\/strong><\/li>\n\n\n\n<li><a href=\"https:\/\/www.schildkr\u00f6ten.de\/products\/agrobs-testudo-baby-300\" target=\"_blank\" rel=\"noreferrer noopener\">Agrobs Testudo Baby 300 gr.<\/a>. Gesamtbewertung: <strong>87%<\/strong><\/li>\n\n\n\n<li><a href=\"https:\/\/www.schildkr\u00f6ten.de\/products\/agrobs-testudo-fibre-250\" target=\"_blank\" rel=\"noreferrer noopener\">Agrobs Pre Alpin Testudo Fibre 250 g<\/a>. Gesamtbewertung: <strong>85%<\/strong><\/li>\n<\/ol>\n\n\n\n<p>Die <strong>Gesamtbewertung<\/strong> basiert auf der pers\u00f6nlichen Beurteilung des Schildkr\u00f6tenshops Schildkr\u00f6ten.de nach <strong>Qualit\u00e4t<\/strong>, der <strong>Gesundheit<\/strong> f\u00fcr Schildkr\u00f6ten und der <strong>Akzeptanz<\/strong> bei Landschildkr\u00f6ten.<br><br><a href=\"https:\/\/www.schildkr\u00f6ten.de\/collections\/grundfutter-landschildkroeten\" target=\"_blank\" rel=\"noreferrer noopener\">Alle AGROBS-Sorten im \u00dcberblick<\/a><\/p>\n\n\n\n<h3 class=\"wp-block-heading\">Was genau ist AGROBS?<\/h3>\n\n\n\n<p>Agrobs Testudo ist ein sehr gutes, den nat\u00fcrlichen Lebensr\u00e4umen der Schildkr\u00f6ten, angepasstes Futter f\u00fcr den Hochsommer, welches ein <strong>ideales Calcium-Phosphor-Verh\u00e4ltnis<\/strong> f\u00fcr Landschildkr\u00f6ten aufweist.<\/p>\n\n\n\n<h3 class=\"wp-block-heading\">Ist AGROBS gesund f\u00fcr Schildkr\u00f6ten?<\/h3>\n\n\n\n<p>Agrobs Testudo ist ein <strong>eiwei\u00dfarmes und rohfaserreiches<\/strong> Futter f\u00fcr alle Landschildkr\u00f6ten. Es f\u00f6rdert die Entschlackung des K\u00f6rpers und bietet eine, an die nat\u00fcrlichen Lebensr\u00e4ume der Landschildkr\u00f6ten, angepasste Ern\u00e4hrung und sorgt so f\u00fcr die Aufrechterhaltung einer gesunden Darmflora.<\/p>\n\n\n\n<h3 class=\"wp-block-heading\">Was sind die Inhaltsstoffe von Agrobs \u2013 Pre Alpin Testudo Original?<\/h3>\n\n\n\n<p>Im Produkt sind neben den folgenden aufgez\u00e4hlten (und analysierten) Mineralien auch andere Vitamine und Mineralien enthalten, die aber nicht analysiert wurden:<br><\/p>\n\n\n\n<ol class=\"wp-block-list\">\n<li>Trockensubstanz 92,0%<\/li>\n\n\n\n<li>Rohfaser 29,6%<\/li>\n\n\n\n<li>Rohprotein 5,2%<\/li>\n\n\n\n<li>Rohfett 2,1%<\/li>\n\n\n\n<li>Rohasche 5,4%<\/li>\n\n\n\n<li>Calcium 0,5%<\/li>\n\n\n\n<li>Phosphor 0,24%<\/li>\n\n\n\n<li>Kupfer 3,8 mg\/kg<\/li>\n\n\n\n<li>Eisen 245 mg\/kg<\/li>\n\n\n\n<li>Mangan 26 mg\/Kg<\/li>\n\n\n\n<li>Zink 20 mg\/kg<\/li>\n\n\n\n<li>Carotin 19 mg\/kg<\/li>\n<\/ol>\n\n\n\n<p><br>Die Angaben sind Durchschnittswerte. Geringe, naturbedingte Abweichungen sind m\u00f6glich.<\/p>\n\n\n\n<h3 class=\"wp-block-heading\">Welchen Schildkr\u00f6ten f\u00fcttert man Agrobs Testudo Baby?<\/h3>\n\n\n\n<p>Agrobs Testudo Baby ist ein ideales Erg\u00e4nzungsfutter f\u00fcr alle <strong>Baby-Landschildkr\u00f6ten<\/strong> und Landschildkr\u00f6ten <strong>bis zu einem Gewicht von 200 Gramm<\/strong>. Durch die feinen Bestandteile und die extra kurze Faserl\u00e4nge gelingt es Ihnen Ihre Babyschildkr\u00f6te und auch Jungtiere bis zu einem Gewicht von 200g, mit ausreichend Ballast- und Vitalstoffen zu versorgen.<br><a href=\"https:\/\/www.xn--schildkrten-yfb.de\/products\/agrobs-testudo-baby-300\" target=\"_blank\" rel=\"noreferrer noopener\">Agrobs Testudo Baby anzeigen<\/a><\/p>\n\n\n\n<h3 class=\"wp-block-heading\">Wie wird Agrobs gef\u00fcttert?<\/h3>\n\n\n\n<p>Gef\u00fcttert wird, indem die Heucobs ein paar Minuten <strong>vor dem F\u00fcttern angefeuchtet<\/strong> werden. Nach kurzer Gew\u00f6hnungsphase wird das Agrobs von fast allen Landschildkr\u00f6ten gerne gefressen. Besonders adulte Tiere fressen es gerne.<\/p>\n\n\n\n<h3 class=\"wp-block-heading\">Deine Schildkr\u00f6ten m\u00f6gen kein Agrobs oder ignorieren es?<\/h3>\n\n\n\n<p>Zur Eingew\u00f6hnung kann man beispielsweise L\u00f6wenzahn klein schneiden und aufgeweichte Agrobs Pellets darunter mischen. Den Anteil der Pellets kann man dann langsam steigern. Funktioniert das nicht, kann man es noch mit geraspelten Karotten und ausnahmsweise auch Erdbeeren probieren.<\/p>\n\n\n\n<h3 class=\"wp-block-heading\">Kurz\u00fcbersicht und Bestellm\u00f6glichkeit der Agrobs-Produkte<\/h3>\n\n\n\n<figure class=\"wp-block-table is-style-stripes\"><table><tbody><tr><td>&nbsp;<\/td><td><strong>Name<\/strong><\/td><td><strong>Beschreibung<\/strong><\/td><td><strong>Bestellung<\/strong><\/td><\/tr><tr><td><a href=\"https:\/\/www.xn--schildkrten-yfb.de\/products\/agrobs-testudo-original-500\" target=\"_blank\" rel=\"noreferrer noopener\"><\/a><\/td><td>Testudo Original<\/td><td>Ein besonders eiwei\u00dfarmes, rohfaserreiches Futter f\u00fcr alle Landschildkr\u00f6ten<\/td><td><a href=\"https:\/\/www.xn--schildkrten-yfb.de\/products\/agrobs-testudo-original-500\" title=\"bestellen\" class=\"btn btn-primary btn-normal btn-inline \" target=\"_blank\"><i class=\"icon-shopping-cart\"><\/i>bestellen<\/a><!-- .btn --><\/td><\/tr><tr><td><a href=\"https:\/\/www.amazon.de\/exec\/obidos\/ASIN\/B00VBTVYOK\/landschildksu-21\" target=\"_blank\" rel=\"noreferrer noopener\"><\/a><\/td><td>Testudo Baby<\/td><td>Das optimale Futter f\u00fcr alle kleinen Landschildkr\u00f6ten bis etwa 200 Gramm.<\/td><td><a href=\"https:\/\/www.schildkr\u00f6ten.de\/products\/agrobs-testudo-baby-300\" title=\"bestellen\" class=\"btn btn-primary btn-normal btn-inline \" target=\"_blank\"><i class=\"icon-shopping-cart\"><\/i>bestellen<\/a><!-- .btn --><\/td><\/tr><tr><td><a href=\"https:\/\/www.amazon.de\/exec\/obidos\/ASIN\/B00OTH8DZE\/landschildksu-21\" target=\"_blank\" rel=\"noreferrer noopener\"><\/a><\/td><td>Testudo Fibre<\/td><td>Das Testudo Fibre m\u00f6gen meine Schildkr\u00f6ten am liebsten. Es beinhaltet eine an die nat\u00fcrlichen Lebensr\u00e4ume der Landschildkr\u00f6ten angepasste Futterpflanzen und gew\u00e4hrt eine optimale Rohfaserversorgung. Dies sorgt f\u00fcr die Aufrechterhaltung der gesunden Darmflora. Ohne Getreide oder tierische Eiwei\u00dfe oder Bindemittel.<\/td><td><a href=\"https:\/\/www.schildkr\u00f6ten.de\/products\/agrobs-testudo-fibre-250\" title=\"bestellen\" class=\"btn btn-primary btn-normal btn-inline \" target=\"_blank\"><i class=\"icon-shopping-cart\"><\/i>bestellen<\/a><!-- .btn --><\/td><\/tr><tr><td><\/td><td>Testudo Herbs<\/td><td>Bietet eine optimale Rohfaserversorgung zur Aufrechterhaltung einer gesunden Darmflora<\/td><td><a href=\"https:\/\/xn--schildkrten-yfb.de\/products\/agrobs-testudo-herbs-500\" title=\"bestellen\" class=\"btn btn-primary btn-normal btn-inline \" target=\"_blank\"><i class=\"icon-shopping-cart\"><\/i>bestellen<\/a><!-- .btn --><\/td><\/tr><\/tbody><\/table><\/figure>\n\n\n\n<p>F\u00fcr Babyschildkr\u00f6ten unter 200 Gramm eignet sich besonders gut <strong>Pre Alpin Testudo Baby<\/strong>, da es sehr fein ist und dadurch auch schon von den Kleinsten leicht aufgenommen werden kann.<\/p>\n\n\n\n<h3 class=\"wp-block-heading\">Agrobs Saatgut<\/h3>\n\n\n\n<figure class=\"wp-block-image size-full\"><a href=\"https:\/\/xn--schildkrten-yfb.de\/products\/agrobs-testudo-saatgut\" target=\"_blank\" rel=\"noopener\"><img loading=\"lazy\" decoding=\"async\" width=\"749\" height=\"644\" src=\"https:\/\/www.xn--landschildkrte-6pb.de\/haltung\/wp-content\/uploads\/2022\/02\/Agrobs-PRE-ALPIN-Testudo-Saatgut-01-kg.jpg\" alt=\"\" class=\"wp-image-15644\" srcset=\"https:\/\/www.xn--landschildkrte-6pb.de\/haltung\/wp-content\/uploads\/2022\/02\/Agrobs-PRE-ALPIN-Testudo-Saatgut-01-kg.jpg 749w, https:\/\/www.xn--landschildkrte-6pb.de\/haltung\/wp-content\/uploads\/2022\/02\/Agrobs-PRE-ALPIN-Testudo-Saatgut-01-kg-300x258.jpg 300w\" sizes=\"auto, (max-width: 749px) 100vw, 749px\" \/><\/a><figcaption class=\"wp-element-caption\">Agrobs PRE ALPIN Testudo Saatgut 0,1 kg<\/figcaption><\/figure>\n\n\n\n<p>Wenn man einen eigenen Garten hat, kann man sich mit dem Agrobs Saatgut das Futter auch selbst anpflanzen:<br><a href=\"https:\/\/www.xn--schildkrten-yfb.net\/produkt\/agrobs-testudo-saatgut-100-gr\/\" target=\"_blank\" rel=\"noreferrer noopener\"><\/a> <a href=\"https:\/\/xn--schildkrten-yfb.de\/products\/agrobs-testudo-saatgut\" title=\"Bestellung Agrobs Testudo Saatgut\" class=\"btn btn-primary btn-normal btn-inline \" target=\"_blank\"><i class=\"icon-shopping-cart\"><\/i>Bestellung Agrobs Testudo Saatgut<\/a><!-- .btn --><div class=\"hr\"><\/div><!-- .hr (end) --> In dieser Samenmischung enthaltene Kr\u00e4uter sind Wundklee, Platterbse, Petersilie, Dill, Fenchel, K\u00fcmmel, Spitzwegerich, Wiesenknopf, Ringelblume, Margerite, Witwenblume, <a href=\"https:\/\/xn--schildkrten-yfb.de\/products\/wilde-malve-malva-sylvestris-samen-saatgut-1g\" target=\"_blank\" rel=\"noopener\" title=\"\">Malve<\/a> und <a href=\"https:\/\/xn--schildkrten-yfb.de\/products\/wegwarte-cichorium-intybus-samen-saatgut-1g\" target=\"_blank\" rel=\"noopener\" title=\"\">Wegwarte<\/a>. Tipp: Bei unserem <a href=\"https:\/\/xn--schildkrten-yfb.de\/products\/golli-thek-zicholli\" target=\"_blank\" rel=\"noreferrer noopener\">Zicholli<\/a> handelt es sich \u00fcbrigens um eine gez\u00fcchtete Form der Gemeinen Wegwarte (Cichorium intybus). Die Aussaat kann von Fr\u00fchjahr bis Herbst erfolgen, wenn die dauerhaften Bodentemperaturen 10\u00b0C nicht unterschreiten. Die Pflanzen sollten dann 5-6 Wochen Zeit haben zu wachsen, bevor sich die Schildkr\u00f6ten \u00fcber sie hermachen \ud83d\ude42<\/p>\n\n\n\n<p>Das Einpflanzen der Samen ist auch in T\u00f6pfen oder im Balkonkasten m\u00f6glich.<\/p>\n\n\n\n<p>Das <a href=\"https:\/\/xn--schildkrten-yfb.de\/products\/agrobs-testudo-original-500\" target=\"_blank\" rel=\"noreferrer noopener\">Pre Alpin Testudo Original<\/a> liegt auf Platz 6 \ud83c\udfc6, der am h\u00e4ufigsten gekauften Schildkr\u00f6ten-Artikel.<\/p>\n\n\n\n<\/div>\n\n\n\n<div id='collection-component-1677694049594'><\/div>\n<script type=\"text\/javascript\">\n\/*<![CDATA[*\/\n(function () {\n  var scriptURL = 'https:\/\/sdks.shopifycdn.com\/buy-button\/latest\/buy-button-storefront.min.js';\n  if (window.ShopifyBuy) {\n    if (window.ShopifyBuy.UI) {\n      ShopifyBuyInit();\n    } else {\n      loadScript();\n    }\n  } else {\n    loadScript();\n  }\n  function loadScript() {\n    var script = document.createElement('script');\n    script.async = true;\n    script.src = scriptURL;\n    (document.getElementsByTagName('head')[0] || document.getElementsByTagName('body')[0]).appendChild(script);\n    script.onload = ShopifyBuyInit;\n  }\n  function ShopifyBuyInit() {\n    var client = ShopifyBuy.buildClient({\n      domain: 'schildkrotenshop.myshopify.com',\n      storefrontAccessToken: '47479665dc8e402ddefb36f780802909',\n    });\n    ShopifyBuy.UI.onReady(client).then(function (ui) {\n      ui.createComponent('collection', {\n        id: '391621771515',\n        node: document.getElementById('collection-component-1677694049594'),\n        moneyFormat: '%E2%82%AC%7B%7Bamount_with_comma_separator%7D%7D',\n        options: {\n  \"product\": {\n    \"styles\": {\n      \"product\": {\n        \"@media (min-width: 601px)\": {\n          \"max-width\": \"calc(25% - 20px)\",\n          \"margin-left\": \"20px\",\n          \"margin-bottom\": \"50px\",\n          \"width\": \"calc(25% - 20px)\"\n        }\n      },\n      \"button\": {\n        \":hover\": {\n          \"background-color\": \"#8cad0e\"\n        },\n        \"background-color\": \"#9cc00f\",\n        \":focus\": {\n          \"background-color\": \"#8cad0e\"\n        }\n      }\n    },\n    \"buttonDestination\": \"modal\",\n    \"contents\": {\n      \"options\": false\n    },\n    \"text\": {\n      \"button\": \"Produktdetails\"\n    }\n  },\n  \"productSet\": {\n    \"styles\": {\n      \"products\": {\n        \"@media (min-width: 601px)\": {\n          \"margin-left\": \"-20px\"\n        }\n      }\n    }\n  },\n  \"modalProduct\": {\n    \"contents\": {\n      \"img\": false,\n      \"imgWithCarousel\": true,\n      \"button\": false,\n      \"buttonWithQuantity\": true\n    },\n    \"styles\": {\n      \"product\": {\n        \"@media (min-width: 601px)\": {\n          \"max-width\": \"100%\",\n          \"margin-left\": \"0px\",\n          \"margin-bottom\": \"0px\"\n        }\n      },\n      \"button\": {\n        \":hover\": {\n          \"background-color\": \"#8cad0e\"\n        },\n        \"background-color\": \"#9cc00f\",\n        \":focus\": {\n          \"background-color\": \"#8cad0e\"\n        }\n      }\n    },\n    \"text\": {\n      \"button\": \"Warenkorb\"\n    }\n  },\n  \"option\": {},\n  \"cart\": {\n    \"styles\": {\n      \"button\": {\n        \":hover\": {\n          \"background-color\": \"#8cad0e\"\n        },\n        \"background-color\": \"#9cc00f\",\n        \":focus\": {\n          \"background-color\": \"#8cad0e\"\n        }\n      }\n    },\n    \"text\": {\n      \"title\": \"Warenkorb\",\n      \"total\": \"Preis\",\n      \"empty\": \"Dein Warenkorb ist leer.\",\n      \"notice\": \"Versandkosten werden im n\u00e4chsten Schritt berechnet.\",\n      \"button\": \"Zahlung\",\n      \"noteDescription\": \"Bestellhinweis \/ Anmerkung\"\n    },\n    \"popup\": false\n  },\n  \"toggle\": {\n    \"styles\": {\n      \"toggle\": {\n        \"background-color\": \"#9cc00f\",\n        \":hover\": {\n          \"background-color\": \"#8cad0e\"\n        },\n        \":focus\": {\n          \"background-color\": \"#8cad0e\"\n        }\n      }\n    }\n  }\n},\n      });\n    });\n  }\n})();\n\/*]]>*\/\n<\/script>\n","protected":false},"excerpt":{"rendered":"","protected":false},"author":1,"featured_media":3706,"parent":0,"menu_order":0,"comment_status":"closed","ping_status":"closed","template":"","meta":{"_exactmetrics_skip_tracking":false,"_exactmetrics_sitenote_active":false,"_exactmetrics_sitenote_note":"","_exactmetrics_sitenote_category":0,"footnotes":""},"class_list":["post-2990","page","type-page","status-publish","has-post-thumbnail","hentry"],"aioseo_notices":[],"publishpress_future_action":{"enabled":false,"date":"2026-04-21 23:29:39","action":"change-status","newStatus":"draft","terms":[],"taxonomy":"","extraData":[]},"publishpress_future_workflow_manual_trigger":{"enabledWorkflows":[]},"_links":{"self":[{"href":"https:\/\/www.xn--landschildkrte-6pb.de\/haltung\/wp-json\/wp\/v2\/pages\/2990","targetHints":{"allow":["GET"]}}],"collection":[{"href":"https:\/\/www.xn--landschildkrte-6pb.de\/haltung\/wp-json\/wp\/v2\/pages"}],"about":[{"href":"https:\/\/www.xn--landschildkrte-6pb.de\/haltung\/wp-json\/wp\/v2\/types\/page"}],"author":[{"embeddable":true,"href":"https:\/\/www.xn--landschildkrte-6pb.de\/haltung\/wp-json\/wp\/v2\/users\/1"}],"replies":[{"embeddable":true,"href":"https:\/\/www.xn--landschildkrte-6pb.de\/haltung\/wp-json\/wp\/v2\/comments?post=2990"}],"version-history":[{"count":65,"href":"https:\/\/www.xn--landschildkrte-6pb.de\/haltung\/wp-json\/wp\/v2\/pages\/2990\/revisions"}],"predecessor-version":[{"id":19397,"href":"https:\/\/www.xn--landschildkrte-6pb.de\/haltung\/wp-json\/wp\/v2\/pages\/2990\/revisions\/19397"}],"wp:featuredmedia":[{"embeddable":true,"href":"https:\/\/www.xn--landschildkrte-6pb.de\/haltung\/wp-json\/wp\/v2\/media\/3706"}],"wp:attachment":[{"href":"https:\/\/www.xn--landschildkrte-6pb.de\/haltung\/wp-json\/wp\/v2\/media?parent=2990"}],"curies":[{"name":"wp","href":"https:\/\/api.w.org\/{rel}","templated":true}]}}