{"id":3053,"date":"2017-08-17T06:05:11","date_gmt":"2017-08-17T06:05:11","guid":{"rendered":"http:\/\/www.landschildkroeten.de\/haltung\/?page_id=3053"},"modified":"2017-11-07T09:20:05","modified_gmt":"2017-11-07T09:20:05","slug":"indotestudo-elongata-gelbkopfschildkroete","status":"publish","type":"page","link":"https:\/\/www.xn--landschildkrte-6pb.de\/haltung\/indotestudo-elongata-gelbkopfschildkroete\/","title":{"rendered":"Indotestudo elongata (Gelbkopfschildkr\u00f6te)"},"content":{"rendered":"<div class=\"extra-wrap block_7\"><\/div>\nIndotestudo elongata geh\u00f6rt zu den mittelgro\u00dfen Arten und kann eine Carapaxl\u00e4nge bis etwa 33 cm erreichen. Der Carapax ist eher l\u00e4nglich und schmal. Die Randschilder sind bei Jungtieren hinten mehr ges\u00e4gt als bei adulten Tieren. Ein l\u00e4ngliches Nackenschild (Nuchale) ist vorhanden.<br \/>\nFamilie: Testudinidae<br \/>\n<a href=\"https:\/\/www.xn--landschildkrte-6pb.de\/haltung\/wp-content\/uploads\/2017\/08\/Gelbkopfschildkr\u00f6te.jpg\"><img loading=\"lazy\" decoding=\"async\" src=\"https:\/\/www.xn--landschildkrte-6pb.de\/haltung\/wp-content\/uploads\/2017\/08\/Gelbkopfschildkr\u00f6te.jpg\" alt=\"\" width=\"276\" height=\"220\" class=\"alignnone size-full wp-image-3054\" \/><\/a><br \/>\nVerbreitung: \u00d6stliches Vorderindien, Hinterindien bis Malaiische Halbinsel und Sulawesi<\/p>\n<h3>Ern\u00e4hrung<\/h3>\n<p>Die Gelbkopfschildkr\u00f6te frisst gerne L\u00f6wenzahn, Salate, Spitz- und Breitwegerich, Klee, Luzerne und diverse Wiesenk\u00e4uter. Die F\u00fctterung der Schildkr\u00f6ten erfolgt einmal pro Tag, adulte Tiere legen zwei, Jungtiere einen Fastentag pro Woche ein.<br \/>\nKr\u00e4uterreiches Heu sollte den Schildkr\u00f6ten immer zur Verf\u00fcgung stehen.<br \/>\n<a href=\"https:\/\/www.xn--landschildkrte-6pb.de\/haltung\/wp-content\/uploads\/2017\/08\/Indotestudo-elongata.jpg\"><img loading=\"lazy\" decoding=\"async\" src=\"https:\/\/www.xn--landschildkrte-6pb.de\/haltung\/wp-content\/uploads\/2017\/08\/Indotestudo-elongata.jpg\" alt=\"\" width=\"276\" height=\"219\" class=\"alignnone size-full wp-image-3055\" \/><\/a><br \/>\n<strong>Terrarium - Gr\u00f6\u00dfe<\/strong><\/p>\n<p>Sehr ger\u00e4umige Terrarien, die ihrer Lebhaftigkeit gerecht werden. Ein t\u00e4gliches \u00dcberspr\u00fchen des Terrariums ist zwingend notwendig. Bei zu geringer Luftfeuchtigkeit l\u00e4sst die Aktivit\u00e4t der Gelbkopfschildkr\u00f6ten nach und teilweise k\u00f6nnen sie ihre Augen nicht mehr offenhalten.<\/p>\n<h3>Terrarium - Substrat<\/h3>\n<p>Rindenhumus oder Erde, die leicht feucht ist.<\/p>\n<h3>Terrarium - Einrichtung<\/h3>\n<p>Eine Badem\u00f6glichkeit muss immer vorhanden sein, da die Tiere gerne baden.<br \/>\n<a href=\"https:\/\/www.xn--landschildkrte-6pb.de\/haltung\/wp-content\/uploads\/2017\/08\/Schl\u00fcpfling-der-Gelbkopfschildkr\u00f6te.jpg\"><img loading=\"lazy\" decoding=\"async\" src=\"https:\/\/www.xn--landschildkrte-6pb.de\/haltung\/wp-content\/uploads\/2017\/08\/Schl\u00fcpfling-der-Gelbkopfschildkr\u00f6te.jpg\" alt=\"\" width=\"323\" height=\"251\" class=\"alignnone size-full wp-image-3056\" srcset=\"https:\/\/www.xn--landschildkrte-6pb.de\/haltung\/wp-content\/uploads\/2017\/08\/Schl\u00fcpfling-der-Gelbkopfschildkr\u00f6te.jpg 323w, https:\/\/www.xn--landschildkrte-6pb.de\/haltung\/wp-content\/uploads\/2017\/08\/Schl\u00fcpfling-der-Gelbkopfschildkr\u00f6te-300x233.jpg 300w\" sizes=\"auto, (max-width: 323px) 100vw, 323px\" \/><\/a><br \/>\n<strong>Temperatur<\/strong><\/p>\n<p>Die Lufttemperatur im Terrarium sollte etwa 26-32 \u00b0C betragen. Das Terrarium wird t\u00e4glich einmal komplett \u00fcberbraust. Im Sommer k\u00f6nnen die Tiere gut in der Freilandanlage gehalten werden.<\/p>\n<h3>Zucht<\/h3>\n<p>Die M\u00e4nnchen der Gelbkopfschildkr\u00f6te haben einen dickeren Schwanz als die Weibchen. Paarungen finden w\u00e4hrend der ganzen Jahreszeit statt, die Hauptpaarungszeit liegt jedoch in den Monaten Oktober bis April\/Mai, meistens in den Morgen- oder Abendstunden.<br \/>\nDie Gelegegr\u00f6\u00dfe betr\u00e4gt etwa 2-5 Eier. Bei einer Inkubationstemperatur zwischen 28 und 30 \u00b0C und einer Luftfeuchtigkeit von 80-90 % schl\u00fcpfen die Jungtiere nach 100-170 Tagen.<\/p>\n<p><em>Fotos von: Gaby Eberling<\/em><\/p>\n","protected":false},"excerpt":{"rendered":"<p>Indotestudo elongata geh\u00f6rt zu den mittelgro\u00dfen Arten und kann eine Carapaxl\u00e4nge bis etwa 33 cm erreichen. Der Carapax ist eher l\u00e4nglich und schmal. Die Randschilder sind bei Jungtieren hinten mehr ges\u00e4gt als bei adulten Tieren. Ein l\u00e4ngliches Nackenschild (Nuchale) ist vorhanden. Familie: Testudinidae Verbreitung: \u00d6stliches Vorderindien, Hinterindien bis Malaiische Halbinsel und Sulawesi Ern\u00e4hrung Die Gelbkopfschildkr\u00f6te frisst gerne L\u00f6wenzahn, Salate, Spitz-&nbsp;<a href=\"https:\/\/www.xn--landschildkrte-6pb.de\/haltung\/indotestudo-elongata-gelbkopfschildkroete\/\" class=\"read-more\">Weiter lesen<\/a><\/p>\n","protected":false},"author":1,"featured_media":0,"parent":0,"menu_order":0,"comment_status":"closed","ping_status":"closed","template":"","meta":{"_exactmetrics_skip_tracking":false,"_exactmetrics_sitenote_active":false,"_exactmetrics_sitenote_note":"","_exactmetrics_sitenote_category":0,"footnotes":""},"class_list":["post-3053","page","type-page","status-publish","hentry"],"aioseo_notices":[],"publishpress_future_action":{"enabled":false,"date":"2026-04-29 11:38:27","action":"change-status","newStatus":"draft","terms":[],"taxonomy":"","extraData":[]},"publishpress_future_workflow_manual_trigger":{"enabledWorkflows":[]},"_links":{"self":[{"href":"https:\/\/www.xn--landschildkrte-6pb.de\/haltung\/wp-json\/wp\/v2\/pages\/3053","targetHints":{"allow":["GET"]}}],"collection":[{"href":"https:\/\/www.xn--landschildkrte-6pb.de\/haltung\/wp-json\/wp\/v2\/pages"}],"about":[{"href":"https:\/\/www.xn--landschildkrte-6pb.de\/haltung\/wp-json\/wp\/v2\/types\/page"}],"author":[{"embeddable":true,"href":"https:\/\/www.xn--landschildkrte-6pb.de\/haltung\/wp-json\/wp\/v2\/users\/1"}],"replies":[{"embeddable":true,"href":"https:\/\/www.xn--landschildkrte-6pb.de\/haltung\/wp-json\/wp\/v2\/comments?post=3053"}],"version-history":[{"count":3,"href":"https:\/\/www.xn--landschildkrte-6pb.de\/haltung\/wp-json\/wp\/v2\/pages\/3053\/revisions"}],"predecessor-version":[{"id":5135,"href":"https:\/\/www.xn--landschildkrte-6pb.de\/haltung\/wp-json\/wp\/v2\/pages\/3053\/revisions\/5135"}],"wp:attachment":[{"href":"https:\/\/www.xn--landschildkrte-6pb.de\/haltung\/wp-json\/wp\/v2\/media?parent=3053"}],"curies":[{"name":"wp","href":"https:\/\/api.w.org\/{rel}","templated":true}]}}