{"id":3091,"date":"2017-08-18T05:57:11","date_gmt":"2017-08-18T05:57:11","guid":{"rendered":"http:\/\/www.landschildkroeten.de\/haltung\/?page_id=3091"},"modified":"2023-03-31T04:13:39","modified_gmt":"2023-03-31T04:13:39","slug":"anleitung-zum-bau-von-einem-fruehbeet-fuer-schildkroeten-im-freigehege","status":"publish","type":"page","link":"https:\/\/www.xn--landschildkrte-6pb.de\/haltung\/anleitung-zum-bau-von-einem-fruehbeet-fuer-schildkroeten-im-freigehege\/","title":{"rendered":"Anleitung zum Bau von einem Fr\u00fchbeet f\u00fcr Schildkr\u00f6ten im Freigehege"},"content":{"rendered":"<div class=\"extra-wrap block_7\">\n<h3>Schritt 1: Grube ausheben<\/h3>\n<p>F\u00fcr den Fr\u00fchbeet-Bau wird zuerst eine <strong>Grube<\/strong> in der gew\u00fcnschten Gr\u00f6\u00dfe ca. <strong>25-30 cm tief<\/strong> ausgehoben. Die Grube wird mit feinmaschigem Draht ausgelegt, um ein Untergraben von Fressfeinden zu verhindern. Damit ein Zuheizen bei Schlechtwetterperioden gew\u00e4hrleistet wird , wurde ein <a href=\"https:\/\/www.amazon.de\/exec\/obidos\/ASIN\/B0085SR4JY\/landschildksu-21\" target=\"_blank\" rel=\"noopener noreferrer\">Erdkabel NYY-J 3x1,5mm\u00b2<\/a> in einem Leerrohr ebenfalls in den Boden verlegt.<\/p>\n<p>Ein Tipp gleich vorweg: Nicht jeder ist handwerklich so ge\u00fcbt, dass er eine Grube aushebt und diese mit Beton-Fundament ausgie\u00dfen kann oder m\u00f6chte. Schau dir daher auch einmal unseren Beitrag zum Thema \"<a href=\"https:\/\/xn--schildkrten-yfb.de\/blogs\/news\/ueberwinterungsgrube-landschildkroeten\" target=\"_blank\" rel=\"noopener\">Fr\u00fchbeet als \u00dcberwinterungsgrube<\/a>\" an. Hier muss das Styrodur lediglich au\u00dfen an ein Blech geklebt und im Boden versenkt werden:<\/p>\n<p><a href=\"https:\/\/xn--schildkrten-yfb.de\/blogs\/news\/ueberwinterungsgrube-landschildkroeten\" target=\"_blank\" rel=\"attachment noopener wp-att-19418\"><img loading=\"lazy\" decoding=\"async\" class=\"alignnone wp-image-19418 size-full\" src=\"https:\/\/www.xn--landschildkrte-6pb.de\/haltung\/wp-content\/uploads\/2023\/03\/Ueberwinterungsgrube-fuer-Schildkroeten.jpg\" alt=\"\" width=\"600\" height=\"450\" srcset=\"https:\/\/www.xn--landschildkrte-6pb.de\/haltung\/wp-content\/uploads\/2023\/03\/Ueberwinterungsgrube-fuer-Schildkroeten.jpg 600w, https:\/\/www.xn--landschildkrte-6pb.de\/haltung\/wp-content\/uploads\/2023\/03\/Ueberwinterungsgrube-fuer-Schildkroeten-300x225.jpg 300w, https:\/\/www.xn--landschildkrte-6pb.de\/haltung\/wp-content\/uploads\/2023\/03\/Ueberwinterungsgrube-fuer-Schildkroeten-200x150.jpg 200w\" sizes=\"auto, (max-width: 600px) 100vw, 600px\" \/><\/a><\/p>\n<p>Nun kommen wir aber zur Grube f\u00fcr die Handerwerker unter euch \ud83d\ude42<br \/>\n<a href=\"https:\/\/www.xn--landschildkrte-6pb.de\/haltung\/wp-content\/uploads\/2017\/08\/Grube-ausheben.jpg\"><img loading=\"lazy\" decoding=\"async\" class=\"alignnone size-full wp-image-3092\" src=\"https:\/\/www.xn--landschildkrte-6pb.de\/haltung\/wp-content\/uploads\/2017\/08\/Grube-ausheben.jpg\" alt=\"\" width=\"640\" height=\"480\" srcset=\"https:\/\/www.xn--landschildkrte-6pb.de\/haltung\/wp-content\/uploads\/2017\/08\/Grube-ausheben.jpg 640w, https:\/\/www.xn--landschildkrte-6pb.de\/haltung\/wp-content\/uploads\/2017\/08\/Grube-ausheben-300x225.jpg 300w, https:\/\/www.xn--landschildkrte-6pb.de\/haltung\/wp-content\/uploads\/2017\/08\/Grube-ausheben-200x150.jpg 200w\" sizes=\"auto, (max-width: 640px) 100vw, 640px\" \/><\/a><\/p>\n<h3>Schritt 2: Au\u00dfenschalung f\u00fcr das Fundament<\/h3>\n<p>Die Au\u00dfenschalung f\u00fcr das Fundament wird nach den Au\u00dfenma\u00dfen des Fr\u00fchbeets hergestellt und mit einer Wasserwaage ausgerichtet.<br \/>\n<a href=\"https:\/\/www.xn--landschildkrte-6pb.de\/haltung\/wp-content\/uploads\/2017\/08\/Aussenschalung.jpg\"><img loading=\"lazy\" decoding=\"async\" class=\"alignnone size-full wp-image-3093\" src=\"https:\/\/www.xn--landschildkrte-6pb.de\/haltung\/wp-content\/uploads\/2017\/08\/Aussenschalung.jpg\" alt=\"\" width=\"640\" height=\"480\" srcset=\"https:\/\/www.xn--landschildkrte-6pb.de\/haltung\/wp-content\/uploads\/2017\/08\/Aussenschalung.jpg 640w, https:\/\/www.xn--landschildkrte-6pb.de\/haltung\/wp-content\/uploads\/2017\/08\/Aussenschalung-300x225.jpg 300w, https:\/\/www.xn--landschildkrte-6pb.de\/haltung\/wp-content\/uploads\/2017\/08\/Aussenschalung-200x150.jpg 200w\" sizes=\"auto, (max-width: 640px) 100vw, 640px\" \/><\/a><\/p>\n<h3>Schritt 3: Styrodorplatten anbringen<\/h3>\n<p>Um eine K\u00e4ltebr\u00fccke zu vermeiden, habe ich 20 mm starke Styrodorplatten verwendet. Diese Styrodorplatten gibt es in jedem Baumarkt und lassen sich leicht mit einem Messer auf die richtige Gr\u00f6\u00dfe schneiden.<br \/>\n<a href=\"https:\/\/www.xn--landschildkrte-6pb.de\/haltung\/wp-content\/uploads\/2017\/08\/Styrodorplatten-anbringen.jpg\"><img loading=\"lazy\" decoding=\"async\" class=\"alignnone size-full wp-image-3097\" src=\"https:\/\/www.xn--landschildkrte-6pb.de\/haltung\/wp-content\/uploads\/2017\/08\/Styrodorplatten-anbringen.jpg\" alt=\"\" width=\"640\" height=\"480\" srcset=\"https:\/\/www.xn--landschildkrte-6pb.de\/haltung\/wp-content\/uploads\/2017\/08\/Styrodorplatten-anbringen.jpg 640w, https:\/\/www.xn--landschildkrte-6pb.de\/haltung\/wp-content\/uploads\/2017\/08\/Styrodorplatten-anbringen-300x225.jpg 300w, https:\/\/www.xn--landschildkrte-6pb.de\/haltung\/wp-content\/uploads\/2017\/08\/Styrodorplatten-anbringen-200x150.jpg 200w\" sizes=\"auto, (max-width: 640px) 100vw, 640px\" \/><\/a><\/p>\n<h3>Schritt 4: Einschalung des Fr\u00fchbeets fertigstellen<\/h3>\n<p>Nachdem die Styrodorplatten eingebracht sind, wird die Einschalung des Fr\u00fchbeets fertiggestellt und nochmals mit der Wasserwaage ausgerichtet.<br \/>\n<a href=\"https:\/\/www.xn--landschildkrte-6pb.de\/haltung\/wp-content\/uploads\/2017\/08\/Fr\u00fchbeet-Einschalung.jpg\"><img loading=\"lazy\" decoding=\"async\" class=\"alignnone size-full wp-image-3098\" src=\"https:\/\/www.xn--landschildkrte-6pb.de\/haltung\/wp-content\/uploads\/2017\/08\/Fr\u00fchbeet-Einschalung.jpg\" alt=\"\" width=\"320\" height=\"240\" srcset=\"https:\/\/www.xn--landschildkrte-6pb.de\/haltung\/wp-content\/uploads\/2017\/08\/Fr\u00fchbeet-Einschalung.jpg 320w, https:\/\/www.xn--landschildkrte-6pb.de\/haltung\/wp-content\/uploads\/2017\/08\/Fr\u00fchbeet-Einschalung-300x225.jpg 300w, https:\/\/www.xn--landschildkrte-6pb.de\/haltung\/wp-content\/uploads\/2017\/08\/Fr\u00fchbeet-Einschalung-200x150.jpg 200w\" sizes=\"auto, (max-width: 320px) 100vw, 320px\" \/><\/a><\/p>\n<h3>Schritt 5: Ausgie\u00dfen des Fundaments mit Beton<\/h3>\n<p>Das Fundament habe ich mit Beton ausgegossen. F\u00fcr den Beton verwendete ich Estrichkies und Zement.<br \/>\n<a href=\"https:\/\/www.xn--landschildkrte-6pb.de\/haltung\/wp-content\/uploads\/2017\/08\/Fundament-mit-Beton-ausgiessen.jpg\"><img loading=\"lazy\" decoding=\"async\" class=\"alignnone size-full wp-image-3099\" src=\"https:\/\/www.xn--landschildkrte-6pb.de\/haltung\/wp-content\/uploads\/2017\/08\/Fundament-mit-Beton-ausgiessen.jpg\" alt=\"\" width=\"640\" height=\"480\" srcset=\"https:\/\/www.xn--landschildkrte-6pb.de\/haltung\/wp-content\/uploads\/2017\/08\/Fundament-mit-Beton-ausgiessen.jpg 640w, https:\/\/www.xn--landschildkrte-6pb.de\/haltung\/wp-content\/uploads\/2017\/08\/Fundament-mit-Beton-ausgiessen-300x225.jpg 300w, https:\/\/www.xn--landschildkrte-6pb.de\/haltung\/wp-content\/uploads\/2017\/08\/Fundament-mit-Beton-ausgiessen-200x150.jpg 200w\" sizes=\"auto, (max-width: 640px) 100vw, 640px\" \/><\/a><\/p>\n<h3>Schritt 6: Fundament ist trocken<\/h3>\n<p>Nach ca. 24-36 Stunden kann das Fundament ausgeschalt werden. Hier sieht man die Styrodorplatten, die der D\u00e4mmung dienen<br \/>\n<a href=\"https:\/\/www.xn--landschildkrte-6pb.de\/haltung\/wp-content\/uploads\/2017\/08\/Fundament-ist-trocken.jpg\"><img loading=\"lazy\" decoding=\"async\" class=\"alignnone size-full wp-image-3100\" src=\"https:\/\/www.xn--landschildkrte-6pb.de\/haltung\/wp-content\/uploads\/2017\/08\/Fundament-ist-trocken.jpg\" alt=\"\" width=\"640\" height=\"480\" srcset=\"https:\/\/www.xn--landschildkrte-6pb.de\/haltung\/wp-content\/uploads\/2017\/08\/Fundament-ist-trocken.jpg 640w, https:\/\/www.xn--landschildkrte-6pb.de\/haltung\/wp-content\/uploads\/2017\/08\/Fundament-ist-trocken-300x225.jpg 300w, https:\/\/www.xn--landschildkrte-6pb.de\/haltung\/wp-content\/uploads\/2017\/08\/Fundament-ist-trocken-200x150.jpg 200w\" sizes=\"auto, (max-width: 640px) 100vw, 640px\" \/><\/a><\/p>\n<h3>Schritt 7: Einbau einer Zwischenwand<\/h3>\n<p>Um das Fr\u00fchbeet sp\u00e4ter mal leichter in zwei Teile zu trennen, wurde bereits jetzt eine Zwischenwand bis zur Bodenh\u00f6he eingebaut (z.B. zur Trennung der Geschlechter).<br \/>\n<a href=\"https:\/\/www.xn--landschildkrte-6pb.de\/haltung\/wp-content\/uploads\/2017\/08\/Einbau-Zwischenwand.jpg\"><img loading=\"lazy\" decoding=\"async\" class=\"alignnone size-full wp-image-3101\" src=\"https:\/\/www.xn--landschildkrte-6pb.de\/haltung\/wp-content\/uploads\/2017\/08\/Einbau-Zwischenwand.jpg\" alt=\"\" width=\"640\" height=\"480\" srcset=\"https:\/\/www.xn--landschildkrte-6pb.de\/haltung\/wp-content\/uploads\/2017\/08\/Einbau-Zwischenwand.jpg 640w, https:\/\/www.xn--landschildkrte-6pb.de\/haltung\/wp-content\/uploads\/2017\/08\/Einbau-Zwischenwand-300x225.jpg 300w, https:\/\/www.xn--landschildkrte-6pb.de\/haltung\/wp-content\/uploads\/2017\/08\/Einbau-Zwischenwand-200x150.jpg 200w\" sizes=\"auto, (max-width: 640px) 100vw, 640px\" \/><\/a><\/p>\n<h3>Schritt 8: Verkleidung mit Bruchplatten<\/h3>\n<p>Damit das ganze auch ein wenig in den Garten passt, habe ich das Fundament mit Bruchplatten verkleidet.<br \/>\n<a href=\"https:\/\/www.xn--landschildkrte-6pb.de\/haltung\/wp-content\/uploads\/2017\/08\/Bruchplatten.jpg\"><img loading=\"lazy\" decoding=\"async\" class=\"alignnone size-full wp-image-3102\" src=\"https:\/\/www.xn--landschildkrte-6pb.de\/haltung\/wp-content\/uploads\/2017\/08\/Bruchplatten.jpg\" alt=\"\" width=\"640\" height=\"480\" srcset=\"https:\/\/www.xn--landschildkrte-6pb.de\/haltung\/wp-content\/uploads\/2017\/08\/Bruchplatten.jpg 640w, https:\/\/www.xn--landschildkrte-6pb.de\/haltung\/wp-content\/uploads\/2017\/08\/Bruchplatten-300x225.jpg 300w, https:\/\/www.xn--landschildkrte-6pb.de\/haltung\/wp-content\/uploads\/2017\/08\/Bruchplatten-200x150.jpg 200w\" sizes=\"auto, (max-width: 640px) 100vw, 640px\" \/><\/a><\/p>\n<h3>Schritt 9: Alurahmen setzen<\/h3>\n<p>Der Alurahmen des Fr\u00fchbeetes wird auf das Fundament gesetzt und mit D\u00fcbeln und Schrauben befestigt, danach werden die vorgefertigten 16 mm starken Doppelstegplatten eingebaut.<br \/>\n<a href=\"https:\/\/www.xn--landschildkrte-6pb.de\/haltung\/wp-content\/uploads\/2017\/08\/Alurahmen.jpg\"><img loading=\"lazy\" decoding=\"async\" class=\"alignnone size-full wp-image-3103\" src=\"https:\/\/www.xn--landschildkrte-6pb.de\/haltung\/wp-content\/uploads\/2017\/08\/Alurahmen.jpg\" alt=\"\" width=\"640\" height=\"480\" srcset=\"https:\/\/www.xn--landschildkrte-6pb.de\/haltung\/wp-content\/uploads\/2017\/08\/Alurahmen.jpg 640w, https:\/\/www.xn--landschildkrte-6pb.de\/haltung\/wp-content\/uploads\/2017\/08\/Alurahmen-300x225.jpg 300w, https:\/\/www.xn--landschildkrte-6pb.de\/haltung\/wp-content\/uploads\/2017\/08\/Alurahmen-200x150.jpg 200w\" sizes=\"auto, (max-width: 640px) 100vw, 640px\" \/><\/a><\/p>\n<h3>Schritt 10: Einbau der Fr\u00fchbeet-Technik<\/h3>\n<p>Hier sieht man das Innenleben des Fr\u00fchbeetes, ausgestattet mit einem automatischen L\u00fcfter, um \u00dcberhitzungen zu vermeiden, sowie einen <a href=\"https:\/\/www.xn--schildkrten-yfb.net\/produkt\/hobby-37085-elstein-waermestrahler-iot-75-100-w\/\" target=\"_blank\" rel=\"noopener noreferrer\">Elsteinstrahler<\/a> mit 100 W und zwei Halogenlampen a 150 W. Das ganze wird \u00fcber zwei <a href=\"https:\/\/schildkr\u00f6ten.de\/products\/thermo-timer-schildkroeten\" target=\"_blank\" rel=\"noopener\">Thermo-Timer<\/a> gesteuert. Als W\u00e4rmespeicher verwende ich <a href=\"https:\/\/www.amazon.de\/exec\/obidos\/ASIN\/B003W473W4\/landschildksu-21\" target=\"_blank\" rel=\"noopener noreferrer\">Schamottsteine<\/a>, diese Steine speichern tags\u00fcber die W\u00e4rme und geben sie nachts wieder ab.<\/p>\n<a href=\"https:\/\/www.xn--schildkrten-yfb.net\/produkt\/hobby-37085-elstein-waermestrahler-iot-75-100-w\/\" title=\"Elsteinstrahler kaufen\" class=\"btn btn-primary btn-normal btn-inline \" target=\"_blank\"><i class=\"icon-shopping-cart\"><\/i>Elsteinstrahler kaufen<\/a><!-- .btn -->\n<a href=\"https:\/\/schildkr\u00f6ten.de\/products\/thermo-timer-schildkroeten\" title=\"Thermo-Timer kaufen\" class=\"btn btn-primary btn-normal btn-inline \" target=\"_blank\"><i class=\"icon-shopping-cart\"><\/i>Thermo-Timer kaufen<\/a><!-- .btn --><div class=\"hr\"><\/div><!-- .hr (end) -->\n<a href=\"https:\/\/www.xn--landschildkrte-6pb.de\/haltung\/beleuchtung\/fruehbeet-technik-fuer-griechische-landschildkroeten\/\" title=\"Mehr zur Fr\u00fchbeet-Technik\" class=\"btn btn-primary btn-normal btn-inline \" target=\"_blank\"><i class=\"icon-arrow-right\"><\/i>Mehr zur Fr\u00fchbeet-Technik<\/a><!-- .btn --><div class=\"hr\"><\/div><!-- .hr (end) -->\n<a href=\"https:\/\/xn--schildkrten-yfb.de\/products\/unterbau-fuer-beckmann-schildkroeten-fruehbeet\" title=\"Unterbau f\u00fcr Beckmann Fr\u00fchbeete\" class=\"btn btn-primary btn-normal btn-inline \" target=\"_blank\"><i class=\"icon-arrow-right\"><\/i>Unterbau f\u00fcr Beckmann Fr\u00fchbeete<\/a><!-- .btn -->\n<a href=\"https:\/\/xn--schildkrten-yfb.de\/blogs\/news\/beckmann-schildkroeten-haus-soli-animalis-fruehbeet\" title=\"Beckmann oder Soli Animalis?\" class=\"btn btn-primary btn-normal btn-inline \" target=\"_blank\"><i class=\"icon-arrow-right\"><\/i>Beckmann oder Soli Animalis?<\/a><!-- .btn -->\n<div class=\"hr\"><\/div><!-- .hr (end) -->\n<a href=\"https:\/\/www.xn--landschildkrte-6pb.de\/haltung\/wp-content\/uploads\/2017\/08\/Fr\u00fchbeet-Technik.jpg\"><img loading=\"lazy\" decoding=\"async\" class=\"alignnone size-full wp-image-3104\" src=\"https:\/\/www.xn--landschildkrte-6pb.de\/haltung\/wp-content\/uploads\/2017\/08\/Fr\u00fchbeet-Technik.jpg\" alt=\"\" width=\"640\" height=\"480\" srcset=\"https:\/\/www.xn--landschildkrte-6pb.de\/haltung\/wp-content\/uploads\/2017\/08\/Fr\u00fchbeet-Technik.jpg 640w, https:\/\/www.xn--landschildkrte-6pb.de\/haltung\/wp-content\/uploads\/2017\/08\/Fr\u00fchbeet-Technik-300x225.jpg 300w, https:\/\/www.xn--landschildkrte-6pb.de\/haltung\/wp-content\/uploads\/2017\/08\/Fr\u00fchbeet-Technik-200x150.jpg 200w\" sizes=\"auto, (max-width: 640px) 100vw, 640px\" \/><\/a><\/p>\n<h3>Schritt 11: Fr\u00fchbeet fertig<\/h3>\n<p>Hier sieht man das fertige Fr\u00fchbeet mit einem ge\u00f6ffneten Ausgang.<br \/>\n<a href=\"https:\/\/www.xn--landschildkrte-6pb.de\/haltung\/wp-content\/uploads\/2017\/08\/fertiges-Fr\u00fchbeet.jpg\"><img loading=\"lazy\" decoding=\"async\" class=\"alignnone size-full wp-image-3105\" src=\"https:\/\/www.xn--landschildkrte-6pb.de\/haltung\/wp-content\/uploads\/2017\/08\/fertiges-Fr\u00fchbeet.jpg\" alt=\"\" width=\"640\" height=\"480\" srcset=\"https:\/\/www.xn--landschildkrte-6pb.de\/haltung\/wp-content\/uploads\/2017\/08\/fertiges-Fr\u00fchbeet.jpg 640w, https:\/\/www.xn--landschildkrte-6pb.de\/haltung\/wp-content\/uploads\/2017\/08\/fertiges-Fr\u00fchbeet-300x225.jpg 300w, https:\/\/www.xn--landschildkrte-6pb.de\/haltung\/wp-content\/uploads\/2017\/08\/fertiges-Fr\u00fchbeet-200x150.jpg 200w\" sizes=\"auto, (max-width: 640px) 100vw, 640px\" \/><\/a><\/p>\n<h3>Schritt 12: Fr\u00fchbeet mit Jungtier-Freigehege<\/h3>\n<p>Das Fr\u00fchbeet mit anschlie\u00dfenden <a href=\"https:\/\/www.xn--landschildkrte-6pb.de\/schildkroetenshop\/freilaufgehege\/\">Jungtier-Freigehege<\/a> hat insgesamt ca. 9,5 qm f\u00fcr zwei THB NZ 00 und vier THB NZ 01. Das Freigehege wird nach oben hin noch mit Draht gegen Fressfeinde gesichert. Das Freigehege kann auf eine Gesamtgr\u00f6\u00dfe von ca. 22 qm ausgebaut werden. Dies wird nach und nach geschehen. Sobald meine Tiere ausgewachsen sind, werde ich sie in ein ca. 100-130 qm Gehege umsiedeln. Den Plan hierzu werde ich im Laufe des Jahres entwerfen.<\/p>\n<p><a href=\"https:\/\/www.xn--landschildkrte-6pb.de\/haltung\/wp-content\/uploads\/2017\/08\/Jungtier-Freigehege.jpg\"><img loading=\"lazy\" decoding=\"async\" class=\"alignnone size-full wp-image-3106\" src=\"https:\/\/www.xn--landschildkrte-6pb.de\/haltung\/wp-content\/uploads\/2017\/08\/Jungtier-Freigehege.jpg\" alt=\"\" width=\"640\" height=\"480\" srcset=\"https:\/\/www.xn--landschildkrte-6pb.de\/haltung\/wp-content\/uploads\/2017\/08\/Jungtier-Freigehege.jpg 640w, https:\/\/www.xn--landschildkrte-6pb.de\/haltung\/wp-content\/uploads\/2017\/08\/Jungtier-Freigehege-300x225.jpg 300w, https:\/\/www.xn--landschildkrte-6pb.de\/haltung\/wp-content\/uploads\/2017\/08\/Jungtier-Freigehege-200x150.jpg 200w\" sizes=\"auto, (max-width: 640px) 100vw, 640px\" \/><\/a><\/p>\n<p><a href=\"https:\/\/www.xn--schildkrten-yfb.net\/typ\/schildkroeten-fruehbeet\/\" target=\"_blank\" rel=\"noopener noreferrer\"><img loading=\"lazy\" decoding=\"async\" class=\"alignright wp-image-7784 size-medium\" src=\"https:\/\/www.xn--landschildkrte-6pb.de\/haltung\/wp-content\/uploads\/2020\/03\/Schildkr\u00f6ten-Fr\u00fchbeet-300x243.jpg\" alt=\"\" width=\"300\" height=\"243\" srcset=\"https:\/\/www.xn--landschildkrte-6pb.de\/haltung\/wp-content\/uploads\/2020\/03\/Schildkr\u00f6ten-Fr\u00fchbeet-300x243.jpg 300w, https:\/\/www.xn--landschildkrte-6pb.de\/haltung\/wp-content\/uploads\/2020\/03\/Schildkr\u00f6ten-Fr\u00fchbeet-1024x830.jpg 1024w, https:\/\/www.xn--landschildkrte-6pb.de\/haltung\/wp-content\/uploads\/2020\/03\/Schildkr\u00f6ten-Fr\u00fchbeet-768x623.jpg 768w, https:\/\/www.xn--landschildkrte-6pb.de\/haltung\/wp-content\/uploads\/2020\/03\/Schildkr\u00f6ten-Fr\u00fchbeet.jpg 1051w\" sizes=\"auto, (max-width: 300px) 100vw, 300px\" \/><\/a><em>Text und Bilder von Andreas G\u00fcnther<\/em><\/p>\n<p>Doch keine Lust mehr auf Selbstbau? Schau dir hier unsere <a href=\"https:\/\/www.xn--landschildkrte-6pb.de\/schildkroetenshop\/schildkroeten-fruehbeete\/\">Fr\u00fchbeet-Empfehlungen<\/a> an.<\/p>\n<h2>H\u00e4ufig gestellte Fragen zum Thema Landschildkr\u00f6ten-Fr\u00fchbeet selber bauen<\/h2>\n<h3>Wie ein Landschildkr\u00f6ten Fr\u00fchbeet selber bauen?<\/h3>\n<p>Beim Eigenbau eines Fr\u00fchbeets f\u00fcr Schildkr\u00f6ten hebt man zuerst eine Grube aus, verlegt ein <strong>Stromkabel<\/strong> und erstellt ein mit Styrodurplatten isoliertes <strong>Fundament aus Beton<\/strong> und damit die Einschalung zum Daraufsetzen des Fr\u00fchbeets. Am Ende folgt der Einbau der <a href=\"https:\/\/www.xn--landschildkrte-6pb.de\/beleuchtung\/fruehbeet-technik-fuer-griechische-landschildkroeten\/\">Fr\u00fchbeet-Technik.<\/a><\/p>\n<h3>Wo findet man eine Anleitung zum Selbstbau eines Fr\u00fchbeets?<\/h3>\n<p>Es gibt leider nicht viele Anleitungen zum Selbstbau von Fr\u00fchbeeten f\u00fcr Landschildkr\u00f6ten. Wir haben auf <a href=\"https:\/\/www.xn--landschildkrte-6pb.de\/\">Landschildkroeten.de<\/a> eine <strong>Anleitung mit 12 Schritten<\/strong> erstellt, wie man mit etwas handwerklichem Geschick relativ <strong>unkompliziert ein Fr\u00fchbeet f\u00fcr Schildkr\u00f6ten<\/strong> selber bauen.<\/p>\n<h3>Welche Materialien zum Fr\u00fchbeet braucht man?<\/h3>\n<p>Man ben\u00f6tigt: Feinmaschigen Draht, ein Erdkabel, Holz f\u00fcr die Fundament-Ausschalung, <strong>Styrodurplatten<\/strong>, Beton-Fertigmischung (oder Estrichkies und Zement), D\u00fcbel und Schrauben, <strong>das Fr\u00fchbeet<\/strong> selbst, einen Deckel\u00f6ffner und weitere <a href=\"https:\/\/www.xn--landschildkrte-6pb.de\/beleuchtung\/fruehbeet-technik-fuer-griechische-landschildkroeten\/\">Fr\u00fchbeet-Technik.<\/a> f\u00fcr Landschildkr\u00f6ten-Fr\u00fchbeete.<\/p>\n<h3>Woraus macht man den Unterbau des Fr\u00fchbeets?<\/h3>\n<p>Der Unterbau eines Schildkkr\u00f6ten-Fr\u00fchbeets besteht, wenn es besonders langlebig und stabil sein soll, <strong>aus Beton<\/strong>. Wenn man diesen selbst mischen m\u00f6chte, nimmt man <strong>Estrichkies und Portlandzement<\/strong> im Mischungsverh\u00e4ltnis 4 Teile Kies, 1 Teil Zement und ca. 2 Teile Wasser.<\/p>\n<h3>Wie viel kostet ein Fr\u00fchbeet-Bau f\u00fcr Schildkr\u00f6ten?<\/h3>\n<p>Ein gekaufter Schildkr\u00f6tenfr\u00fchbeet-Unterbau kostet knapp 200 \u20ac. Beim <strong>Selbstbau<\/strong> kann man f\u00fcr alle Materialien f\u00fcr den Unterbau mit <strong>unter 50 \u20ac<\/strong> rechnen. Man spart hier also etwa 150 \u20ac. Dazu kommt der obere Teil des <a href=\"https:\/\/www.xn--landschildkrte-6pb.de\/schildkroeten-fruehbeet-alltop\/\">Fr\u00fchbeets mit Verglasung<\/a>, welcher zwischen 150 \u20ac und 350 \u20ac kostet.<\/p>\n<h3>Ist ein Stromanschluss notwendig?<\/h3>\n<p>Nicht jeder hat einen Stromanschluss im Garten und es ist auch m\u00f6glich, ein <strong>Schildkr\u00f6tengehege ohne Strom<\/strong> zu errichten. In den \u00dcbergangszeiten muss man seine <strong>Schildkr\u00f6ten dann allerdings ins Haus holen<\/strong>, was bei einem Stromanschluss im Fr\u00fchbeet nicht notwendig w\u00e4re.<\/p>\n<p><script type=\"application\/ld+json\">{\"@context\":\"https:\/\/schema.org\",\"@type\":\"FAQPage\",\"mainEntity\":[{\"@type\":\"Question\",\"name\":\"Wie ein Landschildkr\u00f6ten Fr\u00fchbeet selber bauen?\",\"acceptedAnswer\":{\"@type\":\"Answer\",\"text\":\"<\/p>\n<p>Beim Eigenbau eines Fr\u00fchbeets f\u00fcr Schildkr\u00f6ten hebt man zuerst eine Grube aus, verlegt ein <strong>Stromkabel<\/strong> und erstellt ein mit Styrodurplatten isoliertes <strong>Fundament aus Beton<\/strong> und damit die Einschalung zum Daraufsetzen des Fr\u00fchbeets. Am Ende folgt der Einbau der <a href=\\\"https:\/\/www.xn--landschildkrte-6pb.de\/beleuchtung\/fruehbeet-technik-fuer-griechische-landschildkroeten\/\\\">Fr\u00fchbeet-Technik.<\/a><\/p>\n<p>\"}},{\"@type\":\"Question\",\"name\":\"Wo findet man eine Anleitung zum Selbstbau eines Fr\u00fchbeets?\",\"acceptedAnswer\":{\"@type\":\"Answer\",\"text\":\"<\/p>\n<p>Es gibt leider nicht viele Anleitungen zum Selbstbau von Fr\u00fchbeeten f\u00fcr Landschildkr\u00f6ten. Wir haben auf <a href=\\\"https:\/\/www.xn--landschildkrte-6pb.de\/\\\">Landschildkroeten.de<\/a> eine <strong>Anleitung mit 12 Schritten<\/strong> erstellt, wie man mit etwas handwerklichem Geschick relativ <strong>unkompliziert ein Fr\u00fchbeet f\u00fcr Schildkr\u00f6ten<\/strong> selber bauen.<\/p>\n<p>\"}},{\"@type\":\"Question\",\"name\":\"Welche Materialien zum Fr\u00fchbeet braucht man?\",\"acceptedAnswer\":{\"@type\":\"Answer\",\"text\":\"<\/p>\n<p>Man ben\u00f6tigt: Feinmaschigen Draht, ein Erdkabel, Holz f\u00fcr die Fundament-Ausschalung, <strong>Styrodurplatten<\/strong>, Beton-Fertigmischung (oder Estrichkies und Zement), D\u00fcbel und Schrauben, <strong>das Fr\u00fchbeet<\/strong> selbst, einen Deckel\u00f6ffner und weitere <a href=\\\"https:\/\/www.xn--landschildkrte-6pb.de\/beleuchtung\/fruehbeet-technik-fuer-griechische-landschildkroeten\/\\\">Fr\u00fchbeet-Technik.<\/a> f\u00fcr Landschildkr\u00f6ten-Fr\u00fchbeete.<\/p>\n<p>\"}},{\"@type\":\"Question\",\"name\":\"Woraus macht man den Unterbau des Fr\u00fchbeets?\",\"acceptedAnswer\":{\"@type\":\"Answer\",\"text\":\"<\/p>\n<p>Der Unterbau eines Schildkkr\u00f6ten-Fr\u00fchbeets besteht, wenn es besonders langlebig und stabil sein soll, <strong>aus Beton<\/strong>. Wenn man diesen selbst mischen m\u00f6chte, nimmt man <strong>Estrichkies und Portlandzement<\/strong> im Mischungsverh\u00e4ltnis 4 Teile Kies, 1 Teil Zement und ca. 2 Teile Wasser.<\/p>\n<p>\"}},{\"@type\":\"Question\",\"name\":\"Wie viel kostet ein Fr\u00fchbeet-Bau f\u00fcr Schildkr\u00f6ten?\",\"acceptedAnswer\":{\"@type\":\"Answer\",\"text\":\"<\/p>\n<p>Ein gekaufter Schildkr\u00f6tenfr\u00fchbeet-Unterbau kostet knapp 200 \u20ac. Beim <strong>Selbstbau<\/strong> kann man f\u00fcr alle Materialien f\u00fcr den Unterbau mit <strong>unter 50 \u20ac<\/strong> rechnen. Man spart hier also etwa 150 \u20ac. Dazu kommt der obere Teil des <a href=\\\"https:\/\/www.xn--landschildkrte-6pb.de\/schildkroeten-fruehbeet-alltop\/\\\">Fr\u00fchbeets mit Verglasung<\/a>, welcher zwischen 150 \u20ac und 350 \u20ac kostet.<\/p>\n<p>\"}},{\"@type\":\"Question\",\"name\":\"Ist ein Stromanschluss notwendig?\",\"acceptedAnswer\":{\"@type\":\"Answer\",\"text\":\"<\/p>\n<p>Nicht jeder hat einen Stromanschluss im Garten und es ist auch m\u00f6glich, ein <strong>Schildkr\u00f6tengehege ohne Strom<\/strong> zu errichten. In den \u00dcbergangszeiten muss man seine <strong>Schildkr\u00f6ten dann allerdings ins Haus holen<\/strong>, was bei einem Stromanschluss im Fr\u00fchbeet nicht notwendig w\u00e4re.<\/p>\n<p>\"}}]}<\/script><\/div>\n","protected":false},"excerpt":{"rendered":"","protected":false},"author":1,"featured_media":3103,"parent":0,"menu_order":0,"comment_status":"closed","ping_status":"closed","template":"","meta":{"_exactmetrics_skip_tracking":false,"_exactmetrics_sitenote_active":false,"_exactmetrics_sitenote_note":"","_exactmetrics_sitenote_category":0,"footnotes":""},"class_list":["post-3091","page","type-page","status-publish","has-post-thumbnail","hentry"],"aioseo_notices":[],"publishpress_future_action":{"enabled":false,"date":"2026-05-01 08:05:33","action":"change-status","newStatus":"draft","terms":[],"taxonomy":"","extraData":[]},"publishpress_future_workflow_manual_trigger":{"enabledWorkflows":[]},"_links":{"self":[{"href":"https:\/\/www.xn--landschildkrte-6pb.de\/haltung\/wp-json\/wp\/v2\/pages\/3091","targetHints":{"allow":["GET"]}}],"collection":[{"href":"https:\/\/www.xn--landschildkrte-6pb.de\/haltung\/wp-json\/wp\/v2\/pages"}],"about":[{"href":"https:\/\/www.xn--landschildkrte-6pb.de\/haltung\/wp-json\/wp\/v2\/types\/page"}],"author":[{"embeddable":true,"href":"https:\/\/www.xn--landschildkrte-6pb.de\/haltung\/wp-json\/wp\/v2\/users\/1"}],"replies":[{"embeddable":true,"href":"https:\/\/www.xn--landschildkrte-6pb.de\/haltung\/wp-json\/wp\/v2\/comments?post=3091"}],"version-history":[{"count":23,"href":"https:\/\/www.xn--landschildkrte-6pb.de\/haltung\/wp-json\/wp\/v2\/pages\/3091\/revisions"}],"predecessor-version":[{"id":20054,"href":"https:\/\/www.xn--landschildkrte-6pb.de\/haltung\/wp-json\/wp\/v2\/pages\/3091\/revisions\/20054"}],"wp:featuredmedia":[{"embeddable":true,"href":"https:\/\/www.xn--landschildkrte-6pb.de\/haltung\/wp-json\/wp\/v2\/media\/3103"}],"wp:attachment":[{"href":"https:\/\/www.xn--landschildkrte-6pb.de\/haltung\/wp-json\/wp\/v2\/media?parent=3091"}],"curies":[{"name":"wp","href":"https:\/\/api.w.org\/{rel}","templated":true}]}}