{"id":3108,"date":"2017-08-18T13:02:07","date_gmt":"2017-08-18T13:02:07","guid":{"rendered":"http:\/\/www.landschildkroeten.de\/haltung\/?page_id=3108"},"modified":"2023-03-24T06:03:05","modified_gmt":"2023-03-24T06:03:05","slug":"galapagos-riesenschildkroete-chelonoidis-nigra","status":"publish","type":"page","link":"https:\/\/www.xn--landschildkrte-6pb.de\/haltung\/galapagos-riesenschildkroete-chelonoidis-nigra\/","title":{"rendered":"Galapagos-Riesenschildkr\u00f6te &#8211; Chelonoidis nigra"},"content":{"rendered":"<div class=\"extra-wrap block_7\">\nDie Galapagos-Riesenschildkr\u00f6te bewohnt das Galapagos-Archipel, eine Inselgruppe im Pazifischen Ozean.<br \/>\n<a href=\"https:\/\/www.xn--landschildkrte-6pb.de\/haltung\/wp-content\/uploads\/2017\/08\/Galapagos-Riesenschildkr\u00f6te-Chelonoidis-nigra-.jpg\"><img loading=\"lazy\" decoding=\"async\" class=\"alignnone size-full wp-image-3109\" src=\"https:\/\/www.xn--landschildkrte-6pb.de\/haltung\/wp-content\/uploads\/2017\/08\/Galapagos-Riesenschildkr\u00f6te-Chelonoidis-nigra-.jpg\" alt=\"\" width=\"848\" height=\"566\" srcset=\"https:\/\/www.xn--landschildkrte-6pb.de\/haltung\/wp-content\/uploads\/2017\/08\/Galapagos-Riesenschildkr\u00f6te-Chelonoidis-nigra-.jpg 848w, https:\/\/www.xn--landschildkrte-6pb.de\/haltung\/wp-content\/uploads\/2017\/08\/Galapagos-Riesenschildkr\u00f6te-Chelonoidis-nigra--300x200.jpg 300w, https:\/\/www.xn--landschildkrte-6pb.de\/haltung\/wp-content\/uploads\/2017\/08\/Galapagos-Riesenschildkr\u00f6te-Chelonoidis-nigra--768x513.jpg 768w\" sizes=\"auto, (max-width: 848px) 100vw, 848px\" \/><\/a><\/p>\n<h2>Es gibt folgende Unterarten<\/h2>\n<ul>\n<li>Wolf-Riesenschildkr\u00f6te (C. nigra becki)<\/li>\n<li>San-Crist\u00f3bal-Riesenschildkr\u00f6te (C. nigra chathamensis)<\/li>\n<li>Santiago-Riesenschildkr\u00f6te (C. nigra darwini)<\/li>\n<li>Pinz\u00f3n-Riesenschildkr\u00f6te (C. nigra ephippium)<\/li>\n<li>Sierra-Negra-Riesenschildkr\u00f6te (C. nigra guntheri)<\/li>\n<li>Espa\u00f1ola-Riesenschildkr\u00f6te (C. nigra hoodensis)<\/li>\n<li>Darwin-Riesenschildkr\u00f6te (C. nigra microphyes)<\/li>\n<li>Santa-Cruz-Riesenschildkr\u00f6te (C. nigra porteri)<\/li>\n<li>Alcedo-Riesenschildkr\u00f6te (C. nigra vandenburghi)<\/li>\n<li>Cerro-Azul-Riesenschildkr\u00f6te (C. nigra vicina)<\/li>\n<\/ul>\n<p>Von der Pinta-Riesenschildkr\u00f6te lebte lange Zeit nur noch ein einziges Tier: Lonesome George. Leider starb er am 24.06.2012 und damit die gesamte Unterart.<br \/>\nAdulte Tiere halten sich bevorzugt in den Zonen mit \u00fcppiger Vegetation auf. Die Weibchen wandern jedoch zur Eiablage in die w\u00e4rmeren K\u00fcstengebiete, in denen auch die Jungtiere aufwachsen.<\/p>\n<h3>Ausgestorbene Unterarten:<\/h3>\n<ul>\n<li>Pinta-Riesenschildkr\u00f6te (C. nigra abingdonii) <em>[Am 24. Juni 2012 mit dem Tod von Lonesome George ausgestorben]<\/em><\/li>\n<li>nigra; war auf Santa Maria (Floreana) beheimatet<\/li>\n<li>phantastica; war auf Fernandina beheimatet<\/li>\n<li>(unbenannt); war auf Santa F\u00e9 beheimatet<\/li>\n<\/ul>\n<h3>Ern\u00e4hrung<\/h3>\n<p>Die Tiere im Laufe der Evolution aufgrund ihrer Ern\u00e4hrungsweise verschieden geformte Panzer entwickelt. Unterarten, die sich \u00fcberwiegend von Bodenbewuchs ern\u00e4hren, weisen einen kuppelf\u00f6rmigen Panzer auf. Unterarten, die sich \u00fcberwiegend von B\u00fcschen ern\u00e4hren, haben einen sattelf\u00f6rmigen Panzer, der gr\u00f6\u00dfere Halsbewegungen und damit das Abfressen von Futter in gr\u00f6\u00dferer H\u00f6he erlaubt.<\/p>\n<div id=\"attachment_6036\" style=\"width: 1290px\" class=\"wp-caption aligncenter\"><img loading=\"lazy\" decoding=\"async\" aria-describedby=\"caption-attachment-6036\" class=\"size-full wp-image-6036\" src=\"https:\/\/www.xn--landschildkrte-6pb.de\/haltung\/wp-content\/uploads\/2018\/03\/Galapagos-Riesenschildkr\u00f6te-Futter.jpg\" alt=\"\" width=\"1280\" height=\"960\" srcset=\"https:\/\/www.xn--landschildkrte-6pb.de\/haltung\/wp-content\/uploads\/2018\/03\/Galapagos-Riesenschildkr\u00f6te-Futter.jpg 1280w, https:\/\/www.xn--landschildkrte-6pb.de\/haltung\/wp-content\/uploads\/2018\/03\/Galapagos-Riesenschildkr\u00f6te-Futter-300x225.jpg 300w, https:\/\/www.xn--landschildkrte-6pb.de\/haltung\/wp-content\/uploads\/2018\/03\/Galapagos-Riesenschildkr\u00f6te-Futter-768x576.jpg 768w, https:\/\/www.xn--landschildkrte-6pb.de\/haltung\/wp-content\/uploads\/2018\/03\/Galapagos-Riesenschildkr\u00f6te-Futter-1024x768.jpg 1024w, https:\/\/www.xn--landschildkrte-6pb.de\/haltung\/wp-content\/uploads\/2018\/03\/Galapagos-Riesenschildkr\u00f6te-Futter-200x150.jpg 200w\" sizes=\"auto, (max-width: 1280px) 100vw, 1280px\" \/><p id=\"caption-attachment-6036\" class=\"wp-caption-text\">Galapagos-Riesenschildkr\u00f6te Futter<\/p><\/div>\n<h3>K\u00f6rpergr\u00f6\u00dfe &amp; maximales Alter<\/h3>\n<p>Als Maximalgr\u00f6\u00dfen f\u00fcr rezente frei lebende Unterarten auf Galapagos werden 80 cm Panzerl\u00e4nge f\u00fcr Weibchen und 95 cm f\u00fcr M\u00e4nnchen angegeben. Im Gefangenschaft gehaltene Tiere erreichten Panzerl\u00e4ngen von 134 cm und 290 kg. Gal\u00e1pagos-Riesenschildkr\u00f6ten werden oftmals sehr alt. Harriet beispielsweise starb im Juni 2006 im Alter von vermutlich 176 Jahren.<\/p>\n<p><img loading=\"lazy\" decoding=\"async\" class=\"aligncenter size-full wp-image-6037\" src=\"https:\/\/www.xn--landschildkrte-6pb.de\/haltung\/wp-content\/uploads\/2018\/03\/Galapagos-Schildkr\u00f6ten.jpg\" alt=\"\" width=\"1280\" height=\"870\" srcset=\"https:\/\/www.xn--landschildkrte-6pb.de\/haltung\/wp-content\/uploads\/2018\/03\/Galapagos-Schildkr\u00f6ten.jpg 1280w, https:\/\/www.xn--landschildkrte-6pb.de\/haltung\/wp-content\/uploads\/2018\/03\/Galapagos-Schildkr\u00f6ten-300x204.jpg 300w, https:\/\/www.xn--landschildkrte-6pb.de\/haltung\/wp-content\/uploads\/2018\/03\/Galapagos-Schildkr\u00f6ten-768x522.jpg 768w, https:\/\/www.xn--landschildkrte-6pb.de\/haltung\/wp-content\/uploads\/2018\/03\/Galapagos-Schildkr\u00f6ten-1024x696.jpg 1024w\" sizes=\"auto, (max-width: 1280px) 100vw, 1280px\" \/><\/p>\n<h3>Gef\u00e4hrdung<\/h3>\n<p>Nach der Entdeckung der Gal\u00e1pagos-Inselgruppe wurden die Riesenschildkr\u00f6ten-Best\u00e4nde sehr stark dezimiert und vier der 15 bekannten Unterarten wurden ausgerottet. In den letzten zwei Jahrhunderten wurden vermutlich 100.000 bis 200.000 Tiere abgeschlachtet. Der Bestand wird heute auf insgesamt 12.000 bis 15.000 Tiere gesch\u00e4tzt.<\/p>\n<div id=\"attachment_6038\" style=\"width: 1290px\" class=\"wp-caption aligncenter\"><img loading=\"lazy\" decoding=\"async\" aria-describedby=\"caption-attachment-6038\" class=\"size-full wp-image-6038\" src=\"https:\/\/www.xn--landschildkrte-6pb.de\/haltung\/wp-content\/uploads\/2018\/03\/Chelonoidis-nigra.jpg\" alt=\"\" width=\"1280\" height=\"850\" srcset=\"https:\/\/www.xn--landschildkrte-6pb.de\/haltung\/wp-content\/uploads\/2018\/03\/Chelonoidis-nigra.jpg 1280w, https:\/\/www.xn--landschildkrte-6pb.de\/haltung\/wp-content\/uploads\/2018\/03\/Chelonoidis-nigra-300x199.jpg 300w, https:\/\/www.xn--landschildkrte-6pb.de\/haltung\/wp-content\/uploads\/2018\/03\/Chelonoidis-nigra-768x510.jpg 768w, https:\/\/www.xn--landschildkrte-6pb.de\/haltung\/wp-content\/uploads\/2018\/03\/Chelonoidis-nigra-1024x680.jpg 1024w\" sizes=\"auto, (max-width: 1280px) 100vw, 1280px\" \/><p id=\"caption-attachment-6038\" class=\"wp-caption-text\">Chelonoidis nigra auf Galapagos<\/p><\/div>\n<p>Die Galapagos-Riesenschildkr\u00f6te ist in Anhang A des Washingtoner Artenschutzabkommens gelistet, der h\u00f6chsten Schutzstufe. Auf den Inseln selber wird seit 1960 ein Artenschutzprojekt betrieben, die Charles Darwin Research Station, die inzwischen \u00fcber 2500 Jungtiere nachgezogen und wieder ausgewildert hat. Dar\u00fcber hinaus sorgt die Station f\u00fcr die Eind\u00e4mmung von Neophyten und Neozoen, die die gr\u00f6\u00dfte Bedrohung der Artenvielfalt auf Galapagos darstellen. F\u00fcr die Riesenschildkr\u00f6ten stellen vor allem Schweine, Ziegen, Katzen und <a href=\"https:\/\/xn--schildkrten-yfb.de\/blogs\/news\/gefahr-fressfeinde-waschbaeren-ratten-marder\" target=\"_blank\" rel=\"noopener\">Ratten<\/a> eine Bedrohung dar, denen Gelege und Jungtiere zum Opfer fallen. Aber auch eingeschleppte Pflanzen, die einheimische Pflanzen verdr\u00e4ngen und somit die Nahrungsgrundlage zerst\u00f6ren.<\/p>\n<p><em>Foto ganz oben: \u00a9 www.bitis.de - Fotolia.com<\/em><\/p>\n<\/div>\n","protected":false},"excerpt":{"rendered":"","protected":false},"author":1,"featured_media":3109,"parent":0,"menu_order":0,"comment_status":"closed","ping_status":"closed","template":"","meta":{"_exactmetrics_skip_tracking":false,"_exactmetrics_sitenote_active":false,"_exactmetrics_sitenote_note":"","_exactmetrics_sitenote_category":0,"footnotes":""},"class_list":["post-3108","page","type-page","status-publish","has-post-thumbnail","hentry"],"aioseo_notices":[],"publishpress_future_action":{"enabled":false,"date":"2026-04-27 10:07:06","action":"change-status","newStatus":"draft","terms":[],"taxonomy":"","extraData":[]},"publishpress_future_workflow_manual_trigger":{"enabledWorkflows":[]},"_links":{"self":[{"href":"https:\/\/www.xn--landschildkrte-6pb.de\/haltung\/wp-json\/wp\/v2\/pages\/3108","targetHints":{"allow":["GET"]}}],"collection":[{"href":"https:\/\/www.xn--landschildkrte-6pb.de\/haltung\/wp-json\/wp\/v2\/pages"}],"about":[{"href":"https:\/\/www.xn--landschildkrte-6pb.de\/haltung\/wp-json\/wp\/v2\/types\/page"}],"author":[{"embeddable":true,"href":"https:\/\/www.xn--landschildkrte-6pb.de\/haltung\/wp-json\/wp\/v2\/users\/1"}],"replies":[{"embeddable":true,"href":"https:\/\/www.xn--landschildkrte-6pb.de\/haltung\/wp-json\/wp\/v2\/comments?post=3108"}],"version-history":[{"count":9,"href":"https:\/\/www.xn--landschildkrte-6pb.de\/haltung\/wp-json\/wp\/v2\/pages\/3108\/revisions"}],"predecessor-version":[{"id":19978,"href":"https:\/\/www.xn--landschildkrte-6pb.de\/haltung\/wp-json\/wp\/v2\/pages\/3108\/revisions\/19978"}],"wp:featuredmedia":[{"embeddable":true,"href":"https:\/\/www.xn--landschildkrte-6pb.de\/haltung\/wp-json\/wp\/v2\/media\/3109"}],"wp:attachment":[{"href":"https:\/\/www.xn--landschildkrte-6pb.de\/haltung\/wp-json\/wp\/v2\/media?parent=3108"}],"curies":[{"name":"wp","href":"https:\/\/api.w.org\/{rel}","templated":true}]}}