{"id":3231,"date":"2017-08-20T13:34:17","date_gmt":"2017-08-20T13:34:17","guid":{"rendered":"http:\/\/www.landschildkroeten.de\/haltung\/?page_id=3231"},"modified":"2023-09-21T15:27:04","modified_gmt":"2023-09-21T15:27:04","slug":"golliwoog-einpflanzen","status":"publish","type":"page","link":"https:\/\/www.xn--landschildkrte-6pb.de\/haltung\/golliwoog-einpflanzen\/","title":{"rendered":"Golliwoog einpflanzen?"},"content":{"rendered":"<div class=\"extra-wrap block_7\">\n<strong>Thilo schrieb:<\/strong><br \/>\nHallo Florian<\/p>\n<p>Ich wollte Fragen ob man Pflanzen wie <a href=\"\/gehege\/schildkroetengehege-welche-pflanzen-im-gehege-fuer-landschildkroeten\/#golliwoog\">Golliwog<\/a> oder<br \/>\n<a href=\"https:\/\/xn--schildkrten-yfb.de\/products\/echter-thymian-thymus-vulgaris-samen-saatgut\" target=\"_blank\" rel=\"noopener\">Thymian<\/a> auch in ein Terrarium Pflanzen kann? Weil auf<br \/>\ndem Bild auf <a href=\"https:\/\/www.xn--landschildkrte-6pb.de\/ernaehrung\/was-fressen-schildkroeten-ernaehrung-von-landschildkroeten\/\">https:\/\/www.xn--landschildkrte-6pb.de\/ernaehrung\/was-fressen-schildkroeten-ernaehrung-von-landschildkroeten\/<\/a> bei Golliwog sieht es so aus als w\u00e4re er im Terrarium<br \/>\neingepflanzt. Wenn das wirklich funktioniert wie macht man das ? Grabt ihr das mit Topf ein oder f\u00fcllt ihr viel Erde ein, und pflanzt es dann ein ?<\/p>\n<p>Ich w\u00e4re ihnen sehr Verbunden f\u00fcr eine baldige Antwort.<\/p>\n<p>Gru\u00df Thilo<\/p>\n<div id=\"attachment_8544\" style=\"width: 614px\" class=\"wp-caption aligncenter\"><img loading=\"lazy\" decoding=\"async\" aria-describedby=\"caption-attachment-8544\" class=\"wp-image-8544 size-large\" src=\"https:\/\/www.xn--landschildkrte-6pb.de\/haltung\/wp-content\/uploads\/2020\/05\/Golliwoog-im-Schildkr\u00f6ten-Terrarium-1024x768.jpg\" alt=\"\" width=\"604\" height=\"453\" srcset=\"https:\/\/www.xn--landschildkrte-6pb.de\/haltung\/wp-content\/uploads\/2020\/05\/Golliwoog-im-Schildkr\u00f6ten-Terrarium-1024x768.jpg 1024w, https:\/\/www.xn--landschildkrte-6pb.de\/haltung\/wp-content\/uploads\/2020\/05\/Golliwoog-im-Schildkr\u00f6ten-Terrarium-300x225.jpg 300w, https:\/\/www.xn--landschildkrte-6pb.de\/haltung\/wp-content\/uploads\/2020\/05\/Golliwoog-im-Schildkr\u00f6ten-Terrarium-768x576.jpg 768w, https:\/\/www.xn--landschildkrte-6pb.de\/haltung\/wp-content\/uploads\/2020\/05\/Golliwoog-im-Schildkr\u00f6ten-Terrarium-1536x1152.jpg 1536w, https:\/\/www.xn--landschildkrte-6pb.de\/haltung\/wp-content\/uploads\/2020\/05\/Golliwoog-im-Schildkr\u00f6ten-Terrarium-2048x1536.jpg 2048w, https:\/\/www.xn--landschildkrte-6pb.de\/haltung\/wp-content\/uploads\/2020\/05\/Golliwoog-im-Schildkr\u00f6ten-Terrarium-200x150.jpg 200w\" sizes=\"auto, (max-width: 604px) 100vw, 604px\" \/><p id=\"caption-attachment-8544\" class=\"wp-caption-text\">Golliwoog im Schildkr\u00f6ten-Terrarium<\/p><\/div>\n\n\t\t<style type=\"text\/css\">\n\t\t\t#gallery-1 {\n\t\t\t\tmargin: auto;\n\t\t\t}\n\t\t\t#gallery-1 .gallery-item {\n\t\t\t\tfloat: left;\n\t\t\t\tmargin-top: 10px;\n\t\t\t\ttext-align: center;\n\t\t\t\twidth: 33%;\n\t\t\t}\n\t\t\t#gallery-1 img {\n\t\t\t\tborder: 2px solid #cfcfcf;\n\t\t\t}\n\t\t\t#gallery-1 .gallery-caption {\n\t\t\t\tmargin-left: 0;\n\t\t\t}\n\t\t\t\/* see gallery_shortcode() in wp-includes\/media.php *\/\n\t\t<\/style>\n\t\t<div id='gallery-1' class='gallery galleryid-3231 gallery-columns-3 gallery-size-thumbnail'><dl class='gallery-item'>\n\t\t\t<dt class='gallery-icon landscape'>\n\t\t\t\t<a href='https:\/\/www.xn--landschildkrte-6pb.de\/haltung\/golliwoog-einpflanzen\/attachment\/golli-thek-golliwoog\/'><img loading=\"lazy\" decoding=\"async\" width=\"150\" height=\"150\" src=\"https:\/\/www.xn--landschildkrte-6pb.de\/haltung\/wp-content\/uploads\/2022\/09\/Golli-Thek-Golliwoog-150x150.jpg\" class=\"attachment-thumbnail size-thumbnail\" alt=\"\" aria-describedby=\"gallery-1-18549\" \/><\/a>\n\t\t\t<\/dt>\n\t\t\t\t<dd class='wp-caption-text gallery-caption' id='gallery-1-18549'>\n\t\t\t\tGolli-Thek Golliwoog\n\t\t\t\t<\/dd><\/dl><dl class='gallery-item'>\n\t\t\t<dt class='gallery-icon landscape'>\n\t\t\t\t<a href='https:\/\/www.xn--landschildkrte-6pb.de\/haltung\/golliwoog-einpflanzen\/attachment\/golliwoog-fuer-schildkroeten\/'><img loading=\"lazy\" decoding=\"async\" width=\"150\" height=\"150\" src=\"https:\/\/www.xn--landschildkrte-6pb.de\/haltung\/wp-content\/uploads\/2022\/09\/Golliwoog-fuer-Schildkroeten-150x150.jpg\" class=\"attachment-thumbnail size-thumbnail\" alt=\"\" aria-describedby=\"gallery-1-18550\" \/><\/a>\n\t\t\t<\/dt>\n\t\t\t\t<dd class='wp-caption-text gallery-caption' id='gallery-1-18550'>\n\t\t\t\tGolliwoog f\u00fcr Schildkr\u00f6ten\n\t\t\t\t<\/dd><\/dl><dl class='gallery-item'>\n\t\t\t<dt class='gallery-icon landscape'>\n\t\t\t\t<a href='https:\/\/www.xn--landschildkrte-6pb.de\/haltung\/golliwoog-einpflanzen\/attachment\/golliwoog-fuer-griechische-landschildkroeten\/'><img loading=\"lazy\" decoding=\"async\" width=\"150\" height=\"150\" src=\"https:\/\/www.xn--landschildkrte-6pb.de\/haltung\/wp-content\/uploads\/2022\/09\/Golliwoog-fuer-Griechische-Landschildkroeten-150x150.jpg\" class=\"attachment-thumbnail size-thumbnail\" alt=\"\" aria-describedby=\"gallery-1-18551\" \/><\/a>\n\t\t\t<\/dt>\n\t\t\t\t<dd class='wp-caption-text gallery-caption' id='gallery-1-18551'>\n\t\t\t\tGolliwoog f\u00fcr Griechische Landschildkr\u00f6ten\n\t\t\t\t<\/dd><\/dl><br style=\"clear: both\" \/><dl class='gallery-item'>\n\t\t\t<dt class='gallery-icon landscape'>\n\t\t\t\t<a href='https:\/\/www.xn--landschildkrte-6pb.de\/haltung\/golliwoog-einpflanzen\/attachment\/golliwoog-fuer-kaninchen-voegel-schildkroeten-und-katzen\/'><img loading=\"lazy\" decoding=\"async\" width=\"150\" height=\"150\" src=\"https:\/\/www.xn--landschildkrte-6pb.de\/haltung\/wp-content\/uploads\/2022\/09\/Golliwoog-fuer-Kaninchen-Voegel-Schildkroeten-und-Katzen-150x150.jpg\" class=\"attachment-thumbnail size-thumbnail\" alt=\"\" aria-describedby=\"gallery-1-18552\" srcset=\"https:\/\/www.xn--landschildkrte-6pb.de\/haltung\/wp-content\/uploads\/2022\/09\/Golliwoog-fuer-Kaninchen-Voegel-Schildkroeten-und-Katzen-150x150.jpg 150w, https:\/\/www.xn--landschildkrte-6pb.de\/haltung\/wp-content\/uploads\/2022\/09\/Golliwoog-fuer-Kaninchen-Voegel-Schildkroeten-und-Katzen-300x300.jpg 300w, https:\/\/www.xn--landschildkrte-6pb.de\/haltung\/wp-content\/uploads\/2022\/09\/Golliwoog-fuer-Kaninchen-Voegel-Schildkroeten-und-Katzen-768x766.jpg 768w, https:\/\/www.xn--landschildkrte-6pb.de\/haltung\/wp-content\/uploads\/2022\/09\/Golliwoog-fuer-Kaninchen-Voegel-Schildkroeten-und-Katzen.jpg 975w\" sizes=\"auto, (max-width: 150px) 100vw, 150px\" \/><\/a>\n\t\t\t<\/dt>\n\t\t\t\t<dd class='wp-caption-text gallery-caption' id='gallery-1-18552'>\n\t\t\t\tGolliwoog f\u00fcr Kaninchen, V\u00f6gel, Schildkr\u00f6ten und Katzen\n\t\t\t\t<\/dd><\/dl><dl class='gallery-item'>\n\t\t\t<dt class='gallery-icon portrait'>\n\t\t\t\t<a href='https:\/\/www.xn--landschildkrte-6pb.de\/haltung\/golliwoog-einpflanzen\/attachment\/golliwoog-empfehlung-von-thorsten-geier\/'><img loading=\"lazy\" decoding=\"async\" width=\"150\" height=\"150\" src=\"https:\/\/www.xn--landschildkrte-6pb.de\/haltung\/wp-content\/uploads\/2022\/09\/Golliwoog-Empfehlung-von-Thorsten-Geier-150x150.jpg\" class=\"attachment-thumbnail size-thumbnail\" alt=\"\" aria-describedby=\"gallery-1-18553\" \/><\/a>\n\t\t\t<\/dt>\n\t\t\t\t<dd class='wp-caption-text gallery-caption' id='gallery-1-18553'>\n\t\t\t\tGolliwoog &#8211; Empfehlung von Thorsten Geier\n\t\t\t\t<\/dd><\/dl><dl class='gallery-item'>\n\t\t\t<dt class='gallery-icon portrait'>\n\t\t\t\t<a href='https:\/\/www.xn--landschildkrte-6pb.de\/haltung\/golliwoog-einpflanzen\/attachment\/golliwoog-bestandteile\/'><img loading=\"lazy\" decoding=\"async\" width=\"150\" height=\"150\" src=\"https:\/\/www.xn--landschildkrte-6pb.de\/haltung\/wp-content\/uploads\/2022\/09\/Golliwoog-Bestandteile-150x150.jpg\" class=\"attachment-thumbnail size-thumbnail\" alt=\"\" aria-describedby=\"gallery-1-18554\" srcset=\"https:\/\/www.xn--landschildkrte-6pb.de\/haltung\/wp-content\/uploads\/2022\/09\/Golliwoog-Bestandteile-150x150.jpg 150w, https:\/\/www.xn--landschildkrte-6pb.de\/haltung\/wp-content\/uploads\/2022\/09\/Golliwoog-Bestandteile-768x775.jpg 768w, https:\/\/www.xn--landschildkrte-6pb.de\/haltung\/wp-content\/uploads\/2022\/09\/Golliwoog-Bestandteile.jpg 956w\" sizes=\"auto, (max-width: 150px) 100vw, 150px\" \/><\/a>\n\t\t\t<\/dt>\n\t\t\t\t<dd class='wp-caption-text gallery-caption' id='gallery-1-18554'>\n\t\t\t\tGolliwoog &#8211; Bestandteile\n\t\t\t\t<\/dd><\/dl><br style=\"clear: both\" \/><dl class='gallery-item'>\n\t\t\t<dt class='gallery-icon portrait'>\n\t\t\t\t<a href='https:\/\/www.xn--landschildkrte-6pb.de\/haltung\/golliwoog-einpflanzen\/attachment\/griechische-landschildkroete-frisst-golliwoog-2\/'><img loading=\"lazy\" decoding=\"async\" width=\"150\" height=\"150\" src=\"https:\/\/www.xn--landschildkrte-6pb.de\/haltung\/wp-content\/uploads\/2023\/02\/Griechische-Landschildkroete-frisst-Golliwoog-150x150.jpg\" class=\"attachment-thumbnail size-thumbnail\" alt=\"\" aria-describedby=\"gallery-1-19209\" \/><\/a>\n\t\t\t<\/dt>\n\t\t\t\t<dd class='wp-caption-text gallery-caption' id='gallery-1-19209'>\n\t\t\t\tGriechische Landschildkr\u00f6te frisst Golliwoog\n\t\t\t\t<\/dd><\/dl><dl class='gallery-item'>\n\t\t\t<dt class='gallery-icon portrait'>\n\t\t\t\t<a href='https:\/\/www.xn--landschildkrte-6pb.de\/haltung\/golliwoog-einpflanzen\/attachment\/griechische-landschildkroeten-lieben-golliwoog\/'><img loading=\"lazy\" decoding=\"async\" width=\"150\" height=\"150\" src=\"https:\/\/www.xn--landschildkrte-6pb.de\/haltung\/wp-content\/uploads\/2023\/03\/Griechische-Landschildkroeten-lieben-Golliwoog-150x150.jpg\" class=\"attachment-thumbnail size-thumbnail\" alt=\"\" aria-describedby=\"gallery-1-19431\" \/><\/a>\n\t\t\t<\/dt>\n\t\t\t\t<dd class='wp-caption-text gallery-caption' id='gallery-1-19431'>\n\t\t\t\tGriechische Landschildkr\u00f6ten lieben Golliwoog\n\t\t\t\t<\/dd><\/dl><dl class='gallery-item'>\n\t\t\t<dt class='gallery-icon landscape'>\n\t\t\t\t<a href='https:\/\/www.xn--landschildkrte-6pb.de\/haltung\/golliwoog-einpflanzen\/attachment\/kleine-griechische-landschildkroeten-am-golliwoog\/'><img loading=\"lazy\" decoding=\"async\" width=\"150\" height=\"150\" src=\"https:\/\/www.xn--landschildkrte-6pb.de\/haltung\/wp-content\/uploads\/2023\/03\/Kleine-Griechische-Landschildkroeten-am-Golliwoog-150x150.jpeg\" class=\"attachment-thumbnail size-thumbnail\" alt=\"Kleine Griechische Landschildkr\u00f6ten am Golliwoog\" aria-describedby=\"gallery-1-19763\" \/><\/a>\n\t\t\t<\/dt>\n\t\t\t\t<dd class='wp-caption-text gallery-caption' id='gallery-1-19763'>\n\t\t\t\tKleine Griechische Landschildkr\u00f6ten am Golliwoog\n\t\t\t\t<\/dd><\/dl><br style=\"clear: both\" \/>\n\t\t<\/div>\n\n<p><em>---Antwort---<br \/>\nHallo Thilo,<br \/>\ndu kannst alles ins Terrarium pflanzen. Da normale Gartenerde auch im Terrarium das beste Substrat ist, kannst du den <a href=\"https:\/\/www.xn--schildkrten-yfb.de\/products\/golliwoog-callisia-repens-futterpflanze\">Golliwoog<\/a> (<a href=\"https:\/\/xn--schildkrten-yfb.de\/products\/kriechendes-schoenpolster-callisia-repens-die-futterpflanze-fuer-schildkroeten\">Callisia repens<\/a>) auch ohne Topf ins Terrarium pflanzen:<\/em><\/p>\n<a href=\"https:\/\/www.xn--schildkrten-yfb.de\/products\/golliwoog-callisia-repens-futterpflanze\" title=\"Bestellung von Golliwoog\" class=\"btn btn-primary btn-normal btn-inline \" target=\"_blank\"><i class=\"icon-shopping-cart\"><\/i>Bestellung von Golliwoog<\/a><!-- .btn --><div class=\"hr\"><\/div><!-- .hr (end) -->\n<h2>H\u00e4ufige Fragen \u00fcber Golliwoog<\/h2>\n<h3>Was genau ist Golliwoog\u00ae?<\/h3>\n<p>Golliwoog\u00ae ist eine unbehandelte, fleischige Futterpflanze f\u00fcr Schildkr\u00f6ten, andere Reptilien, Nagetiere, Katzen und V\u00f6gel.<\/p>\n<h3>Wo kann man Golliwoog kaufen?<\/h3>\n<p>Golliwoog kann man unter anderem bei uns im <a href=\"https:\/\/www.xn--schildkrten-yfb.de\/products\/golliwoog-callisia-repens-futterpflanze\" target=\"_blank\" rel=\"noopener noreferrer\">Schildkr\u00f6tenshop \u00fcber amazon<\/a>, aber auch in zahlreichen Zoofachgesch\u00e4ften und Gartencentern kaufen.<br \/>\n<a href=\"https:\/\/www.xn--schildkrten-yfb.de\/products\/golliwoog-callisia-repens-futterpflanze\" target=\"_blank\" rel=\"noopener noreferrer\">Golliwoog online bestellen<\/a><\/p>\n<h3>Woher stammt die Pflanze?<\/h3>\n<p>Die Pflanze mit dem deutschen Namen \"Kriechendes Sch\u00f6npolster\" (Callisia repens oder auch Callisia turtle) stammt aus Zentral- und S\u00fcdamerika.<\/p>\n<h3>Ist Golliwoog f\u00fcr Schildkr\u00f6ten gesund?<\/h3>\n<p>Golliwoog hat ein optimales Phosphor-\/ Kalziumverh\u00e4ltnis, viele Vitamine, Magnesium, Rohfasern, Ballaststoffe und speichert in ihren Bl\u00e4ttern viel Wasser. Es f\u00f6rdert die Verdauung der Schildkr\u00f6ten.<\/p>\n<h3>Wo wird Golliwoog\u00ae hergestellt?<\/h3>\n<p>Die Original Golliwoog\u00ae wird seit dem Jahr 2005 von der G\u00e4rtnerei Schrape mit den Inhabern Nadine und Manfred Schrape in Golli-Thek\u00ae-T\u00f6pfen produziert.<\/p>\n<h3>Ist Golliwoog\u00ae gleich nach dem Kauf verf\u00fctterbar?<\/h3>\n<p>Ja. Da die Pflanze ohne Pflanzenschutzmittel und sogar nach Lebensmittelstandard angebaut wird, kann man sie direkt nach dem Kauf verf\u00fcttern.<br \/>\n<a href=\"https:\/\/www.xn--schildkrten-yfb.de\/products\/golliwoog-callisia-repens-futterpflanze\" target=\"_blank\" rel=\"noopener noreferrer\">Golliwoog kaufen<\/a><\/p>\n<p><script type=\"application\/ld+json\">{\"@context\":\"https:\/\/schema.org\",\"@type\":\"FAQPage\",\"mainEntity\":[{\"@type\":\"Question\",\"name\":\"Was genau ist Golliwoog\u00ae?\",\"acceptedAnswer\":{\"@type\":\"Answer\",\"text\":\"<\/p>\n<p>Golliwoog\u00ae ist eine unbehandelte, fleischige Futterpflanze f\u00fcr Schildkr\u00f6ten, andere Reptilien, Nagetiere, Katzen und V\u00f6gel.<\/p>\n<p>\"}},{\"@type\":\"Question\",\"name\":\"Wo kann man Golliwoog kaufen?\",\"acceptedAnswer\":{\"@type\":\"Answer\",\"text\":\"<\/p>\n<p>Golliwoog kann man unter anderem bei uns im <a href=\\\"https:\/\/www.xn--schildkrten-yfb.de\/products\/golliwoog-callisia-repens-futterpflanze\\\" target=\\\"_blank\\\">Schildkr\u00f6tenshop \u00fcber amazon<\/a>, aber auch in zahlreichen Zoofachgesch\u00e4ften und Gartencentern kaufen.<br \/>\\n<a href=\\\"https:\/\/www.xn--schildkrten-yfb.de\/products\/golliwoog-callisia-repens-futterpflanze\\\" target=\\\"_blank\\\">Golliwoog online bestellen<\/a><\/p>\n<p>\"}},{\"@type\":\"Question\",\"name\":\"Woher stammt die Pflanze?\",\"acceptedAnswer\":{\"@type\":\"Answer\",\"text\":\"<\/p>\n<p>Die Pflanze mit dem deutschen Namen \\\"Kriechendes Sch\u00f6npolster\\\" (Callisia repens oder auch Callisia turtle) stammt aus Zentral- und S\u00fcdamerika.<\/p>\n<p>\"}},{\"@type\":\"Question\",\"name\":\"Ist Golliwoog f\u00fcr Schildkr\u00f6ten gesund?\",\"acceptedAnswer\":{\"@type\":\"Answer\",\"text\":\"<\/p>\n<p>Golliwoog hat ein optimales Phosphor-\/ Kalziumverh\u00e4ltnis, viele Vitamine, Magnesium, Rohfasern, Ballaststoffe und speichert in ihren Bl\u00e4ttern viel Wasser. Es f\u00f6rdert die Verdauung der Schildkr\u00f6ten.<\/p>\n<p>\"}},{\"@type\":\"Question\",\"name\":\"Wo wird Golliwoog\u00ae hergestellt?\",\"acceptedAnswer\":{\"@type\":\"Answer\",\"text\":\"<\/p>\n<p>Die Original Golliwoog\u00ae wird seit dem Jahr 2005 von der G\u00e4rtnerei Schrape mit den Inhabern Nadine und Manfred Schrape in Golli-Thek\u00ae-T\u00f6pfen produziert.<\/p>\n<p>\"}},{\"@type\":\"Question\",\"name\":\"Ist Golliwoog\u00ae gleich nach dem Kauf verf\u00fctterbar?\",\"acceptedAnswer\":{\"@type\":\"Answer\",\"text\":\"<\/p>\n<p>Ja. Da die Pflanze ohne Pflanzenschutzmittel und sogar nach Lebensmittelstandard angebaut wird, kann man sie direkt nach dem Kauf verf\u00fcttern.<br \/>\\n<a href=\\\"https:\/\/www.xn--schildkrten-yfb.de\/products\/golliwoog-callisia-repens-futterpflanze\\\" target=\\\"_blank\\\">Golliwoog kaufen<\/a><\/p>\n<p>\"}}]}<\/script><\/div>\n","protected":false},"excerpt":{"rendered":"","protected":false},"author":1,"featured_media":19763,"parent":0,"menu_order":0,"comment_status":"closed","ping_status":"closed","template":"","meta":{"_exactmetrics_skip_tracking":false,"_exactmetrics_sitenote_active":false,"_exactmetrics_sitenote_note":"","_exactmetrics_sitenote_category":0,"footnotes":""},"class_list":["post-3231","page","type-page","status-publish","has-post-thumbnail","hentry"],"aioseo_notices":[],"publishpress_future_action":{"enabled":false,"date":"2026-05-01 08:28:08","action":"change-status","newStatus":"draft","terms":[],"taxonomy":"","extraData":[]},"publishpress_future_workflow_manual_trigger":{"enabledWorkflows":[]},"_links":{"self":[{"href":"https:\/\/www.xn--landschildkrte-6pb.de\/haltung\/wp-json\/wp\/v2\/pages\/3231","targetHints":{"allow":["GET"]}}],"collection":[{"href":"https:\/\/www.xn--landschildkrte-6pb.de\/haltung\/wp-json\/wp\/v2\/pages"}],"about":[{"href":"https:\/\/www.xn--landschildkrte-6pb.de\/haltung\/wp-json\/wp\/v2\/types\/page"}],"author":[{"embeddable":true,"href":"https:\/\/www.xn--landschildkrte-6pb.de\/haltung\/wp-json\/wp\/v2\/users\/1"}],"replies":[{"embeddable":true,"href":"https:\/\/www.xn--landschildkrte-6pb.de\/haltung\/wp-json\/wp\/v2\/comments?post=3231"}],"version-history":[{"count":22,"href":"https:\/\/www.xn--landschildkrte-6pb.de\/haltung\/wp-json\/wp\/v2\/pages\/3231\/revisions"}],"predecessor-version":[{"id":21052,"href":"https:\/\/www.xn--landschildkrte-6pb.de\/haltung\/wp-json\/wp\/v2\/pages\/3231\/revisions\/21052"}],"wp:featuredmedia":[{"embeddable":true,"href":"https:\/\/www.xn--landschildkrte-6pb.de\/haltung\/wp-json\/wp\/v2\/media\/19763"}],"wp:attachment":[{"href":"https:\/\/www.xn--landschildkrte-6pb.de\/haltung\/wp-json\/wp\/v2\/media?parent=3231"}],"curies":[{"name":"wp","href":"https:\/\/api.w.org\/{rel}","templated":true}]}}