{"id":3235,"date":"2017-08-20T13:39:11","date_gmt":"2017-08-20T13:39:11","guid":{"rendered":"http:\/\/www.landschildkroeten.de\/haltung\/?page_id=3235"},"modified":"2022-02-21T16:57:03","modified_gmt":"2022-02-21T16:57:03","slug":"winterschlaf-maurische-landschildkroete","status":"publish","type":"page","link":"https:\/\/www.xn--landschildkrte-6pb.de\/haltung\/winterschlaf-maurische-landschildkroete\/","title":{"rendered":"Winterschlaf Maurische Landschildkr\u00f6te?"},"content":{"rendered":"<div class=\"extra-wrap block_7\">\n<strong>Melanie schrieb:<\/strong><br \/>\nHallo.<br \/>\nSeit gestern bin ich stolze Besitzerin von 2 <a href=\"https:\/\/www.xn--landschildkrte-6pb.de\/maurische-landschildkroete-testudo-graeca\/\">Maurischen Landschildkr\u00f6ten<\/a>.Sie sind 1 Jahr alt...<br \/>\nMeine Frage:<br \/>\nHalten Mauris Winterschlaf?<br \/>\nWas kann ich jetzt im April am besten f\u00fcttern,au\u00dfer L\u00f6wenzahn?<br \/>\nLG Melanie<\/p>\n<p><em>---Antwort---<br \/>\nHallo Melanie,<br \/>\nhier steht etwas zur Winterruhe der Maurischen Landschildkr\u00f6te:<\/em><\/p>\n<a href=\"https:\/\/www.xn--landschildkrte-6pb.de\/winterstarre\/winterruhe-hibernation-griechische-landschildkroeten\/\" title=\"Winterstarre Testudo graeca\" class=\"btn btn-primary btn-normal btn-inline \" target=\"_blank\"><i class=\"icon-arrow-right\"><\/i>Winterstarre Testudo graeca<\/a><!-- .btn --><div class=\"hr\"><\/div><!-- .hr (end) -->\n<p>Du kannst alle Pflanzen verf\u00fcttern, die auf einer Wiese wachsen. Hier sind doch sehr viele aufgef\u00fchrt, die auch im April schon wachsen oder in der Pflanzenhandlung gekauft werden k\u00f6nnen.<\/p>\n<p>Als Erg\u00e4nzung kann <a href=\"https:\/\/www.xn--landschildkrte-6pb.de\/haltung\/agrobs\/\">Agrobs<\/a> oder getrocknete Kr\u00e4uter angeboten werden:<\/p>\n<a href=\"https:\/\/www.xn--schildkrten-yfb.net\/produkt\/pre-alpin-testudo-original-500-g\/\" title=\"Agrobs online bestellen\" class=\"btn btn-primary btn-normal btn-inline \" target=\"_blank\"><i class=\"icon-shopping-cart\"><\/i>Agrobs online bestellen<\/a><!-- .btn --><div class=\"hr\"><\/div><!-- .hr (end) -->\n<p><em>Gru\u00df<br \/>\nFlorian<\/em><br \/>\n<\/div>\n","protected":false},"excerpt":{"rendered":"","protected":false},"author":1,"featured_media":0,"parent":0,"menu_order":0,"comment_status":"closed","ping_status":"closed","template":"","meta":{"_exactmetrics_skip_tracking":false,"_exactmetrics_sitenote_active":false,"_exactmetrics_sitenote_note":"","_exactmetrics_sitenote_category":0,"footnotes":""},"class_list":["post-3235","page","type-page","status-publish","hentry"],"aioseo_notices":[],"publishpress_future_action":{"enabled":false,"date":"2026-05-07 09:56:43","action":"change-status","newStatus":"draft","terms":[],"taxonomy":"","extraData":[]},"publishpress_future_workflow_manual_trigger":{"enabledWorkflows":[]},"_links":{"self":[{"href":"https:\/\/www.xn--landschildkrte-6pb.de\/haltung\/wp-json\/wp\/v2\/pages\/3235","targetHints":{"allow":["GET"]}}],"collection":[{"href":"https:\/\/www.xn--landschildkrte-6pb.de\/haltung\/wp-json\/wp\/v2\/pages"}],"about":[{"href":"https:\/\/www.xn--landschildkrte-6pb.de\/haltung\/wp-json\/wp\/v2\/types\/page"}],"author":[{"embeddable":true,"href":"https:\/\/www.xn--landschildkrte-6pb.de\/haltung\/wp-json\/wp\/v2\/users\/1"}],"replies":[{"embeddable":true,"href":"https:\/\/www.xn--landschildkrte-6pb.de\/haltung\/wp-json\/wp\/v2\/comments?post=3235"}],"version-history":[{"count":4,"href":"https:\/\/www.xn--landschildkrte-6pb.de\/haltung\/wp-json\/wp\/v2\/pages\/3235\/revisions"}],"predecessor-version":[{"id":15608,"href":"https:\/\/www.xn--landschildkrte-6pb.de\/haltung\/wp-json\/wp\/v2\/pages\/3235\/revisions\/15608"}],"wp:attachment":[{"href":"https:\/\/www.xn--landschildkrte-6pb.de\/haltung\/wp-json\/wp\/v2\/media?parent=3235"}],"curies":[{"name":"wp","href":"https:\/\/api.w.org\/{rel}","templated":true}]}}