{"id":3238,"date":"2017-08-20T13:48:19","date_gmt":"2017-08-20T13:48:19","guid":{"rendered":"http:\/\/www.landschildkroeten.de\/haltung\/?page_id=3238"},"modified":"2023-02-03T13:29:00","modified_gmt":"2023-02-03T13:29:00","slug":"schildkroeten-gewaechshaus","status":"publish","type":"page","link":"https:\/\/www.xn--landschildkrte-6pb.de\/haltung\/schildkroeten-gewaechshaus\/","title":{"rendered":"Schildkr\u00f6ten-Gew\u00e4chshaus"},"content":{"rendered":"<div class=\"extra-wrap block_7\">\nEin Gew\u00e4chshaus im Freigehege ist in unserem Klima die beste M\u00f6glichkeit, Schildkr\u00f6ten unterzubringen. Doch es ist nicht damit getan, einfach ein m\u00f6glichst billiges Gew\u00e4chshaus in seinen Garten zu stellen. Zubeh\u00f6r wie z.B. automatische Fensterheber sind in der Schildkr\u00f6tenhaltung Pflicht.<br \/>\n<a href=\"https:\/\/www.xn--landschildkrte-6pb.de\/haltung\/wp-content\/uploads\/2017\/08\/Schildkr\u00f6ten-Gew\u00e4chshaus.jpg\"><img loading=\"lazy\" decoding=\"async\" class=\"alignnone size-full wp-image-3239\" src=\"https:\/\/www.xn--landschildkrte-6pb.de\/haltung\/wp-content\/uploads\/2017\/08\/Schildkr\u00f6ten-Gew\u00e4chshaus.jpg\" alt=\"\" width=\"900\" height=\"598\" srcset=\"https:\/\/www.xn--landschildkrte-6pb.de\/haltung\/wp-content\/uploads\/2017\/08\/Schildkr\u00f6ten-Gew\u00e4chshaus.jpg 900w, https:\/\/www.xn--landschildkrte-6pb.de\/haltung\/wp-content\/uploads\/2017\/08\/Schildkr\u00f6ten-Gew\u00e4chshaus-300x199.jpg 300w, https:\/\/www.xn--landschildkrte-6pb.de\/haltung\/wp-content\/uploads\/2017\/08\/Schildkr\u00f6ten-Gew\u00e4chshaus-768x510.jpg 768w\" sizes=\"auto, (max-width: 900px) 100vw, 900px\" \/><\/a><\/p>\n<h2>Aluminium Schildkr\u00f6ten-Gew\u00e4chshaus<\/h2>\n\n\t\t<style type=\"text\/css\">\n\t\t\t#gallery-1 {\n\t\t\t\tmargin: auto;\n\t\t\t}\n\t\t\t#gallery-1 .gallery-item {\n\t\t\t\tfloat: left;\n\t\t\t\tmargin-top: 10px;\n\t\t\t\ttext-align: center;\n\t\t\t\twidth: 50%;\n\t\t\t}\n\t\t\t#gallery-1 img {\n\t\t\t\tborder: 2px solid #cfcfcf;\n\t\t\t}\n\t\t\t#gallery-1 .gallery-caption {\n\t\t\t\tmargin-left: 0;\n\t\t\t}\n\t\t\t\/* see gallery_shortcode() in wp-includes\/media.php *\/\n\t\t<\/style>\n\t\t<div id='gallery-1' class='gallery galleryid-3238 gallery-columns-2 gallery-size-thumbnail'><dl class='gallery-item'>\n\t\t\t<dt class='gallery-icon landscape'>\n\t\t\t\t<a href='https:\/\/www.xn--landschildkrte-6pb.de\/haltung\/schildkroeten-gewaechshaus\/attachment\/landschildkroeten-gewaechshaus-mit-4-eingaengen\/'><img loading=\"lazy\" decoding=\"async\" width=\"150\" height=\"150\" src=\"https:\/\/www.xn--landschildkrte-6pb.de\/haltung\/wp-content\/uploads\/2020\/09\/Landschildkroeten-Gewaechshaus-mit-4-Eingaengen-150x150.jpg\" class=\"attachment-thumbnail size-thumbnail\" alt=\"\" aria-describedby=\"gallery-1-9985\" \/><\/a>\n\t\t\t<\/dt>\n\t\t\t\t<dd class='wp-caption-text gallery-caption' id='gallery-1-9985'>\n\t\t\t\tLandschildkr\u00f6ten-Gew\u00e4chshaus mit 4 Eing\u00e4ngen\n\t\t\t\t<\/dd><\/dl><dl class='gallery-item'>\n\t\t\t<dt class='gallery-icon landscape'>\n\t\t\t\t<a href='https:\/\/www.xn--landschildkrte-6pb.de\/haltung\/schildkroeten-gewaechshaus\/attachment\/gewaechshaus-fuer-schildkroeten-mit-jungtiergehege\/'><img loading=\"lazy\" decoding=\"async\" width=\"150\" height=\"150\" src=\"https:\/\/www.xn--landschildkrte-6pb.de\/haltung\/wp-content\/uploads\/2020\/09\/Gewaechshaus-fuer-Schildkroeten-mit-Jungtiergehege-150x150.jpg\" class=\"attachment-thumbnail size-thumbnail\" alt=\"\" aria-describedby=\"gallery-1-9984\" \/><\/a>\n\t\t\t<\/dt>\n\t\t\t\t<dd class='wp-caption-text gallery-caption' id='gallery-1-9984'>\n\t\t\t\tGew\u00e4chshaus f\u00fcr Schildkr\u00f6ten mit Jungtiergehege\n\t\t\t\t<\/dd><\/dl><br style=\"clear: both\" \/>\n\t\t<\/div>\n\n<p>Dieses etwas mehr als 5 qm gro\u00dfe Gew\u00e4chshaus ist recht schnell aufgebaut. Die 6 mm starken Doppelstegplatten sorgen f\u00fcr eine gute Isolierung. In meinem Betonfundament auf dem es steht habe ich 4 Eing\u00e4nge f\u00fcr die Schildkr\u00f6ten ber\u00fccksichtigt. Der perfekte Unterschlupf, auch an Schlechtwettertagen. Ein Gew\u00e4chshaus ist \u00fcbrigens auch eine gute \u00dcberwinterungsm\u00f6glichkeit. Um Frostfreiheit zu gew\u00e4hrleisten, ist allerdings ein dickes Fundament von mind. 80 cm Tiefe n\u00f6tig oder eine zus\u00e4tzliche Gew\u00e4chshausheizung.<\/p>\n<a href=\"https:\/\/www.amazon.de\/exec\/obidos\/ASIN\/B002XM15SO\/landschildksu-21\" title=\"Aluminium Gew\u00e4chshaus kaufen\" class=\"btn btn-primary btn-normal btn-inline \" target=\"_blank\"><i class=\"icon-shopping-cart\"><\/i>Aluminium Gew\u00e4chshaus kaufen<\/a><!-- .btn --><div class=\"hr\"><\/div><!-- .hr (end) -->\n<p><strong>Buchtipp<\/strong>: <a href=\"https:\/\/www.amazon.de\/exec\/obidos\/ASIN\/380015966X\/landschildksu-21\" target=\"_blank\" rel=\"noopener noreferrer\">Das Kleingew\u00e4chshaus: Technik und Nutzung<\/a><br \/>\n<em>Eva Schumann, Gerhard Milicka.<\/em><br \/>\n<em>352 Seiten, Verlag: Ulmer (Eugen).<\/em><br \/>\nDieser gesch\u00fctzte Platz verl\u00e4ngert das Schildkr\u00f6tenjahr. Gew\u00e4chsh\u00e4user sch\u00fctzen Landschildkr\u00f6ten gegen ung\u00fcnstige Witterungseinfl\u00fcsse wie K\u00e4lte, Niederschl\u00e4ge, Wind und eignen sich bei richtiger Durchf\u00fchrung auch hervorragend f\u00fcr die \u00dcberwinterung. Dieses Buch erkl\u00e4rt die Technik rund um das Gew\u00e4chshaus, von der geeigneten Bauweise, \u00fcber Materialien f\u00fcr die Konstruktion und Eindeckung, bis zur Heizung und L\u00fcftung. Dar\u00fcber hinaus findet man Informationen \u00fcber technische Zusatzeinrichtungen vom Umluftventilator bis zur automatischen Bew\u00e4sserung und zur nachtr\u00e4glichen Isolierung zur Senkung des Energieverbrauchs.<\/p>\n<a href=\"https:\/\/www.amazon.de\/exec\/obidos\/ASIN\/380015966X\/landschildksu-21\" title=\"Buch bestellen\" class=\"btn btn-primary btn-normal btn-inline \" target=\"_blank\"><i class=\"icon-shopping-cart\"><\/i>Buch bestellen<\/a><!-- .btn --><div class=\"hr\"><\/div><!-- .hr (end) -->\n<h2>Aluminium Fundament<\/h2>\n\n\t\t<style type=\"text\/css\">\n\t\t\t#gallery-2 {\n\t\t\t\tmargin: auto;\n\t\t\t}\n\t\t\t#gallery-2 .gallery-item {\n\t\t\t\tfloat: left;\n\t\t\t\tmargin-top: 10px;\n\t\t\t\ttext-align: center;\n\t\t\t\twidth: 33%;\n\t\t\t}\n\t\t\t#gallery-2 img {\n\t\t\t\tborder: 2px solid #cfcfcf;\n\t\t\t}\n\t\t\t#gallery-2 .gallery-caption {\n\t\t\t\tmargin-left: 0;\n\t\t\t}\n\t\t\t\/* see gallery_shortcode() in wp-includes\/media.php *\/\n\t\t<\/style>\n\t\t<div id='gallery-2' class='gallery galleryid-3238 gallery-columns-3 gallery-size-thumbnail'><dl class='gallery-item'>\n\t\t\t<dt class='gallery-icon landscape'>\n\t\t\t\t<a href='https:\/\/www.xn--landschildkrte-6pb.de\/haltung\/schildkroeten-gewaechshaus\/attachment\/wasserwaage-auf-dem-aluminium-fundament\/'><img loading=\"lazy\" decoding=\"async\" width=\"150\" height=\"150\" src=\"https:\/\/www.xn--landschildkrte-6pb.de\/haltung\/wp-content\/uploads\/2020\/09\/Wasserwaage-auf-dem-Aluminium-Fundament-150x150.jpg\" class=\"attachment-thumbnail size-thumbnail\" alt=\"\" aria-describedby=\"gallery-2-9978\" \/><\/a>\n\t\t\t<\/dt>\n\t\t\t\t<dd class='wp-caption-text gallery-caption' id='gallery-2-9978'>\n\t\t\t\tWasserwaage auf dem Aluminium Fundament\n\t\t\t\t<\/dd><\/dl><dl class='gallery-item'>\n\t\t\t<dt class='gallery-icon landscape'>\n\t\t\t\t<a href='https:\/\/www.xn--landschildkrte-6pb.de\/haltung\/schildkroeten-gewaechshaus\/attachment\/gewaechshaus-aluminium-fundament\/'><img loading=\"lazy\" decoding=\"async\" width=\"150\" height=\"150\" src=\"https:\/\/www.xn--landschildkrte-6pb.de\/haltung\/wp-content\/uploads\/2020\/09\/Gewaechshaus-Aluminium-Fundament-150x150.jpg\" class=\"attachment-thumbnail size-thumbnail\" alt=\"\" aria-describedby=\"gallery-2-9977\" \/><\/a>\n\t\t\t<\/dt>\n\t\t\t\t<dd class='wp-caption-text gallery-caption' id='gallery-2-9977'>\n\t\t\t\tGew\u00e4chshaus Aluminium-Fundament\n\t\t\t\t<\/dd><\/dl><dl class='gallery-item'>\n\t\t\t<dt class='gallery-icon landscape'>\n\t\t\t\t<a href='https:\/\/www.xn--landschildkrte-6pb.de\/haltung\/schildkroeten-gewaechshaus\/attachment\/argisol-mit-landschildkroeten-ueberwinterungsgrube\/'><img loading=\"lazy\" decoding=\"async\" width=\"150\" height=\"150\" src=\"https:\/\/www.xn--landschildkrte-6pb.de\/haltung\/wp-content\/uploads\/2020\/09\/Argisol-mit-Landschildkroeten-Ueberwinterungsgrube-150x150.jpg\" class=\"attachment-thumbnail size-thumbnail\" alt=\"\" aria-describedby=\"gallery-2-9979\" \/><\/a>\n\t\t\t<\/dt>\n\t\t\t\t<dd class='wp-caption-text gallery-caption' id='gallery-2-9979'>\n\t\t\t\tArgisol mit Landschildkr\u00f6ten-\u00dcberwinterungsgrube\n\t\t\t\t<\/dd><\/dl><br style=\"clear: both\" \/><dl class='gallery-item'>\n\t\t\t<dt class='gallery-icon landscape'>\n\t\t\t\t<a href='https:\/\/www.xn--landschildkrte-6pb.de\/haltung\/schildkroeten-gewaechshaus\/attachment\/gewaechshaus-aufbau-fuer-schildkroeten\/'><img loading=\"lazy\" decoding=\"async\" width=\"150\" height=\"150\" src=\"https:\/\/www.xn--landschildkrte-6pb.de\/haltung\/wp-content\/uploads\/2020\/09\/Gewaechshaus-Aufbau-fuer-Schildkroeten-150x150.jpg\" class=\"attachment-thumbnail size-thumbnail\" alt=\"\" aria-describedby=\"gallery-2-9980\" \/><\/a>\n\t\t\t<\/dt>\n\t\t\t\t<dd class='wp-caption-text gallery-caption' id='gallery-2-9980'>\n\t\t\t\tGew\u00e4chshaus-Aufbau f\u00fcr Schildkr\u00f6ten\n\t\t\t\t<\/dd><\/dl><dl class='gallery-item'>\n\t\t\t<dt class='gallery-icon landscape'>\n\t\t\t\t<a href='https:\/\/www.xn--landschildkrte-6pb.de\/haltung\/schildkroeten-gewaechshaus\/attachment\/4-gewaechshaus-eingaenge\/'><img loading=\"lazy\" decoding=\"async\" width=\"150\" height=\"150\" src=\"https:\/\/www.xn--landschildkrte-6pb.de\/haltung\/wp-content\/uploads\/2020\/09\/4-Gewaechshaus-Eingaenge-150x150.jpg\" class=\"attachment-thumbnail size-thumbnail\" alt=\"\" aria-describedby=\"gallery-2-9982\" \/><\/a>\n\t\t\t<\/dt>\n\t\t\t\t<dd class='wp-caption-text gallery-caption' id='gallery-2-9982'>\n\t\t\t\t4 Gew\u00e4chshaus-Eing\u00e4nge\n\t\t\t\t<\/dd><\/dl><dl class='gallery-item'>\n\t\t\t<dt class='gallery-icon landscape'>\n\t\t\t\t<a href='https:\/\/www.xn--landschildkrte-6pb.de\/haltung\/schildkroeten-gewaechshaus\/attachment\/beton-fundament\/'><img loading=\"lazy\" decoding=\"async\" width=\"150\" height=\"150\" src=\"https:\/\/www.xn--landschildkrte-6pb.de\/haltung\/wp-content\/uploads\/2020\/09\/Beton-Fundament-150x150.jpg\" class=\"attachment-thumbnail size-thumbnail\" alt=\"\" aria-describedby=\"gallery-2-9976\" \/><\/a>\n\t\t\t<\/dt>\n\t\t\t\t<dd class='wp-caption-text gallery-caption' id='gallery-2-9976'>\n\t\t\t\tWindsicheres Beton-Fundament\n\t\t\t\t<\/dd><\/dl><br style=\"clear: both\" \/>\n\t\t<\/div>\n\n<p>Ein genau passendes Aluminiumfundament sorgt f\u00fcr zus\u00e4tzliche Stabilit\u00e4t bei leichten Unebenheiten und gibt dem Gew\u00e4chshaus einen sehr sicheren Halt. Dieses Fundament habe ich in das Betonfundament einbetoniert. Absolut sturmsicher!<\/p>\n<a href=\"https:\/\/www.amazon.de\/exec\/obidos\/ASIN\/B002XME130\/landschildksu-21\" title=\"Aluminium Fundament bestellen\" class=\"btn btn-primary btn-normal btn-inline \" target=\"_blank\"><i class=\"icon-shopping-cart\"><\/i>Aluminium Fundament bestellen<\/a><!-- .btn --><div class=\"hr\"><\/div><!-- .hr (end) -->\n<h2>Automatischer Fenster\u00f6ffner f\u00fcr das Gew\u00e4chshaus<\/h2>\n<p><img loading=\"lazy\" decoding=\"async\" class=\"alignleft size-full wp-image-9974\" src=\"https:\/\/www.xn--landschildkrte-6pb.de\/haltung\/wp-content\/uploads\/2020\/09\/Automatischer-Fensteroeffner-gegen-Ueberhitzung-scaled.jpg\" alt=\"\" width=\"2560\" height=\"1702\" srcset=\"https:\/\/www.xn--landschildkrte-6pb.de\/haltung\/wp-content\/uploads\/2020\/09\/Automatischer-Fensteroeffner-gegen-Ueberhitzung-scaled.jpg 2560w, https:\/\/www.xn--landschildkrte-6pb.de\/haltung\/wp-content\/uploads\/2020\/09\/Automatischer-Fensteroeffner-gegen-Ueberhitzung-300x199.jpg 300w, https:\/\/www.xn--landschildkrte-6pb.de\/haltung\/wp-content\/uploads\/2020\/09\/Automatischer-Fensteroeffner-gegen-Ueberhitzung-1024x681.jpg 1024w, https:\/\/www.xn--landschildkrte-6pb.de\/haltung\/wp-content\/uploads\/2020\/09\/Automatischer-Fensteroeffner-gegen-Ueberhitzung-768x511.jpg 768w, https:\/\/www.xn--landschildkrte-6pb.de\/haltung\/wp-content\/uploads\/2020\/09\/Automatischer-Fensteroeffner-gegen-Ueberhitzung-1536x1021.jpg 1536w, https:\/\/www.xn--landschildkrte-6pb.de\/haltung\/wp-content\/uploads\/2020\/09\/Automatischer-Fensteroeffner-gegen-Ueberhitzung-2048x1362.jpg 2048w\" sizes=\"auto, (max-width: 2560px) 100vw, 2560px\" \/><\/p>\n<p>Automatische Fenster\u00f6ffner sind zwingend notwendig um eine \u00dcberhitzung im Gew\u00e4chshaus zu vermeiden. Das im Gew\u00e4chshaus integrierte Fenster wird damit vollautomatisch je nach Temperatur ge\u00f6ffnet und wieder geschlossen. Ohne automatische Fensterheber kommt es sehr schnell zu einem Hitzestau und die Schildkr\u00f6ten k\u00f6nnen dann an \u00dcberhitzung sterben. Die Tiere erkennen nicht die Gefahr, die in einem viel zu hei\u00dfen Gew\u00e4chshaus lauert - im Gegenteil, sie denken dass sie sich in ihrem schattigen Unterschlupf abk\u00fchlen k\u00f6nnen, was fatale Folgen haben kann.<\/p>\n<a href=\"https:\/\/www.amazon.de\/exec\/obidos\/ASIN\/B0011543EC\/landschildksu-21\" title=\"Bestellung Automatischer Fenster\u00f6ffner\" class=\"btn btn-primary btn-normal btn-inline \" target=\"_blank\"><i class=\"icon-shopping-cart\"><\/i>Bestellung Automatischer Fenster\u00f6ffner<\/a><!-- .btn --><div class=\"hr\"><\/div><!-- .hr (end) -->\n<h2>Lamellen f\u00fcr den Gew\u00e4chshaus-Eingang<\/h2>\n<p><img loading=\"lazy\" decoding=\"async\" class=\"alignleft size-full wp-image-9973\" src=\"https:\/\/www.xn--landschildkrte-6pb.de\/haltung\/wp-content\/uploads\/2020\/09\/Lamellen-am-Gewaechshaus-Eingang-scaled.jpg\" alt=\"\" width=\"2560\" height=\"1702\" srcset=\"https:\/\/www.xn--landschildkrte-6pb.de\/haltung\/wp-content\/uploads\/2020\/09\/Lamellen-am-Gewaechshaus-Eingang-scaled.jpg 2560w, https:\/\/www.xn--landschildkrte-6pb.de\/haltung\/wp-content\/uploads\/2020\/09\/Lamellen-am-Gewaechshaus-Eingang-300x199.jpg 300w, https:\/\/www.xn--landschildkrte-6pb.de\/haltung\/wp-content\/uploads\/2020\/09\/Lamellen-am-Gewaechshaus-Eingang-1024x681.jpg 1024w, https:\/\/www.xn--landschildkrte-6pb.de\/haltung\/wp-content\/uploads\/2020\/09\/Lamellen-am-Gewaechshaus-Eingang-768x511.jpg 768w, https:\/\/www.xn--landschildkrte-6pb.de\/haltung\/wp-content\/uploads\/2020\/09\/Lamellen-am-Gewaechshaus-Eingang-1536x1021.jpg 1536w, https:\/\/www.xn--landschildkrte-6pb.de\/haltung\/wp-content\/uploads\/2020\/09\/Lamellen-am-Gewaechshaus-Eingang-2048x1362.jpg 2048w\" sizes=\"auto, (max-width: 2560px) 100vw, 2560px\" \/><\/p>\n<p>Weiche Lamellen an jedem der 4 Gew\u00e4chshaus-Eing\u00e4nge (also Lamellent\u00fcren \/ Schildkr\u00f6tent\u00fcren) sorgen daf\u00fcr, dass die erw\u00e4rmte Luft nicht gleich wieder nach drau\u00dfen bef\u00f6rdert wird und keine Zugluft im Gew\u00e4chshaus herrscht. Selbst die kleinsten Nachzuchten gew\u00f6hnen sich sehr schnell daran und wissen genau dass sie duch die Lamellenstreifen hindurchlaufen k\u00f6nnen. Bei den Kleinen sollten die Lamellen nochmal eingeschnitten werden, damit sie nicht mehr so breit sind.<br \/>\nDie Lamellen sind eigentlich f\u00fcr Hundeh\u00fctten gedacht aber man kann den Lamellenvorhang problemlos mit einer Schere auf die gew\u00fcnschte Gr\u00f6\u00dfe zuschneiden. Diese transparenten Weich-PVC Lamellenstreifen sind auch f\u00fcr Fr\u00fchbeeteing\u00e4nge geeignet!<\/p>\n<a href=\"https:\/\/xn--schildkrten-yfb.de\/products\/lamellenvorhang\" title=\"Lamellen f\u00fcr Schildkr\u00f6ten-Gew\u00e4chshaus kaufen\" class=\"btn btn-primary btn-normal btn-inline \" target=\"_blank\"><i class=\"icon-shopping-cart\"><\/i>Lamellen f\u00fcr Schildkr\u00f6ten-Gew\u00e4chshaus kaufen<\/a><!-- .btn --><div class=\"hr\"><\/div><!-- .hr (end) -->\n<h3>Automatische Tropfbew\u00e4sserung<\/h3>\n\n\t\t<style type=\"text\/css\">\n\t\t\t#gallery-3 {\n\t\t\t\tmargin: auto;\n\t\t\t}\n\t\t\t#gallery-3 .gallery-item {\n\t\t\t\tfloat: left;\n\t\t\t\tmargin-top: 10px;\n\t\t\t\ttext-align: center;\n\t\t\t\twidth: 33%;\n\t\t\t}\n\t\t\t#gallery-3 img {\n\t\t\t\tborder: 2px solid #cfcfcf;\n\t\t\t}\n\t\t\t#gallery-3 .gallery-caption {\n\t\t\t\tmargin-left: 0;\n\t\t\t}\n\t\t\t\/* see gallery_shortcode() in wp-includes\/media.php *\/\n\t\t<\/style>\n\t\t<div id='gallery-3' class='gallery galleryid-3238 gallery-columns-3 gallery-size-thumbnail'><dl class='gallery-item'>\n\t\t\t<dt class='gallery-icon landscape'>\n\t\t\t\t<a href='https:\/\/www.xn--landschildkrte-6pb.de\/haltung\/schildkroeten-gewaechshaus\/attachment\/automatische-tropfbewaesserung\/'><img loading=\"lazy\" decoding=\"async\" width=\"150\" height=\"150\" src=\"https:\/\/www.xn--landschildkrte-6pb.de\/haltung\/wp-content\/uploads\/2020\/09\/Automatische-Tropfbewaesserung-150x150.jpg\" class=\"attachment-thumbnail size-thumbnail\" alt=\"\" aria-describedby=\"gallery-3-9967\" \/><\/a>\n\t\t\t<\/dt>\n\t\t\t\t<dd class='wp-caption-text gallery-caption' id='gallery-3-9967'>\n\t\t\t\tAutomatische Tropfbew\u00e4sserung\n\t\t\t\t<\/dd><\/dl><dl class='gallery-item'>\n\t\t\t<dt class='gallery-icon landscape'>\n\t\t\t\t<a href='https:\/\/www.xn--landschildkrte-6pb.de\/haltung\/schildkroeten-gewaechshaus\/attachment\/tropfen\/'><img loading=\"lazy\" decoding=\"async\" width=\"150\" height=\"150\" src=\"https:\/\/www.xn--landschildkrte-6pb.de\/haltung\/wp-content\/uploads\/2020\/09\/Tropfen-150x150.jpg\" class=\"attachment-thumbnail size-thumbnail\" alt=\"\" aria-describedby=\"gallery-3-9968\" \/><\/a>\n\t\t\t<\/dt>\n\t\t\t\t<dd class='wp-caption-text gallery-caption' id='gallery-3-9968'>\n\t\t\t\tTropfen\n\t\t\t\t<\/dd><\/dl><dl class='gallery-item'>\n\t\t\t<dt class='gallery-icon landscape'>\n\t\t\t\t<a href='https:\/\/www.xn--landschildkrte-6pb.de\/haltung\/schildkroeten-gewaechshaus\/attachment\/automatische-tropfbewaesserung-mit-trinknapf\/'><img loading=\"lazy\" decoding=\"async\" width=\"150\" height=\"150\" src=\"https:\/\/www.xn--landschildkrte-6pb.de\/haltung\/wp-content\/uploads\/2020\/09\/Automatische-Tropfbewaesserung-mit-Trinknapf-150x150.jpg\" class=\"attachment-thumbnail size-thumbnail\" alt=\"\" aria-describedby=\"gallery-3-9969\" \/><\/a>\n\t\t\t<\/dt>\n\t\t\t\t<dd class='wp-caption-text gallery-caption' id='gallery-3-9969'>\n\t\t\t\tAutomatische Tropfbew\u00e4sserung mit Trinknapf\n\t\t\t\t<\/dd><\/dl><br style=\"clear: both\" \/>\n\t\t<\/div>\n\n<p>Eine automatische Tropfbew\u00e4sserung sorgt im Gew\u00e4chshaus daf\u00fcr, dass der Boden nicht austrocknet und f\u00fcllt gleichzeitig die Trinkschalen der Schildkr\u00f6ten. Diese h\u00e4ngen bei mir mittels einer Holzkonstruktion \u00fcber dem Boden des Gew\u00e4chshauses, da die Schildkr\u00f6ten die sogenannten Tropfer sonst st\u00e4ndig umsto\u00dfen w\u00fcrden.<\/p>\n<a href=\"https:\/\/www.xn--schildkrten-yfb.net\/produkt\/trinkschale-griechische-landschildkroeten\/\" title=\"Trinkschale bestellen\" class=\"btn btn-primary btn-normal btn-inline \" target=\"_blank\"><i class=\"icon-shopping-cart\"><\/i>Trinkschale bestellen<\/a><!-- .btn --><div class=\"hr\"><\/div><!-- .hr (end) -->\n<p>Alternative Bew\u00e4sserungssysteme zur Bew\u00e4sserung im Garten oder Gew\u00e4chshaus sind auch Schl\u00e4uche wie z.B. ein Perlschlauch \/ Tropfschlauch. Solche Regner oder Tropfer zur Gartenbew\u00e4sserung ersetzen teure Beregnungsanlagen sehr gut.<\/p>\n<a href=\"https:\/\/www.amazon.de\/exec\/obidos\/ASIN\/B082LR39LL\/landschildksu-21\" title=\"Bestellung Tropfbew\u00e4sserung\" class=\"btn btn-primary btn-normal btn-inline \" target=\"_blank\"><i class=\"icon-shopping-cart\"><\/i>Bestellung Tropfbew\u00e4sserung<\/a><!-- .btn -->\n<\/div>\n","protected":false},"excerpt":{"rendered":"","protected":false},"author":1,"featured_media":0,"parent":0,"menu_order":0,"comment_status":"closed","ping_status":"closed","template":"","meta":{"_exactmetrics_skip_tracking":false,"_exactmetrics_sitenote_active":false,"_exactmetrics_sitenote_note":"","_exactmetrics_sitenote_category":0,"footnotes":""},"class_list":["post-3238","page","type-page","status-publish","hentry"],"aioseo_notices":[],"publishpress_future_action":{"enabled":false,"date":"2026-05-09 08:13:33","action":"change-status","newStatus":"draft","terms":[],"taxonomy":"","extraData":[]},"publishpress_future_workflow_manual_trigger":{"enabledWorkflows":[]},"_links":{"self":[{"href":"https:\/\/www.xn--landschildkrte-6pb.de\/haltung\/wp-json\/wp\/v2\/pages\/3238","targetHints":{"allow":["GET"]}}],"collection":[{"href":"https:\/\/www.xn--landschildkrte-6pb.de\/haltung\/wp-json\/wp\/v2\/pages"}],"about":[{"href":"https:\/\/www.xn--landschildkrte-6pb.de\/haltung\/wp-json\/wp\/v2\/types\/page"}],"author":[{"embeddable":true,"href":"https:\/\/www.xn--landschildkrte-6pb.de\/haltung\/wp-json\/wp\/v2\/users\/1"}],"replies":[{"embeddable":true,"href":"https:\/\/www.xn--landschildkrte-6pb.de\/haltung\/wp-json\/wp\/v2\/comments?post=3238"}],"version-history":[{"count":22,"href":"https:\/\/www.xn--landschildkrte-6pb.de\/haltung\/wp-json\/wp\/v2\/pages\/3238\/revisions"}],"predecessor-version":[{"id":17625,"href":"https:\/\/www.xn--landschildkrte-6pb.de\/haltung\/wp-json\/wp\/v2\/pages\/3238\/revisions\/17625"}],"wp:attachment":[{"href":"https:\/\/www.xn--landschildkrte-6pb.de\/haltung\/wp-json\/wp\/v2\/media?parent=3238"}],"curies":[{"name":"wp","href":"https:\/\/api.w.org\/{rel}","templated":true}]}}