{"id":3241,"date":"2017-08-20T13:53:27","date_gmt":"2017-08-20T13:53:27","guid":{"rendered":"http:\/\/www.landschildkroeten.de\/haltung\/?page_id=3241"},"modified":"2020-09-02T14:35:20","modified_gmt":"2020-09-02T14:35:20","slug":"brauche-ich-unbedingt-ein-gewaechshaus","status":"publish","type":"page","link":"https:\/\/www.xn--landschildkrte-6pb.de\/haltung\/brauche-ich-unbedingt-ein-gewaechshaus\/","title":{"rendered":"Brauche ich unbedingt ein Gew\u00e4chshaus?"},"content":{"rendered":"<div class=\"extra-wrap block_7\"><\/div>\nhallo<br \/>\nMeine Griechische Landschildkr\u00f6te ist nicht einmal ein Jahr alt. Ich bin noch nicht so richtig erfahren und habe deswegen ein paar Fragen:<br \/>\n1. Brauche ich unbedingt so ein Gew\u00e4chshaus f\u00fcr den Auslauf? Wir h\u00e4tten dann eher etwas selbst gebaut (mit Dach wegen V\u00f6gel) .<br \/>\n2. Was mach ich wenn der Panzer nicht ganz fest ist?<br \/>\n3. Meine Schildi frisst nur frische Sachen und auch nur was richtig gut schmeckt , sie frisst z.B: kein Heu, kein Gras! Ich hab gelesen das Schildkr\u00f6ten Heu brauchen, was soll sie denn jetzt fressen ?<\/p>\n<p>Liebe gr\u00fc\u00dfe Sarah =)<\/p>\n<p><em>---Antwort---<br \/>\nHallo Sarah,<\/em><\/p>\n<p>zu 1) Du kannst ein Gew\u00e4chshaus oder <a href=\"https:\/\/www.xn--landschildkrte-6pb.de\/anleitung-zum-bau-von-einem-fruehbeet-fuer-schildkroeten-im-freigehege\/\">Fr\u00fchbeet auch selber bauen<\/a>. Notwendig ist es aber, da nur diese die W\u00e4rme ausreichend speichern k\u00f6nnen, was sehr wichtig ist. Die besten Fr\u00fchbeete f\u00fcr Schildkr\u00f6ten sind <a href=\"https:\/\/www.xn--landschildkrte-6pb.de\/schildkroeten-fruehbeet-alltop\/\">Alltop Fr\u00fchbeete<\/a>.<br \/>\n<a href=\"https:\/\/www.xn--landschildkrte-6pb.de\/anleitung-zum-bau-von-einem-fruehbeet-fuer-schildkroeten-im-freigehege\/\" title=\"Bauanleitung Schildkr\u00f6ten-Fr\u00fchbeet\" class=\"btn btn-primary btn-normal btn-inline \" target=\"_blank\"><i class=\"icon-arrow-right\"><\/i>Bauanleitung Schildkr\u00f6ten-Fr\u00fchbeet<\/a><!-- .btn -->\n<a href=\"https:\/\/www.xn--landschildkrte-6pb.de\/schildkroeten-fruehbeet-alltop\/\" title=\"Schildkr\u00f6ten-Fr\u00fchbeet Alltop\" class=\"btn btn-primary btn-normal btn-inline \" target=\"_blank\"><i class=\"icon-arrow-right\"><\/i>Schildkr\u00f6ten-Fr\u00fchbeet Alltop<\/a><!-- .btn -->\n<p>zu 2) Elastisch darf der Panzer noch ein wenig sein. Wenn er weich sein sollte, stimmt etwas mit der <a href=\"https:\/\/www.xn--landschildkrte-6pb.de\/beleuchtung\/beleuchtung-lucky-reptile-bright-sun-desert\/\">Beleuchtung<\/a> und\/oder Kalkversorgung nicht. Echtes Sonnenlicht und <a href=\"https:\/\/www.xn--landschildkrte-6pb.de\/sepiaschale-sepiaschulp\/\">Sepiaschale<\/a> schaffen Abhilfe.<\/p>\n<a href=\"https:\/\/www.xn--schildkrten-yfb.net\/produkt\/lucky-reptile-bright-sun-uv-desert-70-w-komplettset-metalldampflampe-inklusive-passende-fassung-und-vorschaltgeraet\/\" title=\"Gute Lampe f\u00fcr Schildkr\u00f6ten\" class=\"btn btn-primary btn-normal btn-inline \" target=\"_blank\"><i class=\"icon-shopping-cart\"><\/i>Gute Lampe f\u00fcr Schildkr\u00f6ten<\/a><!-- .btn -->\n<a href=\"https:\/\/www.xn--schildkrten-yfb.net\/produkt\/tropic-shop-sepiaschale-die-natuerliche-kalziumquelle-8-12-stueck-fuer-schildkroeten-bartagamen-voegel-uvm\/\" title=\"Sepiaschale kaufen\" class=\"btn btn-primary btn-normal btn-inline \" target=\"_blank\"><i class=\"icon-shopping-cart\"><\/i>Sepiaschale kaufen<\/a><!-- .btn -->\n<p>zu 3) Was gut schmeckt, ist egal. Wiesenpflanzen und ggf. noch <a href=\"https:\/\/www.xn--landschildkrte-6pb.de\/agrobs\/\">Agrobs<\/a> (als Heuersatz) sind das richtige Futter.<\/p>\n<a href=\"https:\/\/www.xn--landschildkrte-6pb.de\/ernaehrung\/was-fressen-schildkroeten-ernaehrung-von-landschildkroeten\/\" title=\"Mehr zur Ern\u00e4hrung\" class=\"btn btn-primary btn-normal btn-inline \" target=\"_blank\"><i class=\"icon-arrow-right\"><\/i>Mehr zur Ern\u00e4hrung<\/a><!-- .btn -->\n<p><em>Gru\u00df<br \/>\nFlorian<\/em><\/p>\n","protected":false},"excerpt":{"rendered":"<p>hallo Meine Griechische Landschildkr\u00f6te ist nicht einmal ein Jahr alt. Ich bin noch nicht so richtig erfahren und habe deswegen ein paar Fragen: 1. Brauche ich unbedingt so ein Gew\u00e4chshaus f\u00fcr den Auslauf? Wir h\u00e4tten dann eher etwas selbst gebaut (mit Dach wegen V\u00f6gel) . 2. Was mach ich wenn der Panzer nicht ganz fest ist? 3. Meine Schildi frisst&nbsp;<a href=\"https:\/\/www.xn--landschildkrte-6pb.de\/haltung\/brauche-ich-unbedingt-ein-gewaechshaus\/\" class=\"read-more\">Weiter lesen<\/a><\/p>\n","protected":false},"author":1,"featured_media":0,"parent":0,"menu_order":0,"comment_status":"closed","ping_status":"closed","template":"","meta":{"_exactmetrics_skip_tracking":false,"_exactmetrics_sitenote_active":false,"_exactmetrics_sitenote_note":"","_exactmetrics_sitenote_category":0,"footnotes":""},"class_list":["post-3241","page","type-page","status-publish","hentry"],"aioseo_notices":[],"publishpress_future_action":{"enabled":false,"date":"2026-05-01 08:19:30","action":"change-status","newStatus":"draft","terms":[],"taxonomy":"","extraData":[]},"publishpress_future_workflow_manual_trigger":{"enabledWorkflows":[]},"_links":{"self":[{"href":"https:\/\/www.xn--landschildkrte-6pb.de\/haltung\/wp-json\/wp\/v2\/pages\/3241","targetHints":{"allow":["GET"]}}],"collection":[{"href":"https:\/\/www.xn--landschildkrte-6pb.de\/haltung\/wp-json\/wp\/v2\/pages"}],"about":[{"href":"https:\/\/www.xn--landschildkrte-6pb.de\/haltung\/wp-json\/wp\/v2\/types\/page"}],"author":[{"embeddable":true,"href":"https:\/\/www.xn--landschildkrte-6pb.de\/haltung\/wp-json\/wp\/v2\/users\/1"}],"replies":[{"embeddable":true,"href":"https:\/\/www.xn--landschildkrte-6pb.de\/haltung\/wp-json\/wp\/v2\/comments?post=3241"}],"version-history":[{"count":5,"href":"https:\/\/www.xn--landschildkrte-6pb.de\/haltung\/wp-json\/wp\/v2\/pages\/3241\/revisions"}],"predecessor-version":[{"id":10082,"href":"https:\/\/www.xn--landschildkrte-6pb.de\/haltung\/wp-json\/wp\/v2\/pages\/3241\/revisions\/10082"}],"wp:attachment":[{"href":"https:\/\/www.xn--landschildkrte-6pb.de\/haltung\/wp-json\/wp\/v2\/media?parent=3241"}],"curies":[{"name":"wp","href":"https:\/\/api.w.org\/{rel}","templated":true}]}}