{"id":3243,"date":"2017-08-20T13:59:53","date_gmt":"2017-08-20T13:59:53","guid":{"rendered":"http:\/\/www.landschildkroeten.de\/haltung\/?page_id=3243"},"modified":"2023-04-01T08:47:48","modified_gmt":"2023-04-01T08:47:48","slug":"kraehen-und-andere-fressfeinde","status":"publish","type":"page","link":"https:\/\/www.xn--landschildkrte-6pb.de\/haltung\/kraehen-und-andere-fressfeinde\/","title":{"rendered":"Kr\u00e4hen und andere Fressfeinde"},"content":{"rendered":"<div class=\"extra-wrap block_7\">\n<h3>Kr\u00e4hen verschleppen junge Landschildkr\u00f6ten<\/h3>\n<p>Selbst vier-, f\u00fcnfj\u00e4hrige oder noch \u00e4ltere Landschildkr\u00f6ten werden leicht zum Opfer von Kr\u00e4hen oder anderen <a href=\"https:\/\/xn--schildkrten-yfb.de\/blogs\/news\/gefahr-fressfeinde-waschbaeren-ratten-marder\" target=\"_blank\" rel=\"noopener\">Fressfeinden<\/a>. Mehrfach wurde berichtet, dass Landschildkr\u00f6ten von Kr\u00e4hen verschleppt wurden. Mit ihren spitzen Schn\u00e4beln hacken sie L\u00f6cher in die Panzer, verletzen die kleinen Schildkr\u00f6ten schwer oder rei\u00dfen ihnen Kopf und Gliedma\u00dfen ab. M\u00e4use stellen au\u00dferhalb der Winterstarre keine Gefahr dar und auch Katzen sehen Schildkr\u00f6ten nicht als Beute an.<br \/>\n<a href=\"https:\/\/www.xn--landschildkrte-6pb.de\/haltung\/wp-content\/uploads\/2017\/08\/Jungtiergehege.jpg\"><img loading=\"lazy\" decoding=\"async\" class=\"alignnone size-full wp-image-3244\" src=\"https:\/\/www.xn--landschildkrte-6pb.de\/haltung\/wp-content\/uploads\/2017\/08\/Jungtiergehege.jpg\" alt=\"\" width=\"800\" height=\"600\" srcset=\"https:\/\/www.xn--landschildkrte-6pb.de\/haltung\/wp-content\/uploads\/2017\/08\/Jungtiergehege.jpg 800w, https:\/\/www.xn--landschildkrte-6pb.de\/haltung\/wp-content\/uploads\/2017\/08\/Jungtiergehege-300x225.jpg 300w, https:\/\/www.xn--landschildkrte-6pb.de\/haltung\/wp-content\/uploads\/2017\/08\/Jungtiergehege-768x576.jpg 768w, https:\/\/www.xn--landschildkrte-6pb.de\/haltung\/wp-content\/uploads\/2017\/08\/Jungtiergehege-200x150.jpg 200w\" sizes=\"auto, (max-width: 800px) 100vw, 800px\" \/><\/a><br \/>\nJungtiergehege sollten immer von oben mit einem Drahtgeflecht oder Netz gesichert werden. Auf folgender Seite findest du eine \u00dcbersicht empfehlenswerter Freilaufgehege, die bereits mit Draht gegen Kr\u00e4hen gesch\u00fctzt sind:<\/p>\n<a href=\"https:\/\/www.xn--landschildkrte-6pb.de\/schildkroetenshop\/freilaufgehege\/\" title=\"Freilaufgehege f\u00fcr kleine Schildkr\u00f6ten\" class=\"btn btn-primary btn-normal btn-inline \" target=\"_blank\"><i class=\"icon-arrow-right\"><\/i>Freilaufgehege f\u00fcr kleine Schildkr\u00f6ten<\/a><!-- .btn --><div class=\"hr\"><\/div><!-- .hr (end) -->\n<p>Sehr komfortabel ist auch eine Voliere als Freilaufgehege, da man diese selbst noch bequem betreten kann:<\/p>\n<a href=\"https:\/\/www.xn--schildkrten-yfb.net\/produkt\/wiltec-freilaufgehege-aussengehege-voliere-huehnerstall-hasenstall-kleintiergehege-2x3x2m-lxbxh-sonnendach\/\" title=\"Voliere als Freilaufgehege\" class=\"btn btn-primary btn-normal btn-inline \" target=\"_blank\"><i class=\"icon-shopping-cart\"><\/i>Voliere als Freilaufgehege<\/a><!-- .btn --><div class=\"hr\"><\/div><!-- .hr (end) -->\n<h3>Marder &amp; Waschb\u00e4ren t\u00f6ten oder verletzen Schildkr\u00f6ten<\/h3>\n<p>Auch <a href=\"https:\/\/xn--schildkrten-yfb.de\/blogs\/news\/gefahr-fressfeinde-waschbaeren-ratten-marder\" target=\"_blank\" rel=\"noopener\">Marder<\/a> k\u00f6nnen den Tieren erheblichen Schaden zuf\u00fcgen oder sie t\u00f6ten. Da Marder und Waschb\u00e4ren nachtaktiv sind, ist es ausreichend wenn man die Schildkr\u00f6ten \u00fcber Nacht ins verschlossene Fr\u00fchbeet setzt.<br \/>\nIm Normalfall gehen die Schildkr\u00f6ten nach der Eingew\u00f6hnungszeit von alleine in ihr Fr\u00fchbeet. Wenn das Fr\u00fchbeet jedoch nachts offen steht, kann ein Waschb\u00e4r selbst adulte Tiere herausholen und t\u00f6ten. Leider selbst erlebt:<br \/>\n<a href=\"https:\/\/www.xn--landschildkrte-6pb.de\/haltung\/kraehen-und-andere-fressfeinde\/attachment\/schildkroete-tot-durch-waschbaer\/\" rel=\"attachment wp-att-20086\"><img loading=\"lazy\" decoding=\"async\" class=\"alignnone size-large wp-image-20086\" src=\"https:\/\/www.xn--landschildkrte-6pb.de\/haltung\/wp-content\/uploads\/2023\/04\/Schildkroete-tot-durch-Waschbaer-1024x1024.png\" alt=\"\" width=\"604\" height=\"604\" srcset=\"https:\/\/www.xn--landschildkrte-6pb.de\/haltung\/wp-content\/uploads\/2023\/04\/Schildkroete-tot-durch-Waschbaer-1024x1024.png 1024w, https:\/\/www.xn--landschildkrte-6pb.de\/haltung\/wp-content\/uploads\/2023\/04\/Schildkroete-tot-durch-Waschbaer-300x300.png 300w, https:\/\/www.xn--landschildkrte-6pb.de\/haltung\/wp-content\/uploads\/2023\/04\/Schildkroete-tot-durch-Waschbaer-150x150.png 150w, https:\/\/www.xn--landschildkrte-6pb.de\/haltung\/wp-content\/uploads\/2023\/04\/Schildkroete-tot-durch-Waschbaer-768x768.png 768w, https:\/\/www.xn--landschildkrte-6pb.de\/haltung\/wp-content\/uploads\/2023\/04\/Schildkroete-tot-durch-Waschbaer.png 1080w\" sizes=\"auto, (max-width: 604px) 100vw, 604px\" \/><\/a><br \/>\nHier geht es zum Erfahrungsbericht \"<a href=\"https:\/\/xn--schildkrten-yfb.de\/blogs\/news\/gefahr-fressfeinde-waschbaeren-ratten-marder\" target=\"_blank\" rel=\"noopener\">Gefahr durch Fressfeinde - Waschb\u00e4ren, Ratten und Marder<\/a>\".<\/p>\n<h3>Ratten sind ebenfalls lebensgef\u00e4hrlich f\u00fcr Baby-Landschildkr\u00f6ten<\/h3>\n<p>Gehege f\u00fcr Baby Landschildkr\u00f6ten sollten in Gegenden mit Rattenbefall auch rattendicht gemacht werden. Gut funktioniert das z.B. mit einem Volierendraht oder Drahtgitter. Denn leider sind in bestimmten Gegenden auch schon Schildkr\u00f6ten den <a href=\"https:\/\/xn--schildkrten-yfb.de\/blogs\/news\/gefahr-fressfeinde-waschbaeren-ratten-marder\" target=\"_blank\" rel=\"noopener\">Ratten<\/a> zum Opfer gefallen. Vor allem im Winter sind Schildkr\u00f6ten den Nagern schutzlos ausgeliefert und m\u00fcssen unbedingt gesichert werden.<\/p>\n<\/div>\n","protected":false},"excerpt":{"rendered":"","protected":false},"author":1,"featured_media":20086,"parent":0,"menu_order":0,"comment_status":"closed","ping_status":"closed","template":"","meta":{"_exactmetrics_skip_tracking":false,"_exactmetrics_sitenote_active":false,"_exactmetrics_sitenote_note":"","_exactmetrics_sitenote_category":0,"footnotes":""},"class_list":["post-3243","page","type-page","status-publish","has-post-thumbnail","hentry"],"aioseo_notices":[],"publishpress_future_action":{"enabled":false,"date":"2026-05-11 09:25:04","action":"change-status","newStatus":"draft","terms":[],"taxonomy":"","extraData":[]},"publishpress_future_workflow_manual_trigger":{"enabledWorkflows":[]},"_links":{"self":[{"href":"https:\/\/www.xn--landschildkrte-6pb.de\/haltung\/wp-json\/wp\/v2\/pages\/3243","targetHints":{"allow":["GET"]}}],"collection":[{"href":"https:\/\/www.xn--landschildkrte-6pb.de\/haltung\/wp-json\/wp\/v2\/pages"}],"about":[{"href":"https:\/\/www.xn--landschildkrte-6pb.de\/haltung\/wp-json\/wp\/v2\/types\/page"}],"author":[{"embeddable":true,"href":"https:\/\/www.xn--landschildkrte-6pb.de\/haltung\/wp-json\/wp\/v2\/users\/1"}],"replies":[{"embeddable":true,"href":"https:\/\/www.xn--landschildkrte-6pb.de\/haltung\/wp-json\/wp\/v2\/comments?post=3243"}],"version-history":[{"count":12,"href":"https:\/\/www.xn--landschildkrte-6pb.de\/haltung\/wp-json\/wp\/v2\/pages\/3243\/revisions"}],"predecessor-version":[{"id":20088,"href":"https:\/\/www.xn--landschildkrte-6pb.de\/haltung\/wp-json\/wp\/v2\/pages\/3243\/revisions\/20088"}],"wp:featuredmedia":[{"embeddable":true,"href":"https:\/\/www.xn--landschildkrte-6pb.de\/haltung\/wp-json\/wp\/v2\/media\/20086"}],"wp:attachment":[{"href":"https:\/\/www.xn--landschildkrte-6pb.de\/haltung\/wp-json\/wp\/v2\/media?parent=3243"}],"curies":[{"name":"wp","href":"https:\/\/api.w.org\/{rel}","templated":true}]}}