{"id":3250,"date":"2017-08-20T17:30:29","date_gmt":"2017-08-20T17:30:29","guid":{"rendered":"http:\/\/www.landschildkroeten.de\/haltung\/?page_id=3250"},"modified":"2020-11-26T06:03:15","modified_gmt":"2020-11-26T06:03:15","slug":"krankheiten","status":"publish","type":"page","link":"https:\/\/www.xn--landschildkrte-6pb.de\/haltung\/krankheiten\/","title":{"rendered":"Krankheiten"},"content":{"rendered":"<div class=\"extra-wrap block_7\">\nAuch wenn es immer mal sein, dass sich eine unserer Tiere eine Krankheit oder Verletzung zuzieht, sind Krankheiten bei Landschildkr\u00f6ten bzw. Schildkr\u00f6ten sehr oft ein Resultat von gravierenden Haltungsfehlern.<br \/>\n<a href=\"https:\/\/www.xn--landschildkrte-6pb.de\/haltung\/wp-content\/uploads\/2017\/08\/schildkr\u00f6te-krank.jpg\"><img loading=\"lazy\" decoding=\"async\" class=\"alignnone size-full wp-image-3251\" src=\"https:\/\/www.xn--landschildkrte-6pb.de\/haltung\/wp-content\/uploads\/2017\/08\/schildkr\u00f6te-krank.jpg\" alt=\"\" width=\"425\" height=\"282\" srcset=\"https:\/\/www.xn--landschildkrte-6pb.de\/haltung\/wp-content\/uploads\/2017\/08\/schildkr\u00f6te-krank.jpg 425w, https:\/\/www.xn--landschildkrte-6pb.de\/haltung\/wp-content\/uploads\/2017\/08\/schildkr\u00f6te-krank-300x199.jpg 300w\" sizes=\"auto, (max-width: 425px) 100vw, 425px\" \/><\/a><\/p>\n<p>Gehen Sie bitte bei Erkrankungen oder Verhaltensauff\u00e4lligkeiten Ihrer Schildkr\u00f6te wie z.B. Apathie, Futterverweigerung umgehend zu einem <a href=\"https:\/\/www.xn--landschildkrte-6pb.de\/schildkroeten-tierarzt\/\">schildkr\u00f6tenerfahrenen Tierarzt<\/a>. Schildkr\u00f6ten kommen in der Ausbildung \"normaler\" Tier\u00e4rzte leider nicht vor. Daher sind Tier\u00e4rzte, die sich nicht speziell weitergebildet haben, mit der Behandlung von Schildkr\u00f6ten meist \u00fcberfordert.<\/p>\n<div id=\"attachment_3552\" style=\"width: 682px\" class=\"wp-caption alignnone\"><a href=\"https:\/\/www.xn--landschildkrte-6pb.de\/haltung\/wp-content\/uploads\/2017\/08\/verletzte-Schildkr\u00f6te.jpeg\"><img loading=\"lazy\" decoding=\"async\" aria-describedby=\"caption-attachment-3552\" class=\"size-full wp-image-3552\" src=\"https:\/\/www.xn--landschildkrte-6pb.de\/haltung\/wp-content\/uploads\/2017\/08\/verletzte-Schildkr\u00f6te.jpeg\" alt=\"\" width=\"672\" height=\"586\" srcset=\"https:\/\/www.xn--landschildkrte-6pb.de\/haltung\/wp-content\/uploads\/2017\/08\/verletzte-Schildkr\u00f6te.jpeg 672w, https:\/\/www.xn--landschildkrte-6pb.de\/haltung\/wp-content\/uploads\/2017\/08\/verletzte-Schildkr\u00f6te-300x262.jpeg 300w\" sizes=\"auto, (max-width: 672px) 100vw, 672px\" \/><\/a><p id=\"caption-attachment-3552\" class=\"wp-caption-text\">Verletzte Schildkr\u00f6te wurde behandelt<\/p><\/div>\n<p>Einen geeigneten Tierarzt in deiner N\u00e4he findest du unter:<br \/>\n<a href=\"https:\/\/www.xn--landschildkrte-6pb.de\/schildkroeten-tierarzt\/\" title=\"Schildkr\u00f6ten Tierarzt\" class=\"btn btn-primary btn-normal btn-inline \" target=\"_blank\"><i class=\"icon-arrow-right\"><\/i>Schildkr\u00f6ten Tierarzt<\/a><!-- .btn --><div class=\"hr\"><\/div><!-- .hr (end) -->\n\n<table id=\"tablepress-10\" class=\"tablepress tablepress-id-10 tablepress-responsive\">\n<thead>\n<tr class=\"row-1\">\n\t<th class=\"column-1\">Krankheitszeichen<\/th><th class=\"column-2\">m\u00f6gliche Ursache<\/th><th class=\"column-3\">Behandlung<\/th>\n<\/tr>\n<\/thead>\n<tbody class=\"row-striping row-hover\">\n<tr class=\"row-2\">\n\t<td class=\"column-1\">Apathie: Teilnahmslosigkeit<\/td><td class=\"column-2\">Zu kalte und zu dunkle Haltung oder diverse andere Erkrankungen<\/td><td class=\"column-3\"><a href=\"\/schildkroeten-tierarzt\/\">Tierarzt<\/a> aufsuchen, Blutuntersuchung, Haltungsbedingungen optimieren<\/td>\n<\/tr>\n<tr class=\"row-3\">\n\t<td class=\"column-1\">Appetitlosigkeit (Inappetenz): Tier frisst nichts mehr<\/td><td class=\"column-2\">Diverse Krankheiten k\u00f6nnen Ursache daf\u00fcr sein. Auch <a href=\"https:\/\/www.xn--landschildkrte-6pb.de\/herpes-die-toedliche-virusinfektion-bei-schildkroeten\/\">Herpes<\/a><\/td><td class=\"column-3\"><a href=\"\/schildkroeten-tierarzt\/\">Tierarzt<\/a> aufsuchen<\/td>\n<\/tr>\n<tr class=\"row-4\">\n\t<td class=\"column-1\">Atemnot: Atmen bei ge\u00f6ffnetem Maul, Belag im Maul<\/td><td class=\"column-2\">Herpes- oder andere Virusinfektion<\/td><td class=\"column-3\">Sofort zum <a href=\"\/schildkroeten-tierarzt\/\">Tierarzt<\/a>, Blutuntersuchung durchf\u00fchren, Abstand zu Artgenossen (Quarant\u00e4ne)<\/td>\n<\/tr>\n<tr class=\"row-5\">\n\t<td class=\"column-1\">Augenlieder: Augenlieder sind geschwollen und verklebt,Auge tr\u00e4nt<\/td><td class=\"column-2\">Zugluft, Verletzung, Reizungen, Entz\u00fcndung, Infektion, Fremdk\u00f6rper, Schildkr\u00f6ten-Herpes<\/td><td class=\"column-3\">Mehr zu um Herpes unter <a href=\"https:\/\/www.xn--landschildkrte-6pb.de\/herpes-die-toedliche-virusinfektion-bei-schildkroeten\/\">Schildkr\u00f6ten-Herpes<\/a>. Vom <a href=\"https:\/\/www.xn--landschildkrte-6pb.de\/schildkroeten-tierarzt\/schildkroeten-tieraerzte\/\">Tierarzt<\/a> verordnete Salbe unter die Augenlieder schmieren (nicht darauf)<\/td>\n<\/tr>\n<tr class=\"row-6\">\n\t<td class=\"column-1\">Au\u00dfenparasiten: Sichtbare Parasiten an Panzer und\/oder Haut<\/td><td class=\"column-2\">Evtl. Vitaminmangel (niemals ohne tier\u00e4rztliche Absprache Vitamine zuf\u00fchren!), mangelnde Hygiene<\/td><td class=\"column-3\">Ab zum <a href=\"\/schildkroeten-tierarzt\/\">Tierarzt<\/a><\/td>\n<\/tr>\n<tr class=\"row-7\">\n\t<td class=\"column-1\">Bewegungsunf\u00e4higkeit: Die Schildkr\u00f6te bewegt sich nicht mehr<\/td><td class=\"column-2\">Stoffwechselst\u00f6rung, Infektionen, falsche F\u00fctterung, Parasitenbefall, <a href=\"https:\/\/www.xn--landschildkrte-6pb.de\/schwellungen-meist-nierenprobleme-bei-schildkroeten\/\">Nierenprobleme<\/a> oder Herzerkrankung<\/td><td class=\"column-3\">Sofort zum <a href=\"\/schildkroeten-tierarzt\/\">Tierarzt<\/a>, Blut untersuchen lassen, anschlie\u00dfend ggf. die <a href=\"https:\/\/www.xn--landschildkrte-6pb.de\/ernaehrung\/was-fressen-schildkroeten-ernaehrung-von-landschildkroeten\/\">Ern\u00e4hrung<\/a> umstellen<\/td>\n<\/tr>\n<tr class=\"row-8\">\n\t<td class=\"column-1\">Blutungen: Schildkr\u00f6te blutet oder hat Wunden<\/td><td class=\"column-2\">Bisse\/ Unf\u00e4lle<\/td><td class=\"column-3\">Wenn die Verletzung klein ist, und von selbst aufh\u00f6rt zu bluten hilft Wund- und Heilsalbe. Wenn Wunde tiefer ist oder klafft: <a href=\"\/schildkroeten-tierarzt\/\">Tierarzt<\/a><\/td>\n<\/tr>\n<tr class=\"row-9\">\n\t<td class=\"column-1\">Darmvorfall: Der Darm tritt aus der Kloake hervor und bleibt stundenlang bestehen<\/td><td class=\"column-2\">Wichtig: Von Anf\u00e4ngern wird oft der Penis seiner Schildkr\u00f6te mit einem Darmvorfall verwechselt!<\/td><td class=\"column-3\">Die Schildkr\u00f6te muss umgehend vom <a href=\"\/schildkroeten-tierarzt\/\">Tierarzt<\/a> operiert werden, sonst stirbt sie<\/td>\n<\/tr>\n<tr class=\"row-10\">\n\t<td class=\"column-1\">Durchfall<\/td><td class=\"column-2\">Gest\u00f6rte Darmflora, Darmparasiten<\/td><td class=\"column-3\">Mehr zum Thema Durchfall hier: <a href=\"https:\/\/www.xn--landschildkrte-6pb.de\/durchfall\/\">Durchfall bei Schildkr\u00f6ten<\/a><\/td>\n<\/tr>\n<tr class=\"row-11\">\n\t<td class=\"column-1\">Futterverweigerung: Schildkr\u00f6te frisst nicht mehr<\/td><td class=\"column-2\">Jegliche Art von Erkrankung, zu kalte und zu dunkle Haltung<\/td><td class=\"column-3\"><a href=\"\/schildkroeten-tierarzt\/\">Tierarzt<\/a> aufsuchen, Blutuntersuchung, Haltungsbedingungen pr\u00fcfen und optimieren<\/td>\n<\/tr>\n<tr class=\"row-12\">\n\t<td class=\"column-1\">Hautabl\u00f6sung: Abl\u00f6sung am Hals oder im Kloakenbereich mit Wunde<\/td><td class=\"column-2\">Vitamin-\u00dcberversorgung (bitte niemals ohne tier\u00e4rztliche Absprache Vitamine zuf\u00fchren), Milben- oder Pilzinfektion<\/td><td class=\"column-3\">Zum <a href=\"\/schildkroeten-tierarzt\/\">Tierarzt<\/a>, auf Hygiene achten. Keine Vitaminspritze\/ Aufbauspritze eines unerfahrenen Tierarztes zulassen! Das hat schon vielen Tieren das Leben gekostet.<\/td>\n<\/tr>\n<tr class=\"row-13\">\n\t<td class=\"column-1\">Herpes: Die t\u00f6dliche Virusinfektion bei Schildkr\u00f6ten<\/td><td class=\"column-2\">Siehe Link zur <a href=\"https:\/\/www.xn--landschildkrte-6pb.de\/herpes-die-toedliche-virusinfektion-bei-schildkroeten\/\">Herpesseite<\/a><\/td><td class=\"column-3\">Siehe Link zur <a href=\"https:\/\/www.xn--landschildkrte-6pb.de\/herpes-die-toedliche-virusinfektion-bei-schildkroeten\/\">Herpesseite<\/a><\/td>\n<\/tr>\n<tr class=\"row-14\">\n\t<td class=\"column-1\">Hexamiten<br \/>\nGei\u00dfeltierchen\/Parasiten. Werden nur durch Kotuntersuchung beim Tierarzt erkannt. Sind in frisch gehaltenem Kot (z.B in einer Filmdose) leicht angefeuchtet bis zu 3 Tagen noch nachweisbar.<\/td><td class=\"column-2\">Kommen gelegentlich vor und m\u00fcssen behandelt werden<\/td><td class=\"column-3\">Entwurmung durch den <a href=\"\/schildkroeten-tierarzt\/\">Tierarzt<\/a>. Keinesfalls mit Hexamiten in die <a href=\"https:\/\/www.xn--landschildkrte-6pb.de\/winterstarre\/winterruhe-hibernation-griechische-landschildkroeten\/\">Winterruhe<\/a> schicken<\/td>\n<\/tr>\n<tr class=\"row-15\">\n\t<td class=\"column-1\">Hornhauterkrankung: Linsentr\u00fcbung<\/td><td class=\"column-2\">Zu geringer Abstand des <a href=\"https:\/\/www.xn--landschildkrte-6pb.de\/schildkroetenshop\/licht-beleuchtung\/\">UV-Strahlers<\/a> von dem Tier oder zu lange UV-Bestrahlung<\/td><td class=\"column-3\">Tierarztbehandlung und Bestrahlungsdauer\/-n\u00e4he ver\u00e4ndern<\/td>\n<\/tr>\n<tr class=\"row-16\">\n\t<td class=\"column-1\">Hornschneiden: \u00fcberwachsender Schnabel \/ papageien-Schnabel<\/td><td class=\"column-2\">Falsche Ern\u00e4hrung<\/td><td class=\"column-3\">Immer <a href=\"https:\/\/www.xn--landschildkrte-6pb.de\/sepiaschale-sepiaschulp\/\">Sepiaschale<\/a> und gelegentlich <a href=\"https:\/\/www.xn--landschildkrte-6pb.de\/agrobs\/\">Agrobs<\/a> anbieten! Wenn schon weit fortgeschritten, vom <a href=\"\/schildkroeten-tierarzt\/\">Tierarzt<\/a> k\u00fcrzen lassen<\/td>\n<\/tr>\n<tr class=\"row-17\">\n\t<td class=\"column-1\">Krallen: zu lange Krallen<\/td><td class=\"column-2\">Zu weicher Untergrund. Aber: die M\u00e4nnchen einiger Wasserschildkr\u00f6tenarten haben lange Krallen, die nicht gek\u00fcrzt werden d\u00fcrfen<\/td><td class=\"column-3\">Vom <a href=\"\/schildkroeten-tierarzt\/\">Tierarzt<\/a> k\u00fcrzen lassen (Unerfahrene nicht selber schneiden -> hohe Verletzungsgefahr!). Steinige Kletterm\u00f6glichkeiten anbieten<\/td>\n<\/tr>\n<tr class=\"row-18\">\n\t<td class=\"column-1\">Legenot: Schildkr\u00f6te kann ihre Eier nicht ablegen<\/td><td class=\"column-2\">Fehlen eines geeigneten Eiablageplatzes, zu niedriges Substrat. Mehr zur Legenot: <a href=\"https:\/\/www.xn--landschildkrte-6pb.de\/legenot\/\">Legenot<\/a><\/td><td class=\"column-3\">Eiablageplatz schaffen. Wenn Schildkr\u00f6te tagelang scharrt aber keine Eier ablegt, <a href=\"\/schildkroeten-tierarzt\/\">Tierarzt<\/a> aufsuchen. Eine fr\u00fchzeitige Behandlung kann eine Operation vermeiden<\/td>\n<\/tr>\n<tr class=\"row-19\">\n\t<td class=\"column-1\">Lethargie: Schildkr\u00f6te bewegt sich kaum, Nahrungsverweigerung<\/td><td class=\"column-2\">Jegliche Art von Erkrankung, zu geringe Sonnenplatztemperatur<\/td><td class=\"column-3\">Zum <a href=\"\/schildkroeten-tierarzt\/\">Tierarzt<\/a>, gute Beleuchtung anschaffen<\/td>\n<\/tr>\n<tr class=\"row-20\">\n\t<td class=\"column-1\">Lungenentz\u00fcndung: Ger\u00e4uschvoller Atem, Bl\u00e4schen im Rachen und auf der Nase<\/td><td class=\"column-2\">Zugluft, zu kalte Haltung<\/td><td class=\"column-3\">Zum <a href=\"\/schildkroeten-tierarzt\/\">Tierarzt<\/a> und Haltungsbedingungen \u00fcberdenken\/\u00e4ndern<\/td>\n<\/tr>\n<tr class=\"row-21\">\n\t<td class=\"column-1\">Maul: Fl\u00fcssigkeit oder Schleim kommt aus dem Maul<\/td><td class=\"column-2\">Schnupfen, Erk\u00e4ltung durch Zugluft, Feuchtigkeit, K\u00e4lte, Infektion. <a href=\"https:\/\/www.xn--landschildkrte-6pb.de\/herpes-die-toedliche-virusinfektion-bei-schildkroeten\/\">Herpes<\/a><\/td><td class=\"column-3\">Zum <a href=\"\/schildkroeten-tierarzt\/\">Tierarzt<\/a><\/td>\n<\/tr>\n<tr class=\"row-22\">\n\t<td class=\"column-1\">Milben: Milbenbefall<\/td><td class=\"column-2\">Evtl. Vitaminmangel (niemals ohne tier\u00e4rztliche Absprache Vitamine zuf\u00fchren!), mangelnde Hygiene<\/td><td class=\"column-3\">Vom <a href=\"\/schildkroeten-tierarzt\/\">Tierarzt<\/a> behandeln lassen<\/td>\n<\/tr>\n<tr class=\"row-23\">\n\t<td class=\"column-1\">Oxyuren: Madenw\u00fcrmer - die mit am h\u00e4ufigsten vorkommende Wurmart bei Schildkr\u00f6ten<\/td><td class=\"column-2\">K\u00f6nnen bei Nahrungsaufnahme immer wieder in die Schildkr\u00f6te gelangen<\/td><td class=\"column-3\">Entwurmung. Mit Oxyuren sollte nicht eingewintert werden<\/td>\n<\/tr>\n<tr class=\"row-24\">\n\t<td class=\"column-1\">Panzerbruch,<br \/>\nPanzerverletzung<\/td><td class=\"column-2\">Unfall, Biss von Hund etc.<\/td><td class=\"column-3\">Sofort zum <a href=\"\/schildkroeten-tierarzt\/\">Tierarzt<\/a>. Wenn keine inneren Organe verletzt wurden, gute \u00dcberlebenschancen<\/td>\n<\/tr>\n<tr class=\"row-25\">\n\t<td class=\"column-1\">Panzererweichung<br \/>\noder -Verformung. Panzer l\u00e4sst sich verformen oder ist bereits verformt<\/td><td class=\"column-2\">Nicht mit elastischem juvenilem Panzer verwechseln. Ansonsten Mangel an Kalk und\/oder UV-Bestrahlung<\/td><td class=\"column-3\">Das Tier muss tier\u00e4rztlich behandelt werden. Danach immer <a href=\"https:\/\/www.xn--landschildkrte-6pb.de\/sepiaschale-sepiaschulp\/\">Sepiaschale<\/a> anbieten und f\u00fcr UV-Bestrahlung mittels <a href=\"https:\/\/www.xn--landschildkrte-6pb.de\/beleuchtung\/beleuchtung-lucky-reptile-bright-sun-desert\/\">Lucky Reptile Bright Sun Desert<\/a> sorgen<\/td>\n<\/tr>\n<tr class=\"row-26\">\n\t<td class=\"column-1\">Panzernekrose: Carapax- und Plastronoberfl\u00e4che werden langsam durch Bakterien zerst\u00f6rt<\/td><td class=\"column-2\">Zu feuchter Untergrund, Bakterieninfektion. Fehlender trockener Sonnenplatz bei Wasserschildkr\u00f6ten<\/td><td class=\"column-3\">Trockenen Landteil einrichten, immer auf Sauberkeit achten und unbedingt zum <a href=\"\/schildkroeten-tierarzt\/\">Tierarzt<\/a>. Kann unbehandelt zur Blutvergiftung (Sepsis) f\u00fchren. Wird unbehandelt unweigerlich zum Tod f\u00fchren<\/td>\n<\/tr>\n<tr class=\"row-27\">\n\t<td class=\"column-1\">Rachitis: Knochenerweichung durch Vitamin D3 Mangel<\/td><td class=\"column-2\">Mangelnde Beleuchtung und\/oder Kalkversorgung<\/td><td class=\"column-3\"><a href=\"https:\/\/www.xn--landschildkrte-6pb.de\/beleuchtung\/beleuchtung-lucky-reptile-bright-sun-desert\/\">Beleuchtung<\/a> optimieren, immer Sepiaschale anbieten<\/td>\n<\/tr>\n<tr class=\"row-28\">\n\t<td class=\"column-1\">Schleim auf der Nase, pfeiffender Atem (bei Wasserschildkr\u00f6ten ist eine Erk\u00e4ltung manchmal durch Schr\u00e4glage im Wasser zu erkennen)<\/td><td class=\"column-2\">Schnupfen, Erk\u00e4ltung durch Zugluft, Feuchtigkeit, K\u00e4lte. Herpes<\/td><td class=\"column-3\">M\u00f6glichst bald einen <a href=\"\/schildkroeten-tierarzt\/\">Tierarzt<\/a> aufsuchen<\/td>\n<\/tr>\n<tr class=\"row-29\">\n\t<td class=\"column-1\">Schnabel: zu lange Hornschneiden<\/td><td class=\"column-2\">Falsche Ern\u00e4hrung<\/td><td class=\"column-3\">Immer Sepiaschale anbieten! Wenn schon weit fortgeschritten, vom <a href=\"\/schildkroeten-tierarzt\/\">Tierarzt<\/a> k\u00fcrzen lassen<\/td>\n<\/tr>\n<tr class=\"row-30\">\n\t<td class=\"column-1\">Schnupfen<\/td><td class=\"column-2\">Zugluft, Feuchtigkeit, K\u00e4lte<\/td><td class=\"column-3\">M\u00f6glichst bald einen <a href=\"\/schildkroeten-tierarzt\/\">Tierarzt<\/a> aufsuchen<\/td>\n<\/tr>\n<tr class=\"row-31\">\n\t<td class=\"column-1\">Sepsis: Blutvergiftung<\/td><td class=\"column-2\">Bakterieninfektion<\/td><td class=\"column-3\">Schnellstens zum <a href=\"\/schildkroeten-tierarzt\/\">Tierarzt<\/a><\/td>\n<\/tr>\n<tr class=\"row-32\">\n\t<td class=\"column-1\">Stuhlgang: Schmieriger und \u00fcbel riechender Kot<\/td><td class=\"column-2\">Folge einer Darminfektion, Wurmbefall, zu kalte Haltung<\/td><td class=\"column-3\">Kotprobe nehmen und vom <a href=\"\/schildkroeten-tierarzt\/\">Tierarzt<\/a> auf Salmonellen, Am\u00f6ben und Magen-Darmw\u00fcrmer untersuchen lassen<\/td>\n<\/tr>\n<tr class=\"row-33\">\n\t<td class=\"column-1\">Verstopfung: Keine Kotabgabe mehr<\/td><td class=\"column-2\">Am\u00f6beninfektion, Wurmbefall, Fl\u00fcssigkeitsmangel, Fremdk\u00f6rper im Darmtrakt<\/td><td class=\"column-3\">Kotprobe nehmen und vom <a href=\"\/schildkroeten-tierarzt\/\">Tierarzt<\/a> auf Salmonellen, Am\u00f6ben und Magen-Darmw\u00fcrmer untersuchen lassen<\/td>\n<\/tr>\n<\/tbody>\n<\/table>\n<!-- #tablepress-10 from cache -->\n<a href=\"https:\/\/www.xn--landschildkrte-6pb.de\/transport-transportieren-von-schildkroeten-zum-tierarzt\/\" title=\"Der richtige Transport zum Tierarzt\" class=\"btn btn-primary btn-normal btn-inline \" target=\"_blank\"><i class=\"icon-arrow-right\"><\/i>Der richtige Transport zum Tierarzt<\/a><!-- .btn -->\n<\/div>\n","protected":false},"excerpt":{"rendered":"","protected":false},"author":1,"featured_media":3251,"parent":0,"menu_order":0,"comment_status":"closed","ping_status":"closed","template":"","meta":{"_exactmetrics_skip_tracking":false,"_exactmetrics_sitenote_active":false,"_exactmetrics_sitenote_note":"","_exactmetrics_sitenote_category":0,"footnotes":""},"class_list":["post-3250","page","type-page","status-publish","has-post-thumbnail","hentry"],"aioseo_notices":[],"publishpress_future_action":{"enabled":false,"date":"2026-05-08 21:44:30","action":"change-status","newStatus":"draft","terms":[],"taxonomy":"","extraData":[]},"publishpress_future_workflow_manual_trigger":{"enabledWorkflows":[]},"_links":{"self":[{"href":"https:\/\/www.xn--landschildkrte-6pb.de\/haltung\/wp-json\/wp\/v2\/pages\/3250","targetHints":{"allow":["GET"]}}],"collection":[{"href":"https:\/\/www.xn--landschildkrte-6pb.de\/haltung\/wp-json\/wp\/v2\/pages"}],"about":[{"href":"https:\/\/www.xn--landschildkrte-6pb.de\/haltung\/wp-json\/wp\/v2\/types\/page"}],"author":[{"embeddable":true,"href":"https:\/\/www.xn--landschildkrte-6pb.de\/haltung\/wp-json\/wp\/v2\/users\/1"}],"replies":[{"embeddable":true,"href":"https:\/\/www.xn--landschildkrte-6pb.de\/haltung\/wp-json\/wp\/v2\/comments?post=3250"}],"version-history":[{"count":24,"href":"https:\/\/www.xn--landschildkrte-6pb.de\/haltung\/wp-json\/wp\/v2\/pages\/3250\/revisions"}],"predecessor-version":[{"id":10702,"href":"https:\/\/www.xn--landschildkrte-6pb.de\/haltung\/wp-json\/wp\/v2\/pages\/3250\/revisions\/10702"}],"wp:featuredmedia":[{"embeddable":true,"href":"https:\/\/www.xn--landschildkrte-6pb.de\/haltung\/wp-json\/wp\/v2\/media\/3251"}],"wp:attachment":[{"href":"https:\/\/www.xn--landschildkrte-6pb.de\/haltung\/wp-json\/wp\/v2\/media?parent=3250"}],"curies":[{"name":"wp","href":"https:\/\/api.w.org\/{rel}","templated":true}]}}