{"id":3263,"date":"2017-08-20T17:51:48","date_gmt":"2017-08-20T17:51:48","guid":{"rendered":"http:\/\/www.landschildkroeten.de\/haltung\/?page_id=3263"},"modified":"2020-09-01T12:10:47","modified_gmt":"2020-09-01T12:10:47","slug":"transport-transportieren-von-schildkroeten-zum-tierarzt","status":"publish","type":"page","link":"https:\/\/www.xn--landschildkrte-6pb.de\/haltung\/transport-transportieren-von-schildkroeten-zum-tierarzt\/","title":{"rendered":"Transport \/ Transportieren von Schildkr\u00f6ten zum Tierarzt"},"content":{"rendered":"<div class=\"extra-wrap block_7\">\n<p>H\u00e4ufig taucht die Frage auf: \"Wie kann ich meine Schildkr\u00f6te am sichersten zum <a href=\"https:\/\/www.xn--landschildkrte-6pb.de\/schildkroeten-tierarzt\/\">Tierarzt<\/a> transportieren?\"<br \/>\nFolgende Tipps sind f\u00fcr Landschildkr\u00f6ten und Wasserschildkr\u00f6ten anwendbar, denn auch Wasserschildkr\u00f6ten transportiert man am sichersten trocken.<\/p>\n<p>Am wichtigsten ist, dass die Schildkr\u00f6te sich nicht erk\u00e4ltet. Daher muss darauf geachtet werden, dass das Tier w\u00e4hrend der Fahrt keinesfalls Zugluft abbekommt. Bew\u00e4hrt haben sich folgende Methoden:<\/p>\n<h3>Der Transport<\/h3>\n<p>In einer Styroporbox:<\/p>\n<ul>\n<li>sofern sie einen Deckel hat,\u00a0Luftl\u00f6cher hineinstechen.<\/li>\n<li>W\u00e4rmflasche hineinlegen.<\/li>\n<li>die W\u00e4rmflasche mit alten Handt\u00fcchern oder \u00e4hnlichem bedecken.<\/li>\n<li>die Schildkr\u00f6te f\u00fchlt sich sicherer, wenn die Box noch mit Heu, Stroh, Handtuchresten oder Haushaltspapier ausgestattet wird, worin sie sich verstecken kann.<\/li>\n<\/ul>\n<p>Eine wandstarke Styroporbox isoliert sehr gut und sch\u00fctzt die Schildkr\u00f6ten vor Unterk\u00fchlung w\u00e4hrend des Tragens oder im Auto. Im Sommer ist eine W\u00e4rmflasche nat\u00fcrlich nicht notwendig, sondern dann muss vielmehr darauf geachtet werden, dass die Tiere nicht \u00fcberhitzen.<br \/>\nDer trockene Transport sch\u00fctzt Wasserschildkr\u00f6ten davor, dass sie sich durch die Feuchtigkeit in Verbindung mit Zugluft oder K\u00e4lte keine Erk\u00e4ltung oder gar Lungenentz\u00fcndung zuziehen k\u00f6nnen.<\/p>\n<p>Notfalls kann man aber auch einen Pappkarton, eine Plastikbox oder \u00e4hnliche Beh\u00e4ltnisse verwenden, die entsprechend ausgestattet werden.<\/p>\n<a href=\"https:\/\/www.xn--landschildkrte-6pb.de\/schildkroeten-tierarzt\/\" title=\"Zur Tierarztliste\" class=\"btn btn-primary btn-normal btn-inline \" target=\"_blank\"><i class=\"icon-arrow-right\"><\/i>Zur Tierarztliste<\/a><!-- .btn -->\n<\/div>\n","protected":false},"excerpt":{"rendered":"","protected":false},"author":1,"featured_media":0,"parent":0,"menu_order":0,"comment_status":"closed","ping_status":"closed","template":"","meta":{"_exactmetrics_skip_tracking":false,"_exactmetrics_sitenote_active":false,"_exactmetrics_sitenote_note":"","_exactmetrics_sitenote_category":0,"footnotes":""},"class_list":["post-3263","page","type-page","status-publish","hentry"],"aioseo_notices":[],"publishpress_future_action":{"enabled":false,"date":"2026-05-13 09:11:01","action":"change-status","newStatus":"draft","terms":[],"taxonomy":"","extraData":[]},"publishpress_future_workflow_manual_trigger":{"enabledWorkflows":[]},"_links":{"self":[{"href":"https:\/\/www.xn--landschildkrte-6pb.de\/haltung\/wp-json\/wp\/v2\/pages\/3263","targetHints":{"allow":["GET"]}}],"collection":[{"href":"https:\/\/www.xn--landschildkrte-6pb.de\/haltung\/wp-json\/wp\/v2\/pages"}],"about":[{"href":"https:\/\/www.xn--landschildkrte-6pb.de\/haltung\/wp-json\/wp\/v2\/types\/page"}],"author":[{"embeddable":true,"href":"https:\/\/www.xn--landschildkrte-6pb.de\/haltung\/wp-json\/wp\/v2\/users\/1"}],"replies":[{"embeddable":true,"href":"https:\/\/www.xn--landschildkrte-6pb.de\/haltung\/wp-json\/wp\/v2\/comments?post=3263"}],"version-history":[{"count":7,"href":"https:\/\/www.xn--landschildkrte-6pb.de\/haltung\/wp-json\/wp\/v2\/pages\/3263\/revisions"}],"predecessor-version":[{"id":10034,"href":"https:\/\/www.xn--landschildkrte-6pb.de\/haltung\/wp-json\/wp\/v2\/pages\/3263\/revisions\/10034"}],"wp:attachment":[{"href":"https:\/\/www.xn--landschildkrte-6pb.de\/haltung\/wp-json\/wp\/v2\/media?parent=3263"}],"curies":[{"name":"wp","href":"https:\/\/api.w.org\/{rel}","templated":true}]}}