{"id":3271,"date":"2017-08-20T18:12:56","date_gmt":"2017-08-20T18:12:56","guid":{"rendered":"http:\/\/www.landschildkroeten.de\/haltung\/?page_id=3271"},"modified":"2017-11-08T13:20:54","modified_gmt":"2017-11-08T13:20:54","slug":"sepsis-blutvergiftung","status":"publish","type":"page","link":"https:\/\/www.xn--landschildkrte-6pb.de\/haltung\/sepsis-blutvergiftung\/","title":{"rendered":"Sepsis \/ Blutvergiftung"},"content":{"rendered":"<div class=\"extra-wrap block_7\">\nEine Landschildkr\u00f6te mit beginnender Sepsis (Blutvergiftung) bekommt zuerst stellenweise rot durchschimmernde Stellen auf der Panzerunterseite. Dabei handelt es sich um Blut, welches sich im Bereich des Bauchpanzers ansammelt.<\/p>\n<p>So ungef\u00e4hr k\u00f6nnte eine fortgeschrittene Sepis aussehen:<br \/>\n<a href=\"https:\/\/www.xn--landschildkrte-6pb.de\/haltung\/wp-content\/uploads\/2017\/08\/schildkroete-sepsis.png\"><img loading=\"lazy\" decoding=\"async\" src=\"https:\/\/www.xn--landschildkrte-6pb.de\/haltung\/wp-content\/uploads\/2017\/08\/schildkroete-sepsis.png\" alt=\"\" width=\"310\" height=\"409\" class=\"alignnone size-full wp-image-5291\" srcset=\"https:\/\/www.xn--landschildkrte-6pb.de\/haltung\/wp-content\/uploads\/2017\/08\/schildkroete-sepsis.png 310w, https:\/\/www.xn--landschildkrte-6pb.de\/haltung\/wp-content\/uploads\/2017\/08\/schildkroete-sepsis-227x300.png 227w\" sizes=\"auto, (max-width: 310px) 100vw, 310px\" \/><\/a><\/p>\n<h3>Ursachen<\/h3>\n<ol>\n<li>W\u00fcrmer: Viele betroffene Schildkr\u00f6ten bekommen w\u00e4hrend oder nach der Winterruhe eine Sepsis. Im Darm verstorbene W\u00fcrmer lassen Bakterien im K\u00f6rper ausbreiten. Die Bakterien sondern Giftstoffe ab, die die W\u00e4nde von Adern durchl\u00e4ssiger werden lassen.<\/li>\n<li>Unbehandelte Verletzungen: Durch Wunden k\u00f6nnen ebenfalls Bakterien in den K\u00f6rper einbringen.<\/li>\n<li>Leberprobleme k\u00f6nnen auch zu roten Verf\u00e4rbungen des Panzers f\u00fchren.<\/li>\n<\/ol>\n<p>Eine Sepsis ist behandlungsbed\u00fcrftig! Deshalb bitte immer einen <a href=\"https:\/\/www.xn--landschildkrte-6pb.de\/schildkroeten-tierarzt\/\">schildkr\u00f6tenerfahrenen Tierarzt<\/a> aufsuchen. Das ist sehr wichtig, denn ein \u201cnormaler\u201d Tierarzt ist damit in den meisten F\u00e4llen \u00fcberfordert - damit riskiert man das Leben der Schildkr\u00f6te. Und keinen Tag zuviel vergehen lassen. Au\u00dferhalb von Sprechzeiten sollte man auch nicht z\u00f6gern, Notfallkliniken aufzusuchen. Schnelles Handeln ist gefragt!<\/p>\n<p>Der Tierarzt wird vermutlich das Antibiotikum \u201cBaytril\u201d spritzen. Am besten nachfragen und auch darauf achten, dass in die Vorderbeine gespritzt wird (entsprechend dem Gewicht). Dies wird t\u00e4glich f\u00fcr 4-5 Tage wiederholt.<br \/>\n<\/div>\n","protected":false},"excerpt":{"rendered":"","protected":false},"author":1,"featured_media":0,"parent":0,"menu_order":0,"comment_status":"closed","ping_status":"closed","template":"","meta":{"_exactmetrics_skip_tracking":false,"_exactmetrics_sitenote_active":false,"_exactmetrics_sitenote_note":"","_exactmetrics_sitenote_category":0,"footnotes":""},"class_list":["post-3271","page","type-page","status-publish","hentry"],"aioseo_notices":[],"publishpress_future_action":{"enabled":false,"date":"2026-04-17 13:02:49","action":"change-status","newStatus":"draft","terms":[],"taxonomy":"","extraData":[]},"publishpress_future_workflow_manual_trigger":{"enabledWorkflows":[]},"_links":{"self":[{"href":"https:\/\/www.xn--landschildkrte-6pb.de\/haltung\/wp-json\/wp\/v2\/pages\/3271","targetHints":{"allow":["GET"]}}],"collection":[{"href":"https:\/\/www.xn--landschildkrte-6pb.de\/haltung\/wp-json\/wp\/v2\/pages"}],"about":[{"href":"https:\/\/www.xn--landschildkrte-6pb.de\/haltung\/wp-json\/wp\/v2\/types\/page"}],"author":[{"embeddable":true,"href":"https:\/\/www.xn--landschildkrte-6pb.de\/haltung\/wp-json\/wp\/v2\/users\/1"}],"replies":[{"embeddable":true,"href":"https:\/\/www.xn--landschildkrte-6pb.de\/haltung\/wp-json\/wp\/v2\/comments?post=3271"}],"version-history":[{"count":6,"href":"https:\/\/www.xn--landschildkrte-6pb.de\/haltung\/wp-json\/wp\/v2\/pages\/3271\/revisions"}],"predecessor-version":[{"id":5293,"href":"https:\/\/www.xn--landschildkrte-6pb.de\/haltung\/wp-json\/wp\/v2\/pages\/3271\/revisions\/5293"}],"wp:attachment":[{"href":"https:\/\/www.xn--landschildkrte-6pb.de\/haltung\/wp-json\/wp\/v2\/media?parent=3271"}],"curies":[{"name":"wp","href":"https:\/\/api.w.org\/{rel}","templated":true}]}}