{"id":3281,"date":"2017-08-20T18:21:15","date_gmt":"2017-08-20T18:21:15","guid":{"rendered":"http:\/\/www.landschildkroeten.de\/haltung\/?page_id=3281"},"modified":"2022-02-21T16:55:46","modified_gmt":"2022-02-21T16:55:46","slug":"durchfall","status":"publish","type":"page","link":"https:\/\/www.xn--landschildkrte-6pb.de\/haltung\/durchfall\/","title":{"rendered":"Durchfall"},"content":{"rendered":"<div class=\"extra-wrap block_7\">\nWenn die Schildkr\u00f6te Durchfall hat, kontrollieren Sie bitte als erstes die Ern\u00e4hrung. Durchfall kann ein Zeichen daf\u00fcr sein, da\u00df die Darmflora durch nicht geeignete Stoffe im Futter (wie z.B. Fruchtzucker oder St\u00e4rke) gest\u00f6rt ist. Durchfall verhindert im Darm auch eine normale Wasseraufnahme in den Organismus und ist deshalb nicht ungef\u00e4hrlich. Als Gegenma\u00dfnahme k\u00f6nnen Weidenbl\u00e4tter verf\u00fcttert werden.<\/p>\n<p>Wird es nicht innerhalb eines Tages besser, suchen Sie bitte einen <a href=\"https:\/\/www.xn--landschildkrte-6pb.de\/haltung\/schildkroeten-tierarzt\/\">schildkr\u00f6tenerfahrenen Tierarzt<\/a> auf.<\/p>\n<a href=\"https:\/\/www.xn--landschildkrte-6pb.de\/haltung\/schildkroeten-tierarzt\/\" title=\"Tierarzt in der N\u00e4he finden\" class=\"btn btn-primary btn-normal btn-inline \" target=\"_blank\"><i class=\"icon-arrow-right\"><\/i>Tierarzt in der N\u00e4he finden<\/a><!-- .btn -->\n<h2>Weitere m\u00f6gliche Ursachen<\/h2>\n<h3>Darmparasiten<\/h3>\n<p>Schildkr\u00f6tenerfahrenen Tierarzt aufsuchen, der die Parasiten medikament\u00f6s behandelt.<\/p>\n<h3>Schildkr\u00f6ten-Fertigfutter<\/h3>\n<p>Sofort einstellen zu f\u00fcttern. Au\u00dfer Heupellets wie z.B. Agrobs ist dieses Fertigfutter hochsch\u00e4dlich f\u00fcr Nieren und Darm von Landschildkr\u00f6ten.<\/p>\n<a href=\"https:\/\/xn--schildkrten-yfb.de\/products\/agrobs-testudo-original-500\" title=\"Bestellung von Agrobs\" class=\"btn btn-primary btn-normal btn-inline \" target=\"_blank\"><i class=\"icon-shopping-cart\"><\/i>Bestellung von Agrobs<\/a><!-- .btn -->\n<\/div>\n","protected":false},"excerpt":{"rendered":"","protected":false},"author":1,"featured_media":0,"parent":0,"menu_order":0,"comment_status":"closed","ping_status":"closed","template":"","meta":{"_exactmetrics_skip_tracking":false,"_exactmetrics_sitenote_active":false,"_exactmetrics_sitenote_note":"","_exactmetrics_sitenote_category":0,"footnotes":""},"class_list":["post-3281","page","type-page","status-publish","hentry"],"aioseo_notices":[],"publishpress_future_action":{"enabled":false,"date":"2026-04-17 08:42:39","action":"change-status","newStatus":"draft","terms":[],"taxonomy":"","extraData":[]},"publishpress_future_workflow_manual_trigger":{"enabledWorkflows":[]},"_links":{"self":[{"href":"https:\/\/www.xn--landschildkrte-6pb.de\/haltung\/wp-json\/wp\/v2\/pages\/3281","targetHints":{"allow":["GET"]}}],"collection":[{"href":"https:\/\/www.xn--landschildkrte-6pb.de\/haltung\/wp-json\/wp\/v2\/pages"}],"about":[{"href":"https:\/\/www.xn--landschildkrte-6pb.de\/haltung\/wp-json\/wp\/v2\/types\/page"}],"author":[{"embeddable":true,"href":"https:\/\/www.xn--landschildkrte-6pb.de\/haltung\/wp-json\/wp\/v2\/users\/1"}],"replies":[{"embeddable":true,"href":"https:\/\/www.xn--landschildkrte-6pb.de\/haltung\/wp-json\/wp\/v2\/comments?post=3281"}],"version-history":[{"count":5,"href":"https:\/\/www.xn--landschildkrte-6pb.de\/haltung\/wp-json\/wp\/v2\/pages\/3281\/revisions"}],"predecessor-version":[{"id":15607,"href":"https:\/\/www.xn--landschildkrte-6pb.de\/haltung\/wp-json\/wp\/v2\/pages\/3281\/revisions\/15607"}],"wp:attachment":[{"href":"https:\/\/www.xn--landschildkrte-6pb.de\/haltung\/wp-json\/wp\/v2\/media?parent=3281"}],"curies":[{"name":"wp","href":"https:\/\/api.w.org\/{rel}","templated":true}]}}