{"id":3283,"date":"2017-08-20T18:24:28","date_gmt":"2017-08-20T18:24:28","guid":{"rendered":"http:\/\/www.landschildkroeten.de\/haltung\/?page_id=3283"},"modified":"2019-08-12T09:47:09","modified_gmt":"2019-08-12T09:47:09","slug":"laehmungen-von-gliedmassen","status":"publish","type":"page","link":"https:\/\/www.xn--landschildkrte-6pb.de\/haltung\/laehmungen-von-gliedmassen\/","title":{"rendered":"L\u00e4hmungen von Gliedma\u00dfen"},"content":{"rendered":"<p>Die Gliedma\u00dfen k\u00f6nnen nicht benutzt werden oder wirken verkrampft. Die Schildkr\u00f6te ist in ihrer Bewegung eingeschr\u00e4nkt oder bewegungsunf\u00e4hig.<\/p>\n<p>Ursachen k\u00f6nnen <a href=\"https:\/\/www.xn--landschildkrte-6pb.de\/schwellungen-meist-nierenprobleme-bei-schildkroeten\/\">Nierenprobleme<\/a>, Mangelerscheinungen oder Infektionen des Nervensystems sein.<br \/>\nAber auch Legenot, Gicht oder Steine im Darmtrakt (k\u00f6nnen Druck auf Nervenstr\u00e4nge aus\u00fcben) kommen als m\u00f6gliche Ursache in Frage.<\/p>\n<h3>Ma\u00dfnahmen<\/h3>\n<p>Sofortiger Besuch bei einem <a href=\"https:\/\/www.xn--landschildkrte-6pb.de\/schildkroeten-tierarzt\/\">schildkr\u00f6tenerfahrenen Tierarzt<\/a>.<\/p>\n","protected":false},"excerpt":{"rendered":"<p>Die Gliedma\u00dfen k\u00f6nnen nicht benutzt werden oder wirken verkrampft. Die Schildkr\u00f6te ist in ihrer Bewegung eingeschr\u00e4nkt oder bewegungsunf\u00e4hig. Ursachen k\u00f6nnen Nierenprobleme, Mangelerscheinungen oder Infektionen des Nervensystems sein. Aber auch Legenot, Gicht oder Steine im Darmtrakt (k\u00f6nnen Druck auf Nervenstr\u00e4nge aus\u00fcben) kommen als m\u00f6gliche Ursache in Frage. Ma\u00dfnahmen Sofortiger Besuch bei einem schildkr\u00f6tenerfahrenen Tierarzt.<\/p>\n","protected":false},"author":1,"featured_media":0,"parent":0,"menu_order":0,"comment_status":"closed","ping_status":"closed","template":"","meta":{"_exactmetrics_skip_tracking":false,"_exactmetrics_sitenote_active":false,"_exactmetrics_sitenote_note":"","_exactmetrics_sitenote_category":0,"footnotes":""},"class_list":["post-3283","page","type-page","status-publish","hentry"],"aioseo_notices":[],"publishpress_future_action":{"enabled":false,"date":"2026-05-12 09:41:54","action":"change-status","newStatus":"draft","terms":[],"taxonomy":"","extraData":[]},"publishpress_future_workflow_manual_trigger":{"enabledWorkflows":[]},"_links":{"self":[{"href":"https:\/\/www.xn--landschildkrte-6pb.de\/haltung\/wp-json\/wp\/v2\/pages\/3283","targetHints":{"allow":["GET"]}}],"collection":[{"href":"https:\/\/www.xn--landschildkrte-6pb.de\/haltung\/wp-json\/wp\/v2\/pages"}],"about":[{"href":"https:\/\/www.xn--landschildkrte-6pb.de\/haltung\/wp-json\/wp\/v2\/types\/page"}],"author":[{"embeddable":true,"href":"https:\/\/www.xn--landschildkrte-6pb.de\/haltung\/wp-json\/wp\/v2\/users\/1"}],"replies":[{"embeddable":true,"href":"https:\/\/www.xn--landschildkrte-6pb.de\/haltung\/wp-json\/wp\/v2\/comments?post=3283"}],"version-history":[{"count":3,"href":"https:\/\/www.xn--landschildkrte-6pb.de\/haltung\/wp-json\/wp\/v2\/pages\/3283\/revisions"}],"predecessor-version":[{"id":7255,"href":"https:\/\/www.xn--landschildkrte-6pb.de\/haltung\/wp-json\/wp\/v2\/pages\/3283\/revisions\/7255"}],"wp:attachment":[{"href":"https:\/\/www.xn--landschildkrte-6pb.de\/haltung\/wp-json\/wp\/v2\/media?parent=3283"}],"curies":[{"name":"wp","href":"https:\/\/api.w.org\/{rel}","templated":true}]}}