{"id":3285,"date":"2017-08-20T18:27:33","date_gmt":"2017-08-20T18:27:33","guid":{"rendered":"http:\/\/www.landschildkroeten.de\/haltung\/?page_id=3285"},"modified":"2020-09-03T11:55:00","modified_gmt":"2020-09-03T11:55:00","slug":"legenot","status":"publish","type":"page","link":"https:\/\/www.xn--landschildkrte-6pb.de\/haltung\/legenot\/","title":{"rendered":"Legenot bei Schildkr\u00f6te"},"content":{"rendered":"<h3>Woran erkenne ich eine Legenot?<\/h3>\n<p>L\u00e4hmungserscheinungen an den Hinterbeinen, unruhiges Umherwandern des Weibchens oder Versuche, Probegrabungen vorzunehmen sind unter anderem ein Hinweis auf Legenot. In fortgeschrittenem Stadium kann Futterverweigerung und apathisches Verhalten auftreten.<\/p>\n<div id=\"attachment_4156\" style=\"width: 4910px\" class=\"wp-caption alignnone\"><a href=\"https:\/\/www.xn--landschildkrte-6pb.de\/haltung\/wp-content\/uploads\/2017\/08\/legenot-schildkr\u00f6te.jpg\"><img loading=\"lazy\" decoding=\"async\" aria-describedby=\"caption-attachment-4156\" class=\"size-full wp-image-4156\" src=\"https:\/\/www.xn--landschildkrte-6pb.de\/haltung\/wp-content\/uploads\/2017\/08\/legenot-schildkr\u00f6te.jpg\" alt=\"\" width=\"4900\" height=\"6525\" srcset=\"https:\/\/www.xn--landschildkrte-6pb.de\/haltung\/wp-content\/uploads\/2017\/08\/legenot-schildkr\u00f6te.jpg 4900w, https:\/\/www.xn--landschildkrte-6pb.de\/haltung\/wp-content\/uploads\/2017\/08\/legenot-schildkr\u00f6te-225x300.jpg 225w, https:\/\/www.xn--landschildkrte-6pb.de\/haltung\/wp-content\/uploads\/2017\/08\/legenot-schildkr\u00f6te-768x1023.jpg 768w, https:\/\/www.xn--landschildkrte-6pb.de\/haltung\/wp-content\/uploads\/2017\/08\/legenot-schildkr\u00f6te-769x1024.jpg 769w\" sizes=\"auto, (max-width: 4900px) 100vw, 4900px\" \/><\/a><p id=\"caption-attachment-4156\" class=\"wp-caption-text\">Legenot<\/p><\/div>\n<p><em>Bild \/ picture: Mit freundlicher Genehmigung von imgur \/ courtesy of imgur<\/em><\/p>\n<h3>Ursachen<\/h3>\n<p>Ursachen daf\u00fcr, dass eine Schildkr\u00f6te ihre Eier nicht ablegen kann, sind meistens fehlende oder ungeeignete Eiablagepl\u00e4tze, St\u00f6rungen w\u00e4hrend der Eiablage und allgemein schlechte Haltungsbedingungen. Aber auch Kalziummangel, sonstiger N\u00e4hrstoffmangel, UV-Mangel, Stress durch aufdringliche M\u00e4nnchen und zu kalte Haltung k\u00f6nnen zur Legenot f\u00fchren. Auch zu schnell gewachsene Schildkr\u00f6tenweibchen k\u00f6nnen zum Problem werden, wenn die \u00d6ffnung zwischen den oberen und unteren Panzerschilden zu eng f\u00fcr die Eier ist. In seltenen F\u00e4llen sind deformierte oder zu gro\u00dfe Eier schuld daran, dass die Eier nicht gelegt werden k\u00f6nnen.<\/p>\n<h3>Was genau ist Legenot?<\/h3>\n<p>Legenot ist ein krankhafter Zustand, der lebensbedrohlich f\u00fcr Schildkr\u00f6ten sein kann. Schildkr\u00f6tenweibchen tragen hierbei voll entwickelte Eier im Eileiter und k\u00f6nnen diese nicht ablegen. Bitte unbedingt daran denken, dass auch alleinlebende Weibchen <strong>immer<\/strong> einen Eiablageplatz ben\u00f6tigen. Leider \u00fcberleben von dieser Krankheit geschw\u00e4chte Tiere eine notwendige Operation, bei der die Eier herausgeschnitten werden m\u00fcssen, oft nicht.<\/p>\n<h3>Gegenma\u00dfnahmen<\/h3>\n<ul>\n<li>geeigneten Eiablageplatz schaffen.<\/li>\n<li>B\u00e4der in 30-35\u00b0C warmem Wasser.<\/li>\n<li>sollten nach 1-2 Tagen keine Eier gelegt werden, umgehend zum <a href=\"https:\/\/www.xn--landschildkrte-6pb.de\/schildkroeten-tierarzt\/\">schildkr\u00f6tenerfahrenen Tierarzt<\/a>.<br \/>\n<a href=\"https:\/\/www.xn--landschildkrte-6pb.de\/schildkroeten-tierarzt\/\" title=\"Tierarzt in der N\u00e4he finden\" class=\"btn btn-primary btn-normal btn-inline \" target=\"_blank\"><i class=\"icon-arrow-right\"><\/i>Tierarzt in der N\u00e4he finden<\/a><!-- .btn --><\/li>\n<\/ul>\n<p>Der Tierarzt wird ein R\u00f6ntgenbild mit der Schildkr\u00f6te machen und so feststellen, ob ungelegte Eier vorhanden sind. Eine Tr\u00e4chtigkeit alleine ist jedoch nat\u00fcrlich noch nicht zwangsl\u00e4ufig eine Legenot. Aber zusammen mit dem oben beschriebenen Verhalten der Schildkr\u00f6te wird ein erfahrener Tierarzt die Lage richtig beurteilen k\u00f6nnen.<\/p>\n","protected":false},"excerpt":{"rendered":"<p>Woran erkenne ich eine Legenot? L\u00e4hmungserscheinungen an den Hinterbeinen, unruhiges Umherwandern des Weibchens oder Versuche, Probegrabungen vorzunehmen sind unter anderem ein Hinweis auf Legenot. In fortgeschrittenem Stadium kann Futterverweigerung und apathisches Verhalten auftreten. Bild \/ picture: Mit freundlicher Genehmigung von imgur \/ courtesy of imgur Ursachen Ursachen daf\u00fcr, dass eine Schildkr\u00f6te ihre Eier nicht ablegen kann, sind meistens fehlende oder&nbsp;<a href=\"https:\/\/www.xn--landschildkrte-6pb.de\/haltung\/legenot\/\" class=\"read-more\">Weiter lesen<\/a><\/p>\n","protected":false},"author":1,"featured_media":4156,"parent":0,"menu_order":0,"comment_status":"closed","ping_status":"closed","template":"","meta":{"_exactmetrics_skip_tracking":false,"_exactmetrics_sitenote_active":false,"_exactmetrics_sitenote_note":"","_exactmetrics_sitenote_category":0,"footnotes":""},"class_list":["post-3285","page","type-page","status-publish","has-post-thumbnail","hentry"],"aioseo_notices":[],"publishpress_future_action":{"enabled":false,"date":"2026-04-29 11:38:27","action":"change-status","newStatus":"draft","terms":[],"taxonomy":"","extraData":[]},"publishpress_future_workflow_manual_trigger":{"enabledWorkflows":[]},"_links":{"self":[{"href":"https:\/\/www.xn--landschildkrte-6pb.de\/haltung\/wp-json\/wp\/v2\/pages\/3285","targetHints":{"allow":["GET"]}}],"collection":[{"href":"https:\/\/www.xn--landschildkrte-6pb.de\/haltung\/wp-json\/wp\/v2\/pages"}],"about":[{"href":"https:\/\/www.xn--landschildkrte-6pb.de\/haltung\/wp-json\/wp\/v2\/types\/page"}],"author":[{"embeddable":true,"href":"https:\/\/www.xn--landschildkrte-6pb.de\/haltung\/wp-json\/wp\/v2\/users\/1"}],"replies":[{"embeddable":true,"href":"https:\/\/www.xn--landschildkrte-6pb.de\/haltung\/wp-json\/wp\/v2\/comments?post=3285"}],"version-history":[{"count":16,"href":"https:\/\/www.xn--landschildkrte-6pb.de\/haltung\/wp-json\/wp\/v2\/pages\/3285\/revisions"}],"predecessor-version":[{"id":10099,"href":"https:\/\/www.xn--landschildkrte-6pb.de\/haltung\/wp-json\/wp\/v2\/pages\/3285\/revisions\/10099"}],"wp:featuredmedia":[{"embeddable":true,"href":"https:\/\/www.xn--landschildkrte-6pb.de\/haltung\/wp-json\/wp\/v2\/media\/4156"}],"wp:attachment":[{"href":"https:\/\/www.xn--landschildkrte-6pb.de\/haltung\/wp-json\/wp\/v2\/media?parent=3285"}],"curies":[{"name":"wp","href":"https:\/\/api.w.org\/{rel}","templated":true}]}}