{"id":3287,"date":"2017-08-20T18:28:43","date_gmt":"2017-08-20T18:28:43","guid":{"rendered":"http:\/\/www.landschildkroeten.de\/haltung\/?page_id=3287"},"modified":"2022-02-20T11:15:58","modified_gmt":"2022-02-20T11:15:58","slug":"weicher-panzer-panzererweichung","status":"publish","type":"page","link":"https:\/\/www.xn--landschildkrte-6pb.de\/haltung\/weicher-panzer-panzererweichung\/","title":{"rendered":"Weicher Panzer &#8211; Panzererweichung"},"content":{"rendered":"<div class=\"extra-wrap block_7\">\nEin leicht elastischer Bauchpanzer bei jungen Schildkr\u00f6ten ist ganz normal. Dieser h\u00e4rtet erst mit den Jahren vollst\u00e4ndig aus. Elastisch hei\u00dft aber, dass sich die Verformung umgehend zur\u00fcckbilden muss und keinesfalls bestehen bleiben darf. Ein Problem ist auch, wenn der Panzer schonmal fest war und nun pl\u00f6tzlich nachgiebig ist.<\/p>\n<p><img loading=\"lazy\" decoding=\"async\" class=\"alignleft size-full wp-image-9991\" src=\"https:\/\/www.xn--landschildkrte-6pb.de\/haltung\/wp-content\/uploads\/2020\/09\/Panzererweichung-scaled.jpg\" alt=\"\" width=\"2560\" height=\"1920\" srcset=\"https:\/\/www.xn--landschildkrte-6pb.de\/haltung\/wp-content\/uploads\/2020\/09\/Panzererweichung-scaled.jpg 2560w, https:\/\/www.xn--landschildkrte-6pb.de\/haltung\/wp-content\/uploads\/2020\/09\/Panzererweichung-300x225.jpg 300w, https:\/\/www.xn--landschildkrte-6pb.de\/haltung\/wp-content\/uploads\/2020\/09\/Panzererweichung-1024x768.jpg 1024w, https:\/\/www.xn--landschildkrte-6pb.de\/haltung\/wp-content\/uploads\/2020\/09\/Panzererweichung-768x576.jpg 768w, https:\/\/www.xn--landschildkrte-6pb.de\/haltung\/wp-content\/uploads\/2020\/09\/Panzererweichung-1536x1152.jpg 1536w, https:\/\/www.xn--landschildkrte-6pb.de\/haltung\/wp-content\/uploads\/2020\/09\/Panzererweichung-2048x1536.jpg 2048w, https:\/\/www.xn--landschildkrte-6pb.de\/haltung\/wp-content\/uploads\/2020\/09\/Panzererweichung-200x150.jpg 200w\" sizes=\"auto, (max-width: 2560px) 100vw, 2560px\" \/><\/p>\n<p>Vorbeugend gegen Panzererweichung ist eine ausreichende UV-Versorgung durch eine sehr gute Lampe wie z.B. die <strong>Bright Sun UV Desert<\/strong> sowie die Gabe von Kalzium mittels <strong>Sepiaschale<\/strong> oder (was bei kranken Tieren besonders zu empfehlen ist) <strong>Algenkalk<\/strong>:<\/p>\n<a href=\"https:\/\/www.xn--schildkrten-yfb.net\/produkt\/lucky-reptile-bright-sun-uv-desert-70-w-komplettset-metalldampflampe-inklusive-passende-fassung-und-vorschaltgeraet\/\" title=\"Lucky Reptile Bright Sun UV Desert\" class=\"btn btn-primary btn-normal btn-inline \" target=\"_blank\"><i class=\"icon-shopping-cart\"><\/i>Lucky Reptile Bright Sun UV Desert<\/a><!-- .btn -->\n<a href=\"https:\/\/xn--schildkrten-yfb.de\/products\/sepiaschale\" title=\"Sepiaschale kaufen\" class=\"btn btn-primary btn-normal btn-inline \" target=\"_blank\"><i class=\"icon-shopping-cart\"><\/i>Sepiaschale kaufen<\/a><!-- .btn -->\n<a href=\"https:\/\/xn--schildkrten-yfb.de\/products\/algenkalk-bio-schildkroeten\" title=\"Algenkalk kaufen\" class=\"btn btn-primary btn-normal btn-inline \" target=\"_blank\"><i class=\"icon-shopping-cart\"><\/i>Algenkalk kaufen<\/a><!-- .btn -->\n<div class=\"hr\"><\/div><!-- .hr (end) -->\n<p>Es gibt allerdings auch F\u00e4lle, in denen der UV- und Kalziumbedarf der Schildkr\u00f6te abgedeckt sind, es aber trotzdem zu Panzererweichung kommt. Diese pl\u00f6tzliche Panzererweichung bei Jungtieren endet in aller Regel t\u00f6dlich. Die Ursache daf\u00fcr ist leider nicht bekannt. Aber nicht nur ern\u00e4hrungsbedingte St\u00f6rungen im Kalzium\/Phosphor - Haushalt kommen als Ursache f\u00fcr einen weichen Panzer in Betracht. Auch St\u00f6rungen des Vitamin D - Stoffwechsels, bedingt durch Krankheiten von Leber, Niere, Darm, Schilddr\u00fcse und Nebenschilddr\u00fcse k\u00f6nnen zu einer Panzererweichung f\u00fchren.<\/p>\n<p>Im Zweifelsfall wie immer ab zum Schildkr\u00f6ten-Tierarzt:<\/p>\n<a href=\"https:\/\/www.xn--landschildkrte-6pb.de\/haltung\/schildkroeten-tierarzt\/\" title=\"Schildkr\u00f6ten-Tier\u00e4rzte anzeigen\" class=\"btn btn-primary btn-normal btn-inline \" target=\"_blank\"><i class=\"icon-arrow-right\"><\/i>Schildkr\u00f6ten-Tier\u00e4rzte anzeigen<\/a><!-- .btn -->\n<\/div>\n","protected":false},"excerpt":{"rendered":"","protected":false},"author":1,"featured_media":9991,"parent":0,"menu_order":0,"comment_status":"closed","ping_status":"closed","template":"","meta":{"_exactmetrics_skip_tracking":false,"_exactmetrics_sitenote_active":false,"_exactmetrics_sitenote_note":"","_exactmetrics_sitenote_category":0,"footnotes":""},"class_list":["post-3287","page","type-page","status-publish","has-post-thumbnail","hentry"],"aioseo_notices":[],"publishpress_future_action":{"enabled":false,"date":"2026-05-10 09:18:15","action":"change-status","newStatus":"draft","terms":[],"taxonomy":"","extraData":[]},"publishpress_future_workflow_manual_trigger":{"enabledWorkflows":[]},"_links":{"self":[{"href":"https:\/\/www.xn--landschildkrte-6pb.de\/haltung\/wp-json\/wp\/v2\/pages\/3287","targetHints":{"allow":["GET"]}}],"collection":[{"href":"https:\/\/www.xn--landschildkrte-6pb.de\/haltung\/wp-json\/wp\/v2\/pages"}],"about":[{"href":"https:\/\/www.xn--landschildkrte-6pb.de\/haltung\/wp-json\/wp\/v2\/types\/page"}],"author":[{"embeddable":true,"href":"https:\/\/www.xn--landschildkrte-6pb.de\/haltung\/wp-json\/wp\/v2\/users\/1"}],"replies":[{"embeddable":true,"href":"https:\/\/www.xn--landschildkrte-6pb.de\/haltung\/wp-json\/wp\/v2\/comments?post=3287"}],"version-history":[{"count":7,"href":"https:\/\/www.xn--landschildkrte-6pb.de\/haltung\/wp-json\/wp\/v2\/pages\/3287\/revisions"}],"predecessor-version":[{"id":15581,"href":"https:\/\/www.xn--landschildkrte-6pb.de\/haltung\/wp-json\/wp\/v2\/pages\/3287\/revisions\/15581"}],"wp:featuredmedia":[{"embeddable":true,"href":"https:\/\/www.xn--landschildkrte-6pb.de\/haltung\/wp-json\/wp\/v2\/media\/9991"}],"wp:attachment":[{"href":"https:\/\/www.xn--landschildkrte-6pb.de\/haltung\/wp-json\/wp\/v2\/media?parent=3287"}],"curies":[{"name":"wp","href":"https:\/\/api.w.org\/{rel}","templated":true}]}}