{"id":3309,"date":"2017-08-21T07:10:31","date_gmt":"2017-08-21T07:10:31","guid":{"rendered":"http:\/\/www.landschildkroeten.de\/haltung\/?page_id=3309"},"modified":"2022-02-25T09:06:06","modified_gmt":"2022-02-25T09:06:06","slug":"heizmatte-und-sommerruhe","status":"publish","type":"page","link":"https:\/\/www.xn--landschildkrte-6pb.de\/haltung\/heizmatte-und-sommerruhe\/","title":{"rendered":"Heizmatte und Sommerruhe?"},"content":{"rendered":"<div class=\"extra-wrap block_7\">\n<strong>Nico schrieb am 21. Juni:<\/strong><\/p>\n<p>Lieber Florian,<br \/>\nwir haben zwei fast einj\u00e4hrige Griechische Landschildkr\u00f6ten, die seit zwei Monaten im Freigehege mit Fr\u00fchbeetkasten, alles nach Anleitung des von Dir empfohlenen Buches (<a href=\"https:\/\/www.amazon.de\/exec\/obidos\/ASIN\/3980977420\/landschildksu-21\" target=\"_blank\" rel=\"noopener noreferrer\">W.Wegehaupt<\/a>) angelegt. Dort scheinen sie sich wohl zu f\u00fchlen, haben ausreichend gewachsenes Futter (Vogelmiere, Fetthenne, Hibiskus und nat\u00fcrlich L\u00f6wenzahn) im Freigehege, das mit einem Gitter gegen Feinde gesch\u00fctzt ist und S\u00fcdlage hat zur Verf\u00fcgung. Im angrenzenden <a href=\"https:\/\/www.xn--landschildkrte-6pb.de\/schildkroeten-fruehbeet-alltop\/\">Fr\u00fchbeetkasten<\/a>, der mit einem <a href=\"https:\/\/xn--schildkrten-yfb.de\/products\/automatischer-oeffner-schildkroeten-fruehbeete-rollenausfuehrung\" target=\"_blank\" rel=\"noopener\">automatischen \u00d6ffner<\/a> versehen ist, ist eine W\u00e4rmelampe, auch Futter, frisches Wasser, ein schattiges H\u00e4uschen, halbe Tont\u00f6pfe zum Unterschl\u00fcpfen, als Untergrund lockere unged\u00fcngte, t\u00e4glich leicht befeuchtete Gartenerde mit ein paar Kalksteinchen vermischt, eine <a href=\"https:\/\/www.xn--landschildkrte-6pb.de\/sepiaschale-sepiaschulp\/\">Sepiaschale<\/a>...alles nach Anleitung vorhanden. F\u00fcr sonnenarme Tage habe ich eine <a href=\"https:\/\/www.xn--landschildkrte-6pb.de\/beleuchtung\/beleuchtung-lucky-reptile-bright-sun-desert\/\">Bright Sun Leuchte<\/a> installiert. Auch wei\u00df ich, dass Babyschildkr\u00f6ten ein zur\u00fcckgezogenes Leben leben, sich gerne zum instinktiven Schutz verstecken und auch verbuddeln. Wenn die zwei wach sind, machen sie einen fidelen Eindruck, laufen friedlich einander hinterher, fressen das frisch gewachsene Futter, auch gerne getrockneten L\u00f6wenzahn, gehen an die Sepiaschale, sehen gesund aus, laufen normal, baden allerdings nicht freiwillig, was ich darauf zur\u00fcckf\u00fchre, dass sie durch das Einbuddeln in der nat\u00fcrlich feuchten Erde und das Verstecken unter den feuchten Futterpflanzen vielleicht ausreichend Feuchtigkeit haben?!<br \/>\nNun zu dem Problem: Es regnet seit Tagen. Die eine hatte sich sp\u00e4tnachmittags vor drei Tagen im Fr\u00fchbeetkasten eingegraben, die andere trotz mehrmaligen \"Umlenkens\" in den Kasten, dann schlie\u00dflich doch im Freigehege, welches ich daher mit einer durchsichtigen Plane gegen den Regen gesch\u00fctzt zu 2\/3 abgedeckt habe. Beide, also die im gesch\u00fctzten Freigehege (Temperatur wie Wetter, also hohe Luftfeuchte und ca. 15 Grad C.), als auch die im Fr\u00fchbeetkasten, der ja etwas w\u00e4rmer ist, da dort die W\u00e4rmelampe l\u00e4uft und 1 Std. am Tag die Bright Sun (Umgebungstemperatur ca. 21 Grad C.) buddeln sich nicht aus, was mir Sorgen bereitet. Ich wei\u00df, dass es in Griechenland im Sommer nicht so ein Wetter ist, aber w\u00e4rmer als im Fr\u00fchbeetkasten kann ich es ja gar nicht bekommen (oder ich w\u00fcrde noch eine Heizmatte seitlich installieren k\u00f6nnen). Warum buddeln sie sich nicht aus. Muss ich sie ausbuddeln und unter die W\u00e4rmelampe setzen, oder stresse ich sie damit unn\u00f6tig? Das hatten sie vor Tagen schon einmal, da hatte ich sie ausgebuddelt und darunter gesetzt, dann machten sie auch einen gesunden Eindruck, aber das ist ja nicht nat\u00fcrlich...Durch die entstehende W\u00e4rme im Kasten m\u00fcsste sich doch zumindest die eine morgens oder mittags ausgraben...Was l\u00e4uft denn wohl nicht richtig, was mache ich falsch, was kann ich verbessern. Ohne Deinen Rat m\u00f6chte ich sie nicht ausbuddeln und sie ggf. stressen, falls ihr Verhalten ja normal ist?! In meinen guten B\u00fcchern finde ich keine Anhaltspunkte f\u00fcr eine Sommerruhe oder ein derartiges Verhalten, au\u00dfer, dass Babys halt ein zur\u00fcckgezogenes Leben f\u00fchren. Aber ist das lediglich zur\u00fcckgezogen, oder ist etwas nicht in Ordnung? Ich bedanke mich herzlich f\u00fcr eine Antwort und f\u00fcr Dein Engagement! Vielen Dank! Nico<\/p>\n<p><em>---Antwort---<br \/>\nHallo Nico,<br \/>\ndu machst ja schon alles schon total richtig. Noch eine <a href=\"https:\/\/xn--schildkrten-yfb.de\/products\/heizmatte\" target=\"_blank\" rel=\"noopener\">Heizmatte<\/a> etc. ist nicht notwendig und die W\u00e4rme ist ausreichend. Eine Sommerruhe gibt es nur bei <a href=\"https:\/\/www.xn--landschildkrte-6pb.de\/vierzehenschildkroete-testudo-horsfieldii\/\">Testudo horsfieldii<\/a>, das ist es also nicht. Das Verhalten der beiden ist ganz normal und erfordert normalerweise kein Ausgraben. Aber: Dass du sie alle 3-4 Tage mal ausgr\u00e4bst, um ihnen zu zeigen dass die Temperaturen doch eigentlich ganz ok sind, stresst die beiden nicht zu sehr. Und kann ich auch nachvollziehen... man m\u00f6chte ja sehen, dass sie noch da sind \ud83d\ude42<\/em><\/p>\n<p><em>Gru\u00df<br \/>\nFlorian<\/em><br \/>\n<\/div>\n","protected":false},"excerpt":{"rendered":"","protected":false},"author":1,"featured_media":0,"parent":0,"menu_order":0,"comment_status":"closed","ping_status":"closed","template":"","meta":{"_exactmetrics_skip_tracking":false,"_exactmetrics_sitenote_active":false,"_exactmetrics_sitenote_note":"","_exactmetrics_sitenote_category":0,"footnotes":""},"class_list":["post-3309","page","type-page","status-publish","hentry"],"aioseo_notices":[],"publishpress_future_action":{"enabled":false,"date":"2026-04-29 14:45:05","action":"change-status","newStatus":"draft","terms":[],"taxonomy":"","extraData":[]},"publishpress_future_workflow_manual_trigger":{"enabledWorkflows":[]},"_links":{"self":[{"href":"https:\/\/www.xn--landschildkrte-6pb.de\/haltung\/wp-json\/wp\/v2\/pages\/3309","targetHints":{"allow":["GET"]}}],"collection":[{"href":"https:\/\/www.xn--landschildkrte-6pb.de\/haltung\/wp-json\/wp\/v2\/pages"}],"about":[{"href":"https:\/\/www.xn--landschildkrte-6pb.de\/haltung\/wp-json\/wp\/v2\/types\/page"}],"author":[{"embeddable":true,"href":"https:\/\/www.xn--landschildkrte-6pb.de\/haltung\/wp-json\/wp\/v2\/users\/1"}],"replies":[{"embeddable":true,"href":"https:\/\/www.xn--landschildkrte-6pb.de\/haltung\/wp-json\/wp\/v2\/comments?post=3309"}],"version-history":[{"count":8,"href":"https:\/\/www.xn--landschildkrte-6pb.de\/haltung\/wp-json\/wp\/v2\/pages\/3309\/revisions"}],"predecessor-version":[{"id":15655,"href":"https:\/\/www.xn--landschildkrte-6pb.de\/haltung\/wp-json\/wp\/v2\/pages\/3309\/revisions\/15655"}],"wp:attachment":[{"href":"https:\/\/www.xn--landschildkrte-6pb.de\/haltung\/wp-json\/wp\/v2\/media?parent=3309"}],"curies":[{"name":"wp","href":"https:\/\/api.w.org\/{rel}","templated":true}]}}