{"id":3311,"date":"2017-08-21T07:12:28","date_gmt":"2017-08-21T07:12:28","guid":{"rendered":"http:\/\/www.landschildkroeten.de\/haltung\/?page_id=3311"},"modified":"2023-04-11T12:31:27","modified_gmt":"2023-04-11T12:31:27","slug":"rindenmulch-und-sand","status":"publish","type":"page","link":"https:\/\/www.xn--landschildkrte-6pb.de\/haltung\/rindenmulch-und-sand\/","title":{"rendered":"Rindenmulch und Sand"},"content":{"rendered":"<div class=\"extra-wrap block_7\">\n<strong>Marla H. schrieb am 21. Dezember:<\/strong><br \/>\nHallo Florian,<br \/>\nich habe 5 Griechische THB Landschildkr\u00f6ten. 07'er und 09'er. Im Terrarium habe ich als Untergrund roten Sand und Rindenmulch. Nun habe ich bemerkt, dass in dem Sand kleine Tierchen rumlaufen, sie sind silber.H\u00fcpfen k\u00f6nnen sie auch. Und wenn man in der Erde rumbuddelt, sind auch an manchen Stellen kleine Eier. K\u00f6nnten es Sandfl\u00f6he sein? Und was kann man dagegen tuen? Au\u00dferdem habe ich nachgelesen, das der Untergrund den ich habe nicht gut f\u00fcr Schildkr\u00f6ten sein soll. Was ist denn die beste M\u00f6glichkeit? Danke schon im vorraus,<br \/>\nLG Marla H.<\/p>\n<p><em>---Antwort---<br \/>\n<\/em>Hallo Marla,<\/p>\n<p>eigentlich m\u00fcssten die Tiere sich aktuell in der Winterstarre befinden. Warum bei dir nicht?<\/p>\n<a href=\"https:\/\/www.xn--landschildkrte-6pb.de\/winterstarre\/winterruhe-hibernation-griechische-landschildkroeten\/\" title=\"Mehr zur Winterstarre\" class=\"btn btn-primary btn-normal btn-inline \" target=\"_blank\"><i class=\"icon-arrow-right\"><\/i>Mehr zur Winterstarre<\/a><!-- .btn --><div class=\"hr\"><\/div><!-- .hr (end) -->\n<p>Sand und Rindenmulch geh\u00f6ren beides nicht in ein Schildkr\u00f6tenterrarium. Beides verursacht lebensgef\u00e4hrliche Verstopfung. Lockere Gartenerde, Rindenhumus (nicht Mulch!) oder das folgende Schildkr\u00f6ten-Substrat von Linsor oder Floragard ist am besten:<\/p>\n<a href=\"https:\/\/xn--schildkrten-yfb.de\/products\/linsor-schildkroetenerde-schildkroetensubstrat\" title=\"Schildkr\u00f6tensubstrat\" class=\"btn btn-primary btn-normal btn-inline \" target=\"_blank\"><i class=\"icon-shopping-cart\"><\/i>Schildkr\u00f6tensubstrat<\/a><!-- .btn --><div class=\"hr\"><\/div><!-- .hr (end) -->\n<p>Ich habe das Gef\u00fchl, dass bei dir noch weiterer Kl\u00e4rungsbedarf besteht, weshalb ich dir ein gutes Buch empfehlen w\u00fcrde:<\/p>\n<a href=\"https:\/\/www.xn--landschildkrte-6pb.de\/schildkroetenshop\/buecher\/\" title=\"Gute Schildkr\u00f6tenb\u00fccher\" class=\"btn btn-primary btn-normal btn-inline \" target=\"_blank\"><i class=\"icon-arrow-right\"><\/i>Gute Schildkr\u00f6tenb\u00fccher<\/a><!-- .btn -->\n<p>Gru\u00df<br \/>\nFlorian<br \/>\n<\/div>\n","protected":false},"excerpt":{"rendered":"","protected":false},"author":1,"featured_media":0,"parent":0,"menu_order":0,"comment_status":"closed","ping_status":"closed","template":"","meta":{"_exactmetrics_skip_tracking":false,"_exactmetrics_sitenote_active":false,"_exactmetrics_sitenote_note":"","_exactmetrics_sitenote_category":0,"footnotes":""},"class_list":["post-3311","page","type-page","status-publish","hentry"],"aioseo_notices":[],"publishpress_future_action":{"enabled":false,"date":"2026-05-01 11:07:23","action":"change-status","newStatus":"draft","terms":[],"taxonomy":"","extraData":[]},"publishpress_future_workflow_manual_trigger":{"enabledWorkflows":[]},"_links":{"self":[{"href":"https:\/\/www.xn--landschildkrte-6pb.de\/haltung\/wp-json\/wp\/v2\/pages\/3311","targetHints":{"allow":["GET"]}}],"collection":[{"href":"https:\/\/www.xn--landschildkrte-6pb.de\/haltung\/wp-json\/wp\/v2\/pages"}],"about":[{"href":"https:\/\/www.xn--landschildkrte-6pb.de\/haltung\/wp-json\/wp\/v2\/types\/page"}],"author":[{"embeddable":true,"href":"https:\/\/www.xn--landschildkrte-6pb.de\/haltung\/wp-json\/wp\/v2\/users\/1"}],"replies":[{"embeddable":true,"href":"https:\/\/www.xn--landschildkrte-6pb.de\/haltung\/wp-json\/wp\/v2\/comments?post=3311"}],"version-history":[{"count":5,"href":"https:\/\/www.xn--landschildkrte-6pb.de\/haltung\/wp-json\/wp\/v2\/pages\/3311\/revisions"}],"predecessor-version":[{"id":20217,"href":"https:\/\/www.xn--landschildkrte-6pb.de\/haltung\/wp-json\/wp\/v2\/pages\/3311\/revisions\/20217"}],"wp:attachment":[{"href":"https:\/\/www.xn--landschildkrte-6pb.de\/haltung\/wp-json\/wp\/v2\/media?parent=3311"}],"curies":[{"name":"wp","href":"https:\/\/api.w.org\/{rel}","templated":true}]}}