{"id":3313,"date":"2017-08-21T07:14:51","date_gmt":"2017-08-21T07:14:51","guid":{"rendered":"http:\/\/www.landschildkroeten.de\/haltung\/?page_id=3313"},"modified":"2020-09-03T07:41:00","modified_gmt":"2020-09-03T07:41:00","slug":"grosse-beisst-kleinere-schildkroete","status":"publish","type":"page","link":"https:\/\/www.xn--landschildkrte-6pb.de\/haltung\/grosse-beisst-kleinere-schildkroete\/","title":{"rendered":"Gro\u00dfe bei\u00dft kleinere Schildkr\u00f6te"},"content":{"rendered":"<div class=\"extra-wrap block_7\">\n<strong>Sarah schreibt:<\/strong><br \/>\nHAlloo ich habe ein riie\u00dfen problem ..<\/p>\n<p>seit kurtzem habe ich mir eine zweite landschildkr\u00f6te zugelegt .. diese ist noch kein jahr alt und grade mal so gro\u00df wie ein Teelicht \ud83d\ude00<br \/>\nMeine andere schildkr\u00f6te ist dagegen schon ein jahr und so gro\u00df wie eine handfl\u00e4che .<br \/>\nSo und jetzt dass Problem genau gesagt habe ich mehrere probleme<br \/>\n1. meine gro\u00dfe schildi bei\u00dft immer die kleine\u2026was kann ich da unternehmen(dass sie sich vertragen)???<br \/>\n(jetzt haben wir eine trennwand rein gemacht)<br \/>\n2. ich habe dass gef\u00fchl meine gro\u00dfe schildi ist so dick sie ist viel zu gro\u00df f\u00fcr ihr alter und ihr panzer w\u00f6lbt sich regelrecht WAs soll ich jetzt machen??????(UV licht ist vorhanden)<br \/>\n3. habe ich eine frage ab wann d\u00fcrfen schildkr\u00f6ten winterschlaf machen ??<br \/>\n4. was gebe ich meinen schildis im winter ????<\/p>\n<p>DANKEe \u2026ich freue mich auf die antwort und hoffe dass du mir weiter helfen kannst =)<\/p>\n<p>Lg sarah<\/p>\n<p><em>---Antwort---<br \/>\nHallo Sarah,<br \/>\n1) Bitte unbedingt trennen. Auch im Freigehege in das sie im Sommer hoffentlich d\u00fcrfen.<br \/>\n2) Artgerechte Ern\u00e4hrung &amp; eine anst\u00e4ndige Beleuchtung:<br \/>\n<a href=\"https:\/\/www.xn--landschildkrte-6pb.de\/ernaehrung\/was-fressen-schildkroeten-ernaehrung-von-landschildkroeten\/\" title=\"Mehr zur Ern\u00e4hrung\" class=\"btn btn-primary btn-normal btn-inline \" target=\"_blank\"><i class=\"icon-arrow-right\"><\/i>Mehr zur Ern\u00e4hrung<\/a><!-- .btn --> <\/em><em><a href=\"https:\/\/www.xn--schildkrten-yfb.net\/produkt\/lucky-reptile-bright-sun-uv-desert-70-w-komplettset-metalldampflampe-inklusive-passende-fassung-und-vorschaltgeraet\/\" title=\"Optimale Lampe im Terrarium\" class=\"btn btn-primary btn-normal btn-inline \" target=\"_blank\"><i class=\"icon-shopping-cart\"><\/i>Optimale Lampe im Terrarium<\/a><!-- .btn --><div class=\"hr\"><\/div><!-- .hr (end) -->\n3) Im Winter und zwar ab dem ersten Jahr (in der Natur sammelt sie ja auch keiner ein ;-))<br \/>\n4) Da sollten sie eigentlich starren. Unter <a href=\"https:\/\/www.xn--landschildkrte-6pb.de\/ernaehrung\/was-fressen-schildkroeten-ernaehrung-von-landschildkroeten\/\">Ern\u00e4hrung<\/a> steht aber auch etwas f\u00fcr den Winter.<\/em><\/p>\n<p>Und zu guter Letzt: Bitte kaufe dir ein <strong>gutes<\/strong> Schildkr\u00f6tenbuch. Deine Fragen zeigen deutlich, dass du gro\u00dfe Wissensl\u00fccken hast, die schnell geschlossen werden m\u00fcssen:<\/p>\n<a href=\"https:\/\/www.xn--landschildkrte-6pb.de\/schildkroetenshop\/buecher\/\" title=\"Gute Schildkr\u00f6tenb\u00fccher\" class=\"btn btn-primary btn-normal btn-inline \" target=\"_blank\"><i class=\"icon-arrow-right\"><\/i>Gute Schildkr\u00f6tenb\u00fccher<\/a><!-- .btn -->\n<p><em>Gru\u00df<br \/>\nFlorian<\/em><br \/>\n<\/div>\n","protected":false},"excerpt":{"rendered":"","protected":false},"author":1,"featured_media":0,"parent":0,"menu_order":0,"comment_status":"closed","ping_status":"closed","template":"","meta":{"_exactmetrics_skip_tracking":false,"_exactmetrics_sitenote_active":false,"_exactmetrics_sitenote_note":"","_exactmetrics_sitenote_category":0,"footnotes":""},"class_list":["post-3313","page","type-page","status-publish","hentry"],"aioseo_notices":[],"publishpress_future_action":{"enabled":false,"date":"2026-04-29 13:08:22","action":"change-status","newStatus":"draft","terms":[],"taxonomy":"","extraData":[]},"publishpress_future_workflow_manual_trigger":{"enabledWorkflows":[]},"_links":{"self":[{"href":"https:\/\/www.xn--landschildkrte-6pb.de\/haltung\/wp-json\/wp\/v2\/pages\/3313","targetHints":{"allow":["GET"]}}],"collection":[{"href":"https:\/\/www.xn--landschildkrte-6pb.de\/haltung\/wp-json\/wp\/v2\/pages"}],"about":[{"href":"https:\/\/www.xn--landschildkrte-6pb.de\/haltung\/wp-json\/wp\/v2\/types\/page"}],"author":[{"embeddable":true,"href":"https:\/\/www.xn--landschildkrte-6pb.de\/haltung\/wp-json\/wp\/v2\/users\/1"}],"replies":[{"embeddable":true,"href":"https:\/\/www.xn--landschildkrte-6pb.de\/haltung\/wp-json\/wp\/v2\/comments?post=3313"}],"version-history":[{"count":6,"href":"https:\/\/www.xn--landschildkrte-6pb.de\/haltung\/wp-json\/wp\/v2\/pages\/3313\/revisions"}],"predecessor-version":[{"id":10098,"href":"https:\/\/www.xn--landschildkrte-6pb.de\/haltung\/wp-json\/wp\/v2\/pages\/3313\/revisions\/10098"}],"wp:attachment":[{"href":"https:\/\/www.xn--landschildkrte-6pb.de\/haltung\/wp-json\/wp\/v2\/media?parent=3313"}],"curies":[{"name":"wp","href":"https:\/\/api.w.org\/{rel}","templated":true}]}}