{"id":3317,"date":"2017-08-21T07:18:11","date_gmt":"2017-08-21T07:18:11","guid":{"rendered":"http:\/\/www.landschildkroeten.de\/haltung\/?page_id=3317"},"modified":"2017-08-21T07:18:11","modified_gmt":"2017-08-21T07:18:11","slug":"reine-maennergruppe-mit-griechischen-landschildkroeten","status":"publish","type":"page","link":"https:\/\/www.xn--landschildkrte-6pb.de\/haltung\/reine-maennergruppe-mit-griechischen-landschildkroeten\/","title":{"rendered":"Reine M\u00e4nnergruppe mit Griechischen Landschildkr\u00f6ten?"},"content":{"rendered":"<p>Hallo ich plane eine reine M\u00e4nnergruppe mit Griechischen Landschildkr\u00f6ten, w\u00e4re dies alternativ bei den Maurischen auch m\u00f6glich? Gru\u00df Daniel Schmenger<\/p>\n<p><em>---Antwort---<br \/>\nHallo,<br \/>\nnein, das kann bei beiden Arten schief gehen.<br \/>\nMeiner Erfahrung nach ist eine M\u00e4nnergruppe nicht m\u00f6glich und wird fr\u00fcher oder sp\u00e4ter zu unterdr\u00fcckten, toten Schildkr\u00f6ten f\u00fchren (die permanente Anwesenheit eines dominanten M\u00e4nnchens kann da schon ausreichen, d.h. es muss keine sichtbaren Verletzungen geben!).<\/p>\n<p>M\u00f6glich ist: 1 M\u00e4nnchen + 2-4 Weibchen.<br \/>\nM\u00f6glich ist: Eine reine Weibchengruppe.<br \/>\nM\u00f6glich ist: Einzelhaltung.<br \/>\n<strong>Nicht<\/strong> m\u00f6glich: 1 M\u00e4nnchen + 1 Weibchen.<br \/>\n<strong>Nicht<\/strong> m\u00f6glich: Eine reine M\u00e4nnchengruppe.<\/p>\n<p>Aus diesem Grund sucht die Auffangstation Pl\u00e4tze in Einzelhaltung.<\/p>\n<p>Gru\u00df<br \/>\nFlorian<\/em><\/p>\n","protected":false},"excerpt":{"rendered":"<p>Hallo ich plane eine reine M\u00e4nnergruppe mit Griechischen Landschildkr\u00f6ten, w\u00e4re dies alternativ bei den Maurischen auch m\u00f6glich? Gru\u00df Daniel Schmenger ---Antwort--- Hallo, nein, das kann bei beiden Arten schief gehen. Meiner Erfahrung nach ist eine M\u00e4nnergruppe nicht m\u00f6glich und wird fr\u00fcher oder sp\u00e4ter zu unterdr\u00fcckten, toten Schildkr\u00f6ten f\u00fchren (die permanente Anwesenheit eines dominanten M\u00e4nnchens kann da schon ausreichen, d.h. es&nbsp;<a href=\"https:\/\/www.xn--landschildkrte-6pb.de\/haltung\/reine-maennergruppe-mit-griechischen-landschildkroeten\/\" class=\"read-more\">Weiter lesen<\/a><\/p>\n","protected":false},"author":1,"featured_media":0,"parent":0,"menu_order":0,"comment_status":"closed","ping_status":"closed","template":"","meta":{"_exactmetrics_skip_tracking":false,"_exactmetrics_sitenote_active":false,"_exactmetrics_sitenote_note":"","_exactmetrics_sitenote_category":0,"footnotes":""},"class_list":["post-3317","page","type-page","status-publish","hentry"],"aioseo_notices":[],"publishpress_future_action":{"enabled":false,"date":"2026-05-16 14:14:34","action":"change-status","newStatus":"draft","terms":[],"taxonomy":"","extraData":[]},"publishpress_future_workflow_manual_trigger":{"enabledWorkflows":[]},"_links":{"self":[{"href":"https:\/\/www.xn--landschildkrte-6pb.de\/haltung\/wp-json\/wp\/v2\/pages\/3317","targetHints":{"allow":["GET"]}}],"collection":[{"href":"https:\/\/www.xn--landschildkrte-6pb.de\/haltung\/wp-json\/wp\/v2\/pages"}],"about":[{"href":"https:\/\/www.xn--landschildkrte-6pb.de\/haltung\/wp-json\/wp\/v2\/types\/page"}],"author":[{"embeddable":true,"href":"https:\/\/www.xn--landschildkrte-6pb.de\/haltung\/wp-json\/wp\/v2\/users\/1"}],"replies":[{"embeddable":true,"href":"https:\/\/www.xn--landschildkrte-6pb.de\/haltung\/wp-json\/wp\/v2\/comments?post=3317"}],"version-history":[{"count":1,"href":"https:\/\/www.xn--landschildkrte-6pb.de\/haltung\/wp-json\/wp\/v2\/pages\/3317\/revisions"}],"predecessor-version":[{"id":3318,"href":"https:\/\/www.xn--landschildkrte-6pb.de\/haltung\/wp-json\/wp\/v2\/pages\/3317\/revisions\/3318"}],"wp:attachment":[{"href":"https:\/\/www.xn--landschildkrte-6pb.de\/haltung\/wp-json\/wp\/v2\/media?parent=3317"}],"curies":[{"name":"wp","href":"https:\/\/api.w.org\/{rel}","templated":true}]}}