{"id":3320,"date":"2017-08-21T07:21:01","date_gmt":"2017-08-21T07:21:01","guid":{"rendered":"http:\/\/www.landschildkroeten.de\/haltung\/?page_id=3320"},"modified":"2017-10-20T07:22:14","modified_gmt":"2017-10-20T07:22:14","slug":"schildkroete-als-einschulungsgeschenk","status":"publish","type":"page","link":"https:\/\/www.xn--landschildkrte-6pb.de\/haltung\/schildkroete-als-einschulungsgeschenk\/","title":{"rendered":"Schildkr\u00f6te als Einschulungsgeschenk"},"content":{"rendered":"<p>Haben Sie vielleicht ein Tipp wo man eine griechische Landschildkr\u00f6te in der Umgebung von Weilburg ( Hessen \/ Kreis:Limburg- Weilburg) kaufen kann.<br \/>\nWie viel sollte man h\u00f6chsten f\u00fcr ein Jungtier von 2 Jahren ausgeben?<br \/>\nIst es schlimm das Tier auf gem\u00e4htem Grundst\u00fcck frei laufen zu lassen?<\/p>\n<p>Bitte um schnelle Antwort, soll ein Einschulungsgeschenk werden.<br \/>\nvielen Dank,<br \/>\n             DERkleineZWERG<\/p>\n<p><em>---Antwort---<br \/>\nHallo,<br \/>\nschlimm ist es nur, wenn die Schildkr\u00f6te kein eigenes <a href=\"https:\/\/www.xn--landschildkrte-6pb.de\/haltung\/gehege\/freigehege-gehege-fuer-landschildkroeten\/\">Freigehege<\/a> mit Fr\u00fchbeet hat. Und darin wird die Wiese nicht gem\u00e4ht. <\/p>\n<p>Beim letzten Satz bekomme ich Magenschmerzen - eine Schildkr\u00f6te einfach so zu zu einer Einschulung zu verschenken halte ich f\u00fcr sehr verantwortungslos. Es handelt sich hierbei um Tiere, die gut und gerne 100 Jahre erreichen k\u00f6nnen und nicht um einen Hamster.<\/p>\n<p>Bitte nicht vorschnell ein Tier anschaffen, ohne die Bed\u00fcrfnisse genau zu kennen! Auf dieser Seite steht doch wirklich alles, was man beachten sollte. Besorgen Sie sich bitte erstmal ein <a href=\"https:\/\/www.xn--landschildkrte-6pb.de\/haltung\/schildkroetenshop\/buecher\/\">gutes Buch<\/a> (dem Kind evtl zus\u00e4tzlich ein kindgerechtes Schildkr\u00f6tenbuch) mit der Option dass eine Schildkr\u00f6te folgen kann wenn alle Voraussetzungen geschaffen wurden...damit zumindest mal die Eltern ausreichend informiert sind.<\/p>\n<p>Gru\u00df<br \/>\nFlorian<\/em><\/p>\n","protected":false},"excerpt":{"rendered":"<p>Haben Sie vielleicht ein Tipp wo man eine griechische Landschildkr\u00f6te in der Umgebung von Weilburg ( Hessen \/ Kreis:Limburg- Weilburg) kaufen kann. Wie viel sollte man h\u00f6chsten f\u00fcr ein Jungtier von 2 Jahren ausgeben? Ist es schlimm das Tier auf gem\u00e4htem Grundst\u00fcck frei laufen zu lassen? Bitte um schnelle Antwort, soll ein Einschulungsgeschenk werden. vielen Dank, DERkleineZWERG ---Antwort--- Hallo, schlimm&nbsp;<a href=\"https:\/\/www.xn--landschildkrte-6pb.de\/haltung\/schildkroete-als-einschulungsgeschenk\/\" class=\"read-more\">Weiter lesen<\/a><\/p>\n","protected":false},"author":1,"featured_media":0,"parent":0,"menu_order":0,"comment_status":"closed","ping_status":"closed","template":"","meta":{"_exactmetrics_skip_tracking":false,"_exactmetrics_sitenote_active":false,"_exactmetrics_sitenote_note":"","_exactmetrics_sitenote_category":0,"footnotes":""},"class_list":["post-3320","page","type-page","status-publish","hentry"],"aioseo_notices":[],"publishpress_future_action":{"enabled":false,"date":"2026-05-01 08:05:32","action":"change-status","newStatus":"draft","terms":[],"taxonomy":"","extraData":[]},"publishpress_future_workflow_manual_trigger":{"enabledWorkflows":[]},"_links":{"self":[{"href":"https:\/\/www.xn--landschildkrte-6pb.de\/haltung\/wp-json\/wp\/v2\/pages\/3320","targetHints":{"allow":["GET"]}}],"collection":[{"href":"https:\/\/www.xn--landschildkrte-6pb.de\/haltung\/wp-json\/wp\/v2\/pages"}],"about":[{"href":"https:\/\/www.xn--landschildkrte-6pb.de\/haltung\/wp-json\/wp\/v2\/types\/page"}],"author":[{"embeddable":true,"href":"https:\/\/www.xn--landschildkrte-6pb.de\/haltung\/wp-json\/wp\/v2\/users\/1"}],"replies":[{"embeddable":true,"href":"https:\/\/www.xn--landschildkrte-6pb.de\/haltung\/wp-json\/wp\/v2\/comments?post=3320"}],"version-history":[{"count":2,"href":"https:\/\/www.xn--landschildkrte-6pb.de\/haltung\/wp-json\/wp\/v2\/pages\/3320\/revisions"}],"predecessor-version":[{"id":4251,"href":"https:\/\/www.xn--landschildkrte-6pb.de\/haltung\/wp-json\/wp\/v2\/pages\/3320\/revisions\/4251"}],"wp:attachment":[{"href":"https:\/\/www.xn--landschildkrte-6pb.de\/haltung\/wp-json\/wp\/v2\/media?parent=3320"}],"curies":[{"name":"wp","href":"https:\/\/api.w.org\/{rel}","templated":true}]}}