{"id":3322,"date":"2017-08-21T07:24:23","date_gmt":"2017-08-21T07:24:23","guid":{"rendered":"http:\/\/www.landschildkroeten.de\/haltung\/?page_id=3322"},"modified":"2023-04-11T12:32:40","modified_gmt":"2023-04-11T12:32:40","slug":"frage-zur-ueberwinterung-ueberwinterungskiste","status":"publish","type":"page","link":"https:\/\/www.xn--landschildkrte-6pb.de\/haltung\/frage-zur-ueberwinterung-ueberwinterungskiste\/","title":{"rendered":"Frage zur \u00dcberwinterung \/ \u00dcberwinterungskiste"},"content":{"rendered":"<div class=\"extra-wrap block_7\">\nhallo florian, du hast eine wirklich gute seite.<br \/>\nich bin zwar nun in einigen dingen verunsichert, aber daf\u00fcr habe ich jetzt die m\u00f6glichkeit zu fragen.<\/p>\n<p>meine 2 griechischen schildkr\u00f6ten sind ca.1 1\/2 jahre alt. beim einwintern habe ich anscheind etwas falsch gemacht. die temperatur habe ich in 3 wochen nur einwenig abgesenkt (so wie es im beheizten wohnraum m\u00f6glich ist) dann habe ich sie gebadet bis sie sich entleerten und danach gleich in die \u00fcberwinterungskiste in den keller gebracht. die kiste ist mit feuchten bl\u00e4hton, walderde und buchenlaub gef\u00fcllt. meine kleine dicke (114 g) hat sich gleich verkrochen und schl\u00e4ft seit 23 dez. bei einer temperatur von ca.2\u00b0-7\u00b0. meine zarte (91 g) wurde nach 14 tagen munter. kurz war die temperatur auf 9\u00b0 angestiegen. ich holte sie ins terrarium und gab ihr wasser zu trinken und babyfutter zu fressen. nach anraten einer bekannten brachte ich meine zarte wieder in die witerkiste. sie schlief wieder 14 tage und schaute mich danach bei +8\u00b0 ganz munter an. das selbe wiederholten wir noch einmal. jetzt hat sie gewonnen und darf aufbleiben und kann sich jetzt \u00fcber die alleinherrschaft im terrarium freuen.<br \/>\n1) meine frage jetzt zur f\u00fctterung: da sie gr\u00fcnfutter gewohnt war (freilandhaltung bis anfang oktober, ja ich habs gelesen und weis, dass sie zu fr\u00fch ins haus mussten) mag sie diese getrokneten bio-gr\u00fcnfutter-pellets nicht. wie lang wird es dauern bis sie das mag? und muss es sein, dass sie die pellets frisst? ich habs auch schon mit salat vermischt probiert aber es wird nichts und weil noch schnee liegt finde ich im garten auch nichts.<br \/>\n2) wir bauen gerade ein gr\u00f6\u00dferes terrarium, obwohl ich nicht mehr weis warum, da die schildkr\u00f6ten doch vom winterschlaf in den garten kommen und vom garten weg in den winterschlaf gehen sollen???? oder habe ich etwas falsch verstanden. zum einstreuen habe ich terrabark pinienrinde 0 -5 mm gekauft, ist das rindenhummus? bio erde h\u00f6rt sich gut an, habe ich aber noch nie gesehen da erde immer nur f\u00fcr blumen mit spezieller d\u00fcngung oder so angeboten wird.<br \/>\n3; soll ich warten bis meine kleine dicke von alleine munter wird?<br \/>\nich hoffe, dass ich im weiteren nicht zu viel falsch mache da ich nat\u00fcrlich nur das beste f\u00fcr meien beiden will.<br \/>\ndanke im voraus f\u00fcr deine antwort<br \/>\nlg gabi<\/p>\n<p><em>---Antwort---<br \/>\nHallo Gabi,<br \/>\ndanke, gern beantworte ich deine Fragen.<\/em><\/p>\n<p>Zuerst m\u00f6chte ich anmerken, dass man das aus der Winterstarre holen, f\u00fcttern und dann wieder zur\u00fccksetzen auf keinen Fall machen soll. Wenn die \u00dcberwinterung vorbei ist, ist sie vorbei. Dann muss beleuchtet und gef\u00fcttert werden, aber nicht wieder zur\u00fcck ins Kalte.<\/p>\n<p>Zu 1) wenn du die Pellets (<a href=\"https:\/\/www.xn--landschildkrte-6pb.de\/haltung\/agrobs\/\">Agrobs<\/a>?) anfeuchtest und mit geschnittenem Gr\u00fcnfutter zusammen anbietest, sollte sie es irgendwann auch ohne Zus\u00e4tze fressen. Meine Kleinen fressen es alle ohne Probleme und ohne hungern zu m\u00fcssen.<br \/>\n<a href=\"https:\/\/xn--schildkrten-yfb.de\/products\/agrobs-testudo-original-500\" title=\"Bestellung von Agrobs\" class=\"btn btn-primary btn-normal btn-inline \" target=\"_blank\"><i class=\"icon-shopping-cart\"><\/i>Bestellung von Agrobs<\/a><!-- .btn --><div class=\"hr\"><\/div><!-- .hr (end) -->\nZu 2) mit etwas technischer Ausstattung im Fr\u00fchbeet ist eine Haltung ohne \u00dcbergangsterrarium auf jeden Fall m\u00f6glich. Nein, die Pinienrinde ist kein Humus. Am besten ist Maulwurfserde, z.B. mit <a href=\"https:\/\/xn--schildkrten-yfb.de\/products\/linsor-schildkroetenerde-schildkroetensubstrat\" target=\"_blank\" rel=\"noopener\">Linsor Schildkr\u00f6ten-Substrat<\/a> oder\u00a0 <a href=\"https:\/\/xn--schildkrten-yfb.de\/products\/floragard-schildkroeten-substrat\" target=\"_blank\" rel=\"noopener noreferrer\">Floragard Schildkr\u00f6tenerde<\/a> vermischt. Von Pinienrinde halte ich nicht so viel.<br \/>\n<a href=\"https:\/\/xn--schildkrten-yfb.de\/products\/linsor-schildkroetenerde-schildkroetensubstrat\" title=\"Bestellung Schildkr\u00f6tenerde\" class=\"btn btn-primary btn-normal btn-inline \" target=\"_blank\"><i class=\"icon-shopping-cart\"><\/i>Bestellung Schildkr\u00f6tenerde<\/a><!-- .btn --><div class=\"hr\"><\/div><!-- .hr (end) -->\nZu 3) Nach 3-4 Monaten kannst du die Temperatur der anderen langsam erh\u00f6hen und sie dann im Terrarium aufw\u00e4rmen und die Beleuchtungsdauer steigern.<br \/>\n<a href=\"https:\/\/www.xn--schildkrten-yfb.net\/produkt\/lucky-reptile-bright-sun-uv-desert-70-w-komplettset-metalldampflampe-inklusive-passende-fassung-und-vorschaltgeraet\/\" title=\"Ideale Beleuchtung f\u00fcr Landschildkr\u00f6ten\" class=\"btn btn-primary btn-normal btn-inline \" target=\"_blank\"><i class=\"icon-shopping-cart\"><\/i>Ideale Beleuchtung f\u00fcr Landschildkr\u00f6ten<\/a><!-- .btn --><div class=\"hr\"><\/div><!-- .hr (end) -->\n<p>Du musst dir bewusst machen, dass die Schildkr\u00f6ten nicht \"schlafen\", sondern alleine von der Temperatur gesteuert werden. D.h. du allein bestimmst wann die Winterstarre vorbei ist und musst dann aber auch die Temperaturen nach und nach auf 35-40\u00b0C auf dem Sonnenplatz erh\u00f6hen.<\/p>\n<p>Mehr zur \u00dcberwinterung kannst du nachlesen unter:<br \/>\n<a href=\"https:\/\/www.xn--landschildkrte-6pb.de\/winterstarre\/winterruhe-hibernation-griechische-landschildkroeten\/\" title=\"Winterstarre Griechische Landschildkr\u00f6te\" class=\"btn btn-primary btn-normal btn-inline \" target=\"_blank\"><i class=\"icon-arrow-right\"><\/i>Winterstarre Griechische Landschildkr\u00f6te<\/a><!-- .btn --><div class=\"hr\"><\/div><!-- .hr (end) -->\n<div id=\"attachment_4171\" style=\"width: 650px\" class=\"wp-caption alignnone\"><a href=\"https:\/\/www.xn--landschildkrte-6pb.de\/haltung\/frage-zur-ueberwinterung-ueberwinterungskiste\/attachment\/ueberwinterungskiste-fuer-schildkroeten\/\"><img loading=\"lazy\" decoding=\"async\" aria-describedby=\"caption-attachment-4171\" class=\"wp-image-4171 size-full\" src=\"https:\/\/www.xn--landschildkrte-6pb.de\/haltung\/wp-content\/uploads\/2017\/08\/\u00dcberwinterungskiste-f\u00fcr-Schildkr\u00f6ten.jpg\" alt=\"\" width=\"640\" height=\"612\" srcset=\"https:\/\/www.xn--landschildkrte-6pb.de\/haltung\/wp-content\/uploads\/2017\/08\/\u00dcberwinterungskiste-f\u00fcr-Schildkr\u00f6ten.jpg 640w, https:\/\/www.xn--landschildkrte-6pb.de\/haltung\/wp-content\/uploads\/2017\/08\/\u00dcberwinterungskiste-f\u00fcr-Schildkr\u00f6ten-300x287.jpg 300w\" sizes=\"auto, (max-width: 640px) 100vw, 640px\" \/><\/a><p id=\"caption-attachment-4171\" class=\"wp-caption-text\">\u00dcberwinterungskiste<\/p><\/div>\n<a href=\"https:\/\/xn--schildkrten-yfb.de\/products\/ueberwinterungsbox-kuehlschrank\" title=\"Bestellung \u00dcberwinterungskiste f\u00fcr Schildkr\u00f6ten\" class=\"btn btn-primary btn-normal btn-inline \" target=\"_blank\"><i class=\"icon-shopping-cart\"><\/i>Bestellung \u00dcberwinterungskiste f\u00fcr Schildkr\u00f6ten<\/a><!-- .btn -->\n<\/div>\n","protected":false},"excerpt":{"rendered":"","protected":false},"author":1,"featured_media":4171,"parent":0,"menu_order":0,"comment_status":"closed","ping_status":"closed","template":"page-archives.php","meta":{"_exactmetrics_skip_tracking":false,"_exactmetrics_sitenote_active":false,"_exactmetrics_sitenote_note":"","_exactmetrics_sitenote_category":0,"footnotes":""},"class_list":["post-3322","page","type-page","status-publish","has-post-thumbnail","hentry"],"aioseo_notices":[],"publishpress_future_action":{"enabled":false,"date":"2026-04-18 09:49:04","action":"change-status","newStatus":"draft","terms":[],"taxonomy":"","extraData":[]},"publishpress_future_workflow_manual_trigger":{"enabledWorkflows":[]},"_links":{"self":[{"href":"https:\/\/www.xn--landschildkrte-6pb.de\/haltung\/wp-json\/wp\/v2\/pages\/3322","targetHints":{"allow":["GET"]}}],"collection":[{"href":"https:\/\/www.xn--landschildkrte-6pb.de\/haltung\/wp-json\/wp\/v2\/pages"}],"about":[{"href":"https:\/\/www.xn--landschildkrte-6pb.de\/haltung\/wp-json\/wp\/v2\/types\/page"}],"author":[{"embeddable":true,"href":"https:\/\/www.xn--landschildkrte-6pb.de\/haltung\/wp-json\/wp\/v2\/users\/1"}],"replies":[{"embeddable":true,"href":"https:\/\/www.xn--landschildkrte-6pb.de\/haltung\/wp-json\/wp\/v2\/comments?post=3322"}],"version-history":[{"count":16,"href":"https:\/\/www.xn--landschildkrte-6pb.de\/haltung\/wp-json\/wp\/v2\/pages\/3322\/revisions"}],"predecessor-version":[{"id":20219,"href":"https:\/\/www.xn--landschildkrte-6pb.de\/haltung\/wp-json\/wp\/v2\/pages\/3322\/revisions\/20219"}],"wp:featuredmedia":[{"embeddable":true,"href":"https:\/\/www.xn--landschildkrte-6pb.de\/haltung\/wp-json\/wp\/v2\/media\/4171"}],"wp:attachment":[{"href":"https:\/\/www.xn--landschildkrte-6pb.de\/haltung\/wp-json\/wp\/v2\/media?parent=3322"}],"curies":[{"name":"wp","href":"https:\/\/api.w.org\/{rel}","templated":true}]}}