{"id":3336,"date":"2017-08-21T07:43:07","date_gmt":"2017-08-21T07:43:07","guid":{"rendered":"http:\/\/www.landschildkroeten.de\/haltung\/?page_id=3336"},"modified":"2022-11-16T07:51:29","modified_gmt":"2022-11-16T07:51:29","slug":"elstein-strahler-und-par-38-strahler-im-fruehbeet","status":"publish","type":"page","link":"https:\/\/www.xn--landschildkrte-6pb.de\/haltung\/elstein-strahler-und-par-38-strahler-im-fruehbeet\/","title":{"rendered":"Elstein-Strahler und Par 38 Strahler im Fr\u00fchbeet?"},"content":{"rendered":"<div class=\"extra-wrap block_7\">\nHallo Florian,<br \/>\nich m\u00f6chte gern mein neues Schildi-Fr\u00fchbeet laut deinen Empfehlungen mit Elstein-Strahler und Par 38 Strahler ausstatten. F\u00fcr den Ellstein-Strahler habe ich einen <a href=\"https:\/\/xn--schildkrten-yfb.de\/products\/metallschutzkorb\" target=\"_blank\" rel=\"noopener\">Alu-Schutzkorb<\/a> mitbestellt - ist es sinnvoll, auch den Par 38 in so einem Schutzkorb zu verwenden, oder reicht ein normaler Spot aus dem Baumarkt (habe Bedenken v.a. wegen der Feuchtigkeit im Fr\u00fchbeet...). Wie gro\u00df (hoch &amp; breit) sind diese Schutzk\u00f6rbe? Gibt der Par 38 auch UV-Licht ab (Ich bin unsicher, ob mein Deckel aus Plexiglas-Doppelstegplatten UV-durchl\u00e4ssig ist)? Welche Leistungen sind f\u00fcr beide Strahler empfehlenswert (das Fr\u00fchbeet ist zw. 1,5 und 2 m\u00b2 gro\u00df)?<br \/>\nBitte wenn m\u00f6glich um baldige Antwort, da ich ev. meine Bestellung noch \u00e4ndern muss... ;-)!<br \/>\nLG Katja aus \u00d6sterreich<\/p>\n<p><em>---Antwort---<br \/>\nHallo Katja,<br \/>\nein Par38 Strahler hat nicht so eine enorme W\u00e4rmeentwicklung wie ein <a href=\"https:\/\/www.xn--landschildkrte-6pb.de\/beleuchtung\/fruehbeet-technik-fuer-griechische-landschildkroeten\/\" target=\"_blank\" rel=\"nofollow noopener noreferrer\">Elsteinstrahler<\/a>, weswegen du f\u00fcr diesen nicht unbedingt einen Schutzkorb ben\u00f6tigst. Ein normaler Baumarktspot ist nicht f\u00fcr dauerhaften Au\u00dfeneinsatz geeignet, deshalb ist <a href=\"https:\/\/www.xn--schildkrten-yfb.de\/products\/waermelampe-par38\" target=\"_blank\" rel=\"noopener noreferrer\">der Par38<\/a> das richtige. Als Alternative zum Elstein-Strahler kann man auch unseren <a href=\"https:\/\/xn--schildkrten-yfb.de\/products\/keramikheizstrahler-dunkelstrahler-infrarotstrahler-150-watt\" target=\"_blank\" rel=\"noopener\">150 Watt Keramikheizstrahler<\/a> nehmen.<br \/>\nUV-Anteile gibt der Strahler zwar nicht ab und wenn dein Fr\u00fchbeet nicht aus <a href=\"https:\/\/www.xn--landschildkrte-6pb.de\/schildkroeten-fruehbeet-alltop\/\">Alltop<\/a> ist, gehen auch keine UV Strahlen durch aber das ist m.E. auch nicht unbedingt notwendig da die Tiere ja nicht ausschlie\u00dflich im Fr\u00fchbeet leben sondern genug Zeit im Freigehege verbringen um nat\u00fcrliches UV zu tanken.<\/em><\/p>\n<p><em>Gru\u00df<br \/>\nFlorian<\/em><br \/>\n<\/div>\n","protected":false},"excerpt":{"rendered":"","protected":false},"author":1,"featured_media":0,"parent":0,"menu_order":0,"comment_status":"closed","ping_status":"closed","template":"","meta":{"_exactmetrics_skip_tracking":false,"_exactmetrics_sitenote_active":false,"_exactmetrics_sitenote_note":"","_exactmetrics_sitenote_category":0,"footnotes":""},"class_list":["post-3336","page","type-page","status-publish","hentry"],"aioseo_notices":[],"publishpress_future_action":{"enabled":false,"date":"2026-04-16 10:26:49","action":"change-status","newStatus":"draft","terms":[],"taxonomy":"","extraData":[]},"publishpress_future_workflow_manual_trigger":{"enabledWorkflows":[]},"_links":{"self":[{"href":"https:\/\/www.xn--landschildkrte-6pb.de\/haltung\/wp-json\/wp\/v2\/pages\/3336","targetHints":{"allow":["GET"]}}],"collection":[{"href":"https:\/\/www.xn--landschildkrte-6pb.de\/haltung\/wp-json\/wp\/v2\/pages"}],"about":[{"href":"https:\/\/www.xn--landschildkrte-6pb.de\/haltung\/wp-json\/wp\/v2\/types\/page"}],"author":[{"embeddable":true,"href":"https:\/\/www.xn--landschildkrte-6pb.de\/haltung\/wp-json\/wp\/v2\/users\/1"}],"replies":[{"embeddable":true,"href":"https:\/\/www.xn--landschildkrte-6pb.de\/haltung\/wp-json\/wp\/v2\/comments?post=3336"}],"version-history":[{"count":10,"href":"https:\/\/www.xn--landschildkrte-6pb.de\/haltung\/wp-json\/wp\/v2\/pages\/3336\/revisions"}],"predecessor-version":[{"id":19027,"href":"https:\/\/www.xn--landschildkrte-6pb.de\/haltung\/wp-json\/wp\/v2\/pages\/3336\/revisions\/19027"}],"wp:attachment":[{"href":"https:\/\/www.xn--landschildkrte-6pb.de\/haltung\/wp-json\/wp\/v2\/media?parent=3336"}],"curies":[{"name":"wp","href":"https:\/\/api.w.org\/{rel}","templated":true}]}}