{"id":3342,"date":"2017-08-21T08:00:56","date_gmt":"2017-08-21T08:00:56","guid":{"rendered":"http:\/\/www.landschildkroeten.de\/haltung\/?page_id=3342"},"modified":"2023-04-11T12:34:30","modified_gmt":"2023-04-11T12:34:30","slug":"zur-ausstattung-des-freigeheges-und-fruehbeets","status":"publish","type":"page","link":"https:\/\/www.xn--landschildkrte-6pb.de\/haltung\/zur-ausstattung-des-freigeheges-und-fruehbeets\/","title":{"rendered":"Zur Ausstattung des Freigeheges und Fr\u00fchbeets"},"content":{"rendered":"<p>hallo florian<br \/>ich glaube hier ist der beitrag richtig und nicht bei terrarium \ud83d\ude09<\/p>\n<p>1. also, ich habe meinen eltern deine seite gezeigt und wir \u00fcberlegen jetzt eine kleine anlage in unsere garten einzurichten. das werden glaub ich ca 2 quadratmeter + fr\u00fchbeet sein. :-). leider steht neben dem vorgesehenen platz eine efeuhecke. meinst du ,das wenn ein feinmaschiges netz \u00fcber die anlage gespannt ist und keine bl\u00e4tter hinein fallen k\u00f6nnen, keine gefahr f\u00fcr meine kleine schildkr\u00f6te besteht?<\/p>\n<p>2. unser fr\u00fchbeet hat solche deckel mit doppelschicht und luft dazwischen, bei den w\u00e4nden allerdings nicht, das kommt weil es eigentlich f\u00fcr pflanzen gedacht ist. muss ich jetzt ein neues fr\u00fchbeet anschaffen weil es darin im winter\/ herbst zu kalt wird oder geht das auch so? ich k\u00f6nnte ja mal ein thermometer hineinlegen.<\/p>\n<p>3. in unserem garten ist rasen, der aber seit jahren nicht mehr ged\u00fcngt wurde. die blumenerde auch nicht. weil rasen nicht gut ist meintest du ja dass man trockene, kiesige fl\u00e4chen haben soll. wie kann ich den rasen umwandeln? au\u00dferdem frisst meine schildkr\u00f6te kleine steine, wenn ich sie auf der terrasse\/ oder dem fr\u00fcbeet laufen lasse. ist das schlecht und was kann man dagegen tun?<\/p>\n<p>4. darf sie beetrosen in ihrem freigehege haben? die stehen n\u00e4mlich in unserem beet drin. und was f\u00fcr boden soll dann in das fr\u00fchbeet rein? es w\u00fcrde weiterhin auf der terrasse stehen. es ist mit netz abgedeckt und die anlage w\u00fcrde auch durch ein netz gesch\u00fctzt sein.<br \/>geht sie dann zum schlafen immer in das fr\u00fchbeet? ich bezweifle das etwas. am liebsten schl\u00e4ft sie in einem \u201cH\u00e4uschen\u201d ( umgedrehter tontopf mit \u00f6ffnung).<\/p>\n<p>danke f\u00fcr die letzte antwort!<br \/>lg Mareike<\/p>\n<p><em>---Antwort---<br \/>Hallo Mareike,<\/em><\/p>\n<p>1) Sehr gut :)! Wenn sie die Bl\u00e4tter nicht fressen k\u00f6nnen, besteht keine Gefahr.<\/p>\n<p>2) Ja, ein Thermometer oder <a href=\"https:\/\/xn--schildkrten-yfb.de\/products\/hygrometer\" target=\"_blank\" rel=\"noopener\">Hygrometer<\/a>. Hierzu kann ich nur sagen: Je dicker die W\u00e4nde des <a href=\"https:\/\/www.xn--landschildkrte-6pb.de\/haltung\/schildkroeten-fruehbeet-alltop\/\" target=\"_blank\" rel=\"noopener\">Fr\u00fchbeets<\/a>, desto besser. 16 mm sollte es immer haben und am besten nat\u00fcrlich aus ALLTOP.<\/p>\n<p>3) Ich habe im Baustoffhandel eine gro\u00dfe Menge Sand\/Kies Gemisch gekauft (kostet nur wenige Euro) und dieses auf dem Rasen verteilt.<\/p>\n<p>4) Bzgl. Beetrosen bin ich leider \u00fcberfragt. Normale Gartenerde, <a href=\"https:\/\/xn--schildkrten-yfb.de\/products\/linsor-schildkroetenerde-schildkroetensubstrat\" target=\"_blank\" rel=\"noopener\">Linsor Schildkr\u00f6ten-Erde<\/a> oder das <a href=\"https:\/\/xn--schildkrten-yfb.de\/products\/floragard-schildkroeten-substrat\" target=\"_blank\" rel=\"noopener\">Floragard Schildkr\u00f6tensubstrat<\/a> ist auch im Fr\u00fchbeet das beste, am besten so, dass sie sich eingraben kann. Wenn du im Fr\u00fchbeet auch einen Unterschlupf einrichtest wie z.B. eine <a title=\"Schutzh\u00fctte aus Holz\" href=\"https:\/\/xn--schildkrten-yfb.de\/products\/schildkroetenhaus-holz\" target=\"_blank\" rel=\"noopener\">Schutzh\u00fctte aus Holz<\/a> einrichtest, schl\u00e4ft sie vermutlich auch darin.<\/p>\n\n\n<div id=\"product-component-1647235253758\"><\/div>\n<script type=\"text\/javascript\">\n\/*<![CDATA[*\/\n(function () {\n  var scriptURL = 'https:\/\/sdks.shopifycdn.com\/buy-button\/latest\/buy-button-storefront.min.js';\n  if (window.ShopifyBuy) {\n    if (window.ShopifyBuy.UI) {\n      ShopifyBuyInit();\n    } else {\n      loadScript();\n    }\n  } else {\n    loadScript();\n  }\n  function loadScript() {\n    var script = document.createElement('script');\n    script.async = true;\n    script.src = scriptURL;\n    (document.getElementsByTagName('head')[0] || document.getElementsByTagName('body')[0]).appendChild(script);\n    script.onload = ShopifyBuyInit;\n  }\n  function ShopifyBuyInit() {\n    var client = ShopifyBuy.buildClient({\n      domain: 'schildkrotenshop.myshopify.com',\n      storefrontAccessToken: '47479665dc8e402ddefb36f780802909',\n    });\n    ShopifyBuy.UI.onReady(client).then(function (ui) {\n      ui.createComponent('product', {\n        id: '7486141104379',\n        node: document.getElementById('product-component-1647235253758'),\n        moneyFormat: '%E2%82%AC%7B%7Bamount_with_comma_separator%7D%7D',\n        options: {\n  \"product\": {\n    \"styles\": {\n      \"product\": {\n        \"@media (min-width: 601px)\": {\n          \"max-width\": \"calc(25% - 20px)\",\n          \"margin-left\": \"20px\",\n          \"margin-bottom\": \"50px\"\n        }\n      },\n      \"button\": {\n        \":hover\": {\n          \"background-color\": \"#8cad0e\"\n        },\n        \"background-color\": \"#9cc00f\",\n        \":focus\": {\n          \"background-color\": \"#8cad0e\"\n        }\n      }\n    },\n    \"buttonDestination\": \"modal\",\n    \"contents\": {\n      \"options\": false\n    },\n    \"text\": {\n      \"button\": \"Produktdetails\"\n    }\n  },\n  \"productSet\": {\n    \"styles\": {\n      \"products\": {\n        \"@media (min-width: 601px)\": {\n          \"margin-left\": \"-20px\"\n        }\n      }\n    }\n  },\n  \"modalProduct\": {\n    \"contents\": {\n      \"img\": false,\n      \"imgWithCarousel\": true,\n      \"button\": false,\n      \"buttonWithQuantity\": true\n    },\n    \"styles\": {\n      \"product\": {\n        \"@media (min-width: 601px)\": {\n          \"max-width\": \"100%\",\n          \"margin-left\": \"0px\",\n          \"margin-bottom\": \"0px\"\n        }\n      },\n      \"button\": {\n        \":hover\": {\n          \"background-color\": \"#8cad0e\"\n        },\n        \"background-color\": \"#9cc00f\",\n        \":focus\": {\n          \"background-color\": \"#8cad0e\"\n        }\n      }\n    },\n    \"text\": {\n      \"button\": \"Warenkorb\"\n    }\n  },\n  \"option\": {},\n  \"cart\": {\n    \"styles\": {\n      \"button\": {\n        \":hover\": {\n          \"background-color\": \"#8cad0e\"\n        },\n        \"background-color\": \"#9cc00f\",\n        \":focus\": {\n          \"background-color\": \"#8cad0e\"\n        }\n      }\n    },\n    \"text\": {\n      \"title\": \"Warenkorb\",\n      \"total\": \"Preis\",\n      \"empty\": \"Dein Warenkorb ist leer.\",\n      \"notice\": \"Versandkosten werden im n\u00e4chsten Schritt berechnet.\",\n      \"button\": \"Zahlung\",\n      \"noteDescription\": \"Bestellhinweis \/ Anmerkung\"\n    },\n    \"popup\": false\n  },\n  \"toggle\": {\n    \"styles\": {\n      \"toggle\": {\n        \"background-color\": \"#9cc00f\",\n        \":hover\": {\n          \"background-color\": \"#8cad0e\"\n        },\n        \":focus\": {\n          \"background-color\": \"#8cad0e\"\n        }\n      }\n    }\n  }\n},\n      });\n    });\n  }\n})();\n\/*]]>*\/\n<\/script>\n\n\n\n<p>Gru\u00df<br>Florian<\/p>\n","protected":false},"excerpt":{"rendered":"<p>hallo florianich glaube hier ist der beitrag richtig und nicht bei terrarium \ud83d\ude09 1. also, ich habe meinen eltern deine seite gezeigt und wir \u00fcberlegen jetzt eine kleine anlage in unsere garten einzurichten. das werden glaub ich ca 2 quadratmeter + fr\u00fchbeet sein. :-). leider steht neben dem vorgesehenen platz eine efeuhecke. meinst du ,das wenn ein feinmaschiges netz \u00fcber&nbsp;<a href=\"https:\/\/www.xn--landschildkrte-6pb.de\/haltung\/zur-ausstattung-des-freigeheges-und-fruehbeets\/\" class=\"read-more\">Weiter lesen<\/a><\/p>\n","protected":false},"author":1,"featured_media":0,"parent":0,"menu_order":0,"comment_status":"closed","ping_status":"closed","template":"","meta":{"_exactmetrics_skip_tracking":false,"_exactmetrics_sitenote_active":false,"_exactmetrics_sitenote_note":"","_exactmetrics_sitenote_category":0,"footnotes":""},"class_list":["post-3342","page","type-page","status-publish","hentry"],"aioseo_notices":[],"publishpress_future_action":{"enabled":false,"date":"2026-04-16 10:18:31","action":"change-status","newStatus":"draft","terms":[],"taxonomy":"","extraData":[]},"publishpress_future_workflow_manual_trigger":{"enabledWorkflows":[]},"_links":{"self":[{"href":"https:\/\/www.xn--landschildkrte-6pb.de\/haltung\/wp-json\/wp\/v2\/pages\/3342","targetHints":{"allow":["GET"]}}],"collection":[{"href":"https:\/\/www.xn--landschildkrte-6pb.de\/haltung\/wp-json\/wp\/v2\/pages"}],"about":[{"href":"https:\/\/www.xn--landschildkrte-6pb.de\/haltung\/wp-json\/wp\/v2\/types\/page"}],"author":[{"embeddable":true,"href":"https:\/\/www.xn--landschildkrte-6pb.de\/haltung\/wp-json\/wp\/v2\/users\/1"}],"replies":[{"embeddable":true,"href":"https:\/\/www.xn--landschildkrte-6pb.de\/haltung\/wp-json\/wp\/v2\/comments?post=3342"}],"version-history":[{"count":5,"href":"https:\/\/www.xn--landschildkrte-6pb.de\/haltung\/wp-json\/wp\/v2\/pages\/3342\/revisions"}],"predecessor-version":[{"id":20223,"href":"https:\/\/www.xn--landschildkrte-6pb.de\/haltung\/wp-json\/wp\/v2\/pages\/3342\/revisions\/20223"}],"wp:attachment":[{"href":"https:\/\/www.xn--landschildkrte-6pb.de\/haltung\/wp-json\/wp\/v2\/media?parent=3342"}],"curies":[{"name":"wp","href":"https:\/\/api.w.org\/{rel}","templated":true}]}}