{"id":3362,"date":"2017-08-21T11:21:39","date_gmt":"2017-08-21T11:21:39","guid":{"rendered":"http:\/\/www.landschildkroeten.de\/haltung\/?page_id=3362"},"modified":"2020-09-01T02:59:39","modified_gmt":"2020-09-01T02:59:39","slug":"schildkroete-auf-dem-fussboden-in-der-wohnung-halten","status":"publish","type":"page","link":"https:\/\/www.xn--landschildkrte-6pb.de\/haltung\/schildkroete-auf-dem-fussboden-in-der-wohnung-halten\/","title":{"rendered":"Schildkr\u00f6te auf dem Fu\u00dfboden in der Wohnung halten?"},"content":{"rendered":"<div class=\"extra-wrap block_7\">\nIch habe vor meine Schildkr\u00f6te im Terrarium im Haus zu halten und wenn es w\u00e4rmer wird auch mal in ein Gehege in den Garten zu setzen. Ist ganz normales Gras denn sch\u00e4dlich wenn sie es fressen?<\/p>\n<p>Ist es denn auch m\u00f6glich die Schildkr\u00f6te im <a href=\"https:\/\/monteur-zimmer.info\/\" target=\"_blank\" rel=\"noopener noreferrer\">Zimmer<\/a> auf dem Fu\u00dfboden in der Wohnung etwas kriechen zu lassen.<\/p>\n<p>Wie versteht sich die Schildkr\u00f6te mit Katzen? Geht von den Tieren eine Gefahr f\u00fcr die Schildies aus?<\/p>\n<p><em>---Antwort---<br \/>\nHallo Ella,<br \/>\nhast du dir die Seite \u00fcberhaupt angeschaut? Ich glaube du hast dich noch nicht ann\u00e4hernd ausreichend informiert, um eine Schildkr\u00f6te halten zu k\u00f6nnen.<\/em><\/p>\n<p>Eine Landschildkr\u00f6te sollte nicht \"mal\" in den Garten, sondern geh\u00f6rt den kompletten Sommer in ein <a href=\"https:\/\/www.xn--landschildkrte-6pb.de\/gehege\/freigehege-gehege-fuer-landschildkroeten\/\" target=\"_blank\" rel=\"noopener noreferrer\">Freigehege<\/a>. Umhergetragen werden m\u00f6gen Schildkr\u00f6ten sowieso nicht und eine dauerhafte Terrarienhaltung ist nicht artgerecht.<\/p>\n<p>Gras fressen sie normalerweise \u00fcberhaupt nicht aber alles was auf einer Wiese w\u00e4chst, darf gef\u00fcttert werden. Hier mehr zur Ern\u00e4hrung: <a href=\"https:\/\/www.xn--landschildkrte-6pb.de\/ernaehrung\/was-fressen-schildkroeten-ernaehrung-von-landschildkroeten\/\">https:\/\/www.xn--landschildkrte-6pb.de\/schildkroeten-ernaehrung\/<\/a><\/p>\n<p>Zum Fu\u00dfboden...nein! Niemals.<\/p>\n<p>Katzen sind keine Gefahr f\u00fcr Schildkr\u00f6ten.<\/p>\n<p>Bitte lies mal unbedingt ein gutes <a href=\"https:\/\/www.xn--landschildkrte-6pb.de\/schildkroetenshop\/buecher\/\">Schildkr\u00f6tenbuch<\/a>.<\/p>\n<a href=\"https:\/\/www.xn--landschildkrte-6pb.de\/gehege\/freigehege-gehege-fuer-landschildkroeten\/\" title=\"Mehr zum Thema Freigehege\" class=\"btn btn-primary btn-normal btn-inline \" target=\"_blank\"><i class=\"icon-arrow-right\"><\/i>Mehr zum Thema Freigehege<\/a><!-- .btn -->\n<a href=\"https:\/\/www.xn--landschildkrte-6pb.de\/ernaehrung\/was-fressen-schildkroeten-ernaehrung-von-landschildkroeten\/\" title=\"Ern\u00e4hrung von Landschildkr\u00f6ten\" class=\"btn btn-primary btn-normal btn-inline \" target=\"_blank\"><i class=\"icon-arrow-right\"><\/i>Ern\u00e4hrung von Landschildkr\u00f6ten<\/a><!-- .btn -->\n<a href=\"https:\/\/www.xn--landschildkrte-6pb.de\/schildkroetenshop\/buecher\/\" title=\"Schildkr\u00f6tenb\u00fccher\" class=\"btn btn-primary btn-normal btn-inline \" target=\"_blank\"><i class=\"icon-arrow-right\"><\/i>Schildkr\u00f6tenb\u00fccher<\/a><!-- .btn -->\n<\/div>\n","protected":false},"excerpt":{"rendered":"","protected":false},"author":1,"featured_media":0,"parent":0,"menu_order":0,"comment_status":"closed","ping_status":"closed","template":"","meta":{"_exactmetrics_skip_tracking":false,"_exactmetrics_sitenote_active":false,"_exactmetrics_sitenote_note":"","_exactmetrics_sitenote_category":0,"footnotes":""},"class_list":["post-3362","page","type-page","status-publish","hentry"],"aioseo_notices":[],"publishpress_future_action":{"enabled":false,"date":"2026-05-03 09:42:33","action":"change-status","newStatus":"draft","terms":[],"taxonomy":"","extraData":[]},"publishpress_future_workflow_manual_trigger":{"enabledWorkflows":[]},"_links":{"self":[{"href":"https:\/\/www.xn--landschildkrte-6pb.de\/haltung\/wp-json\/wp\/v2\/pages\/3362","targetHints":{"allow":["GET"]}}],"collection":[{"href":"https:\/\/www.xn--landschildkrte-6pb.de\/haltung\/wp-json\/wp\/v2\/pages"}],"about":[{"href":"https:\/\/www.xn--landschildkrte-6pb.de\/haltung\/wp-json\/wp\/v2\/types\/page"}],"author":[{"embeddable":true,"href":"https:\/\/www.xn--landschildkrte-6pb.de\/haltung\/wp-json\/wp\/v2\/users\/1"}],"replies":[{"embeddable":true,"href":"https:\/\/www.xn--landschildkrte-6pb.de\/haltung\/wp-json\/wp\/v2\/comments?post=3362"}],"version-history":[{"count":8,"href":"https:\/\/www.xn--landschildkrte-6pb.de\/haltung\/wp-json\/wp\/v2\/pages\/3362\/revisions"}],"predecessor-version":[{"id":9954,"href":"https:\/\/www.xn--landschildkrte-6pb.de\/haltung\/wp-json\/wp\/v2\/pages\/3362\/revisions\/9954"}],"wp:attachment":[{"href":"https:\/\/www.xn--landschildkrte-6pb.de\/haltung\/wp-json\/wp\/v2\/media?parent=3362"}],"curies":[{"name":"wp","href":"https:\/\/api.w.org\/{rel}","templated":true}]}}