{"id":3373,"date":"2017-08-21T11:37:10","date_gmt":"2017-08-21T11:37:10","guid":{"rendered":"http:\/\/www.landschildkroeten.de\/haltung\/?page_id=3373"},"modified":"2020-08-31T14:37:03","modified_gmt":"2020-08-31T14:37:03","slug":"babyschildkroete-in-winterschlaf","status":"publish","type":"page","link":"https:\/\/www.xn--landschildkrte-6pb.de\/haltung\/babyschildkroete-in-winterschlaf\/","title":{"rendered":"Babyschildkr\u00f6te in Winterschlaf?"},"content":{"rendered":"<div class=\"extra-wrap block_7\">\nHallo Florian,<\/p>\n<p>seit einer knappen Wochen bin ich im Besitz einer griechischen Landschildkr\u00f6te. Ich w\u00fcrde behaupten, sie ist noch ein Baby, kann aber nicht genau sagen, wie alt sie ist.<br \/>\nSo, ich habe sehr viele Meinungen zum Thema Winterschlaf im ersten Jahr ja oder nein gelesen. Ich denke du bist eher der Meinung, dass sie normal \u00fcberwintern sollte auch jetzt schon und ich sie nicht weiterf\u00fcttern soll. Jetzt wohnt sie aber momentan in einem Aquarium, weil ich sie ein Geschenk war und ich mich nicht auf meinen Zuwachs einstellen konnte. N\u00e4chstes Jahr habe ich selbstverst\u00e4ndlich vor, sie im Garten in einem Freigehege laufen zu lassen. Aber wie gehe ich jetzt vor, wenn sie doch \u00fcberwintern soll. Wann stelle ich Futterzufuhr ein, soll ich einfach die Lampe ausmachen, oder seltener anschalten? Ich m\u00f6chte, dass sie so normal wie m\u00f6glich bei mir aufw\u00e4chst, ich weis, dass Aquariumhaltung nicht dazugeh\u00f6rt, aber n\u00e4chstes Jahr, wie gesagt.<br \/>\nWie gehe ich nun vor?<br \/>\nAu\u00dferdem habe ich, seit sie bei mir ist, noch keinen Kot gesehen. Muss ich mir Sorgen machen, oder ist der Kot einer kleinen Schildkr\u00f6te so klein,dass ich ihn nicht sehen kann?<\/p>\n<p>Danke im Vorraus<\/p>\n<p>Gru\u00df, Katja<\/p>\n<p><em>---Antwort---<br \/>\nHallo Katja,<br \/>\nfrag mal den Schenker unbedingt nach den Papieren f\u00fcr die Schildkr\u00f6te (die sind Pflicht), dann kennst du auch das Alter.<\/em><\/p>\n<p>Du hast die Schildkr\u00f6te erst ein paar Tage und hast sie auch noch nicht fressen sehen? Gibt es einen Sonnenplatz mit 35-40 \u00b0C? Ich w\u00fcrde erst sichergehen dass sie frisst + kotet und dann erst mit der Vorbereitung beginnen. Selbst wenn es bis Dezember dauern sollte.<\/p>\n<div id=\"attachment_4173\" style=\"width: 1461px\" class=\"wp-caption alignnone\"><a href=\"https:\/\/www.xn--landschildkrte-6pb.de\/haltung\/wp-content\/uploads\/2017\/08\/babyschildkr\u00f6te.jpg\"><img loading=\"lazy\" decoding=\"async\" aria-describedby=\"caption-attachment-4173\" class=\"size-full wp-image-4173\" src=\"https:\/\/www.xn--landschildkrte-6pb.de\/haltung\/wp-content\/uploads\/2017\/08\/babyschildkr\u00f6te.jpg\" alt=\"\" width=\"1451\" height=\"965\" srcset=\"https:\/\/www.xn--landschildkrte-6pb.de\/haltung\/wp-content\/uploads\/2017\/08\/babyschildkr\u00f6te.jpg 1451w, https:\/\/www.xn--landschildkrte-6pb.de\/haltung\/wp-content\/uploads\/2017\/08\/babyschildkr\u00f6te-300x200.jpg 300w, https:\/\/www.xn--landschildkrte-6pb.de\/haltung\/wp-content\/uploads\/2017\/08\/babyschildkr\u00f6te-768x511.jpg 768w, https:\/\/www.xn--landschildkrte-6pb.de\/haltung\/wp-content\/uploads\/2017\/08\/babyschildkr\u00f6te-1024x681.jpg 1024w\" sizes=\"auto, (max-width: 1451px) 100vw, 1451px\" \/><\/a><p id=\"caption-attachment-4173\" class=\"wp-caption-text\">Babyschildkr\u00f6te<\/p><\/div>\n<p>Eine verk\u00fcrzte Winterstarre ist immer noch besser als gar keine, denn du liegst richtig mit deiner Einsch\u00e4tzung. Babyschildkr\u00f6ten in ihren Habitaten werden auch nicht gefragt ob sie im ersten Jahr eine Winterpause einlegen m\u00f6chten. Auf folgender Seite findest du eine kleine Tabelle unter \"<em><strong>Vorbereitung im Freigehege\"<\/strong><\/em> bzw. <em><strong>\"Vorbereitung im Terrarium<\/strong><\/em>\", diese hilft dir sicher weiter:<\/p>\n<a href=\"https:\/\/www.xn--landschildkrte-6pb.de\/winterstarre\/winterruhe-hibernation-griechische-landschildkroeten\/\" title=\"Winterstarre Vorbereitung\" class=\"btn btn-primary btn-normal btn-inline \" target=\"_blank\"><i class=\"icon-arrow-right\"><\/i>Winterstarre Vorbereitung<\/a><!-- .btn --><div class=\"hr\"><\/div><!-- .hr (end) -->\n<p><em>Gr\u00fc\u00dfe<br \/>\nFlorian<\/em><\/p>\n<\/div>\n","protected":false},"excerpt":{"rendered":"","protected":false},"author":1,"featured_media":4173,"parent":0,"menu_order":0,"comment_status":"closed","ping_status":"closed","template":"","meta":{"_exactmetrics_skip_tracking":false,"_exactmetrics_sitenote_active":false,"_exactmetrics_sitenote_note":"","_exactmetrics_sitenote_category":0,"footnotes":""},"class_list":["post-3373","page","type-page","status-publish","has-post-thumbnail","hentry"],"aioseo_notices":[],"publishpress_future_action":{"enabled":false,"date":"2026-05-12 09:10:30","action":"change-status","newStatus":"draft","terms":[],"taxonomy":"","extraData":[]},"publishpress_future_workflow_manual_trigger":{"enabledWorkflows":[]},"_links":{"self":[{"href":"https:\/\/www.xn--landschildkrte-6pb.de\/haltung\/wp-json\/wp\/v2\/pages\/3373","targetHints":{"allow":["GET"]}}],"collection":[{"href":"https:\/\/www.xn--landschildkrte-6pb.de\/haltung\/wp-json\/wp\/v2\/pages"}],"about":[{"href":"https:\/\/www.xn--landschildkrte-6pb.de\/haltung\/wp-json\/wp\/v2\/types\/page"}],"author":[{"embeddable":true,"href":"https:\/\/www.xn--landschildkrte-6pb.de\/haltung\/wp-json\/wp\/v2\/users\/1"}],"replies":[{"embeddable":true,"href":"https:\/\/www.xn--landschildkrte-6pb.de\/haltung\/wp-json\/wp\/v2\/comments?post=3373"}],"version-history":[{"count":7,"href":"https:\/\/www.xn--landschildkrte-6pb.de\/haltung\/wp-json\/wp\/v2\/pages\/3373\/revisions"}],"predecessor-version":[{"id":9940,"href":"https:\/\/www.xn--landschildkrte-6pb.de\/haltung\/wp-json\/wp\/v2\/pages\/3373\/revisions\/9940"}],"wp:featuredmedia":[{"embeddable":true,"href":"https:\/\/www.xn--landschildkrte-6pb.de\/haltung\/wp-json\/wp\/v2\/media\/4173"}],"wp:attachment":[{"href":"https:\/\/www.xn--landschildkrte-6pb.de\/haltung\/wp-json\/wp\/v2\/media?parent=3373"}],"curies":[{"name":"wp","href":"https:\/\/api.w.org\/{rel}","templated":true}]}}