{"id":3381,"date":"2017-08-21T11:53:43","date_gmt":"2017-08-21T11:53:43","guid":{"rendered":"http:\/\/www.landschildkroeten.de\/haltung\/?page_id=3381"},"modified":"2017-11-07T10:02:28","modified_gmt":"2017-11-07T10:02:28","slug":"panzer-verformt-hilfe","status":"publish","type":"page","link":"https:\/\/www.xn--landschildkrte-6pb.de\/haltung\/panzer-verformt-hilfe\/","title":{"rendered":"Panzer verformt! Hilfe"},"content":{"rendered":"<div class=\"extra-wrap block_7\">\nIch habe eine griechische Landschildkr\u00f6te, deren Panzer verformt ist, wie ich glaube. Vorne ist er ganz bullig, aber hinten f\u00e4llt der Panzer merkw\u00fcrdig ab. Das ist doch nicht normal oder? Im Sommer lebt er im Garten, aber wahrscheinlich liegt es an falscher F\u00fctterung. Kann man an der Verformung noch was \u00e4nder? Ist das sehr schlimm f\u00fcr ihn? Er ist sehr aktiv, l\u00e4uft wie ein Wilder und \u00e4rgert unsere andere Schildi. <\/p>\n<p>Noch ein anderes Problem: er frisst den Kot unsere Hundes und zwar mit Leidenschaft. Ist das ein Zeichen f\u00fcr Mangelern\u00e4hrung? Versuche ja ihn daran zu hinder, aber immer seh ich das nicht, weil er ja drau\u00dfen heruml\u00e4uft.<br \/>\nBitte um Hilfe!!<\/p>\n<p><em>---Antwort---<br \/>\nHallo,<br \/>\ndeine von dir beschriebene Verformung ist sehr schlimm, da dies 1. ein Zeichen von komplett falscher F\u00fctterung ist und sich 2. auch auf innere Organe auswirken wird!<br \/>\n\u00c4ndern kannst du nur, dass du sofort die F\u00fctterung umstellst! Halte dich an diese Seite und zwar streng: <a href=\"https:\/\/www.xn--landschildkrte-6pb.de\/haltung\/ernaehrung\/was-fressen-schildkroeten-ernaehrung-von-landschildkroeten\/\" target=\"_blank\">Artgerechte Ern\u00e4hrung von Schildkr\u00f6ten<\/a>. Und <a href=\"https:\/\/www.xn--landschildkrte-6pb.de\/sepiaschale-sepiaschulp\/\" target=\"_blank\">Sepiaschale<\/a> anbieten.<br \/>\nDar\u00fcber hinaus solltest du den Schildkr\u00f6ten (falls nicht schon vorhanden) ein <a href=\"https:\/\/www.xn--landschildkrte-6pb.de\/gehege\/freigehege-gehege-fuer-landschildkroeten\/\">eigenes Freigehege<\/a> mit Fr\u00fchbeet einrichten.<\/p>\n<p>Noch ist es nicht zu sp\u00e4t zu handeln...<\/p>\n<p>Gru\u00df<br \/>\nFlorian<\/em><br \/>\n<\/div>\n","protected":false},"excerpt":{"rendered":"","protected":false},"author":1,"featured_media":0,"parent":0,"menu_order":0,"comment_status":"closed","ping_status":"closed","template":"","meta":{"_exactmetrics_skip_tracking":false,"_exactmetrics_sitenote_active":false,"_exactmetrics_sitenote_note":"","_exactmetrics_sitenote_category":0,"footnotes":""},"class_list":["post-3381","page","type-page","status-publish","hentry"],"aioseo_notices":[],"publishpress_future_action":{"enabled":false,"date":"2026-05-20 16:29:43","action":"change-status","newStatus":"draft","terms":[],"taxonomy":"","extraData":[]},"publishpress_future_workflow_manual_trigger":{"enabledWorkflows":[]},"_links":{"self":[{"href":"https:\/\/www.xn--landschildkrte-6pb.de\/haltung\/wp-json\/wp\/v2\/pages\/3381","targetHints":{"allow":["GET"]}}],"collection":[{"href":"https:\/\/www.xn--landschildkrte-6pb.de\/haltung\/wp-json\/wp\/v2\/pages"}],"about":[{"href":"https:\/\/www.xn--landschildkrte-6pb.de\/haltung\/wp-json\/wp\/v2\/types\/page"}],"author":[{"embeddable":true,"href":"https:\/\/www.xn--landschildkrte-6pb.de\/haltung\/wp-json\/wp\/v2\/users\/1"}],"replies":[{"embeddable":true,"href":"https:\/\/www.xn--landschildkrte-6pb.de\/haltung\/wp-json\/wp\/v2\/comments?post=3381"}],"version-history":[{"count":5,"href":"https:\/\/www.xn--landschildkrte-6pb.de\/haltung\/wp-json\/wp\/v2\/pages\/3381\/revisions"}],"predecessor-version":[{"id":5162,"href":"https:\/\/www.xn--landschildkrte-6pb.de\/haltung\/wp-json\/wp\/v2\/pages\/3381\/revisions\/5162"}],"wp:attachment":[{"href":"https:\/\/www.xn--landschildkrte-6pb.de\/haltung\/wp-json\/wp\/v2\/media?parent=3381"}],"curies":[{"name":"wp","href":"https:\/\/api.w.org\/{rel}","templated":true}]}}