{"id":3383,"date":"2017-08-21T11:55:59","date_gmt":"2017-08-21T11:55:59","guid":{"rendered":"http:\/\/www.landschildkroeten.de\/haltung\/?page_id=3383"},"modified":"2022-09-27T10:05:49","modified_gmt":"2022-09-27T10:05:49","slug":"temperaturschwankungen-im-kuehlschrank-verhindern","status":"publish","type":"page","link":"https:\/\/www.xn--landschildkrte-6pb.de\/haltung\/temperaturschwankungen-im-kuehlschrank-verhindern\/","title":{"rendered":"Temperaturschwankungen im K\u00fchlschrank verhindern?"},"content":{"rendered":"<div class=\"extra-wrap block_7\">\nHallo,<\/p>\n<p>ich habe dieses Jahr eine 16j\u00e4hrige griechische Landschildkr\u00f6te \u00fcbernommen und sie ist bereits im K\u00fchlschrank.<br \/>\nJedoch weist der <a href=\"https:\/\/www.xn--schildkrten-yfb.net\/produkt\/schildkroeten-kuehlschrank-zur-ueberwinterung\/\">Schildkr\u00f6ten-K\u00fchlschrank<\/a> (meines Erachtens starke) Temperaturschwankungen auf: ca 2-7 \u00b0C \u00fcber den Tag verteilt.<br \/>\nDu schreibst, grunds\u00e4tzlich ist dies die optimale \u00dcberwinterungstemperatur. Jedoch frage ich mich, ob die stetigen Schwankungen zu stark sind und es sich eigentlich auf eine Temperatur einpendeln sollte.<br \/>\nIch kontrolliere zwar t\u00e4glich die Temperatur, so dass diese nicht 8 \u00b0C \u00fcbersteigt, habe aber trotzdem Bedenken.<br \/>\nWas kann passieren, wenn die Temperatur unter 2 \u00b0C absinkt (was ja in der Natur durchaus vorkommen kann)?<br \/>\nUnd ist es besser, einen ganz neuen K\u00fchlschrank zum \u00fcberwintern anzuschaffen, der die Temperatur besser halten kann?<br \/>\nDanke und Gru\u00df!<\/p>\n<p><em>---Antwort---<br \/>\nHallo Susanne,<br \/>\num die Schwankungen zu reduzieren kannst du mit Wasser gef\u00fcllte PET-Flaschen in den K\u00fchlschrank legen. <\/em><\/p>\n<p>Wenn die Temperatur mal unter 2\u00b0C sinkt, ist das auch nicht so dramatisch, sollte aber nicht dauerhaft sein. Um zu verhindern, dass der K\u00fchlschrank ab einer bestimmten Temperatur noch weiter nach unten k\u00fchlt, reicht die Zwischenschaltung eines <a href=\"https:\/\/www.xn--landschildkrte-6pb.de\/haltung\/universal-thermostat-ut-200\/\" target=\"_blank\" rel=\"noopener noreferrer\">Universal Thermostates<\/a>. Diesen habe ich auch im Einsatz, da man bei alten K\u00fchlschr\u00e4nken nie vorsichtig genug sein kann.<\/p>\n<a href=\"https:\/\/xn--schildkrten-yfb.de\/products\/universal-thermostat-ut300\" title=\"Universal Thermostat UT300 bestellen\" class=\"btn btn-primary btn-normal btn-inline \" target=\"_blank\"><i class=\"icon-shopping-cart\"><\/i>Universal Thermostat UT300 bestellen<\/a><!-- .btn --><div class=\"hr\"><\/div><!-- .hr (end) -->\n<p>Gru\u00df<br \/>\nFlorian<br \/>\n<\/div>\n","protected":false},"excerpt":{"rendered":"","protected":false},"author":1,"featured_media":0,"parent":0,"menu_order":0,"comment_status":"closed","ping_status":"closed","template":"","meta":{"_exactmetrics_skip_tracking":false,"_exactmetrics_sitenote_active":false,"_exactmetrics_sitenote_note":"","_exactmetrics_sitenote_category":0,"footnotes":""},"class_list":["post-3383","page","type-page","status-publish","hentry"],"aioseo_notices":[],"publishpress_future_action":{"enabled":false,"date":"2026-05-22 10:04:30","action":"change-status","newStatus":"draft","terms":[],"taxonomy":"","extraData":[]},"publishpress_future_workflow_manual_trigger":{"enabledWorkflows":[]},"_links":{"self":[{"href":"https:\/\/www.xn--landschildkrte-6pb.de\/haltung\/wp-json\/wp\/v2\/pages\/3383","targetHints":{"allow":["GET"]}}],"collection":[{"href":"https:\/\/www.xn--landschildkrte-6pb.de\/haltung\/wp-json\/wp\/v2\/pages"}],"about":[{"href":"https:\/\/www.xn--landschildkrte-6pb.de\/haltung\/wp-json\/wp\/v2\/types\/page"}],"author":[{"embeddable":true,"href":"https:\/\/www.xn--landschildkrte-6pb.de\/haltung\/wp-json\/wp\/v2\/users\/1"}],"replies":[{"embeddable":true,"href":"https:\/\/www.xn--landschildkrte-6pb.de\/haltung\/wp-json\/wp\/v2\/comments?post=3383"}],"version-history":[{"count":5,"href":"https:\/\/www.xn--landschildkrte-6pb.de\/haltung\/wp-json\/wp\/v2\/pages\/3383\/revisions"}],"predecessor-version":[{"id":18637,"href":"https:\/\/www.xn--landschildkrte-6pb.de\/haltung\/wp-json\/wp\/v2\/pages\/3383\/revisions\/18637"}],"wp:attachment":[{"href":"https:\/\/www.xn--landschildkrte-6pb.de\/haltung\/wp-json\/wp\/v2\/media?parent=3383"}],"curies":[{"name":"wp","href":"https:\/\/api.w.org\/{rel}","templated":true}]}}