{"id":3389,"date":"2017-08-21T12:04:34","date_gmt":"2017-08-21T12:04:34","guid":{"rendered":"http:\/\/www.landschildkroeten.de\/haltung\/?page_id=3389"},"modified":"2020-09-03T14:27:06","modified_gmt":"2020-09-03T14:27:06","slug":"ueberwinterung-im-keller","status":"publish","type":"page","link":"https:\/\/www.xn--landschildkrte-6pb.de\/haltung\/ueberwinterung-im-keller\/","title":{"rendered":"\u00dcberwinterung im Keller"},"content":{"rendered":"<div class=\"extra-wrap block_7\">\nHallo Florian,<\/p>\n<p>habe eine kleinen zum 01.12. in die Winterstarre gebracht. Jetzt war es vor\u00fcbergehend f\u00fcr einen Tag 8 Gard warm. Habe die nat\u00fcrliche \u00dcberwinterung im Keller bevorzugt. Ich habe immer 4-6 Grad bis auf den einen Tag. Jetzt hat sich eine um ca. 10 cm tiefer eingegraben als sie letzte Woche war. Bedeutet das das sie wach war? Ist das gef\u00e4hrlich? Wie oft mu\u00df ich sie ausgraben zur Kontrolle? Ich will sie auch nicht unn\u00f6tig st\u00f6ren. Habe das jetzt 1 mal pro Woche gemacht.<br \/>\nDas ist mein erster Winter ich finde das voll Nervenaufreibend. Habe ein Thermometer in der Wohnung mit Funk zu den Schildis und bin rotzdem verunsichert.<\/p>\n<p>LG Elke und vielen Dank schon im voraus sowie<br \/>\nsch\u00f6ne Weihnachten und ein gutes neues Jahr hoffentlich mit weniger Fragen und etwas mehr Routine.<\/p>\n<p><em>---Antwort---<br \/>\nHallo Elke,<\/em><\/p>\n<p>immer mal ein oder zwei Tage 8 Grad w\u00e4re kein Problem, wenn sich das wieder bei 4-6 Grad einpendelt.<\/p>\n<p>Das Graben machen die Schildkr\u00f6ten instinktiv w\u00e4hrend ihrer Winterstarre. \"Aufwachen\" in dem Sinne k\u00f6nnen sie gar nicht, da sie in der Starre ja nicht wirklich die ganze Zeit wirklich schlafen. Das ist also ganz normal und nicht gef\u00e4hrlich.<\/p>\n<p>Ich w\u00fcrde sie nicht so oft ausgraben, ein mal im Monat ist absolut ausreichend. Zu deiner Beruhigung: Ich grabe auch nur etwa alle 6 Wochen mal stichprobenartig eine zur Kontrolle aus und sobald sich die Beine bewegen, setze ich sie wieder zur\u00fcck.<br \/>\n<a href=\"https:\/\/www.xn--landschildkrte-6pb.de\/winterstarre\/winterruhe-hibernation-griechische-landschildkroeten\/\" title=\"Mehr zur Winterstarre\" class=\"btn btn-primary btn-normal btn-inline \" target=\"_blank\"><i class=\"icon-arrow-right\"><\/i>Mehr zur Winterstarre<\/a><!-- .btn -->\n<p><em>Auch dir sch\u00f6ne Weihnachten \ud83d\ude42<br \/>\nFlorian<br \/>\n<\/div>\n<\/em><\/p>\n","protected":false},"excerpt":{"rendered":"","protected":false},"author":1,"featured_media":0,"parent":0,"menu_order":0,"comment_status":"closed","ping_status":"closed","template":"","meta":{"_exactmetrics_skip_tracking":false,"_exactmetrics_sitenote_active":false,"_exactmetrics_sitenote_note":"","_exactmetrics_sitenote_category":0,"footnotes":""},"class_list":["post-3389","page","type-page","status-publish","hentry"],"aioseo_notices":[],"publishpress_future_action":{"enabled":false,"date":"2026-04-16 10:18:00","action":"change-status","newStatus":"draft","terms":[],"taxonomy":"","extraData":[]},"publishpress_future_workflow_manual_trigger":{"enabledWorkflows":[]},"_links":{"self":[{"href":"https:\/\/www.xn--landschildkrte-6pb.de\/haltung\/wp-json\/wp\/v2\/pages\/3389","targetHints":{"allow":["GET"]}}],"collection":[{"href":"https:\/\/www.xn--landschildkrte-6pb.de\/haltung\/wp-json\/wp\/v2\/pages"}],"about":[{"href":"https:\/\/www.xn--landschildkrte-6pb.de\/haltung\/wp-json\/wp\/v2\/types\/page"}],"author":[{"embeddable":true,"href":"https:\/\/www.xn--landschildkrte-6pb.de\/haltung\/wp-json\/wp\/v2\/users\/1"}],"replies":[{"embeddable":true,"href":"https:\/\/www.xn--landschildkrte-6pb.de\/haltung\/wp-json\/wp\/v2\/comments?post=3389"}],"version-history":[{"count":2,"href":"https:\/\/www.xn--landschildkrte-6pb.de\/haltung\/wp-json\/wp\/v2\/pages\/3389\/revisions"}],"predecessor-version":[{"id":10124,"href":"https:\/\/www.xn--landschildkrte-6pb.de\/haltung\/wp-json\/wp\/v2\/pages\/3389\/revisions\/10124"}],"wp:attachment":[{"href":"https:\/\/www.xn--landschildkrte-6pb.de\/haltung\/wp-json\/wp\/v2\/media?parent=3389"}],"curies":[{"name":"wp","href":"https:\/\/api.w.org\/{rel}","templated":true}]}}