{"id":3391,"date":"2017-08-21T12:06:46","date_gmt":"2017-08-21T12:06:46","guid":{"rendered":"http:\/\/www.landschildkroeten.de\/haltung\/?page_id=3391"},"modified":"2017-11-07T17:56:21","modified_gmt":"2017-11-07T17:56:21","slug":"temperatur-unter-der-waermelampe","status":"publish","type":"page","link":"https:\/\/www.xn--landschildkrte-6pb.de\/haltung\/temperatur-unter-der-waermelampe\/","title":{"rendered":"Temperatur unter der W\u00e4rmelampe?"},"content":{"rendered":"<div class=\"extra-wrap block_7\">\nHallo!<\/p>\n<p>Ich habe in meinem *schlecht-wetter-terrarium* eine W\u00e4rmelampe installiert unter der ca. 34-35 Grad herrschen! reicht das?<\/p>\n<p>danke f\u00fcr Ihre M\u00fche<\/p>\n<p>Lydia<\/p>\n<p><em>---Antwort---<br \/>\nHallo Lydia,<br \/>\nder <a href=\"https:\/\/www.xn--landschildkrte-6pb.de\/haltung\/beleuchtung\/beleuchtung-lucky-reptile-bright-sun-desert\/\">Sonnenplatz<\/a> sollte punktuell ca. 40\u00b0C haben.<\/p>\n<p>Bitte aufpassen, dass der Sonnenplatz nicht zur t\u00f6dlichen Falle wird wenn eine Schildkr\u00f6te genau dort auf den R\u00fccken fallen sollte und sich nicht mehr zur\u00fcckdrehen kann. Verhindern kann man das zwar nicht immer aber ein leicht schr\u00e4ger Sonnenplatz reduziert die Gefahr.<\/p>\n<p>Gru\u00df<br \/>\nFlorian<\/em><br \/>\n<\/div>\n","protected":false},"excerpt":{"rendered":"","protected":false},"author":1,"featured_media":0,"parent":0,"menu_order":0,"comment_status":"closed","ping_status":"closed","template":"","meta":{"_exactmetrics_skip_tracking":false,"_exactmetrics_sitenote_active":false,"_exactmetrics_sitenote_note":"","_exactmetrics_sitenote_category":0,"footnotes":""},"class_list":["post-3391","page","type-page","status-publish","hentry"],"aioseo_notices":[],"publishpress_future_action":{"enabled":false,"date":"2026-05-22 10:53:31","action":"change-status","newStatus":"draft","terms":[],"taxonomy":"","extraData":[]},"publishpress_future_workflow_manual_trigger":{"enabledWorkflows":[]},"_links":{"self":[{"href":"https:\/\/www.xn--landschildkrte-6pb.de\/haltung\/wp-json\/wp\/v2\/pages\/3391","targetHints":{"allow":["GET"]}}],"collection":[{"href":"https:\/\/www.xn--landschildkrte-6pb.de\/haltung\/wp-json\/wp\/v2\/pages"}],"about":[{"href":"https:\/\/www.xn--landschildkrte-6pb.de\/haltung\/wp-json\/wp\/v2\/types\/page"}],"author":[{"embeddable":true,"href":"https:\/\/www.xn--landschildkrte-6pb.de\/haltung\/wp-json\/wp\/v2\/users\/1"}],"replies":[{"embeddable":true,"href":"https:\/\/www.xn--landschildkrte-6pb.de\/haltung\/wp-json\/wp\/v2\/comments?post=3391"}],"version-history":[{"count":3,"href":"https:\/\/www.xn--landschildkrte-6pb.de\/haltung\/wp-json\/wp\/v2\/pages\/3391\/revisions"}],"predecessor-version":[{"id":5188,"href":"https:\/\/www.xn--landschildkrte-6pb.de\/haltung\/wp-json\/wp\/v2\/pages\/3391\/revisions\/5188"}],"wp:attachment":[{"href":"https:\/\/www.xn--landschildkrte-6pb.de\/haltung\/wp-json\/wp\/v2\/media?parent=3391"}],"curies":[{"name":"wp","href":"https:\/\/api.w.org\/{rel}","templated":true}]}}