{"id":3393,"date":"2017-08-21T12:09:16","date_gmt":"2017-08-21T12:09:16","guid":{"rendered":"http:\/\/www.landschildkroeten.de\/haltung\/?page_id=3393"},"modified":"2021-12-24T09:00:53","modified_gmt":"2021-12-24T09:00:53","slug":"landschildkroete-zu-weihnachten-geschenkt-bekommen","status":"publish","type":"page","link":"https:\/\/www.xn--landschildkrte-6pb.de\/haltung\/landschildkroete-zu-weihnachten-geschenkt-bekommen\/","title":{"rendered":"Landschildkr\u00f6te zu Weihnachten geschenkt bekommen"},"content":{"rendered":"<p>Hallo Florian,<br \/>\nerstmal ein gro\u00dfes Lob f\u00fcr Deine sehr informative Seite.<br \/>\nFolgende Situation:<br \/>\nIch habe zu Weihnachten eine 1 1\/2 j\u00e4hrige Breitrandschildkr\u00f6te bekommen. Leider wurde der \"Schenker\" im Reptilienfachgesch\u00e4ft anscheinend auch sehr schlecht beraten. Dort wurde gesagt, dass die Schildi dieses und n\u00e4chstes Jahr noch keinen Winterschlaf halten m\u00fcsste. Au\u00dferdem wurde das von dir sehr negativFes bewertete Schildi-Buch von GU verkauft. Und Rindenmulch als Bodengrund empfohlen. Wobei ich in meinen Terrarium halb Erde und halb Rindenmulch habe. Dies aber nun \u00e4ndern werde und nur noch Rindenhumus reinpacken werde. Gott sei Dank habe ich mich noch weiter informiert und Deine Seite gefunden. Habe mich auch schon intensiv eingelesen, habe aber trotzdem noch ein paar Fragen:<br \/>\n1) Ich habe in meinem Terrarium eine \u201eAll-inclusive\" Lampe (UV, W\u00e4rme, Licht) und noch einen Zone nur mit einem W\u00e4rmestrahler und eine \"kalte\" Zone. Ist das ok so? Wo sollte der Wasserbeh\u00e4lter am Besten stehen?<br \/>\n2) Die Lampen h\u00e4ngen \u00fcber dem Terrarium. Dann ist noch etwas Platz und die andere H\u00e4lfte ist mit einem Brett als \"Deckel\" abgedeckt. Der Typ im Laden hat gesagt die Schildi bekommt sonst Zugluft und erk\u00e4ltet sich. Der Bl\u00f6di! Laut Dir also den \"Deckel\" lieber abnehmen, oder? Wie kann ich denn die Lampen dann am Besten befestigen? Momentan hab ich die n\u00e4mlich an einer selbstgebastelten Halterung, die an dem Brett befestigt ist, h\u00e4ngen.<br \/>\n3) Ich habe so getrocknetes Heu und getrocknete Kr\u00e4uter aus dem Tierladen als Futter. Ab und zu gebe ich etwas Salat oder d\u00fcnne, kleine Scheiben M\u00f6hre dazu und habe ein bisschen H\u00fchnereischale zerkleinert und verteilt. Das frisst die Schildi bisher auch sehr gerne. Sobald der Schnee geschmolzen ist wollte ich dann drau\u00dfen auf die Suche nach frischen Pflanzen, Bl\u00e4ttern und Kr\u00e4utern gehen. Reicht das aus?<br \/>\n4) Ich habe vor die Schildi im Sommer nach drau\u00dfen zu packen. Leider habe ich nur eventuell die M\u00f6glichkeit ihr ein richtiges Freigehege im Garten einzurichten. Ich muss dann erst meinen Vermieter und die anderen Mieter fragen, da wir den Garten gemeinsam nutzen. Au\u00dferdem habe ich Schiss, das dann jemand einfach irgendwas mit der Schildi macht, da man auch von au\u00dferhalb in den Garten gelangt. Ich habe allerdings eine riesige Dachterasse, auf der ich der Schildi ein gro\u00dfes Gehege einrichten k\u00f6nnte. Mit Fr\u00fchbeet und \u201efreiem Teil\u201c, wo ich dann Gartenerde reinpacken w\u00fcrde und Rasen s\u00e4en und so weiter. W\u00fcrde das auch gehen? Ich mag die Schildi n\u00e4mlich eigentlich nicht wieder abgeben, wenn das mit dem Garten nicht klappen sollte. Will aber nat\u00fcrlich das es ihr gut geht und sie so artgerecht wie m\u00f6glich halten.<br \/>\nSorry, f\u00fcr die vielen Fragen, aber Du erscheinst mir sehr kompetent. Und ich w\u00fcrde mich \u00fcber Deine Hilfe sehr freuen. Werde mir zus\u00e4tzlich jetzt noch das Buch \u201e<a href=\"https:\/\/xn--schildkrten-yfb.de\/products\/fester-panzer-weiches-herz-buch-von-thorsten-geier-14-80\" target=\"_blank\" rel=\"noopener\">Fester Panzer - weiches Herz<\/a>\u201c kaufen. W\u00e4re aber \u00fcber Antworten von Dir trotzdem sehr gl\u00fccklich. Schildkr\u00f6ten sind so tolle Tiere. Leider ist f\u00fcr Leute (wie mich) die ihre erste Schildkr\u00f6te haben und noch keine genaue Ahnung von Haltung etc, haben schwierig, wenn man im vermeintlichen \u201eFachgesch\u00e4ft\u201c und in handels\u00fcblichen B\u00fcchern so falsch beraten wird. Ich bin so sauer, dass die Leute im \u201eFachgesch\u00e4ft\u201c so einen (vor allem immer unterschiedlichen) Mist erz\u00e4hlen.<br \/>\nSchon mal vielen lieben Dank und Gr\u00fc\u00dfe,<br \/>\nNadine<\/p>\n<p><em>---Antwort---<br \/>\nHallo Nadine,<br \/>\ndanke f\u00fcr das Lob \ud83d\ude42<\/em><\/p>\n<p>Schlechter Zeitpunkt und schlechter Ort um eine Schildkr\u00f6te zu kaufen aber jetzt ist es ja schon zu sp\u00e4t.<\/p>\n<div id=\"attachment_4176\" style=\"width: 610px\" class=\"wp-caption alignnone\"><a href=\"https:\/\/www.xn--landschildkrte-6pb.de\/haltung\/wp-content\/uploads\/2017\/08\/Schildkr\u00f6te-zu-Weihnachten.jpg\"><img loading=\"lazy\" decoding=\"async\" aria-describedby=\"caption-attachment-4176\" class=\"size-full wp-image-4176\" src=\"https:\/\/www.xn--landschildkrte-6pb.de\/haltung\/wp-content\/uploads\/2017\/08\/Schildkr\u00f6te-zu-Weihnachten.jpg\" alt=\"\" width=\"600\" height=\"800\" srcset=\"https:\/\/www.xn--landschildkrte-6pb.de\/haltung\/wp-content\/uploads\/2017\/08\/Schildkr\u00f6te-zu-Weihnachten.jpg 600w, https:\/\/www.xn--landschildkrte-6pb.de\/haltung\/wp-content\/uploads\/2017\/08\/Schildkr\u00f6te-zu-Weihnachten-225x300.jpg 225w\" sizes=\"auto, (max-width: 600px) 100vw, 600px\" \/><\/a><p id=\"caption-attachment-4176\" class=\"wp-caption-text\">Schildkr\u00f6te zu Weihnachten<\/p><\/div>\n<p>Gut dass du schon selbst erkannt hast, dass es Bl\u00f6dsinn ist was der Verk\u00e4ufer erz\u00e4hlt hat.<\/p>\n<p>Zu 1) Ich wei\u00df nicht was das f\u00fcr eine Lampe ist aber unter \"<a href=\"https:\/\/www.xn--landschildkrte-6pb.de\/haltung\/beleuchtung\/beleuchtung-lucky-reptile-bright-sun-desert\/\" target=\"_blank\" rel=\"noopener\">Beleuchtung<\/a>\" wirst du herauslesen k\u00f6nnen was das richtige ist. W\u00e4rme und Licht sollte auf den selben Punkt scheinen, da Schildkr\u00f6ten beides miteinander verbinden. Die k\u00fchlere Zone darf ruhig etwas feucht sein. Der Wasserbeh\u00e4lter sollte so stehen, dass er auf keinen Fall zu einer Falle werden kann und auch nicht direkt am Sonnenplatz.<\/p>\n<p>Zu 2) Genau, Deckel ab. Zugluft herrscht auf dem Boden, nicht im Terrarium.<\/p>\n<p>Zu 3) Du kannst alles f\u00fcttern was die Seite \"<a href=\"https:\/\/www.xn--landschildkrte-6pb.de\/haltung\/ernaehrung\/was-fressen-schildkroeten-ernaehrung-von-landschildkroeten\/\" target=\"_blank\" rel=\"noopener\">Futterpflanzen<\/a>\" hergibt. Je abwechslungsreicher desto besser.<\/p>\n<p>Zu 4) Ja, eine Dachterrasse kann auch als Gehege dienen (besser als eine ausschlie\u00dfliche Haltung im Terrarium sowieso). Mit etwas Technik wie z.B. dem <a href=\"https:\/\/www.xn--landschildkrte-6pb.de\/haltung\/beleuchtung\/fruehbeet-technik-fuer-griechische-landschildkroeten\/\" target=\"_blank\" rel=\"noopener\">Elstein Strahler<\/a> kann das Fr\u00fchbeet auch an einem nicht ganz so sonnenverw\u00f6hnten Platz stehen. Im Freigehege achtet man darauf dass die ersten Sonnenstrahlen gleich aufs Fr\u00fchbeet scheinen. Das wird auf der Dachterrasse sicher schwierig.<\/p>\n<p>Gute Anschaffung, dieses <a href=\"https:\/\/www.xn--landschildkrte-6pb.de\/haltung\/schildkroetenshop\/buecher\/\">Buch<\/a> ist besonders f\u00fcr Einsteiger sehr zu empfehlen.<\/p>\n<p><em>Gru\u00df<br \/>\nFlorian<\/em><\/p>\n<p>Bildnachweis: Ren\u00e9 de Brunn - Fotolia.com<\/p>\n","protected":false},"excerpt":{"rendered":"<p>Hallo Florian, erstmal ein gro\u00dfes Lob f\u00fcr Deine sehr informative Seite. Folgende Situation: Ich habe zu Weihnachten eine 1 1\/2 j\u00e4hrige Breitrandschildkr\u00f6te bekommen. Leider wurde der \"Schenker\" im Reptilienfachgesch\u00e4ft anscheinend auch sehr schlecht beraten. Dort wurde gesagt, dass die Schildi dieses und n\u00e4chstes Jahr noch keinen Winterschlaf halten m\u00fcsste. Au\u00dferdem wurde das von dir sehr negativFes bewertete Schildi-Buch von GU&nbsp;<a href=\"https:\/\/www.xn--landschildkrte-6pb.de\/haltung\/landschildkroete-zu-weihnachten-geschenkt-bekommen\/\" class=\"read-more\">Weiter lesen<\/a><\/p>\n","protected":false},"author":1,"featured_media":4176,"parent":0,"menu_order":0,"comment_status":"closed","ping_status":"closed","template":"","meta":{"_exactmetrics_skip_tracking":false,"_exactmetrics_sitenote_active":false,"_exactmetrics_sitenote_note":"","_exactmetrics_sitenote_category":0,"footnotes":""},"class_list":["post-3393","page","type-page","status-publish","has-post-thumbnail","hentry"],"aioseo_notices":[],"publishpress_future_action":{"enabled":false,"date":"2026-04-29 14:19:34","action":"change-status","newStatus":"draft","terms":[],"taxonomy":"","extraData":[]},"publishpress_future_workflow_manual_trigger":{"enabledWorkflows":[]},"_links":{"self":[{"href":"https:\/\/www.xn--landschildkrte-6pb.de\/haltung\/wp-json\/wp\/v2\/pages\/3393","targetHints":{"allow":["GET"]}}],"collection":[{"href":"https:\/\/www.xn--landschildkrte-6pb.de\/haltung\/wp-json\/wp\/v2\/pages"}],"about":[{"href":"https:\/\/www.xn--landschildkrte-6pb.de\/haltung\/wp-json\/wp\/v2\/types\/page"}],"author":[{"embeddable":true,"href":"https:\/\/www.xn--landschildkrte-6pb.de\/haltung\/wp-json\/wp\/v2\/users\/1"}],"replies":[{"embeddable":true,"href":"https:\/\/www.xn--landschildkrte-6pb.de\/haltung\/wp-json\/wp\/v2\/comments?post=3393"}],"version-history":[{"count":4,"href":"https:\/\/www.xn--landschildkrte-6pb.de\/haltung\/wp-json\/wp\/v2\/pages\/3393\/revisions"}],"predecessor-version":[{"id":13703,"href":"https:\/\/www.xn--landschildkrte-6pb.de\/haltung\/wp-json\/wp\/v2\/pages\/3393\/revisions\/13703"}],"wp:featuredmedia":[{"embeddable":true,"href":"https:\/\/www.xn--landschildkrte-6pb.de\/haltung\/wp-json\/wp\/v2\/media\/4176"}],"wp:attachment":[{"href":"https:\/\/www.xn--landschildkrte-6pb.de\/haltung\/wp-json\/wp\/v2\/media?parent=3393"}],"curies":[{"name":"wp","href":"https:\/\/api.w.org\/{rel}","templated":true}]}}