{"id":3397,"date":"2017-08-21T12:14:47","date_gmt":"2017-08-21T12:14:47","guid":{"rendered":"http:\/\/www.landschildkroeten.de\/haltung\/?page_id=3397"},"modified":"2023-04-11T12:33:51","modified_gmt":"2023-04-11T12:33:51","slug":"terrarium-oder-kaefig","status":"publish","type":"page","link":"https:\/\/www.xn--landschildkrte-6pb.de\/haltung\/terrarium-oder-kaefig\/","title":{"rendered":"Terrarium oder K\u00e4fig?"},"content":{"rendered":"<div class=\"extra-wrap block_7\">\nHallo Florian,<\/p>\n<p>ich bin seit Ostern die stolze Besitzerin einer 1 Jahr alten griechischen Landschildkr\u00f6te.<br \/>\nDaher wir noch keine Schildkr\u00f6te davor hatten haben wir uns in der Tierhandlung ein paar Tipps geben lassen.<br \/>\nDaher halten wir unsere schildi derzeit nicht in einem Terrarium sondern im einen sehr gro\u00dfen K\u00e4fig.<br \/>\nAuf der Website steht allerdings man soll sie in einem Terrarium halten. Ist es jetzt sehr schlimm wenn man sie so wie ich unterbringt? Au\u00dfer dem steht hier auch man soll keinen Rindenmulch verwenden und wir haben in unseren Gehege (auch auf empfehlung der tierhandlung)<br \/>\nzuerst etwas bestimmter Erde (damit ja keine Maden oder sonstiges Ungetier dabei ist) und dann eine Schicht speziellen Rindenmulch dar\u00fcber.<\/p>\n<p>Noch eine andere Frage:ich w\u00fcrde echt gern ein paar Pflanzen in das Gehege meiner Schildi stellen.Welche w\u00fcrden sich denn da eignen?<\/p>\n<p>Im vorraus danke f\u00fcr deine Hilfe,<br \/>\nTamara<\/p>\n<p><em>---Antwort---<br \/>\nHallo Tamara,<\/em><\/p>\n<p>sicher hast du auch gelesen, dass eine Innenhaltung, egal ob Terrarium oder K\u00e4fig auf Dauer \u00fcberhaupt nicht geeignet ist. Ob Terrarium oder K\u00e4fig ist relativ egal, Europ\u00e4ische Landschildkr\u00f6ten brauchen ein Freigehege:<br \/>\n<a href=\"https:\/\/www.xn--landschildkrte-6pb.de\/gehege\/freigehege-gehege-fuer-landschildkroeten\/\" title=\"Mehr zum Thema Freigehege\" class=\"btn btn-primary btn-normal btn-inline \" target=\"_blank\"><i class=\"icon-arrow-right\"><\/i>Mehr zum Thema Freigehege<\/a><!-- .btn -->\n<p>Dennoch Tipps zu eurem K\u00e4fig. Erster Tipp: Nicht mehr die Tierhandlung fragen!<\/p>\n<ul>\n<li>Als Substrat unged\u00fcngte Gartenerde, oder diese Schildkr\u00f6tenerde:<br \/>\n<a href=\"https:\/\/xn--schildkrten-yfb.de\/products\/linsor-schildkroetenerde-schildkroetensubstrat\" title=\"Schildkr\u00f6tensubstrat\" class=\"btn btn-primary btn-normal btn-inline \" target=\"_blank\"><i class=\"icon-shopping-cart\"><\/i>Schildkr\u00f6tensubstrat<\/a><!-- .btn --><div class=\"hr\"><\/div><!-- .hr (end) -->\nBitte kein Rindenmulch - dieses kann Verstopfung verursachen.<\/li>\n<li>Da die Schildkr\u00f6te keine Sonne bekommt, ist eine gute Beleuchtung sehr wichtig. Die beste Beleuchtung ist:<br \/>\n<a href=\"https:\/\/www.xn--schildkrten-yfb.net\/produkt\/lucky-reptile-bright-sun-uv-desert-70-w-komplettset-metalldampflampe-inklusive-passende-fassung-und-vorschaltgeraet\/\" title=\"Lucky Reptile Bright Sun UV Desert\" class=\"btn btn-primary btn-normal btn-inline \" target=\"_blank\"><i class=\"icon-shopping-cart\"><\/i>Lucky Reptile Bright Sun UV Desert<\/a><!-- .btn --><\/li>\n<\/ul>\n<p>Alle hier gezeigten Pflanzen k\u00f6nnen gef\u00fcttert und angepflanzt werden:<br \/>\n<a href=\"https:\/\/www.xn--landschildkrte-6pb.de\/ernaehrung\/was-fressen-schildkroeten-ernaehrung-von-landschildkroeten\/\" title=\"Futterpflanzen\" class=\"btn btn-primary btn-normal btn-inline \" target=\"_blank\"><i class=\"icon-arrow-right\"><\/i>Futterpflanzen<\/a><!-- .btn --><em><\/div>\n<\/em><\/p>\n","protected":false},"excerpt":{"rendered":"","protected":false},"author":1,"featured_media":0,"parent":0,"menu_order":0,"comment_status":"closed","ping_status":"closed","template":"","meta":{"_exactmetrics_skip_tracking":false,"_exactmetrics_sitenote_active":false,"_exactmetrics_sitenote_note":"","_exactmetrics_sitenote_category":0,"footnotes":""},"class_list":["post-3397","page","type-page","status-publish","hentry"],"aioseo_notices":[],"publishpress_future_action":{"enabled":false,"date":"2026-05-01 08:40:10","action":"change-status","newStatus":"draft","terms":[],"taxonomy":"","extraData":[]},"publishpress_future_workflow_manual_trigger":{"enabledWorkflows":[]},"_links":{"self":[{"href":"https:\/\/www.xn--landschildkrte-6pb.de\/haltung\/wp-json\/wp\/v2\/pages\/3397","targetHints":{"allow":["GET"]}}],"collection":[{"href":"https:\/\/www.xn--landschildkrte-6pb.de\/haltung\/wp-json\/wp\/v2\/pages"}],"about":[{"href":"https:\/\/www.xn--landschildkrte-6pb.de\/haltung\/wp-json\/wp\/v2\/types\/page"}],"author":[{"embeddable":true,"href":"https:\/\/www.xn--landschildkrte-6pb.de\/haltung\/wp-json\/wp\/v2\/users\/1"}],"replies":[{"embeddable":true,"href":"https:\/\/www.xn--landschildkrte-6pb.de\/haltung\/wp-json\/wp\/v2\/comments?post=3397"}],"version-history":[{"count":6,"href":"https:\/\/www.xn--landschildkrte-6pb.de\/haltung\/wp-json\/wp\/v2\/pages\/3397\/revisions"}],"predecessor-version":[{"id":20222,"href":"https:\/\/www.xn--landschildkrte-6pb.de\/haltung\/wp-json\/wp\/v2\/pages\/3397\/revisions\/20222"}],"wp:attachment":[{"href":"https:\/\/www.xn--landschildkrte-6pb.de\/haltung\/wp-json\/wp\/v2\/media?parent=3397"}],"curies":[{"name":"wp","href":"https:\/\/api.w.org\/{rel}","templated":true}]}}