{"id":3399,"date":"2017-08-21T12:15:53","date_gmt":"2017-08-21T12:15:53","guid":{"rendered":"http:\/\/www.landschildkroeten.de\/haltung\/?page_id=3399"},"modified":"2020-09-03T14:30:35","modified_gmt":"2020-09-03T14:30:35","slug":"kleine-steine-kieselsteine-als-substrat-im-terrarium","status":"publish","type":"page","link":"https:\/\/www.xn--landschildkrte-6pb.de\/haltung\/kleine-steine-kieselsteine-als-substrat-im-terrarium\/","title":{"rendered":"Kleine Steine, Kieselsteine als Substrat im Terrarium?"},"content":{"rendered":"<div class=\"extra-wrap block_7\">\nK\u00f6nnen als Boden f\u00fcr das Terrarium ach kleine Steine (kieselartig) genommen werden, oder muss es Sand sein?<\/p>\n<p>Patrick<\/p>\n<p><em>\u2014 Antwort \u2014<br \/>\nSand pur ist ungeeignet und kann Verstopfung verursachen, die bis zum Tod f\u00fchren kann. Gleiches gilt f\u00fcr Kieselsteine. Kieselsteine k\u00f6nnen verschluckt werden und Im Darm verbleiben.<br \/>\nHier findest du geeigenete Bodensubstrate f\u00fcrs Terrarium:<br \/>\n<a href=\"https:\/\/www.xn--landschildkrte-6pb.de\/schildkroetenshop\/schildkroeten-bodengrund-erde\/\" title=\"Bodensubstrat\/ Erde f\u00fcr Schildkr\u00f6ten\" class=\"btn btn-primary btn-normal btn-inline \" target=\"_blank\"><i class=\"icon-arrow-right\"><\/i>Bodensubstrat\/ Erde f\u00fcr Schildkr\u00f6ten<\/a><!-- .btn -->\n<\/em><\/p>\n<p><em>Gru\u00df<br \/>\nFlorian<\/em><br \/>\n<\/div>\n","protected":false},"excerpt":{"rendered":"","protected":false},"author":1,"featured_media":0,"parent":0,"menu_order":0,"comment_status":"closed","ping_status":"closed","template":"","meta":{"_exactmetrics_skip_tracking":false,"_exactmetrics_sitenote_active":false,"_exactmetrics_sitenote_note":"","_exactmetrics_sitenote_category":0,"footnotes":""},"class_list":["post-3399","page","type-page","status-publish","hentry"],"aioseo_notices":[],"publishpress_future_action":{"enabled":false,"date":"2026-04-18 08:12:08","action":"change-status","newStatus":"draft","terms":[],"taxonomy":"","extraData":[]},"publishpress_future_workflow_manual_trigger":{"enabledWorkflows":[]},"_links":{"self":[{"href":"https:\/\/www.xn--landschildkrte-6pb.de\/haltung\/wp-json\/wp\/v2\/pages\/3399","targetHints":{"allow":["GET"]}}],"collection":[{"href":"https:\/\/www.xn--landschildkrte-6pb.de\/haltung\/wp-json\/wp\/v2\/pages"}],"about":[{"href":"https:\/\/www.xn--landschildkrte-6pb.de\/haltung\/wp-json\/wp\/v2\/types\/page"}],"author":[{"embeddable":true,"href":"https:\/\/www.xn--landschildkrte-6pb.de\/haltung\/wp-json\/wp\/v2\/users\/1"}],"replies":[{"embeddable":true,"href":"https:\/\/www.xn--landschildkrte-6pb.de\/haltung\/wp-json\/wp\/v2\/comments?post=3399"}],"version-history":[{"count":4,"href":"https:\/\/www.xn--landschildkrte-6pb.de\/haltung\/wp-json\/wp\/v2\/pages\/3399\/revisions"}],"predecessor-version":[{"id":10125,"href":"https:\/\/www.xn--landschildkrte-6pb.de\/haltung\/wp-json\/wp\/v2\/pages\/3399\/revisions\/10125"}],"wp:attachment":[{"href":"https:\/\/www.xn--landschildkrte-6pb.de\/haltung\/wp-json\/wp\/v2\/media?parent=3399"}],"curies":[{"name":"wp","href":"https:\/\/api.w.org\/{rel}","templated":true}]}}