{"id":3423,"date":"2003-08-20T09:13:27","date_gmt":"2003-08-20T09:13:27","guid":{"rendered":"http:\/\/www.landschildkroeten.de\/haltung\/?page_id=3423"},"modified":"2020-08-31T13:23:54","modified_gmt":"2020-08-31T13:23:54","slug":"die-zucht-und-inkubation-von-griechischen-landschildkroeten-testudo-hermanni-boettgeri","status":"publish","type":"page","link":"https:\/\/www.xn--landschildkrte-6pb.de\/haltung\/die-zucht-und-inkubation-von-griechischen-landschildkroeten-testudo-hermanni-boettgeri\/","title":{"rendered":"Die Zucht und Inkubation von Griechischen Landschildkr\u00f6ten (Testudo hermanni boettgeri)"},"content":{"rendered":"<div class=\"extra-wrap block_7\">\n<h2>Der Eiablageh\u00fcgel<\/h2>\n<p><a href=\"https:\/\/www.xn--landschildkrte-6pb.de\/haltung\/wp-content\/uploads\/2017\/08\/Eiablage-Griechische-Landschildkr\u00f6te.jpg\"><img loading=\"lazy\" decoding=\"async\" class=\"alignnone size-full wp-image-3424\" src=\"https:\/\/www.xn--landschildkrte-6pb.de\/haltung\/wp-content\/uploads\/2017\/08\/Eiablage-Griechische-Landschildkr\u00f6te.jpg\" alt=\"\" width=\"800\" height=\"542\" srcset=\"https:\/\/www.xn--landschildkrte-6pb.de\/haltung\/wp-content\/uploads\/2017\/08\/Eiablage-Griechische-Landschildkr\u00f6te.jpg 800w, https:\/\/www.xn--landschildkrte-6pb.de\/haltung\/wp-content\/uploads\/2017\/08\/Eiablage-Griechische-Landschildkr\u00f6te-300x203.jpg 300w, https:\/\/www.xn--landschildkrte-6pb.de\/haltung\/wp-content\/uploads\/2017\/08\/Eiablage-Griechische-Landschildkr\u00f6te-768x520.jpg 768w\" sizes=\"auto, (max-width: 800px) 100vw, 800px\" \/><\/a><\/p>\n<p>05.06.2003: Nach einem heftigen Gewitter am Samstag und folgenden 5 sehr hei\u00dfen Tagen sah ich heute endlich, dass der H\u00fcgel an einer Stelle anders aussah als sonst. Ein vorsichtiges Graben mit den H\u00e4nden brachte 5 Tischtennisball gro\u00dfe Eier zum Vorschein.<\/p>\n<h2>Der Transport<\/h2>\n<div id=\"attachment_3425\" style=\"width: 810px\" class=\"wp-caption alignnone\"><a href=\"https:\/\/www.xn--landschildkrte-6pb.de\/haltung\/wp-content\/uploads\/2017\/08\/Eier.jpg\"><img loading=\"lazy\" decoding=\"async\" aria-describedby=\"caption-attachment-3425\" class=\"size-full wp-image-3425\" src=\"https:\/\/www.xn--landschildkrte-6pb.de\/haltung\/wp-content\/uploads\/2017\/08\/Eier.jpg\" alt=\"\" width=\"800\" height=\"553\" srcset=\"https:\/\/www.xn--landschildkrte-6pb.de\/haltung\/wp-content\/uploads\/2017\/08\/Eier.jpg 800w, https:\/\/www.xn--landschildkrte-6pb.de\/haltung\/wp-content\/uploads\/2017\/08\/Eier-300x207.jpg 300w, https:\/\/www.xn--landschildkrte-6pb.de\/haltung\/wp-content\/uploads\/2017\/08\/Eier-768x531.jpg 768w\" sizes=\"auto, (max-width: 800px) 100vw, 800px\" \/><\/a><p id=\"caption-attachment-3425\" class=\"wp-caption-text\">Kunststoffdosen mit Eiern<\/p><\/div>\n<p>Die Eier werden vorsichtig in kleine Kunststoffdosen mit einer Rindenhumus-\/Gartenerde-\/Sandmischung gelegt. Dabei muss darauf geachtet werden, dass die Eier ihre Position nicht mehr ver\u00e4ndern, ansonsten kann es sein, dass das Ei sich nicht entwickelt. Aus diesem Grund wird die Oberseite mit einem weichen Bleistift markiert.<\/p>\n<h2>Inkubation<\/h2>\n<div id=\"attachment_3426\" style=\"width: 810px\" class=\"wp-caption alignnone\"><a href=\"https:\/\/www.xn--landschildkrte-6pb.de\/haltung\/wp-content\/uploads\/2017\/08\/inkubator.jpg\"><img loading=\"lazy\" decoding=\"async\" aria-describedby=\"caption-attachment-3426\" class=\"size-full wp-image-3426\" src=\"https:\/\/www.xn--landschildkrte-6pb.de\/haltung\/wp-content\/uploads\/2017\/08\/inkubator.jpg\" alt=\"\" width=\"800\" height=\"535\" srcset=\"https:\/\/www.xn--landschildkrte-6pb.de\/haltung\/wp-content\/uploads\/2017\/08\/inkubator.jpg 800w, https:\/\/www.xn--landschildkrte-6pb.de\/haltung\/wp-content\/uploads\/2017\/08\/inkubator-300x201.jpg 300w, https:\/\/www.xn--landschildkrte-6pb.de\/haltung\/wp-content\/uploads\/2017\/08\/inkubator-768x514.jpg 768w\" sizes=\"auto, (max-width: 800px) 100vw, 800px\" \/><\/a><p id=\"caption-attachment-3426\" class=\"wp-caption-text\">Inkubator f\u00fcr Schildkr\u00f6teneier<\/p><\/div>\n<p>Die Eier werden in den Dosen in einen <a href=\"https:\/\/www.xn--schildkrten-yfb.net\/produkt\/inkubator-fuer-schildkroeten-brutkasten-standard-fuer-schildkroeten-eier-41x41x21cm\/\">Fl\u00e4chenbr\u00fcter (Typ 400\/REP)<\/a> gestellt. In dem Br\u00fcter herrscht eine Temperatur von 32-32,5\u00b0C. Eine Nachtabsenkung findet nicht statt. Die Luftfeuchtigkeit wurde nicht gemessen, sie d\u00fcrfte jedoch bei 60-80% gelegen haben, da neben den mit Wasser gef\u00fcllten Bodenrillen im Inkubator ein Wasserbeh\u00e4lter f\u00fcr Feuchtigkeit sorgte.<\/p>\n<a href=\"https:\/\/www.xn--schildkrten-yfb.net\/produkt\/inkubator-fuer-schildkroeten-brutkasten-standard-fuer-schildkroeten-eier-41x41x21cm\/\" title=\"Brutkasten f\u00fcr Schildkr\u00f6ten bestellen\" class=\"btn btn-primary btn-normal btn-inline \" target=\"_blank\"><i class=\"icon-arrow-right\"><\/i>Brutkasten f\u00fcr Schildkr\u00f6ten bestellen<\/a><!-- .btn --><div class=\"hr\"><\/div><!-- .hr (end) -->\n<h2>Schlupf<\/h2>\n<p><a href=\"https:\/\/www.xn--landschildkrte-6pb.de\/haltung\/wp-content\/uploads\/2017\/08\/Schlupf.jpg\"><img loading=\"lazy\" decoding=\"async\" class=\"alignnone size-full wp-image-3427\" src=\"https:\/\/www.xn--landschildkrte-6pb.de\/haltung\/wp-content\/uploads\/2017\/08\/Schlupf.jpg\" alt=\"\" width=\"800\" height=\"558\" srcset=\"https:\/\/www.xn--landschildkrte-6pb.de\/haltung\/wp-content\/uploads\/2017\/08\/Schlupf.jpg 800w, https:\/\/www.xn--landschildkrte-6pb.de\/haltung\/wp-content\/uploads\/2017\/08\/Schlupf-300x209.jpg 300w, https:\/\/www.xn--landschildkrte-6pb.de\/haltung\/wp-content\/uploads\/2017\/08\/Schlupf-768x536.jpg 768w\" sizes=\"auto, (max-width: 800px) 100vw, 800px\" \/><\/a><\/p>\n<p>Am 28.07.03, nach 53 Tagen zwischen 15 und 17 Uhr ist es soweit: das erste kleine Beinchen guckt aus einem der Eier.<\/p>\n<h2>Geschl\u00fcpft<\/h2>\n<p><a href=\"https:\/\/www.xn--landschildkrte-6pb.de\/haltung\/wp-content\/uploads\/2017\/08\/frisch-geschl\u00fcpft.jpg\"><img loading=\"lazy\" decoding=\"async\" class=\"alignnone size-full wp-image-3428\" src=\"https:\/\/www.xn--landschildkrte-6pb.de\/haltung\/wp-content\/uploads\/2017\/08\/frisch-geschl\u00fcpft.jpg\" alt=\"\" width=\"800\" height=\"549\" srcset=\"https:\/\/www.xn--landschildkrte-6pb.de\/haltung\/wp-content\/uploads\/2017\/08\/frisch-geschl\u00fcpft.jpg 800w, https:\/\/www.xn--landschildkrte-6pb.de\/haltung\/wp-content\/uploads\/2017\/08\/frisch-geschl\u00fcpft-300x206.jpg 300w, https:\/\/www.xn--landschildkrte-6pb.de\/haltung\/wp-content\/uploads\/2017\/08\/frisch-geschl\u00fcpft-768x527.jpg 768w\" sizes=\"auto, (max-width: 800px) 100vw, 800px\" \/><\/a><\/p>\n<p>Dieses Jungtier hat nach 22-24 Stunden die Eischale verlassen. Es kann unter Umst\u00e4nden auch mehrere Tage dauern, bis sich der Dottersack vollst\u00e4ndig zur\u00fcckgebildet hat und der Schl\u00fcpfling das Ei verl\u00e4sst. Den ersten Tag verbringt das Tier noch im Inkubator auf einem feuchten Haushaltspapier, damit sich die kleine \u00d6ffnung am Plastron schlie\u00dfen kann ohne verdreckt zu werden.<\/p>\n<h2>Unterbringung<\/h2>\n<div id=\"attachment_3429\" style=\"width: 810px\" class=\"wp-caption alignnone\"><a href=\"https:\/\/www.xn--landschildkrte-6pb.de\/haltung\/wp-content\/uploads\/2017\/08\/unterbringung-babyschildkr\u00f6ten.jpg\"><img loading=\"lazy\" decoding=\"async\" aria-describedby=\"caption-attachment-3429\" class=\"size-full wp-image-3429\" src=\"https:\/\/www.xn--landschildkrte-6pb.de\/haltung\/wp-content\/uploads\/2017\/08\/unterbringung-babyschildkr\u00f6ten.jpg\" alt=\"\" width=\"800\" height=\"544\" srcset=\"https:\/\/www.xn--landschildkrte-6pb.de\/haltung\/wp-content\/uploads\/2017\/08\/unterbringung-babyschildkr\u00f6ten.jpg 800w, https:\/\/www.xn--landschildkrte-6pb.de\/haltung\/wp-content\/uploads\/2017\/08\/unterbringung-babyschildkr\u00f6ten-300x204.jpg 300w, https:\/\/www.xn--landschildkrte-6pb.de\/haltung\/wp-content\/uploads\/2017\/08\/unterbringung-babyschildkr\u00f6ten-768x522.jpg 768w\" sizes=\"auto, (max-width: 800px) 100vw, 800px\" \/><\/a><p id=\"caption-attachment-3429\" class=\"wp-caption-text\">Unterbringung der Babyschildkr\u00f6ten<\/p><\/div>\n<p>Vom 29-31.07.03 schl\u00fcpften auch die Jungtiere aus den \u00fcbrigen 4 Eiern. Sie werden die ersten Wochen t\u00e4glich gebadet und kommen in ein kleines Terrarium mit einem Erde\/Sand-Gemisch und einem St\u00fcck Wildwiese. Sie werden die ersten Wochen nur selten zu sehen sein und sich in dem Substrat vergraben. Nach 2-3 Tagen fangen alle an, die ersten Bissen Wegerich und Klee zu fressen. Die kleinen Schildkr\u00f6ten sind alle zwischen 3,4 und 3,7 cm lang und wiegen zwischen 14 und 16 Gramm.<\/p>\n<h2>Panzeranomalie<\/h2>\n<div id=\"attachment_3430\" style=\"width: 810px\" class=\"wp-caption alignnone\"><a href=\"https:\/\/www.xn--landschildkrte-6pb.de\/haltung\/wp-content\/uploads\/2017\/08\/Anomalie.jpg\"><img loading=\"lazy\" decoding=\"async\" aria-describedby=\"caption-attachment-3430\" class=\"size-full wp-image-3430\" src=\"https:\/\/www.xn--landschildkrte-6pb.de\/haltung\/wp-content\/uploads\/2017\/08\/Anomalie.jpg\" alt=\"\" width=\"800\" height=\"544\" srcset=\"https:\/\/www.xn--landschildkrte-6pb.de\/haltung\/wp-content\/uploads\/2017\/08\/Anomalie.jpg 800w, https:\/\/www.xn--landschildkrte-6pb.de\/haltung\/wp-content\/uploads\/2017\/08\/Anomalie-300x204.jpg 300w, https:\/\/www.xn--landschildkrte-6pb.de\/haltung\/wp-content\/uploads\/2017\/08\/Anomalie-768x522.jpg 768w\" sizes=\"auto, (max-width: 800px) 100vw, 800px\" \/><\/a><p id=\"caption-attachment-3430\" class=\"wp-caption-text\">Panzeranomalie<\/p><\/div>\n<p>Eines der Tiere hat eine Panzeranomalie, die sie aber keinesfalls behindert. Es ist lediglich ein Sch\u00f6nheitsfehler, dessen Ursache bisher relativ unerforscht ist. Fest steht, dass Lichteinfall, Temperatur, Luftfeuchtigkeit, Bewegen der Eier oder auch genetische Ursachen die Gr\u00fcnde f\u00fcr eine Anomalie sein k\u00f6nnen.<\/p>\n<h2>Sprung ins Jahr 2018<\/h2>\n<p>Jetzt springen wir vom Jahr 2003 ins Jahr 2018. Eine der oben zu sehenden kleinen Schildkr\u00f6ten, die im Juli 2003 aus dem Ei geschl\u00fcpft sind, habe ich noch und diese legt mittlerweile selber Eier. Und das ist sie...<\/p>\n<p><img loading=\"lazy\" decoding=\"async\" class=\"aligncenter size-large wp-image-6217\" src=\"https:\/\/www.xn--landschildkrte-6pb.de\/haltung\/wp-content\/uploads\/2018\/05\/Alter-Gewicht-Griechische-Landschildkr\u00f6te-geschlechtsreif-1024x576.jpg\" alt=\"\" width=\"604\" height=\"340\" srcset=\"https:\/\/www.xn--landschildkrte-6pb.de\/haltung\/wp-content\/uploads\/2018\/05\/Alter-Gewicht-Griechische-Landschildkr\u00f6te-geschlechtsreif-1024x576.jpg 1024w, https:\/\/www.xn--landschildkrte-6pb.de\/haltung\/wp-content\/uploads\/2018\/05\/Alter-Gewicht-Griechische-Landschildkr\u00f6te-geschlechtsreif-300x169.jpg 300w, https:\/\/www.xn--landschildkrte-6pb.de\/haltung\/wp-content\/uploads\/2018\/05\/Alter-Gewicht-Griechische-Landschildkr\u00f6te-geschlechtsreif-768x432.jpg 768w, https:\/\/www.xn--landschildkrte-6pb.de\/haltung\/wp-content\/uploads\/2018\/05\/Alter-Gewicht-Griechische-Landschildkr\u00f6te-geschlechtsreif.jpg 1803w\" sizes=\"auto, (max-width: 604px) 100vw, 604px\" \/><\/p>\n<h2>Ab welchem Alter \/ Gewicht sind Schildkr\u00f6ten geschlechtsreif und legen Eier?<\/h2>\n<p>Bei Schildkr\u00f6ten kommt es nicht auf das Alter an, ab wann sie Eier legen, sondern auf das Gewicht. Griechische Landschildkr\u00f6ten (Weibchen) erreichen mit ca. 700 Gramm die Geschlechtsreife. In diesem Fall hat das 15 Jahre gedauert.<\/p>\n<h2>Wie viele Eier legt eine Schildkr\u00f6te im Jahr?<\/h2>\n<p>Wenn es die erste Eiablage eines Weibchens ist, enth\u00e4lt das Gelege oft nur ein Ei. Adulte Griechische Landschildkr\u00f6ten legen \u00fcblicherweise 2-4 Gelege im Jahr, welche jeweils 3-10 Eier (meist um die 5 Eier) beinhalten. Etwa 3 Wochen nach einer Eiablage werden meist schon die n\u00e4chsten Eier abgelegt. Dies ist aber Tier- und auch wetterabh\u00e4ngig.<br \/>\nDer geeignete Eiablageplatz ist dabei meist ein etwas erh\u00f6hter Platz im Freigehege, der reichlich von der Sonne beschienen wird. Findet das Schildkr\u00f6tenweibchen keinen geeigneten Legeplatz, kann es zu einer <a href=\"https:\/\/www.xn--landschildkrte-6pb.de\/legenot\/\">Legenot<\/a> kommen, die zum Tod f\u00fchrt.<\/p>\n<h2>Wann legen Schildkr\u00f6ten Eier?<\/h2>\n<p>Die erste Eiablage des Jahres findet, je nach Klima, meist Anfang bis Mitte Mai statt. Man erkennt eine bevorstehende Eiablage oft daran, dass das Weibchen sehr unruhig ist und ungewohnt viel heruml\u00e4uft.<br \/>\nSehr gerne werden die Eier nach einem ausgiebigen Regenschauer abgelegt. Da ist der Boden etwas weicher und sie kann besser ihre Grube ausheben.<\/p>\n<h2>Legen weibliche Schildkr\u00f6ten auch ohne M\u00e4nnchen Eier?<\/h2>\n<p>Ja, das tun sie. Deshalb muss bei Weibchen immer ein Eiablageh\u00fcgel zur Verf\u00fcgung stehen. Dieser besteht am besten aus einem Gemisch von normaler Gartenerde und Sand und sollte von Pflanzenwuchs freigehalten werden. Bitte immer daran denken, dass Schildkr\u00f6ten Sepiaschale ben\u00f6tigen, um ausreichend harte Schalen f\u00fcr die Eier bilden zu k\u00f6nnen.<\/p>\n<h2>Loch graben, Eiablage, Loch verschlie\u00dfen<\/h2>\n<p>Die Schildkr\u00f6te h\u00e4lt sich gut mit den Vorderbeinen am Boden fest und beginnt, abwechselnd mit beiden Hinterbeinen, ein Loch auszuheben.<\/p>\n<p><img loading=\"lazy\" decoding=\"async\" class=\"aligncenter size-large wp-image-6218\" src=\"https:\/\/www.xn--landschildkrte-6pb.de\/haltung\/wp-content\/uploads\/2018\/05\/Schildkr\u00f6te-gr\u00e4bt-ein-Loch-f\u00fcr-die-Eier-1024x576.jpg\" alt=\"\" width=\"604\" height=\"340\" srcset=\"https:\/\/www.xn--landschildkrte-6pb.de\/haltung\/wp-content\/uploads\/2018\/05\/Schildkr\u00f6te-gr\u00e4bt-ein-Loch-f\u00fcr-die-Eier-1024x576.jpg 1024w, https:\/\/www.xn--landschildkrte-6pb.de\/haltung\/wp-content\/uploads\/2018\/05\/Schildkr\u00f6te-gr\u00e4bt-ein-Loch-f\u00fcr-die-Eier-300x169.jpg 300w, https:\/\/www.xn--landschildkrte-6pb.de\/haltung\/wp-content\/uploads\/2018\/05\/Schildkr\u00f6te-gr\u00e4bt-ein-Loch-f\u00fcr-die-Eier-768x432.jpg 768w, https:\/\/www.xn--landschildkrte-6pb.de\/haltung\/wp-content\/uploads\/2018\/05\/Schildkr\u00f6te-gr\u00e4bt-ein-Loch-f\u00fcr-die-Eier.jpg 1716w\" sizes=\"auto, (max-width: 604px) 100vw, 604px\" \/><br \/>\nIst das Loch tief genug, was etwa der L\u00e4nge der Hinterbeine entspricht, werden die Eier abgelegt. Die Eier werden aus der Kloake gepresst und rutschen in die Grube. Man kann sehr gut beobachten, wie jedes einzelne Ei nach der Ablage mit den Hinterbeinen vorsichtig zur Seite geschoben wird, damit das n\u00e4chste Ei nicht genau darauf f\u00e4llt und somit unter Umst\u00e4nden zu Bruch gehen k\u00f6nnte.<\/p>\n<p><img loading=\"lazy\" decoding=\"async\" class=\"aligncenter size-large wp-image-6219\" src=\"https:\/\/www.xn--landschildkrte-6pb.de\/haltung\/wp-content\/uploads\/2018\/05\/Eiablage-Schildkr\u00f6te-1024x576.jpg\" alt=\"\" width=\"604\" height=\"340\" srcset=\"https:\/\/www.xn--landschildkrte-6pb.de\/haltung\/wp-content\/uploads\/2018\/05\/Eiablage-Schildkr\u00f6te-1024x576.jpg 1024w, https:\/\/www.xn--landschildkrte-6pb.de\/haltung\/wp-content\/uploads\/2018\/05\/Eiablage-Schildkr\u00f6te-300x169.jpg 300w, https:\/\/www.xn--landschildkrte-6pb.de\/haltung\/wp-content\/uploads\/2018\/05\/Eiablage-Schildkr\u00f6te-768x432.jpg 768w, https:\/\/www.xn--landschildkrte-6pb.de\/haltung\/wp-content\/uploads\/2018\/05\/Eiablage-Schildkr\u00f6te.jpg 1803w\" sizes=\"auto, (max-width: 604px) 100vw, 604px\" \/><\/p>\n<p><img loading=\"lazy\" decoding=\"async\" class=\"aligncenter size-large wp-image-6234\" src=\"https:\/\/www.xn--landschildkrte-6pb.de\/haltung\/wp-content\/uploads\/2018\/05\/Schildkr\u00f6te-bei-der-Eiablage-1024x544.png\" alt=\"\" width=\"604\" height=\"321\" srcset=\"https:\/\/www.xn--landschildkrte-6pb.de\/haltung\/wp-content\/uploads\/2018\/05\/Schildkr\u00f6te-bei-der-Eiablage-1024x544.png 1024w, https:\/\/www.xn--landschildkrte-6pb.de\/haltung\/wp-content\/uploads\/2018\/05\/Schildkr\u00f6te-bei-der-Eiablage-300x159.png 300w, https:\/\/www.xn--landschildkrte-6pb.de\/haltung\/wp-content\/uploads\/2018\/05\/Schildkr\u00f6te-bei-der-Eiablage-768x408.png 768w, https:\/\/www.xn--landschildkrte-6pb.de\/haltung\/wp-content\/uploads\/2018\/05\/Schildkr\u00f6te-bei-der-Eiablage.png 1801w\" sizes=\"auto, (max-width: 604px) 100vw, 604px\" \/><\/p>\n<p><img loading=\"lazy\" decoding=\"async\" class=\"aligncenter size-large wp-image-6220\" src=\"https:\/\/www.xn--landschildkrte-6pb.de\/haltung\/wp-content\/uploads\/2018\/05\/Schildkr\u00f6tenei-f\u00e4llt-in-die-Grube-1024x576.jpg\" alt=\"\" width=\"604\" height=\"340\" srcset=\"https:\/\/www.xn--landschildkrte-6pb.de\/haltung\/wp-content\/uploads\/2018\/05\/Schildkr\u00f6tenei-f\u00e4llt-in-die-Grube-1024x576.jpg 1024w, https:\/\/www.xn--landschildkrte-6pb.de\/haltung\/wp-content\/uploads\/2018\/05\/Schildkr\u00f6tenei-f\u00e4llt-in-die-Grube-300x169.jpg 300w, https:\/\/www.xn--landschildkrte-6pb.de\/haltung\/wp-content\/uploads\/2018\/05\/Schildkr\u00f6tenei-f\u00e4llt-in-die-Grube-768x432.jpg 768w, https:\/\/www.xn--landschildkrte-6pb.de\/haltung\/wp-content\/uploads\/2018\/05\/Schildkr\u00f6tenei-f\u00e4llt-in-die-Grube.jpg 1716w\" sizes=\"auto, (max-width: 604px) 100vw, 604px\" \/><br \/>\nWurde das letzte Schildkr\u00f6tenei gelegt, wird die Grube, ebenfalls wieder mit den Hinterbeinen, verschlossen. Die erste Schicht Erde wird anfangs noch recht vorsichtig in die Grube bef\u00f6rdert. Nach der ersten Schicht wird die Erde dann aber wesentlich z\u00fcgiger ins Loch verbracht und die Grube wieder gut und m\u00f6glichst unsichtbar verschlossen.<\/p>\n<p><img loading=\"lazy\" decoding=\"async\" class=\"aligncenter size-large wp-image-6221\" src=\"https:\/\/www.xn--landschildkrte-6pb.de\/haltung\/wp-content\/uploads\/2018\/05\/Schildkr\u00f6te-hat-3-Eier-abgelegt-1024x576.jpg\" alt=\"\" width=\"604\" height=\"340\" srcset=\"https:\/\/www.xn--landschildkrte-6pb.de\/haltung\/wp-content\/uploads\/2018\/05\/Schildkr\u00f6te-hat-3-Eier-abgelegt-1024x576.jpg 1024w, https:\/\/www.xn--landschildkrte-6pb.de\/haltung\/wp-content\/uploads\/2018\/05\/Schildkr\u00f6te-hat-3-Eier-abgelegt-300x169.jpg 300w, https:\/\/www.xn--landschildkrte-6pb.de\/haltung\/wp-content\/uploads\/2018\/05\/Schildkr\u00f6te-hat-3-Eier-abgelegt-768x432.jpg 768w, https:\/\/www.xn--landschildkrte-6pb.de\/haltung\/wp-content\/uploads\/2018\/05\/Schildkr\u00f6te-hat-3-Eier-abgelegt.jpg 1716w\" sizes=\"auto, (max-width: 604px) 100vw, 604px\" \/><\/p>\n<p><img loading=\"lazy\" decoding=\"async\" class=\"aligncenter size-large wp-image-6222\" src=\"https:\/\/www.xn--landschildkrte-6pb.de\/haltung\/wp-content\/uploads\/2018\/05\/Schildkr\u00f6te-verschliesst-die-Grube-1024x576.jpg\" alt=\"\" width=\"604\" height=\"340\" srcset=\"https:\/\/www.xn--landschildkrte-6pb.de\/haltung\/wp-content\/uploads\/2018\/05\/Schildkr\u00f6te-verschliesst-die-Grube-1024x576.jpg 1024w, https:\/\/www.xn--landschildkrte-6pb.de\/haltung\/wp-content\/uploads\/2018\/05\/Schildkr\u00f6te-verschliesst-die-Grube-300x169.jpg 300w, https:\/\/www.xn--landschildkrte-6pb.de\/haltung\/wp-content\/uploads\/2018\/05\/Schildkr\u00f6te-verschliesst-die-Grube-768x432.jpg 768w, https:\/\/www.xn--landschildkrte-6pb.de\/haltung\/wp-content\/uploads\/2018\/05\/Schildkr\u00f6te-verschliesst-die-Grube.jpg 1716w\" sizes=\"auto, (max-width: 604px) 100vw, 604px\" \/><\/p>\n<p>Der gesamte Vorgang dauert meistens zwischen 1 und 2 Stunden.<\/p>\n<p><img loading=\"lazy\" decoding=\"async\" class=\"aligncenter size-large wp-image-6223\" src=\"https:\/\/www.xn--landschildkrte-6pb.de\/haltung\/wp-content\/uploads\/2018\/05\/Grube-wieder-zu-1024x576.jpg\" alt=\"\" width=\"604\" height=\"340\" srcset=\"https:\/\/www.xn--landschildkrte-6pb.de\/haltung\/wp-content\/uploads\/2018\/05\/Grube-wieder-zu-1024x576.jpg 1024w, https:\/\/www.xn--landschildkrte-6pb.de\/haltung\/wp-content\/uploads\/2018\/05\/Grube-wieder-zu-300x169.jpg 300w, https:\/\/www.xn--landschildkrte-6pb.de\/haltung\/wp-content\/uploads\/2018\/05\/Grube-wieder-zu-768x432.jpg 768w, https:\/\/www.xn--landschildkrte-6pb.de\/haltung\/wp-content\/uploads\/2018\/05\/Grube-wieder-zu.jpg 1716w\" sizes=\"auto, (max-width: 604px) 100vw, 604px\" \/><\/p>\n<p>Wer keine Schildkr\u00f6ten z\u00fcchten m\u00f6chte, sollte die Eier (erst wenn das Weibchen weg ist!) ausgraben und vernichten. Ansonsten kann es sein, dass die Eier angebr\u00fctet werden und dann im Ei sterben. Das w\u00e4re sehr unsch\u00f6n.<\/p>\n<p>Da <a href=\"https:\/\/www.xn--landschildkrte-6pb.de\/landschildkroeten-auffangstationen\/\">Landschildkr\u00f6ten-Auffangstationen<\/a> und Tierheime voll sind mit Wasser- und Landschildkr\u00f6ten, empfehle ich, auf die Zucht von Schildkr\u00f6ten zu verzichten und die Eier zu vernichten. Das mache ich seit \u00fcber 15 Jahren so.<\/p>\n<a href=\"https:\/\/www.xn--landschildkrte-6pb.de\/brutapparat-inkubator-fuer-schildkroeten\/\" title=\"Mehr zum Thema Inkubation\" class=\"btn btn-primary btn-normal btn-inline \" target=\"_blank\"><i class=\"icon-arrow-right\"><\/i>Mehr zum Thema Inkubation<\/a><!-- .btn -->\n<a href=\"https:\/\/www.xn--landschildkrte-6pb.de\/landschildkroeten-auffangstationen\/\" title=\"Landschildkr\u00f6ten Auffangstationen\" class=\"btn btn-primary btn-normal btn-inline \" target=\"_blank\"><i class=\"icon-arrow-right\"><\/i>Landschildkr\u00f6ten Auffangstationen<\/a><!-- .btn -->\n<\/div>\n","protected":false},"excerpt":{"rendered":"","protected":false},"author":1,"featured_media":3428,"parent":0,"menu_order":0,"comment_status":"closed","ping_status":"closed","template":"","meta":{"_exactmetrics_skip_tracking":false,"_exactmetrics_sitenote_active":false,"_exactmetrics_sitenote_note":"","_exactmetrics_sitenote_category":0,"footnotes":""},"class_list":["post-3423","page","type-page","status-publish","has-post-thumbnail","hentry"],"aioseo_notices":[],"publishpress_future_action":{"enabled":false,"date":"2026-04-29 10:16:06","action":"change-status","newStatus":"draft","terms":[],"taxonomy":"","extraData":[]},"publishpress_future_workflow_manual_trigger":{"enabledWorkflows":[]},"_links":{"self":[{"href":"https:\/\/www.xn--landschildkrte-6pb.de\/haltung\/wp-json\/wp\/v2\/pages\/3423","targetHints":{"allow":["GET"]}}],"collection":[{"href":"https:\/\/www.xn--landschildkrte-6pb.de\/haltung\/wp-json\/wp\/v2\/pages"}],"about":[{"href":"https:\/\/www.xn--landschildkrte-6pb.de\/haltung\/wp-json\/wp\/v2\/types\/page"}],"author":[{"embeddable":true,"href":"https:\/\/www.xn--landschildkrte-6pb.de\/haltung\/wp-json\/wp\/v2\/users\/1"}],"replies":[{"embeddable":true,"href":"https:\/\/www.xn--landschildkrte-6pb.de\/haltung\/wp-json\/wp\/v2\/comments?post=3423"}],"version-history":[{"count":19,"href":"https:\/\/www.xn--landschildkrte-6pb.de\/haltung\/wp-json\/wp\/v2\/pages\/3423\/revisions"}],"predecessor-version":[{"id":9919,"href":"https:\/\/www.xn--landschildkrte-6pb.de\/haltung\/wp-json\/wp\/v2\/pages\/3423\/revisions\/9919"}],"wp:featuredmedia":[{"embeddable":true,"href":"https:\/\/www.xn--landschildkrte-6pb.de\/haltung\/wp-json\/wp\/v2\/media\/3428"}],"wp:attachment":[{"href":"https:\/\/www.xn--landschildkrte-6pb.de\/haltung\/wp-json\/wp\/v2\/media?parent=3423"}],"curies":[{"name":"wp","href":"https:\/\/api.w.org\/{rel}","templated":true}]}}