{"id":3432,"date":"2017-08-22T09:21:50","date_gmt":"2017-08-22T09:21:50","guid":{"rendered":"http:\/\/www.landschildkroeten.de\/haltung\/?page_id=3432"},"modified":"2020-08-31T09:30:04","modified_gmt":"2020-08-31T09:30:04","slug":"brutapparat-inkubator-fuer-schildkroeten","status":"publish","type":"page","link":"https:\/\/www.xn--landschildkrte-6pb.de\/haltung\/brutapparat-inkubator-fuer-schildkroeten\/","title":{"rendered":"Brutapparat, Inkubator f\u00fcr Schildkr\u00f6ten"},"content":{"rendered":"<div class=\"extra-wrap block_7\">\nZur Bebr\u00fctung von Schildkr\u00f6ten-Eiern ben\u00f6tigen wir einen <a href=\"https:\/\/www.xn--schildkrten-yfb.net\/produkt\/brutkasten-fuer-schildkroeten-brutapparat-fuer-schildkroeteneier\/\">Brutapparat<\/a>, auch <a href=\"https:\/\/www.xn--schildkrten-yfb.net\/produkt\/inkubator-fuer-schildkroeten-brutkasten-standard-fuer-schildkroeten-eier-41x41x21cm\/\">Brutkasten<\/a> oder <a href=\"https:\/\/www.xn--schildkrten-yfb.net\/produkt\/inkubator-fuer-schildkroeten-brutkasten-standard-fuer-schildkroeten-eier-41x41x21cm\/\">Inkubator<\/a> genannt.<\/p>\n<a href=\"https:\/\/www.xn--schildkrten-yfb.net\/produkt\/inkubator-fuer-schildkroeten-brutkasten-standard-fuer-schildkroeten-eier-41x41x21cm\/\" title=\"Inkubator f\u00fcr Schildkr\u00f6ten bestellen\" class=\"btn btn-primary btn-normal btn-inline \" target=\"_blank\"><i class=\"icon-shopping-cart\"><\/i>Inkubator f\u00fcr Schildkr\u00f6ten bestellen<\/a><!-- .btn --><div class=\"hr\"><\/div><!-- .hr (end) -->\n<p>Dieser wird je nach Schildkr\u00f6tenart auf eine bestimmte Temperatur eingestellt, die f\u00fcr eine erfolgreiche Entwicklung des Schl\u00fcpflings notwendig ist. Diese Temperaturen kann man im Buch \"<a href=\"https:\/\/www.amazon.de\/exec\/obidos\/ASIN\/3936180113\/landschildksu-21\" target=\"_blank\" rel=\"noopener noreferrer\">Inkubation von Reptilieneiern<\/a>\" von Gunther K\u00f6hler nachlesen. Dort ist auch zu lesen bei welchen Temperaturen man voraussichtlich Weibchen ausbr\u00fctet.<\/p>\n<p><a href=\"https:\/\/www.xn--landschildkrte-6pb.de\/haltung\/wp-content\/uploads\/2017\/08\/Entwicklung-Schildkr\u00f6te-im-Ei.jpg\"><img loading=\"lazy\" decoding=\"async\" class=\"alignnone size-full wp-image-3433\" src=\"https:\/\/www.xn--landschildkrte-6pb.de\/haltung\/wp-content\/uploads\/2017\/08\/Entwicklung-Schildkr\u00f6te-im-Ei.jpg\" alt=\"\" width=\"448\" height=\"330\" srcset=\"https:\/\/www.xn--landschildkrte-6pb.de\/haltung\/wp-content\/uploads\/2017\/08\/Entwicklung-Schildkr\u00f6te-im-Ei.jpg 448w, https:\/\/www.xn--landschildkrte-6pb.de\/haltung\/wp-content\/uploads\/2017\/08\/Entwicklung-Schildkr\u00f6te-im-Ei-300x221.jpg 300w\" sizes=\"auto, (max-width: 448px) 100vw, 448px\" \/><\/a><\/p>\n<h3>Schildkr\u00f6teneier d\u00fcrfen nicht gedreht werden<\/h3>\n<p>Schildkr\u00f6teneier d\u00fcrfen bereits kurze Zeit nach der Eiablage nicht mehr gedreht werden. Der Embryo kann sonst unter den Dottersack geraten kann und absterben.<br \/>\nBefruchtete Eier haben zuerst einen wei\u00dfen Punkt auf der Oberseite des Ei, woraus sich sp\u00e4ter eine wei\u00dfe Binde bildet, die das ganze Ei umschlie\u00dft.<br \/>\nIch verwendete zur Inkubation meiner Schildkr\u00f6teneier einen Fl\u00e4chenbr\u00fcter.<\/p>\n<h3>Schlupftermin<\/h3>\n<p>Meine Testudo hermanni boettgeri wurden bei 32-32,5\u00b0C bebr\u00fctet und sind nach 53 Tagen (alle am selben Tag) geschl\u00fcpft.<\/p>\n<p>Dieser digitale Brutapparat (Fl\u00e4chenbr\u00fcter \"<a href=\"https:\/\/www.xn--schildkrten-yfb.net\/produkt\/inkubator-fuer-schildkroeten-brutkasten-standard-fuer-schildkroeten-eier-41x41x21cm\/\">Inkubator f\u00fcr Schildkr\u00f6ten<\/a>\") f\u00fcr Schildkr\u00f6ten- und Reptilieneier kann f\u00fcr bis zu 18 Inkubationsbeh\u00e4lter in der Gr\u00f6\u00dfe von Heimchendosen verwendet werden. Der integrierte digitale Temperaturregler verf\u00fcgt \u00fcber eine Genauigkeit von 0,1 \u00b0C, einen Regelbereich von 20-45 \u00b0C, eine Alarmfunktion von 1-15\u00b0C und einen Memorychip gegen Datenverlust bei Stromausfall. Ausgestattet ist der ReptiBreeder mit einem 60 Watt <a href=\"https:\/\/www.xn--schildkrten-yfb.net\/produkt\/deckelheizung-heizkabel-fuer-schildkroeten-schlafhaeuser-fruehbeete\/\" target=\"_blank\" rel=\"noopener noreferrer\">silikonummantelten Heizkabel<\/a>, einer h\u00f6henver\u00e4nderbaren Justierhalterung f\u00fcr den Temperatursensor, 2 Wasserrinnen f\u00fcr die Feuchtigkeitsregulierung w\u00e4hrend der Brut- und Schlupfphase sowie einem Schaumstoffinlay f\u00fcr Eier, die nicht in Substrat inkubiert werden<\/p>\n<a href=\"https:\/\/www.xn--schildkrten-yfb.net\/produkt\/inkubator-fuer-schildkroeten-brutkasten-standard-fuer-schildkroeten-eier-41x41x21cm\/\" title=\"Bestellung Brutapparat f\u00fcr Schildkr\u00f6teneier\" class=\"btn btn-primary btn-normal btn-inline \" target=\"_blank\"><i class=\"icon-shopping-cart\"><\/i>Bestellung Brutapparat f\u00fcr Schildkr\u00f6teneier<\/a><!-- .btn --><div class=\"hr\"><\/div><!-- .hr (end) -->\n<table border=\"0\">\n<tbody>\n<tr>\n<td><a href=\"https:\/\/www.xn--schildkrten-yfb.net\/produkt\/inkubator-fuer-schildkroeten-brutkasten-standard-fuer-schildkroeten-eier-41x41x21cm\/\" target=\"_blank\" rel=\"noopener noreferrer\"><img loading=\"lazy\" decoding=\"async\" class=\"alignnone wp-image-3434 size-full\" src=\"https:\/\/www.xn--landschildkrte-6pb.de\/haltung\/wp-content\/uploads\/2017\/08\/inkubator-f\u00fcr-schildkr\u00f6ten.jpg\" alt=\"\" width=\"500\" height=\"367\" srcset=\"https:\/\/www.xn--landschildkrte-6pb.de\/haltung\/wp-content\/uploads\/2017\/08\/inkubator-f\u00fcr-schildkr\u00f6ten.jpg 500w, https:\/\/www.xn--landschildkrte-6pb.de\/haltung\/wp-content\/uploads\/2017\/08\/inkubator-f\u00fcr-schildkr\u00f6ten-300x220.jpg 300w\" sizes=\"auto, (max-width: 500px) 100vw, 500px\" \/><\/a><\/td>\n<td>\n<ul>\n<li>bis zu 18 Inkubationsbeh\u00e4lter<\/li>\n<li>digitaler Temperaturregler<\/li>\n<li>Regelbereich von 20-40 \u00b0C<\/li>\n<li>mit Memorychip gegen Datenverlust bei Stromausfall<\/li>\n<\/ul>\n<\/td>\n<\/tr>\n<\/tbody>\n<\/table>\n<p><a href=\"https:\/\/www.xn--landschildkrte-6pb.de\/haltung\/wp-content\/uploads\/2017\/08\/frisch-geschluepft.jpeg\"><img loading=\"lazy\" decoding=\"async\" class=\"alignnone size-full wp-image-3494\" src=\"https:\/\/www.xn--landschildkrte-6pb.de\/haltung\/wp-content\/uploads\/2017\/08\/frisch-geschluepft.jpeg\" alt=\"\" width=\"640\" height=\"462\" srcset=\"https:\/\/www.xn--landschildkrte-6pb.de\/haltung\/wp-content\/uploads\/2017\/08\/frisch-geschluepft.jpeg 640w, https:\/\/www.xn--landschildkrte-6pb.de\/haltung\/wp-content\/uploads\/2017\/08\/frisch-geschluepft-300x217.jpeg 300w\" sizes=\"auto, (max-width: 640px) 100vw, 640px\" \/><\/a><\/p>\n<p>Viel Erfolg bei der Zucht und hoffentlich viele Nachzuchten \ud83d\ude42<\/p>\n<p>Dieser Inkubator eignet sich \u00fcbrigens genauso f\u00fcr andere Reptilien wie Schlangen, Bartagamen, Cham\u00e4leons, Leguane oder Echsen.<br \/>\n<\/div>\n","protected":false},"excerpt":{"rendered":"","protected":false},"author":1,"featured_media":0,"parent":0,"menu_order":0,"comment_status":"closed","ping_status":"closed","template":"","meta":{"_exactmetrics_skip_tracking":false,"_exactmetrics_sitenote_active":false,"_exactmetrics_sitenote_note":"","_exactmetrics_sitenote_category":0,"footnotes":""},"class_list":["post-3432","page","type-page","status-publish","hentry"],"aioseo_notices":[],"publishpress_future_action":{"enabled":false,"date":"2026-04-29 11:49:29","action":"change-status","newStatus":"draft","terms":[],"taxonomy":"","extraData":[]},"publishpress_future_workflow_manual_trigger":{"enabledWorkflows":[]},"_links":{"self":[{"href":"https:\/\/www.xn--landschildkrte-6pb.de\/haltung\/wp-json\/wp\/v2\/pages\/3432","targetHints":{"allow":["GET"]}}],"collection":[{"href":"https:\/\/www.xn--landschildkrte-6pb.de\/haltung\/wp-json\/wp\/v2\/pages"}],"about":[{"href":"https:\/\/www.xn--landschildkrte-6pb.de\/haltung\/wp-json\/wp\/v2\/types\/page"}],"author":[{"embeddable":true,"href":"https:\/\/www.xn--landschildkrte-6pb.de\/haltung\/wp-json\/wp\/v2\/users\/1"}],"replies":[{"embeddable":true,"href":"https:\/\/www.xn--landschildkrte-6pb.de\/haltung\/wp-json\/wp\/v2\/comments?post=3432"}],"version-history":[{"count":16,"href":"https:\/\/www.xn--landschildkrte-6pb.de\/haltung\/wp-json\/wp\/v2\/pages\/3432\/revisions"}],"predecessor-version":[{"id":9906,"href":"https:\/\/www.xn--landschildkrte-6pb.de\/haltung\/wp-json\/wp\/v2\/pages\/3432\/revisions\/9906"}],"wp:attachment":[{"href":"https:\/\/www.xn--landschildkrte-6pb.de\/haltung\/wp-json\/wp\/v2\/media?parent=3432"}],"curies":[{"name":"wp","href":"https:\/\/api.w.org\/{rel}","templated":true}]}}