{"id":3438,"date":"2014-04-22T09:41:52","date_gmt":"2014-04-22T09:41:52","guid":{"rendered":"http:\/\/www.landschildkroeten.de\/haltung\/?page_id=3438"},"modified":"2018-05-22T07:18:42","modified_gmt":"2018-05-22T07:18:42","slug":"schildkroeten-wasserschildkroeten","status":"publish","type":"page","link":"https:\/\/www.xn--landschildkrte-6pb.de\/haltung\/schildkroeten-wasserschildkroeten\/","title":{"rendered":"Schildkr\u00f6ten (Landschildkr\u00f6ten &#038; Wasserschildkr\u00f6ten)"},"content":{"rendered":"<div class=\"extra-wrap block_7\">\nSchildkr\u00f6ten (Testudinata) sind die \u00e4lteste Gruppe der heute noch lebenden Reptilien. Sie haben sich seit etwa 200 Millionen Jahren nicht oder nur sehr wenig ver\u00e4ndert. Das eindeutige Erkennungsmerkmal ist nat\u00fcrlich der Panzer. Die Schildkr\u00f6te hat einen R\u00fcckenpanzer (Carapax) und einen Bauchpanzer (Plastron). Der Panzer besteht aus Knochenplatten und ist bei den meisten Arten mit Hornschildern, bei wenigen Arten mit einer lederartigen oder weichen Haut bedeckt. Alle Schildkr\u00f6ten besitzen kr\u00e4ftige Gliedma\u00dfen (mit 5 bzw. 4 Zehen), mit denen sich Landschildkr\u00f6ten vom Boden abheben und fortbewegen k\u00f6nnen. <strong>Wasserschildkr\u00f6ten<\/strong> haben <strong>Schwimmh\u00e4ute<\/strong> zwischen den Zehen. Alle Schildkr\u00f6ten besitzen anstelle von Z\u00e4hnen einen kr\u00e4ftigen, scharfen Hornschnabel.<\/p>\n<h2>Die Arten der Schildkr\u00f6ten (Testudinata)<\/h2>\n<p>Schildkr\u00f6ten geh\u00f6ren zur Ordnung der Kriechtiere. Es existieren ca. 250-300 Schildkr\u00f6tenarten mit etwa 500 Unterarten. Sie werden unterteilt durch 87 Gattungen in 12 Familien:<\/p>\n<h3>Cryptodira (Halsberger), 10 Familien<\/h3>\n<ul>\n<li>Carettochelyidae (Papua-Weichschildkr\u00f6ten)<\/li>\n<li>Chelydridae (Alligatorschildkr\u00f6ten)<\/li>\n<li>Dermatemydidae (Tabascoschildkr\u00f6ten)<\/li>\n<li>Emydidae (Sumpfschildkr\u00f6ten)<\/li>\n<li>Kinosternidae (Schlammschildkr\u00f6ten)<\/li>\n<li>Platysternidae (Gro\u00dfkopfschildkr\u00f6ten)<\/li>\n<li>Testudinidae (Landschildkr\u00f6ten)<\/li>\n<li>Cheloniidae (Meeresschildkr\u00f6ten)<\/li>\n<li>Dermochelyidae (Lederschildkr\u00f6ten)<\/li>\n<li>Trionychidae (Weichschildkr\u00f6ten)<\/li>\n<\/ul>\n<h3>Pleurodira (Halswender), 2 Familien<\/h3>\n<ul>\n<li>Chelidae (Schlangenhalsschildkr\u00f6ten)<\/li>\n<li>Pelomedusidae (Pelomedusenschildkr\u00f6ten)<\/li>\n<\/ul>\n<\/div>\n","protected":false},"excerpt":{"rendered":"","protected":false},"author":1,"featured_media":0,"parent":0,"menu_order":0,"comment_status":"closed","ping_status":"closed","template":"","meta":{"_exactmetrics_skip_tracking":false,"_exactmetrics_sitenote_active":false,"_exactmetrics_sitenote_note":"","_exactmetrics_sitenote_category":0,"footnotes":""},"class_list":["post-3438","page","type-page","status-publish","hentry"],"aioseo_notices":[],"publishpress_future_action":{"enabled":false,"date":"2026-05-01 13:02:52","action":"change-status","newStatus":"draft","terms":[],"taxonomy":"","extraData":[]},"publishpress_future_workflow_manual_trigger":{"enabledWorkflows":[]},"_links":{"self":[{"href":"https:\/\/www.xn--landschildkrte-6pb.de\/haltung\/wp-json\/wp\/v2\/pages\/3438","targetHints":{"allow":["GET"]}}],"collection":[{"href":"https:\/\/www.xn--landschildkrte-6pb.de\/haltung\/wp-json\/wp\/v2\/pages"}],"about":[{"href":"https:\/\/www.xn--landschildkrte-6pb.de\/haltung\/wp-json\/wp\/v2\/types\/page"}],"author":[{"embeddable":true,"href":"https:\/\/www.xn--landschildkrte-6pb.de\/haltung\/wp-json\/wp\/v2\/users\/1"}],"replies":[{"embeddable":true,"href":"https:\/\/www.xn--landschildkrte-6pb.de\/haltung\/wp-json\/wp\/v2\/comments?post=3438"}],"version-history":[{"count":5,"href":"https:\/\/www.xn--landschildkrte-6pb.de\/haltung\/wp-json\/wp\/v2\/pages\/3438\/revisions"}],"predecessor-version":[{"id":6171,"href":"https:\/\/www.xn--landschildkrte-6pb.de\/haltung\/wp-json\/wp\/v2\/pages\/3438\/revisions\/6171"}],"wp:attachment":[{"href":"https:\/\/www.xn--landschildkrte-6pb.de\/haltung\/wp-json\/wp\/v2\/media?parent=3438"}],"curies":[{"name":"wp","href":"https:\/\/api.w.org\/{rel}","templated":true}]}}